{"id":98,"date":"2018-06-06T15:56:01","date_gmt":"2018-06-06T18:56:01","guid":{"rendered":"http:\/\/cpp.com.ar\/tecnologia\/?page_id=98"},"modified":"2018-07-02T11:33:39","modified_gmt":"2018-07-02T14:33:39","slug":"recursos-terapeuticos","status":"publish","type":"page","link":"https:\/\/cpp.com.ar\/tecnologia\/recursos-terapeuticos\/","title":{"rendered":"Recursos Terap\u00e9uticos"},"content":{"rendered":"<section class=\"wpb-content-wrapper\"><p>[vc_row][vc_column][vc_column_text]<\/p>\n<p style=\"text-align: justify;\"><img decoding=\"async\" loading=\"lazy\" class=\"wp-image-192 aligncenter\" src=\"http:\/\/cpp.com.ar\/tecnologia\/wp-content\/uploads\/sites\/2\/2018\/07\/Recursos-01.png\" alt=\"\" width=\"600\" height=\"200\" srcset=\"https:\/\/cpp.com.ar\/tecnologia\/wp-content\/uploads\/sites\/2\/2018\/07\/Recursos-01.png 938w, https:\/\/cpp.com.ar\/tecnologia\/wp-content\/uploads\/sites\/2\/2018\/07\/Recursos-01-768x255.png 768w\" sizes=\"(max-width: 600px) 100vw, 600px\" \/><\/p>\n<p style=\"text-align: justify;\">Creemos que el trabajo entre sesiones es de suma importancia para potenciar la efectividad del tratamiento. Por eso contamos con una base de m\u00e1s de 1000 recursos estrat\u00e9gicamente organizados que incluyen libros, videos, pel\u00edculas, Apps, art\u00edculos, etc. sobre diferentes tem\u00e1ticas. Esta informaci\u00f3n est\u00e1 nucleada en un sistema inteligente que designa cu\u00e1les son los indicados para cada problem\u00e1tica.<\/p>\n<p style=\"text-align: justify;\">Nuestros terapeutas expertos en este sistema, los gestionan y los ponen a disposici\u00f3n de los pacientes. Los pacientes trabajan con este material entre sesiones y lo comparten con sus terapeutas obteniendo un tratamiento de mayor calidad y con mejores resultados.<\/p>\n<p>&nbsp;<\/p>\n<p>[\/vc_column_text][\/vc_column][\/vc_row]<\/p>\n<\/section>","protected":false},"excerpt":{"rendered":"<p>[vc_row][vc_column][vc_column_text] Creemos que el trabajo entre sesiones es de suma importancia para potenciar la efectividad del tratamiento. Por eso contamos con una base de m\u00e1s de 1000 recursos estrat\u00e9gicamente organizados que incluyen libros, videos, pel\u00edculas, Apps, art\u00edculos, etc. sobre diferentes tem\u00e1ticas. Esta informaci\u00f3n est\u00e1 nucleada en un sistema inteligente que designa cu\u00e1les son los indicados [&hellip;]<\/p>\n","protected":false},"author":1,"featured_media":0,"parent":0,"menu_order":0,"comment_status":"closed","ping_status":"closed","template":"","meta":{"footnotes":""},"acf":[],"_links":{"self":[{"href":"https:\/\/cpp.com.ar\/tecnologia\/wp-json\/wp\/v2\/pages\/98"}],"collection":[{"href":"https:\/\/cpp.com.ar\/tecnologia\/wp-json\/wp\/v2\/pages"}],"about":[{"href":"https:\/\/cpp.com.ar\/tecnologia\/wp-json\/wp\/v2\/types\/page"}],"author":[{"embeddable":true,"href":"https:\/\/cpp.com.ar\/tecnologia\/wp-json\/wp\/v2\/users\/1"}],"replies":[{"embeddable":true,"href":"https:\/\/cpp.com.ar\/tecnologia\/wp-json\/wp\/v2\/comments?post=98"}],"version-history":[{"count":4,"href":"https:\/\/cpp.com.ar\/tecnologia\/wp-json\/wp\/v2\/pages\/98\/revisions"}],"predecessor-version":[{"id":193,"href":"https:\/\/cpp.com.ar\/tecnologia\/wp-json\/wp\/v2\/pages\/98\/revisions\/193"}],"wp:attachment":[{"href":"https:\/\/cpp.com.ar\/tecnologia\/wp-json\/wp\/v2\/media?parent=98"}],"curies":[{"name":"wp","href":"https:\/\/api.w.org\/{rel}","templated":true}]}}