{"id":236,"date":"2018-08-28T18:02:10","date_gmt":"2018-08-28T21:02:10","guid":{"rendered":"http:\/\/cpp.com.ar\/tecnologia\/?page_id=236"},"modified":"2018-08-28T18:06:47","modified_gmt":"2018-08-28T21:06:47","slug":"condiciones-generales","status":"publish","type":"page","link":"https:\/\/cpp.com.ar\/tecnologia\/condiciones-generales\/","title":{"rendered":"T\u00e9rminos y condiciones del tratamiento de terapia online"},"content":{"rendered":"<section class=\"wpb-content-wrapper\"><p>[vc_row][vc_column][vc_column_text]<strong>El CENTRO PRIVADO DE PSICOTERAPIAS,<\/strong> en adelante El Centro, con domicilio legal en Av. Libertador 6049, psio 1\u00b0 \u201cA\u201d de la Ciudad Aut\u00f3noma de Buenos Aires, ha elaborado una plataforma de acceso de profesionales psic\u00f3logos mediante la implementaci\u00f3n del tratamiento de Terapia Online que estar\u00e1 regida por las estipulaciones y condiciones que a continuaci\u00f3n se detallan.<\/p>\n<p>Al acceder a nuestro servicio de <strong>tratamiento de Terapia Online<\/strong> se entiende que el usuario ha le\u00eddo, entendido y aceptado \u00edntegramente y sin reservas las presentes T\u00e9rminos y Condiciones comprometi\u00e9ndose a hacer un buen uso del mismo conforme a la ley, la moral y el orden p\u00fablico.<\/p>\n<p>De tal forma y a los fines operativos, para poder acceder al tratamiento de Terapia Online a trav\u00e9s del Centro Privado de Psicoterapias es necesario que el usuario lea y acepte expresamente mediante la casilla habilitada al efecto las presentes Condiciones Generales, de tal forma que no se podr\u00e1 coordinar ning\u00fan turno sin su previa aceptaci\u00f3n.<\/p>\n<p>El Centro se reserva el derecho de hacer modificaciones y\/o ampliaciones de las presentes T\u00e9rminos y Condiciones de la manera que considere m\u00e1s conveniente para una mejor prestaci\u00f3n del servicio.<\/p>\n<p>El acceso al servicio de Terapia Online puede implicar la necesidad de\u00a0 que el paciente\u00a0 \u00a0nos binde datos personales para la prestaci\u00f3n del servicio. El Centro se compromete a guardar estricta confidencialidad respecto de los mismos oblig\u00e1ndose a no difundirlos. Asimismo se le hace saber al usuario que tendr\u00e1 el derecho de acceso, rectificaci\u00f3n y\/o supresi\u00f3n de los datos personales y a solicitar su retiro o bloqueo conforme los t\u00e9rminos de Ley 25.326 Ley de Protecci\u00f3n de Datos Personales.<\/p>\n<p>Debido a la problem\u00e1tica de la seguridad inform\u00e1tica, solicitamos evitar la utilizaci\u00f3n de dispositivos p\u00fablicos para la realizaci\u00f3n de las sesiones terap\u00e9uticas ya que la seguridad podr\u00eda ser f\u00e1cilmente vulnerada por terceros.<\/p>\n<p><strong><u>\u00bfQui\u00e9nes pueden contratar nuestros servicios?<\/u><\/strong><\/p>\n<p>\u00danicamente podr\u00e1n contratar nuestros servicios de atenci\u00f3n psicol\u00f3gica online las personas f\u00edsicas mayores de 18 a\u00f1os.<\/p>\n<p>Los menores de esa edad, siempre que sean mayores de 14 a\u00f1os, podr\u00e1n acceder\u00a0 mediante autorizaci\u00f3n fehaciente de sus padres, tutor o representante legal.<\/p>\n<p>De acuerdo con ello, el usuario manifiesta que es mayor de 18 a\u00f1os o, si es menor de esa edad, que es mayor de 14 a\u00f1os, y que cuenta con la autorizaci\u00f3n por escrito de sus padres, tutor o representante legal para contratar nuestros servicios. El Centro Privado de Psicoterapias no asume ninguna responsabilidad en caso de que alg\u00fan usuario contrate nuestros servicios incumpliendo las exigencias de este p\u00e1rrafo.<\/p>\n<p>No obstante, al objeto de controlar el cumplimiento de estas exigencias, nos reservamos la posibilidad de realizar de forma aleatoria y en cualquier momento comprobaciones de edad y de representaci\u00f3n de tal forma que si no se nos aporta la documentaci\u00f3n solicitada en el plazo conferido al efecto o, una vez aportado, comprobamos que no se cumplen los requisitos exigidos, se anular\u00e1 el registro.<\/p>\n<p><strong><u>Nuestros psic\u00f3logos<\/u><\/strong><\/p>\n<p>Hemos seleccionado, seg\u00fan nuestro criterio, a los mejores psic\u00f3logos y psic\u00f3logas para la atenci\u00f3n online. Profesionales comprometidos, que entienden la asistencia psicol\u00f3gica tal y como nosotros la concebimos en el Centro Privado de Psicoterapias. Especialistas con una s\u00f3lida formaci\u00f3n y experiencia, muy implicados con nuestro proyecto, y con las miras puestas a conseguir ser la vanguardia en asistencia psicol\u00f3gica 100% online.<\/p>\n<p>En todos los casos nuestros especialistas cumplen con el requisito de estar matriculados para el ejercicio de la profesi\u00f3n. Se entender\u00e1 que el lugar de prestaci\u00f3n del servicio ser\u00e1 el del lugar en el cual el profesional lleve a cabo la asistencia online y se encuentre matriculado, es decir, el de su residencia o actividad profesional.<\/p>\n<p>En el Centro Privado de Psicoterapias subscribimos lo contemplado en el <strong>C\u00f3digo de \u00c9tica de la Federaci\u00f3n de Psic\u00f3logos de la Rep\u00fablica Argentina<\/strong> en lo que respecta a la conducta debida en el desempe\u00f1o de la profesi\u00f3n de psic\u00f3logo. Destacamos que en cada sesi\u00f3n se preservar\u00e1 el secreto profesional.<\/p>\n<p>En ning\u00fan caso y bajo ninguna circunstancia ser\u00e1 el Centro Privado de Psicoterapias ni sus profesionales psic\u00f3logos responsables por cualquier muerte, da\u00f1o, lesi\u00f3n, perjuicio o evento de cualquier naturaleza que afecte o perjudique directa o indirectamente al usuario por s\u00ed mismo o a terceros, siendo el presente un espacio de contenci\u00f3n emocional y orientaci\u00f3n psicol\u00f3gica para elaboraci\u00f3n de herramientas personales. El usuario no tendr\u00e1 obligaci\u00f3n alguna a continuar con el tratamiento en caso de que no lo desee y tampoco ser\u00e1n vinculantes las opiniones de los profesionales psic\u00f3logos.<\/p>\n<p><strong><u>Condiciones generales<\/u><\/strong><\/p>\n<p>Cada sesi\u00f3n de Terapia Online es individual para el usuario beneficiario del servicio salvo que el psic\u00f3logo indique la necesidad de la presencia de alguna otra persona. Por lo cual cada sesi\u00f3n ser\u00e1 privada y confidencial comprometi\u00e9ndose usted a no vender, licenciar, alquilar, modificar, distribuir, copiar, reproducir, transmitir, mostrar p\u00fablicamente, ejecutar p\u00fablicamente, publicar, adaptar, editar o crear trabajos derivados de cualquier material o contenido accesible mediante las sesiones que tenga. El uso del contenido o materiales de la sesi\u00f3n para cualquier prop\u00f3sito que no est\u00e9 expresamente permitido por estos T\u00e9rminos y Condiciones est\u00e1 terminantemente prohibido y ser\u00e1 bajo su exclusiva responsabilidad y cargo.<\/p>\n<p>Usted se compromete a utilizar sus mejores esfuerzos para preservar y proteger la privacidad de las sesiones en cualquier \u00e1mbito y en todo momento. Lo acontecido en la\/las sesiones se considera informaci\u00f3n confidencial. Usted no podr\u00e1 divulgar, difundir, publicar o comunicar informaci\u00f3n confidencial a cualquier persona, empresa, corporaci\u00f3n u otra tercera parte sin el consentimiento previo por escrito del Centro Privado de Psicoterapias.<\/p>\n<p>En el caso de descubrir cualquier uso no autorizado o divulgaci\u00f3n de la informaci\u00f3n confidencial notificar\u00e1 por escrito inmediatamente al Centro Privado de Psicoterapias y cooperar\u00e1 con \u00e9ste en todos los sentidos para recuperar la posesi\u00f3n de la informaci\u00f3n confidencial y evitar cualquier otro uso no autorizado.<\/p>\n<p>En caso de que un organismo administrativo o judicial competente requiera a cualquiera de las Partes la divulgaci\u00f3n de toda o parte de la informaci\u00f3n, dicha Parte notificar\u00e1 inmediatamente a la otra de tal requerimiento, de manera tal que \u00e9sta \u00faltima pueda tomar las medidas del caso a fin de proteger sus intereses. El Centro Privado de Psicoterapias y sus profesionales han implementado todas las medidas t\u00e9cnicas y organizativas razonables destinadas a asegurar su informaci\u00f3n personal y confidencial de p\u00e9rdidas accidentales frente al acceso, uso, alteraci\u00f3n o divulgaci\u00f3n. Sin embargo, usted es responsable de desarrollar y mantener procedimientos en su computadora o dispositivo desde el cual acceda al servicio para que no se utilice su informaci\u00f3n con fines indebidos, quedando fuera de la responsabilidad del Centro Privado de Psicoterapias. El Centro Privado de Psicoterapias no ser\u00e1 responsable en caso de accesos indebidos o no autorizados por terceros.<\/p>\n<p><strong>Si usted tiene una emergencia psiqui\u00e1trica, riesgo de vida o est\u00e1 pensando en cometer actos que puedan causarle da\u00f1o a usted o a terceros debe comunicarse de inmediato con el n\u00famero de emergencias m\u00e9dicas local. <\/strong><\/p>\n<p><strong><u>Condiciones del tratamiento<\/u><\/strong><\/p>\n<p><em>Acceso al tratamiento <\/em><\/p>\n<p>A los efectos de proceder a la utilizaci\u00f3n del servicio, el usuario deber\u00e1 comunicarse\u00a0 con el Centro Privado de Psicoterapia solicitando el acceso al servicio y brindando toda la informaci\u00f3n que le fuera requerida para una correcta identificaci\u00f3n.<\/p>\n<p>Una vez accedido al servicio se le asignar\u00e1 un psic\u00f3logo a cada usuario conforme las caracter\u00edsticas del caso y la disponibilidad, el cual podr\u00e1 ser modificado en caso de que el Centro Privado de Psicoterapias lo considere apropiado.<\/p>\n<p>El usuario tendr\u00e1 una primera sesi\u00f3n en la cual el profesional psic\u00f3logo asignado se expedir\u00e1 respecto de su admisibilidad al tratamiento Online, realizar\u00e1 un diagn\u00f3stico inicial y planificar\u00e1 un tratamiento acorde a sus necesidades. El Centro Privado de Psicoterapias se reserva la facultad de expedirse respecto de la admisibilidad de los usuarios a Tratamiento Online conforme las condiciones y necesidades de cada usuario, encontr\u00e1ndose habilitado para rechazar la solicitud de acceso al servicio cuando por las caracter\u00edsticas del caso sea necesario un tratamiento psicol\u00f3gico personalizado. En caso de considerarlo necesario y dentro de la factibilidad y disponibilidad zonal, el Centro Privado de Psicoterapias o, en su caso, el profesional asignado, podr\u00e1 disponer la derivaci\u00f3n del usuario a un centro de asistencia especializada o a un profesional del lugar de asentamiento del usuario.<\/p>\n<p>El usuario coordinar\u00e1 con el psic\u00f3logo que se le asigne los d\u00edas y horarios de las sesiones, cuya periodicidad y caracter\u00edsticas estar\u00e1n estrictamente sujetas al tratamiento sugerido por el profesional y a su disponibilidad.<\/p>\n<p><em>Conexi\u00f3n a Internet<\/em><\/p>\n<p>Para el desarrollo de la Terapia Online ser\u00e1 fundamental contar con acceso y conexi\u00f3n a Internet. El acceso y conexi\u00f3n a internet es responsabilidad exclusiva del usuario no teniendo el Centro Privado de Psicoterapias ninguna injerencia o responsabilidad. Para que la sesi\u00f3n se desarrolle sin inconvenientes el usuario deber\u00e1 testear que su velocidad de internet sea la adecuada para una normal conexi\u00f3n y desarrollo de la Terapia Online. El Centro Privado de Psicoterapias no ser\u00e1 responsable en aquellos casos de\u00a0 interrupci\u00f3n o imposibilidad de acceso o conexi\u00f3n al servicio de Internet.<\/p>\n<p>Para la exitosa realizaci\u00f3n de la videollamada, recomendamos tener webcam, micr\u00f3fono y auriculares (la utilizaci\u00f3n de altavoces no es recomendable para evitar interferencias y preservar la privacidad). Dichos accesorios ser\u00e1n responsabilidad del usuario. Para evitar inconvenientes durante la sesi\u00f3n recomendamos la realizaci\u00f3n de una prueba de los niveles de conexi\u00f3n test. Podr\u00e1n ser utilizados sistemas operativos tipo Skype o similares.<\/p>\n<p>En caso de que en el momento de la sesi\u00f3n el profesional tratante o el paciente tengan alg\u00fan inconveniente con su conexi\u00f3n por causas externas, podr\u00e1n: reprogramar la sesi\u00f3n (en caso de ser posible) o tenerla de forma telef\u00f3nica, siendo el paciente quien realice la llamada.<\/p>\n<p>Si presenta alguna duda o consulta t\u00e9cnica respecto a su velocidad de internet o uso adecuado de los accesorios necesarios, podr\u00e1 entrar en contacto con el personal de soporte t\u00e9cnico del Centro Privado de Psicoterapias.<\/p>\n<p><em>Ausentes<\/em><\/p>\n<p>Teniendo en cuenta las caracter\u00edsticas de la especialidad, en el sentido de que el turno para el paciente es exclusivo -no permiti\u00e9ndole al profesional brindar el mismo turno a otro paciente- en caso que el paciente no se presente a la cita coordinada, se considerar\u00e1 que el profesional ha estado a disposici\u00f3n del paciente y por lo tanto se considerar\u00e1 realizada la sesi\u00f3n, no procedi\u00e9ndose a la devoluci\u00f3n del copago abonado. Igualmente, el profesional esperar\u00e1 hasta 15 minutos de la hora estipulada del inicio de sesi\u00f3n para considerarla realizada. Transcurrido ese lapso la sesi\u00f3n podr\u00e1 no ser iniciada por el profesional y se la considerar\u00e1 como cumplida por ausencia del usuario.<\/p>\n<p>Recordamos que para que la misma no sea considerada como ausente, la cancelaci\u00f3n por parte del paciente debe ser informada 48hs h\u00e1biles antes, de forma tal que el profesional pueda reestructurar su agenda y ocupar el tiempo con otro paciente<\/p>\n<p>&nbsp;<\/p>\n<p><strong>Disposiciones Generales<\/strong><\/p>\n<p>Los presentes T\u00e9rminos y Condiciones estar\u00e1n disponible al p\u00fablico en general para su consulta mediante su acceso en la web:\u00a0<a href=\"http:\/\/cpp.com.ar\/tecnologia\/condiciones-generales\/\">cpp.com.ar\/condiciones-generales<\/a><\/p>\n<p>Cuando circunstancias no imputables al CENTRO PRIVADO DE PSICOTERAPIAS lo justifiquen, este podr\u00e1 cancelar, suspender o modificar la prestaci\u00f3n del Tratamiento Online debiendo comunic\u00e1rselo a los usuarios. .<\/p>\n<p>A los efectos de cualquier comunicaci\u00f3n o notificaci\u00f3n el Centro Privado de Psicoterapias constituye domicilio legal en el denunciado en el encabezado y en el cual se tendr\u00e1n por validad todas las notificaciones.<\/p>\n<p><u>En caso de cualquier reclamo derivado del presente servicio ser\u00e1n competentes los Juzgados Nacionales en los Civil de la Ciudad Aut\u00f3noma de Buenos con expresa exclusi\u00f3n de cualquier otro fuero o jurisdicci\u00f3n. <\/u>[\/vc_column_text][\/vc_column][\/vc_row]<\/p>\n<\/section>","protected":false},"excerpt":{"rendered":"<p>[vc_row][vc_column][vc_column_text]El CENTRO PRIVADO DE PSICOTERAPIAS, en adelante El Centro, con domicilio legal en Av. Libertador 6049, psio 1\u00b0 \u201cA\u201d de la Ciudad Aut\u00f3noma de Buenos Aires, ha elaborado una plataforma de acceso de profesionales psic\u00f3logos mediante la implementaci\u00f3n del tratamiento de Terapia Online que estar\u00e1 regida por las estipulaciones y condiciones que a continuaci\u00f3n se [&hellip;]<\/p>\n","protected":false},"author":1,"featured_media":0,"parent":0,"menu_order":0,"comment_status":"closed","ping_status":"closed","template":"","meta":{"footnotes":""},"acf":[],"_links":{"self":[{"href":"https:\/\/cpp.com.ar\/tecnologia\/wp-json\/wp\/v2\/pages\/236"}],"collection":[{"href":"https:\/\/cpp.com.ar\/tecnologia\/wp-json\/wp\/v2\/pages"}],"about":[{"href":"https:\/\/cpp.com.ar\/tecnologia\/wp-json\/wp\/v2\/types\/page"}],"author":[{"embeddable":true,"href":"https:\/\/cpp.com.ar\/tecnologia\/wp-json\/wp\/v2\/users\/1"}],"replies":[{"embeddable":true,"href":"https:\/\/cpp.com.ar\/tecnologia\/wp-json\/wp\/v2\/comments?post=236"}],"version-history":[{"count":2,"href":"https:\/\/cpp.com.ar\/tecnologia\/wp-json\/wp\/v2\/pages\/236\/revisions"}],"predecessor-version":[{"id":238,"href":"https:\/\/cpp.com.ar\/tecnologia\/wp-json\/wp\/v2\/pages\/236\/revisions\/238"}],"wp:attachment":[{"href":"https:\/\/cpp.com.ar\/tecnologia\/wp-json\/wp\/v2\/media?parent=236"}],"curies":[{"name":"wp","href":"https:\/\/api.w.org\/{rel}","templated":true}]}}