{"id":108,"date":"2018-06-14T14:16:51","date_gmt":"2018-06-14T17:16:51","guid":{"rendered":"http:\/\/cpp.com.ar\/tecnologia\/?page_id=108"},"modified":"2022-01-17T17:19:47","modified_gmt":"2022-01-17T20:19:47","slug":"terapia-online","status":"publish","type":"page","link":"https:\/\/cpp.com.ar\/tecnologia\/terapia-online\/","title":{"rendered":"Terapia online"},"content":{"rendered":"<section class=\"wpb-content-wrapper\"><p>[vc_row][vc_column][vc_column_text]<\/p>\n<h3 style=\"text-align: center;\"><span style=\"color: #ff0000;\"><em>Servicio suspendido por el momento<\/em><\/span><\/h3>\n<p>[\/vc_column_text][vc_empty_space][\/vc_column][\/vc_row][vc_row bklyn_overlay=\u00bbtrue\u00bb bklyn_overlay_pattern=\u00bbtrue\u00bb background_position=\u00bbcenter center\u00bb background_attachment=\u00bbfixed\u00bb css=\u00bb.vc_custom_1533844641913{background-image: url(http:\/\/cpp.com.ar\/tecnologia\/wp-content\/uploads\/sites\/2\/2018\/08\/22.jpg?id=210) !important;background-position: center !important;background-repeat: no-repeat !important;background-size: cover !important;}\u00bb bklyn_overlay_color=\u00bbrgba(50, 50, 50, 0.32)\u00bb][vc_column][vc_empty_space height=\u00bb300px\u00bb][\/vc_column][\/vc_row][vc_section][vc_row][vc_column width=\u00bb1\/2&#8243;][vc_empty_space height=\u00bb50px\u00bb][vc_column_text]<\/p>\n<h3><span id=\"ut_single_label_5b6c9acd182dd\" class=\"ut-label-module\">Empez\u00e1 a vivir mejor<\/span><\/h3>\n<p><span id=\"ut_single_label_5b6c9acd18307\" class=\"ut-label-module\">Consult\u00e1 por dificultades asociadas con:<\/span><\/p>\n<div class=\"wpb_content_element vc_custom_1529000515274\">\n<div id=\"ut_fl_5b6c9acd18324\" class=\"bklyn-fancy-list\">\n<ul class=\"bklyn-list \">\n<li>V\u00ednculos de pareja<\/li>\n<li>Estado de \u00e1nimo<\/li>\n<li>Manejo de la ansiedad y el estr\u00e9s<\/li>\n<li>Manejo de l\u00edmites con los ni\u00f1os<\/li>\n<li>Desarrollo personal<\/li>\n<\/ul>\n<\/div>\n<\/div>\n<p>[\/vc_column_text][\/vc_column][vc_column width=\u00bb1\/2&#8243;][vc_empty_space height=\u00bb50px\u00bb]<div data-effect=\"bounceIn\" data-animateonce=\"yes\" data-delay=\"0\" class=\"wpb_content_element ut-animate-image animated ut-no-animation-tablet ut-no-animation-mobile  clearfix\"><style type=\"text\/css\" scoped>#ut_am_6a070c3414414 { opacity: 1; }<\/style><div id=\"ut_am_wrap_6a070c3414415\" class=\"ut-image-gallery-image \" style=\"text-align:center;\"><div class=\"ut-animated-image-item ut-image-gallery-item ut-animation-done\"><a class=\"ut-deactivated-link\" href=\"#\"><img title=\"Consulta por\" id=\"ut_am_6a070c3414414\" style=\"\" src=\"https:\/\/cpp.com.ar\/tecnologia\/wp-content\/uploads\/sites\/2\/2018\/07\/Consulta-por-300x300.png\" width=\"300\" height=\"300\" alt=\"Consult\u00e1 por:\"\/><\/a><\/div><\/div><\/div>[\/vc_column][\/vc_row][\/vc_section][vc_row css=\u00bb.vc_custom_1529000315239{margin-top: 40px !important;}\u00bb][vc_column]<div class=\"wpb_content_element \"><style type=\"text\/css\" scoped>#ut_header_6a070c34145b6.pt-style-2 .page-title:after, #ut_header_6a070c34145b6.pt-style-2 .parallax-title:after, #ut_header_6a070c34145b6.pt-style-2 .section-title:after {background-color:!important;height: ;width: ;}<\/style><header id=\"ut_header_6a070c34145b6\" class=\"section-header pt-style-2 header-center\"><h2  class=\"section-title \"><span>\u00bfPor qu\u00e9 terapia online?<\/span><\/h2><\/header><\/div>[\/vc_column][\/vc_row][vc_section][vc_row][vc_column width=\u00bb1\/3&#8243;][vc_column_text]<\/p>\n<p style=\"text-align: center;\"><img decoding=\"async\" loading=\"lazy\" class=\"aligncenter wp-image-125\" src=\"http:\/\/cpp.com.ar\/tecnologia\/wp-content\/uploads\/sites\/2\/2018\/06\/comodidad.png\" alt=\"\" width=\"200\" height=\"232\" \/>Pod\u00e9s acceder desde tu casa o tu oficina sin necesidad del costo de tiempo y dinero que implican los traslados.<\/p>\n<p>[\/vc_column_text][\/vc_column][vc_column width=\u00bb1\/3&#8243;][vc_column_text]<\/p>\n<p style=\"text-align: center;\"><img decoding=\"async\" loading=\"lazy\" class=\"aligncenter wp-image-126\" src=\"http:\/\/cpp.com.ar\/tecnologia\/wp-content\/uploads\/sites\/2\/2018\/06\/confianza.png\" alt=\"\" width=\"200\" height=\"232\" \/>La terapia online favorece la desinhibici\u00f3n y crea un clima de mayor intimidad.<\/p>\n<p>[\/vc_column_text][\/vc_column][vc_column width=\u00bb1\/3&#8243;][vc_column_text]<\/p>\n<p style=\"text-align: center;\"><img decoding=\"async\" loading=\"lazy\" class=\"aligncenter wp-image-124\" src=\"http:\/\/cpp.com.ar\/tecnologia\/wp-content\/uploads\/sites\/2\/2018\/06\/acceso.png\" alt=\"\" width=\"200\" height=\"232\" \/>A terapeutas especializados y acordes a tu problem\u00e1tica sin que la zona de atenci\u00f3n sea un obst\u00e1culo.<\/p>\n<p>[\/vc_column_text][\/vc_column][\/vc_row][\/vc_section][vc_row][vc_column]<div class=\"wpb_content_element \"><style type=\"text\/css\" scoped>#ut_header_6a070c34146ac.pt-style-2 .page-title:after, #ut_header_6a070c34146ac.pt-style-2 .parallax-title:after, #ut_header_6a070c34146ac.pt-style-2 .section-title:after {background-color:!important;height: ;width: ;}<\/style><header id=\"ut_header_6a070c34146ac\" class=\"section-header pt-style-2 header-center\"><h2  class=\"section-title \"><span>Recursos para el paciente<\/span><\/h2><\/header><\/div>[vc_empty_space][\/vc_column][\/vc_row][vc_row][vc_column width=\u00bb1\/2&#8243;][vc_column_text]<\/p>\n<h3>Sistema innovador de recursos que potencian la efectividad de la terapia, lo que permite potenciar el proceso terap\u00e9utico.<\/h3>\n<p>Estos recursos son compartidos con los pacientes para que hagan uso de dicho material bajo la supervisi\u00f3n o recomendaci\u00f3n del terapeuta. Son v\u00eddeos, apps, textos, pel\u00edculas o cualquier soporte que sea de utilidad para el progreso del trabajo terap\u00e9utico.<\/p>\n<p>El env\u00edo del material se eval\u00faa de acuerdo a la problem\u00e1tica presentada, dependiendo el momento y la etapa de la terapia.<\/p>\n<p>Este apoyo entre sesiones crea ACCOUNTABILITY. (Empoderar al otro en su proceso) generando efectos m\u00e1s potentes en la sesi\u00f3n.[\/vc_column_text][\/vc_column][vc_column width=\u00bb1\/2&#8243;]<div data-effect=\"fadeIn\" data-animateonce=\"yes\" data-delay=\"0\" class=\"wpb_content_element ut-animate-image animated ut-no-animation-tablet ut-no-animation-mobile  clearfix\"><style type=\"text\/css\" scoped>#ut_am_6a070c3414b59 { opacity: 1; }<\/style><div id=\"ut_am_wrap_6a070c3414b5a\" class=\"ut-image-gallery-image \" style=\"text-align:center;\"><div class=\"ut-animated-image-item ut-image-gallery-item ut-animation-done\"><a class=\"ut-deactivated-link\" href=\"#\"><img title=\"VIDEOLLAMADA-RECURSOS\" id=\"ut_am_6a070c3414b59\" style=\"\" src=\"https:\/\/cpp.com.ar\/tecnologia\/wp-content\/uploads\/sites\/2\/2018\/06\/VIDEOLLAMADA-RECURSOS.png\" width=\"400\" height=\"394\" alt=\"Recursos\"\/><\/a><\/div><\/div><\/div>[\/vc_column][\/vc_row][vc_section][vc_row][vc_column][vc_message message_box_color=\u00bbturquoise\u00bb icon_fontawesome=\u00bbfa fa-exclamation-triangle\u00bb]\u00a1ATENCI\u00d3N!<\/p>\n<p>Si est\u00e1s atravesando una emergencia, llam\u00e1 al centro de atenci\u00f3n al suicida marcando 135, al 911 o dirigite al centro de salud m\u00e1s cercano. No ofrecemos servicio de emergencias.[\/vc_message][\/vc_column][\/vc_row][\/vc_section]<\/p>\n<\/section>","protected":false},"excerpt":{"rendered":"<p>[vc_row][vc_column][vc_column_text] Servicio suspendido por el momento [\/vc_column_text][vc_empty_space][\/vc_column][\/vc_row][vc_row bklyn_overlay=\u00bbtrue\u00bb bklyn_overlay_pattern=\u00bbtrue\u00bb background_position=\u00bbcenter center\u00bb background_attachment=\u00bbfixed\u00bb css=\u00bb.vc_custom_1533844641913{background-image: url(http:\/\/cpp.com.ar\/tecnologia\/wp-content\/uploads\/sites\/2\/2018\/08\/22.jpg?id=210) !important;background-position: center !important;background-repeat: no-repeat !important;background-size: cover !important;}\u00bb bklyn_overlay_color=\u00bbrgba(50, 50, 50, 0.32)\u00bb][vc_column][vc_empty_space height=\u00bb300px\u00bb][\/vc_column][\/vc_row][vc_section][vc_row][vc_column width=\u00bb1\/2&#8243;][vc_empty_space height=\u00bb50px\u00bb][vc_column_text] Empez\u00e1 a vivir mejor Consult\u00e1 por dificultades asociadas con: V\u00ednculos de pareja Estado de \u00e1nimo Manejo de la ansiedad y el estr\u00e9s Manejo de l\u00edmites con los [&hellip;]<\/p>\n","protected":false},"author":1,"featured_media":0,"parent":0,"menu_order":0,"comment_status":"closed","ping_status":"closed","template":"","meta":{"footnotes":""},"acf":[],"_links":{"self":[{"href":"https:\/\/cpp.com.ar\/tecnologia\/wp-json\/wp\/v2\/pages\/108"}],"collection":[{"href":"https:\/\/cpp.com.ar\/tecnologia\/wp-json\/wp\/v2\/pages"}],"about":[{"href":"https:\/\/cpp.com.ar\/tecnologia\/wp-json\/wp\/v2\/types\/page"}],"author":[{"embeddable":true,"href":"https:\/\/cpp.com.ar\/tecnologia\/wp-json\/wp\/v2\/users\/1"}],"replies":[{"embeddable":true,"href":"https:\/\/cpp.com.ar\/tecnologia\/wp-json\/wp\/v2\/comments?post=108"}],"version-history":[{"count":38,"href":"https:\/\/cpp.com.ar\/tecnologia\/wp-json\/wp\/v2\/pages\/108\/revisions"}],"predecessor-version":[{"id":584,"href":"https:\/\/cpp.com.ar\/tecnologia\/wp-json\/wp\/v2\/pages\/108\/revisions\/584"}],"wp:attachment":[{"href":"https:\/\/cpp.com.ar\/tecnologia\/wp-json\/wp\/v2\/media?parent=108"}],"curies":[{"name":"wp","href":"https:\/\/api.w.org\/{rel}","templated":true}]}}