{"id":9779,"date":"2025-12-07T16:43:41","date_gmt":"2025-12-07T19:43:41","guid":{"rendered":"https:\/\/cpp.com.ar\/formacion\/?page_id=9779"},"modified":"2025-12-11T14:05:09","modified_gmt":"2025-12-11T17:05:09","slug":"regala-formacion-regala-futuro","status":"publish","type":"page","link":"https:\/\/cpp.com.ar\/formacion\/regala-formacion-regala-futuro\/","title":{"rendered":"Regal\u00e1 formaci\u00f3n, regal\u00e1 futuro."},"content":{"rendered":"<section class=\"wpb-content-wrapper\"><p>[vc_section css=\u00bb.vc_custom_1531359830548{border-bottom-width: 1px !important;}\u00bb][vc_row css=\u00bb.vc_custom_1765130952831{background-color: #d3d3d3 !important;}\u00bb][vc_column][vc_empty_space height=\u00bb30px\u00bb]<style type=\"text\/css\" scoped>#ut_custom_heading69ed9e0a88072 { font-size:30px; }#ut_custom_heading69ed9e0a88072 { font-weight:bold; }#ut_custom_heading69ed9e0a88072 { text-align:center; }#ut_custom_heading69ed9e0a88072 { text-transform:uppercase; }<\/style><h1 id=\"ut_custom_heading69ed9e0a88072\" class=\"ut-custom-heading-module  \" ><span>Regal\u00e1 formaci\u00f3n, regal\u00e1 futuro.<\/span><\/h1><style type=\"text\/css\" scoped>#ut_custom_heading69ed9e0a88095 { font-size:20px; }#ut_custom_heading69ed9e0a88095 { font-weight:bold; }#ut_custom_heading69ed9e0a88095 { text-align:center; }<\/style><h2 id=\"ut_custom_heading69ed9e0a88095\" class=\"ut-custom-heading-module  \" ><span>Una manera distinta, y realmente significativa, de sorprender a alguien especial.<\/span><\/h2><style type=\"text\/css\" scoped>#ut_custom_heading69ed9e0a880a4 { font-size:20px; }#ut_custom_heading69ed9e0a880a4 { font-weight:normal; }#ut_custom_heading69ed9e0a880a4 { text-align:center; }<\/style><h2 id=\"ut_custom_heading69ed9e0a880a4\" class=\"ut-custom-heading-module  \" ><span>Compr\u00e1s un regalo ahora y la persona que indiques podr\u00e1 elegir cualquier curso online de la Escuela CPP dentro de los pr\u00f3ximos 3 meses.<\/span><\/h2>[vc_empty_space height=\u00bb30px\u00bb][\/vc_column][\/vc_row][vc_row][vc_column width=\u00bb1\/4&#8243;]<div  class=\"wpb_content_element   clearfix\"><div id=\"ut_am_wrap_69ed9e0a885f5\" class=\"ut-image-gallery-image \" style=\"text-align:right;\"><div class=\"ut-animated-image-item ut-image-gallery-item ut-animation-done\"><a class=\"ut-deactivated-link\" href=\"#\"><img title=\"regalo\" id=\"ut_am_69ed9e0a885f4\" style=\"\" src=\"https:\/\/cpp.com.ar\/formacion\/wp-content\/uploads\/sites\/3\/2025\/12\/regalo.jpg\" width=\"1080\" height=\"1350\" alt=\"\"\/><\/a><\/div><\/div><\/div>[\/vc_column][vc_column width=\u00bb3\/4&#8243;]<div class=\"wpb_content_element \"><style type=\"text\/css\" scoped>#ut_header_69ed9e0a88752 h2 span { color:#000000; }#ut_header_69ed9e0a88752 h2.section-title { font-size: 25px; }#ut_header_69ed9e0a88752.pt-style-2 .page-title:after, #ut_header_69ed9e0a88752.pt-style-2 .parallax-title:after, #ut_header_69ed9e0a88752.pt-style-2 .section-title:after {background-color: #000000 !important;height: ;width: ;}<\/style><header id=\"ut_header_69ed9e0a88752\" class=\"section-header pt-style-2 header-left\"><h2  class=\"section-title \"><span><strong>\u00bfC\u00f3mo funciona el regalo?<\/strong><\/span><\/h2><div data-delay=\"0\" class=\"lead \"><p>Regalar formaci\u00f3n en la Escuela CPP es simple y \u00fanico:<\/p>\n<p><b>1. Compr\u00e1s la tarjeta de regalo<\/b><br \/>\nAdquir\u00eds una tarjeta digital v\u00e1lida por un curso on demand de nuestro cat\u00e1logo.<\/p>\n<p><b>2. Eleg\u00eds c\u00f3mo quer\u00e9s entregarla<\/b><br \/>\nAl completar el formulario, pod\u00e9s optar entre dos formas de entrega:<\/p>\n<p>a. La envi\u00e1s vos:<br \/>\nNos indic\u00e1s el mail al que quer\u00e9s que te mandemos la tarjeta personalizada y luego la imprim\u00eds o la reenvi\u00e1s.<\/p>\n<p>b. La enviamos nosotros:<br \/>\nNos dej\u00e1s nombre, apellido, mail y la fecha en que quer\u00e9s que le llegue el regalo a la otra persona.<br \/>\nEse d\u00eda, la persona recibir\u00e1 un mail desde la Escuela CPP avisando que recibi\u00f3 una tarjeta de regalo.<\/p>\n<p><b>3. La persona que la recibe elige el curso<\/b><br \/>\nQuien recibe la tarjeta puede elegir cualquier curso on demand dentro de los pr\u00f3ximos 3 meses (enero, febrero y marzo).<\/p>\n<p><b>4. Activaci\u00f3n f\u00e1cil<\/b><br \/>\nLa persona solo debe escribirnos adjuntando la tarjeta de regalo e indicarnos qu\u00e9 curso on demand quiere y activar su acceso.<\/p>\n<\/div><\/header><\/div><style type=\"text\/css\" scoped>#bklyn_btn_69ed9e0a8882b .bklyn-btn { border-radius:4px; background-color:#2d7dd4; }#bklyn_btn_69ed9e0a8882b .bklyn-btn:hover{ color:#ffffff; background-color:#ff7506; }#bklyn_btn_69ed9e0a8882b .bklyn-btn:focus{ color:#ffffff; background-color:#ff7506; }#bklyn_btn_69ed9e0a8882b .bklyn-btn:active { color:#ffffff; background-color:#ff7506; }<\/style><div id=\"bklyn_btn_69ed9e0a8882b\" class=\"bklyn-btn-holder  bklyn-btn-left\"><a title=\"\"   href=\"#aranceles\" target=\"_self\" class=\"bklyn-btn bklyn-btn-full bklyn-btn-normal\" >Hac\u00e9 tu regalo ahora<\/a><\/div>[\/vc_column][\/vc_row][\/vc_section][vc_section css=\u00bb.vc_custom_1765133987669{background-color: #efefef !important;}\u00bb][vc_row][vc_column css=\u00bb.vc_custom_1765136694640{padding-bottom: -10px !important;}\u00bb]<div class=\"wpb_content_element \"><style type=\"text\/css\" scoped>#ut_header_69ed9e0a8885e.pt-style-2 .page-title:after, #ut_header_69ed9e0a8885e.pt-style-2 .parallax-title:after, #ut_header_69ed9e0a8885e.pt-style-2 .section-title:after {background-color:!important;height: ;width: ;}<\/style><header id=\"ut_header_69ed9e0a8885e\" class=\"section-header pt-style-2 header-center\"><h2  class=\"section-title \"><span><strong>\u00bfPor qu\u00e9 es un regalo especial?<\/strong><\/span><\/h2><\/header><\/div>[\/vc_column][\/vc_row][vc_row css=\u00bb.vc_custom_1631656872192{background-color: #efefef !important;}\u00bb][vc_column width=\u00bb1\/4&#8243;]<div class=\"wpb_content_element \"><div id=\"utbx_o_69ed9e0a8888e\" class=\"ut-service-icon-box  clearfix  ut-service-icon-box-center\"><style type=\"text\/css\" scoped>#utbx_69ed9e0a8888d { background:#00cdb5; }#utbx_69ed9e0a8888d:hover { background: #2FC0D7; } #utbx_69ed9e0a8888d:after { box-shadow: 0 0 0 4px #2FC0D7; } <\/style><div class=\"ut-highlight-icon-wrap ut-highlight-icon-effect\"><a id=\"utbx_69ed9e0a8888d\" data-id=\"utbx_69ed9e0a8888d\" data-hovercolor=\"#2FC0D7\"  data-effect=\"fadeInRight\" data-animateonce=\"yes\" data-delay=\"0\" class=\"ut-highlight-icon ut-animate-element animated ut-no-animation-tablet ut-no-animation-mobile fas fa fa-check\" href=\"#\" target=\"_blank\"><\/a><\/div><\/div><\/div>[vc_column_text]<\/p>\n<p style=\"text-align: center;\"><strong data-start=\"1589\" data-end=\"1632\">La persona elige lo que quiere aprender<\/strong><br data-start=\"1632\" data-end=\"1635\" \/>Un regalo flexible, pensado para su inter\u00e9s real.<\/p>\n<p>[\/vc_column_text][\/vc_column][vc_column width=\u00bb1\/4&#8243;]<div class=\"wpb_content_element \"><div id=\"utbx_o_69ed9e0a888dd\" class=\"ut-service-icon-box  clearfix  ut-service-icon-box-center\"><style type=\"text\/css\" scoped>#utbx_69ed9e0a888dc { background:#00cdb5; }#utbx_69ed9e0a888dc:hover { background: #2FC0D7; } #utbx_69ed9e0a888dc:after { box-shadow: 0 0 0 4px #2FC0D7; } <\/style><div class=\"ut-highlight-icon-wrap ut-highlight-icon-effect\"><a id=\"utbx_69ed9e0a888dc\" data-id=\"utbx_69ed9e0a888dc\" data-hovercolor=\"#2FC0D7\"  data-effect=\"fadeInRight\" data-animateonce=\"yes\" data-delay=\"0\" class=\"ut-highlight-icon ut-animate-element animated ut-no-animation-tablet ut-no-animation-mobile fas fa fa-check\" href=\"#\" target=\"_blank\"><\/a><\/div><\/div><\/div>[vc_column_text]<\/p>\n<p style=\"text-align: center;\"><strong data-start=\"1688\" data-end=\"1712\">Significativo y \u00fatil<\/strong><br data-start=\"1712\" data-end=\"1715\" \/>No es un objeto: es formaci\u00f3n, herramientas y crecimiento profesional.<\/p>\n<p>[\/vc_column_text][\/vc_column][vc_column width=\u00bb1\/4&#8243;]<div class=\"wpb_content_element \"><div id=\"utbx_o_69ed9e0a88904\" class=\"ut-service-icon-box  clearfix  ut-service-icon-box-center\"><style type=\"text\/css\" scoped>#utbx_69ed9e0a88903 { background:#00cdb5; }#utbx_69ed9e0a88903:hover { background: #2FC0D7; } #utbx_69ed9e0a88903:after { box-shadow: 0 0 0 4px #2FC0D7; } <\/style><div class=\"ut-highlight-icon-wrap ut-highlight-icon-effect\"><a id=\"utbx_69ed9e0a88903\" data-id=\"utbx_69ed9e0a88903\" data-hovercolor=\"#2FC0D7\"  data-effect=\"fadeInRight\" data-animateonce=\"yes\" data-delay=\"0\" class=\"ut-highlight-icon ut-animate-element animated ut-no-animation-tablet ut-no-animation-mobile fas fa fa-check\" href=\"#\" target=\"_blank\"><\/a><\/div><\/div><\/div>[vc_column_text]<\/p>\n<p style=\"text-align: center;\"><strong data-start=\"1789\" data-end=\"1821\">100% online y autogestionado<\/strong><br data-start=\"1821\" data-end=\"1824\" \/>Cada curso puede hacerse a su ritmo, desde donde est\u00e9..<\/p>\n<p>[\/vc_column_text][\/vc_column][vc_column width=\u00bb1\/4&#8243;]<div class=\"wpb_content_element \"><div id=\"utbx_o_69ed9e0a88928\" class=\"ut-service-icon-box  clearfix  ut-service-icon-box-center\"><style type=\"text\/css\" scoped>#utbx_69ed9e0a88927 { background:#00cdb5; }#utbx_69ed9e0a88927:hover { background: #2FC0D7; } #utbx_69ed9e0a88927:after { box-shadow: 0 0 0 4px #2FC0D7; } <\/style><div class=\"ut-highlight-icon-wrap ut-highlight-icon-effect\"><a id=\"utbx_69ed9e0a88927\" data-id=\"utbx_69ed9e0a88927\" data-hovercolor=\"#2FC0D7\"  data-effect=\"fadeInRight\" data-animateonce=\"yes\" data-delay=\"0\" class=\"ut-highlight-icon ut-animate-element animated ut-no-animation-tablet ut-no-animation-mobile fas fa fa-check\" href=\"#\" target=\"_blank\"><\/a><\/div><\/div><\/div>[vc_column_text]<\/p>\n<p style=\"text-align: center;\"><strong data-start=\"1985\" data-end=\"2002\">Personalizado<\/strong><br data-start=\"2002\" data-end=\"2005\" \/>Incluye tarjeta o email dise\u00f1ado especialmente para la persona que eleg\u00eds.<\/p>\n<p>[\/vc_column_text][\/vc_column][\/vc_row][\/vc_section][vc_section][vc_row][vc_column][vc_empty_space]<div class=\"wpb_content_element \"><style type=\"text\/css\" scoped>#ut_header_69ed9e0a88945.pt-style-2 .page-title:after, #ut_header_69ed9e0a88945.pt-style-2 .parallax-title:after, #ut_header_69ed9e0a88945.pt-style-2 .section-title:after {background-color:!important;height: ;width: ;}<\/style><header id=\"ut_header_69ed9e0a88945\" class=\"section-header pt-style-2 header-center\"><h2  class=\"section-title \"><span><strong>\u00bfA qui\u00e9n se lo pod\u00e9s regalar?<\/strong><\/span><\/h2><\/header><\/div>[\/vc_column][\/vc_row][vc_row][vc_column width=\u00bb1\/4&#8243;][\/vc_column][vc_column width=\u00bb1\/2&#8243;][vc_column_text]<\/p>\n<p style=\"text-align: center;\" data-start=\"2135\" data-end=\"2172\">A profesionales de la salud mental.<\/p>\n<p style=\"text-align: center;\" data-start=\"2175\" data-end=\"2230\">A colegas con quienes quer\u00e9s tener un gesto especial.<\/p>\n<p style=\"text-align: center;\" data-start=\"2233\" data-end=\"2263\">A estudiantes de psicolog\u00eda.<\/p>\n<p style=\"text-align: center;\" data-start=\"2266\" data-end=\"2332\">A personas interesadas en aprender sobre abordajes psicol\u00f3gicos.<\/p>\n<p style=\"text-align: center;\" data-start=\"2335\" data-end=\"2394\">A quien sab\u00e9s que disfruta de aprender y seguir form\u00e1ndose.<\/p>\n<p>[\/vc_column_text]<style type=\"text\/css\" scoped>#bklyn_btn_69ed9e0a88966 .bklyn-btn { border-radius:4px; background-color:#ffb800; }#bklyn_btn_69ed9e0a88966 .bklyn-btn:hover{ color:#ffffff; background-color:#ff7200; }#bklyn_btn_69ed9e0a88966 .bklyn-btn:focus{ color:#ffffff; background-color:#ff7200; }#bklyn_btn_69ed9e0a88966 .bklyn-btn:active { color:#ffffff; background-color:#ff7200; }<\/style><div id=\"bklyn_btn_69ed9e0a88966\" class=\"bklyn-btn-holder  bklyn-btn-center\"><a title=\"\"   href=\"#aranceles\" target=\"_self\" class=\"bklyn-btn  bklyn-btn-normal\" >Regal\u00e1 un curso hoy<\/a><\/div>[\/vc_column][vc_column width=\u00bb1\/4&#8243;][\/vc_column][\/vc_row][\/vc_section][vc_section bklyn_section_anchor_id=\u00bbinscripciones\u00bb css=\u00bb.vc_custom_1695152508970{background-color: #efefef !important;}\u00bb][vc_row el_id=\u00bbaranceles\u00bb][vc_column]<div class=\"wpb_content_element \"><style type=\"text\/css\" scoped>#ut_header_69ed9e0a8898a.pt-style-2 .page-title:after, #ut_header_69ed9e0a8898a.pt-style-2 .parallax-title:after, #ut_header_69ed9e0a8898a.pt-style-2 .section-title:after {background-color:!important;height: ;width: ;}<\/style><header id=\"ut_header_69ed9e0a8898a\" class=\"section-header pt-style-2 header-center\"><h2  class=\"section-title \"><span><strong>Regal\u00e1 un curso On Demand<\/strong><\/span><\/h2><div data-delay=\"0\" class=\"lead \"><p>Incluye tarjeta personalizada o env\u00edo de correo especial.<\/p>\n<\/div><\/header><\/div>[\/vc_column][\/vc_row][vc_row][vc_column width=\u00bb1\/4&#8243;][\/vc_column][vc_column width=\u00bb1\/4&#8243;][vc_column_text]<\/p>\n<p style=\"text-align: center;\">Si resid\u00eds en Argentina, tu regalo tiene un costo de:<\/p>\n<h2 style=\"text-align: center;\">$63.000.- Arg<\/h2>\n<p>[\/vc_column_text][\/vc_column][vc_column width=\u00bb1\/4&#8243;][vc_column_text]<\/p>\n<p style=\"text-align: center;\">Si resid\u00eds fuera de Argentina, tu regalo\u00a0 tiene un costo de:<\/p>\n<h2 style=\"text-align: center;\">70 USD<\/h2>\n<p>[\/vc_column_text][\/vc_column][vc_column width=\u00bb1\/4&#8243;][\/vc_column][\/vc_row][vc_row][vc_column]<style type=\"text\/css\" scoped>#bklyn_btn_69ed9e0a889b6 .bklyn-btn { border-radius:4px; background-color:#2d7dd4; }#bklyn_btn_69ed9e0a889b6 .bklyn-btn:hover{ color:#ffffff; background-color:#ff7200; }#bklyn_btn_69ed9e0a889b6 .bklyn-btn:focus{ color:#ffffff; background-color:#ff7200; }#bklyn_btn_69ed9e0a889b6 .bklyn-btn:active { color:#ffffff; background-color:#ff7200; }<\/style><div id=\"bklyn_btn_69ed9e0a889b6\" class=\"bklyn-btn-holder  bklyn-btn-center\"><a title=\"\"   href=\"https:\/\/ef3331e6.sibforms.com\/serve\/MUIFAApPkvXbzR3VIlGWpYcI_G5M33Ksy1IA7UXaCtIwK1LR0N6G2CHHZx3TIviX_DCPhbGUkfMvmeqrdTvQftupX4M03d7ctyLQINzrFp-CpVU3FphNZeBFecqNGWppvkT2fbPq95IptiqR7Y0v1yHJDGtDd1tZg7DD4tVkYrLB5tgY-ENYuxdH8m51Q7V1Ke8JVSzl9uAn8p0W\" target=\"_self\" class=\"bklyn-btn  bklyn-btn-normal\" >Quiero hacer este regalo<\/a><\/div>[vc_empty_space][\/vc_column][\/vc_row][\/vc_section]<\/p>\n<\/section>","protected":false},"excerpt":{"rendered":"<p>[vc_section css=\u00bb.vc_custom_1531359830548{border-bottom-width: 1px !important;}\u00bb][vc_row css=\u00bb.vc_custom_1765130952831{background-color: #d3d3d3 !important;}\u00bb][vc_column][vc_empty_space height=\u00bb30px\u00bb][vc_empty_space height=\u00bb30px\u00bb][\/vc_column][\/vc_row][vc_row][vc_column width=\u00bb1\/4&#8243;][\/vc_column][vc_column width=\u00bb3\/4&#8243;][\/vc_column][\/vc_row][\/vc_section][vc_section css=\u00bb.vc_custom_1765133987669{background-color: #efefef !important;}\u00bb][vc_row][vc_column css=\u00bb.vc_custom_1765136694640{padding-bottom: -10px !important;}\u00bb][\/vc_column][\/vc_row][vc_row css=\u00bb.vc_custom_1631656872192{background-color: #efefef !important;}\u00bb][vc_column width=\u00bb1\/4&#8243;][vc_column_text] La persona elige lo que quiere aprenderUn regalo flexible, pensado para su inter\u00e9s real. [\/vc_column_text][\/vc_column][vc_column width=\u00bb1\/4&#8243;][vc_column_text] Significativo y \u00fatilNo es un objeto: es formaci\u00f3n, herramientas y crecimiento profesional. [\/vc_column_text][\/vc_column][vc_column width=\u00bb1\/4&#8243;][vc_column_text] 100% online y autogestionadoCada [&hellip;]<\/p>\n","protected":false},"author":1,"featured_media":0,"parent":0,"menu_order":0,"comment_status":"closed","ping_status":"closed","template":"","meta":{"footnotes":""},"acf":[],"_links":{"self":[{"href":"https:\/\/cpp.com.ar\/formacion\/wp-json\/wp\/v2\/pages\/9779"}],"collection":[{"href":"https:\/\/cpp.com.ar\/formacion\/wp-json\/wp\/v2\/pages"}],"about":[{"href":"https:\/\/cpp.com.ar\/formacion\/wp-json\/wp\/v2\/types\/page"}],"author":[{"embeddable":true,"href":"https:\/\/cpp.com.ar\/formacion\/wp-json\/wp\/v2\/users\/1"}],"replies":[{"embeddable":true,"href":"https:\/\/cpp.com.ar\/formacion\/wp-json\/wp\/v2\/comments?post=9779"}],"version-history":[{"count":21,"href":"https:\/\/cpp.com.ar\/formacion\/wp-json\/wp\/v2\/pages\/9779\/revisions"}],"predecessor-version":[{"id":9808,"href":"https:\/\/cpp.com.ar\/formacion\/wp-json\/wp\/v2\/pages\/9779\/revisions\/9808"}],"wp:attachment":[{"href":"https:\/\/cpp.com.ar\/formacion\/wp-json\/wp\/v2\/media?parent=9779"}],"curies":[{"name":"wp","href":"https:\/\/api.w.org\/{rel}","templated":true}]}}