{"id":9691,"date":"2025-11-13T01:08:21","date_gmt":"2025-11-13T04:08:21","guid":{"rendered":"https:\/\/cpp.com.ar\/formacion\/?page_id=9691"},"modified":"2025-11-13T01:08:21","modified_gmt":"2025-11-13T04:08:21","slug":"descarga-la-ficha-de-primera-entrevista-del-modelo-mri","status":"publish","type":"page","link":"https:\/\/cpp.com.ar\/formacion\/descarga-la-ficha-de-primera-entrevista-del-modelo-mri\/","title":{"rendered":"Descarg\u00e1 la ficha de primera entrevista del modelo MRI"},"content":{"rendered":"<section class=\"wpb-content-wrapper\"><p>[vc_row][vc_column width=\u00bb1\/6&#8243;][\/vc_column][vc_column width=\u00bb2\/3&#8243;]<style type=\"text\/css\" scoped>#ut_custom_heading69df5d046847b { font-size:20px; }#ut_custom_heading69df5d046847b { font-weight:bold; }#ut_custom_heading69df5d046847b { text-align:center; }<\/style><h2 id=\"ut_custom_heading69df5d046847b\" class=\"ut-custom-heading-module  \" ><span>Una herramienta cl\u00ednica para ordenar la informaci\u00f3n, definir objetivos y orientar las intervenciones desde el enfoque estrat\u00e9gico.<\/span><\/h2><div class=\"wpb_content_element   clearfix\">            \r\n            <script type=\"text\/javascript\">\r\n                \r\n                (function($){\r\n                    \r\n                    $(document).ready(function(){\r\n                        \r\n                                                                        \r\n                        function get_animated_objects( $all_appeared_elements, effect ) {\r\n                            \r\n                            var counter = 0;\r\n                            \r\n                            $all_appeared_elements.each(function(){\r\n                                        \r\n                                if( $(this).hasClass(effect) ) {\r\n\r\n                                    counter++;\r\n\r\n                                }\r\n\r\n                            });\r\n                            \r\n                            return counter;\r\n                            \r\n                        }\r\n                        \r\n                          \r\n                    });\r\n                        \r\n                })(jQuery);\r\n            \r\n            <\/script>\r\n            \r\n            <style type=\"text\/css\" scoped>#ut_ig_69df5d04684a2 .ut-lazy:not(.ut-image-loaded) + .ut-video-module-loading { display:block; }#ut_ig_69df5d04684a2 .ut-lazy.ut-image-loaded + .ut-video-module-loading { display:none; }<\/style><div id=\"ut_ig_69df5d04684a2\" class=\"ut-image-gallery  clearfix\"><div  data-count=\"1\" class=\"ut-image-gallery-item ut-animation-done grid-100 tablet-grid-100 mobile-grid-100 \"><a  class=\"ut-vc-images-lightbox\"  data-exthumbimage=\"https:\/\/cpp.com.ar\/formacion\/wp-content\/uploads\/sites\/3\/2025\/11\/diseno-sin-titulo-150x150.png\" href=\"https:\/\/cpp.com.ar\/formacion\/wp-content\/uploads\/sites\/3\/2025\/11\/diseno-sin-titulo.png\"><div class=\"ut-image-gallery-image\"><img  class=\"\" src=\"https:\/\/cpp.com.ar\/formacion\/wp-content\/uploads\/sites\/3\/2025\/11\/diseno-sin-titulo.png\" width=\"648\" height=\"182\"><\/div><\/a><\/div><div class=\"clear\"><\/div><\/div><\/div><style type=\"text\/css\" scoped>#ut_custom_heading69df5d04688b9 { font-size:15px; }#ut_custom_heading69df5d04688b9 { text-align:center; }<\/style><p id=\"ut_custom_heading69df5d04688b9\" class=\"ut-custom-heading-module  \" ><span>El material que vas a descargar fue desarrollado por <b>Hugo Hirsch y Ruth Casabianca<\/b> para registrar un proceso terap\u00e9utico dentro del modelo de <b>Terapia Breve del MRI de Palo Alto<\/b>.<\/span><\/p><style type=\"text\/css\" scoped>#ut_custom_heading69df5d04688ca { font-size:15px; }#ut_custom_heading69df5d04688ca { text-align:center; }<\/style><p id=\"ut_custom_heading69df5d04688ca\" class=\"ut-custom-heading-module  \" ><span>M\u00e1s que imponer un modo de pensar, este sistema ofrece un <b>orden y una gu\u00eda<\/b> que ayudan al terapeuta a <b>organizar la informaci\u00f3n y orientar su intervenci\u00f3n<\/b>.<\/span><\/p>[vc_empty_space][vc_column_text]<\/p>\n<hr \/>\n<p>[\/vc_column_text][ut_title_divider_2 divider=\u00bbbklyn-divider-style-10&#8243; align=\u00bbcenter\u00bb]Complet\u00e1 tus datos a continuaci\u00f3n para recibir la ficha de primera entrevista junto con las instrucciones de uso.[\/ut_title_divider_2]<div class=\"wpb_content_element \"><iframe loading=\"lazy\" style=\"display: block; margin-left: auto; margin-right: auto; max-width: 100%;\" src=\"https:\/\/ef3331e6.sibforms.com\/serve\/MUIFAIxWe_uk4QeaRMsst5bQ4o5UY6b_Gy7kvu0cqllj61qu0SIxmDUsvJanv-7N0eJoyp2zzrOBOsZb2i8xjq_W2k1Jw2RFCwVUyV13mIj13YV-Jqzvw4CsoK9HUeg-qsndIWqSym8UEKFLtX1nBGLMjU7dLWqnlNuXKlzQ_AWnsr-S4krUXM8VIOagHsRxkWpjpyJVjYaR_fuN\" width=\"540\" height=\"705\" frameborder=\"0\" scrolling=\"auto\" allowfullscreen=\"allowfullscreen\"><\/iframe><\/div>[vc_message message_box_color=\u00bbpeacoc\u00bb icon_fontawesome=\u00bbfas fa-lightbulb\u00bb]<\/p>\n<p style=\"text-align: center;\"><strong>Record\u00e1:<\/strong><\/p>\n<p style=\"text-align: center;\">El registro terap\u00e9utico es una herramienta para equivocarse menos en terapia<\/p>\n<p>[\/vc_message][\/vc_column][vc_column width=\u00bb1\/6&#8243;][\/vc_column][\/vc_row]<\/p>\n<\/section>","protected":false},"excerpt":{"rendered":"<p>[vc_row][vc_column width=\u00bb1\/6&#8243;][\/vc_column][vc_column width=\u00bb2\/3&#8243;][vc_empty_space][vc_column_text] [\/vc_column_text][ut_title_divider_2 divider=\u00bbbklyn-divider-style-10&#8243; align=\u00bbcenter\u00bb]Complet\u00e1 tus datos a continuaci\u00f3n para recibir la ficha de primera entrevista junto con las instrucciones de uso.[\/ut_title_divider_2][vc_message message_box_color=\u00bbpeacoc\u00bb icon_fontawesome=\u00bbfas fa-lightbulb\u00bb] Record\u00e1: El registro terap\u00e9utico es una herramienta para equivocarse menos en terapia [\/vc_message][\/vc_column][vc_column width=\u00bb1\/6&#8243;][\/vc_column][\/vc_row]<\/p>\n","protected":false},"author":1,"featured_media":0,"parent":0,"menu_order":0,"comment_status":"closed","ping_status":"closed","template":"","meta":{"footnotes":""},"acf":[],"_links":{"self":[{"href":"https:\/\/cpp.com.ar\/formacion\/wp-json\/wp\/v2\/pages\/9691"}],"collection":[{"href":"https:\/\/cpp.com.ar\/formacion\/wp-json\/wp\/v2\/pages"}],"about":[{"href":"https:\/\/cpp.com.ar\/formacion\/wp-json\/wp\/v2\/types\/page"}],"author":[{"embeddable":true,"href":"https:\/\/cpp.com.ar\/formacion\/wp-json\/wp\/v2\/users\/1"}],"replies":[{"embeddable":true,"href":"https:\/\/cpp.com.ar\/formacion\/wp-json\/wp\/v2\/comments?post=9691"}],"version-history":[{"count":12,"href":"https:\/\/cpp.com.ar\/formacion\/wp-json\/wp\/v2\/pages\/9691\/revisions"}],"predecessor-version":[{"id":9704,"href":"https:\/\/cpp.com.ar\/formacion\/wp-json\/wp\/v2\/pages\/9691\/revisions\/9704"}],"wp:attachment":[{"href":"https:\/\/cpp.com.ar\/formacion\/wp-json\/wp\/v2\/media?parent=9691"}],"curies":[{"name":"wp","href":"https:\/\/api.w.org\/{rel}","templated":true}]}}