{"id":9239,"date":"2025-04-13T23:40:24","date_gmt":"2025-04-14T02:40:24","guid":{"rendered":"https:\/\/cpp.com.ar\/formacion\/?page_id=9239"},"modified":"2025-04-13T23:40:24","modified_gmt":"2025-04-14T02:40:24","slug":"standards-hirsch","status":"publish","type":"page","link":"https:\/\/cpp.com.ar\/formacion\/inicio\/libros\/standards-hirsch\/","title":{"rendered":"Standards Hirsch"},"content":{"rendered":"<section class=\"wpb-content-wrapper\"><p>[vc_section css=\u00bb.vc_custom_1744598419664{margin-top: 50px !important;margin-right: 50px !important;margin-bottom: 50px !important;margin-left: 50px !important;}\u00bb][vc_row][vc_column width=\u00bb1\/4&#8243;]<div class=\"wpb_content_element   clearfix\">            \r\n            <script type=\"text\/javascript\">\r\n                \r\n                (function($){\r\n                    \r\n                    $(document).ready(function(){\r\n                        \r\n                                                                        \r\n                        function get_animated_objects( $all_appeared_elements, effect ) {\r\n                            \r\n                            var counter = 0;\r\n                            \r\n                            $all_appeared_elements.each(function(){\r\n                                        \r\n                                if( $(this).hasClass(effect) ) {\r\n\r\n                                    counter++;\r\n\r\n                                }\r\n\r\n                            });\r\n                            \r\n                            return counter;\r\n                            \r\n                        }\r\n                        \r\n                          \r\n                    });\r\n                        \r\n                })(jQuery);\r\n            \r\n            <\/script>\r\n            \r\n            <style type=\"text\/css\" scoped>#ut_ig_69df58b7b9150 .ut-lazy:not(.ut-image-loaded) + .ut-video-module-loading { display:block; }#ut_ig_69df58b7b9150 .ut-lazy.ut-image-loaded + .ut-video-module-loading { display:none; }<\/style><div id=\"ut_ig_69df58b7b9150\" class=\"ut-image-gallery  clearfix\"><div  data-count=\"1\" class=\"ut-image-gallery-item ut-animation-done grid-100 tablet-grid-100 mobile-grid-100 \"><a  class=\"ut-vc-images-lightbox\"  data-exthumbimage=\"https:\/\/cpp.com.ar\/formacion\/wp-content\/uploads\/sites\/3\/2025\/04\/portada-150x150.png\" href=\"https:\/\/cpp.com.ar\/formacion\/wp-content\/uploads\/sites\/3\/2025\/04\/portada-520x720.png\"><div class=\"ut-image-gallery-image\"><img  class=\"\" src=\"https:\/\/cpp.com.ar\/formacion\/wp-content\/uploads\/sites\/3\/2025\/04\/portada.png\" width=\"676\" height=\"936\"><\/div><\/a><\/div><div class=\"clear\"><\/div><\/div><\/div>[\/vc_column][vc_column width=\u00bb3\/4&#8243;]<style type=\"text\/css\" scoped>#ut_custom_heading69df58b7b969b { font-size:30px; }#ut_custom_heading69df58b7b969b { font-weight:bolder; }#ut_custom_heading69df58b7b969b { text-align:left; }<\/style><h2 id=\"ut_custom_heading69df58b7b969b\" class=\"ut-custom-heading-module  \" ><span>Standards Hirsch. Una ventana a la terapia estrat\u00e9gica<\/span><\/h2><style type=\"text\/css\" scoped>#ut_custom_heading69df58b7b96bd { font-size:25px; }#ut_custom_heading69df58b7b96bd { font-weight:normal; }#ut_custom_heading69df58b7b96bd { text-align:left; }<\/style><div id=\"ut_custom_heading69df58b7b96bd\" class=\"ut-custom-heading-module  \" ><span>Autores: Hugo Hirsch, Laura Macias, Mercedes Castronovo<\/span><\/div>[vc_empty_space]<style type=\"text\/css\" scoped>#ut_custom_heading69df58b7b96d5 { text-align:left; }<\/style><p id=\"ut_custom_heading69df58b7b96d5\" class=\"ut-custom-heading-module  \" ><span>En este libro el terapeuta experimentado se encontrar\u00e1 con su conocimiento y con su imaginaci\u00f3n. Con su conocimiento, por que ver\u00e1 patrones; con su imaginaci\u00f3n, por que explorar\u00e1 otras posibilidades. El que no es experto quiz\u00e1s disfrute las historias. La vida, cualquier vida, como una escena concreta, con cierto desarrollo literario, en la que las personas \u2013 los consultantes \u2013 intentan desatar nudos y abrir caminos. Lejos del manual, los casos aqu\u00ed reunidos ilustran principios, conceptos e ideas; trazan un puente entre la teor\u00eda y la pr\u00e1ctica. Standards Hirsch resume el trabajo de un especialista, y el resultado de dos a\u00f1os y medio de edici\u00f3n para que estas p\u00e1ginas inviten al di\u00e1logo y a la fantas\u00eda creativa.<\/span><\/p><style type=\"text\/css\" scoped>#bklyn_btn_69df58b7b96fe .bklyn-btn { border-radius:3px; }<\/style><div id=\"bklyn_btn_69df58b7b96fe\" class=\"bklyn-btn-holder  bklyn-btn-left\"><a title=\"\"   href=\"https:\/\/tresolasediciones.com\/tienda\/libros\/impresos\/standards-hirsch-una-ventana-a-la-terapia-estrategica\/\" target=\"_self\" class=\"bklyn-btn  bklyn-btn-normal\" >Comprar aqu\u00ed<\/a><\/div>[\/vc_column][\/vc_row][\/vc_section]<\/p>\n<\/section>","protected":false},"excerpt":{"rendered":"<p>[vc_section css=\u00bb.vc_custom_1744598419664{margin-top: 50px !important;margin-right: 50px !important;margin-bottom: 50px !important;margin-left: 50px !important;}\u00bb][vc_row][vc_column width=\u00bb1\/4&#8243;][\/vc_column][vc_column width=\u00bb3\/4&#8243;][vc_empty_space][\/vc_column][\/vc_row][\/vc_section]<\/p>\n","protected":false},"author":1,"featured_media":0,"parent":250,"menu_order":0,"comment_status":"closed","ping_status":"closed","template":"","meta":{"footnotes":""},"acf":[],"_links":{"self":[{"href":"https:\/\/cpp.com.ar\/formacion\/wp-json\/wp\/v2\/pages\/9239"}],"collection":[{"href":"https:\/\/cpp.com.ar\/formacion\/wp-json\/wp\/v2\/pages"}],"about":[{"href":"https:\/\/cpp.com.ar\/formacion\/wp-json\/wp\/v2\/types\/page"}],"author":[{"embeddable":true,"href":"https:\/\/cpp.com.ar\/formacion\/wp-json\/wp\/v2\/users\/1"}],"replies":[{"embeddable":true,"href":"https:\/\/cpp.com.ar\/formacion\/wp-json\/wp\/v2\/comments?post=9239"}],"version-history":[{"count":5,"href":"https:\/\/cpp.com.ar\/formacion\/wp-json\/wp\/v2\/pages\/9239\/revisions"}],"predecessor-version":[{"id":9245,"href":"https:\/\/cpp.com.ar\/formacion\/wp-json\/wp\/v2\/pages\/9239\/revisions\/9245"}],"up":[{"embeddable":true,"href":"https:\/\/cpp.com.ar\/formacion\/wp-json\/wp\/v2\/pages\/250"}],"wp:attachment":[{"href":"https:\/\/cpp.com.ar\/formacion\/wp-json\/wp\/v2\/media?parent=9239"}],"curies":[{"name":"wp","href":"https:\/\/api.w.org\/{rel}","templated":true}]}}