{"id":8945,"date":"2025-01-22T15:24:05","date_gmt":"2025-01-22T18:24:05","guid":{"rendered":"https:\/\/cpp.com.ar\/formacion\/?page_id=8945"},"modified":"2026-03-15T18:43:17","modified_gmt":"2026-03-15T21:43:17","slug":"cursos-en-vivo","status":"publish","type":"page","link":"https:\/\/cpp.com.ar\/formacion\/cursos-en-vivo\/","title":{"rendered":"Cursos en vivo"},"content":{"rendered":"<section class=\"wpb-content-wrapper\"><p>[vc_section css=\u00bb.vc_custom_1737565938818{margin-top: 100px !important;margin-right: 100px !important;margin-bottom: 100px !important;margin-left: 100px !important;background-color: #2fc0d7 !important;}\u00bb][vc_row][vc_column width=\u00bb1\/2&#8243;][vc_empty_space]<style type=\"text\/css\" scoped>#ut_custom_heading69e186c026c93 { color:#ffffff; }#ut_custom_heading69e186c026c93 { font-size:50px; }#ut_custom_heading69e186c026c93 { font-weight:bold; }#ut_custom_heading69e186c026c93 { text-align:left; }#ut_custom_heading69e186c026c93 { text-transform:uppercase; }#ut_custom_heading69e186c026c93 span { border-bottom-style:solid;border-bottom-color:#ffffff;border-bottom-width:3px;padding-bottom:20px;display:inline-block; }<\/style><h1 id=\"ut_custom_heading69e186c026c93\" class=\"ut-custom-heading-module  \" ><span>Cursos en vivo<\/span><\/h1>[vc_empty_space]<div class=\"wpb_content_element \"><style type=\"text\/css\" scoped>#ut_header_69e186c026f01 h2 span { color:#ffffff; }#ut_header_69e186c026f01 h2.section-title{ font-family:Open Sans;font-weight:400;font-style:normal; }#ut_header_69e186c026f01 .lead { color:#ffffff; }#ut_header_69e186c026f01 .lead p { color:#ffffff; }<\/style><header id=\"ut_header_69e186c026f01\" class=\"section-header pt-style-7 header-left\"><h2  class=\"section-title \"><span>Conoc\u00e9 el calendario de nuestros cursos online en vivo a trav\u00e9s de Zoom<\/span><\/h2><\/header><\/div>[\/vc_column][vc_column width=\u00bb1\/2&#8243;]<div class=\"wpb_content_element   clearfix\">            \r\n            <script type=\"text\/javascript\">\r\n                \r\n                (function($){\r\n                    \r\n                    $(document).ready(function(){\r\n                        \r\n                                                                        \r\n                        function get_animated_objects( $all_appeared_elements, effect ) {\r\n                            \r\n                            var counter = 0;\r\n                            \r\n                            $all_appeared_elements.each(function(){\r\n                                        \r\n                                if( $(this).hasClass(effect) ) {\r\n\r\n                                    counter++;\r\n\r\n                                }\r\n\r\n                            });\r\n                            \r\n                            return counter;\r\n                            \r\n                        }\r\n                        \r\n                          \r\n                    });\r\n                        \r\n                })(jQuery);\r\n            \r\n            <\/script>\r\n            \r\n            <style type=\"text\/css\" scoped>#ut_ig_69e186c026f34 .ut-lazy:not(.ut-image-loaded) + .ut-video-module-loading { display:block; }#ut_ig_69e186c026f34 .ut-lazy.ut-image-loaded + .ut-video-module-loading { display:none; }<\/style><div id=\"ut_ig_69e186c026f34\" class=\"ut-image-gallery  clearfix\"><div  data-count=\"1\" class=\"ut-image-gallery-item ut-animation-done grid-100 tablet-grid-100 mobile-grid-100 \"><a  class=\"ut-vc-images-lightbox\"  data-exthumbimage=\"https:\/\/cpp.com.ar\/formacion\/wp-content\/uploads\/sites\/3\/2025\/01\/cursos-especialziadso-150x150.png\" href=\"https:\/\/cpp.com.ar\/formacion\/wp-content\/uploads\/sites\/3\/2025\/01\/cursos-especialziadso.png\"><div class=\"ut-image-gallery-image\"><img  class=\"\" src=\"https:\/\/cpp.com.ar\/formacion\/wp-content\/uploads\/sites\/3\/2025\/01\/cursos-especialziadso.png\" width=\"300\" height=\"350\"><\/div><\/a><\/div><div class=\"clear\"><\/div><\/div><\/div>[\/vc_column][\/vc_row][vc_row full_width=\u00bbstretch_row_content_no_spaces\u00bb css=\u00bb.vc_custom_1687458840610{border-top-width: 0px !important;border-right-width: 0px !important;border-bottom-width: 0px !important;border-left-width: 0px !important;background-color: #ffffff !important;}\u00bb][vc_column width=\u00bb1\/6&#8243;][\/vc_column][vc_column width=\u00bb2\/3&#8243;]<style type=\"text\/css\" scoped>#ut_custom_heading69e186c0273d0 { font-size:20px; }#ut_custom_heading69e186c0273d0 { font-weight:normal; }#ut_custom_heading69e186c0273d0 { text-align:center; }#ut_custom_heading69e186c0273d0 span { display:inline-block; }<\/style><p id=\"ut_custom_heading69e186c0273d0\" class=\"ut-custom-heading-module   vc_custom_1738705279841\" ><span>Todos nuestros cursos se dictan en formato online en vivo, con casos reales y cl\u00ednica actual, ofreci\u00e9ndote la oportunidad de interactuar con expertos en tiempo real y participar en un aprendizaje din\u00e1mico y personalizado.<\/span><\/p>[vc_empty_space]<style type=\"text\/css\" scoped>#ut_custom_heading69e186c0273e6 { font-size:20px; }#ut_custom_heading69e186c0273e6 { font-weight:bold; }#ut_custom_heading69e186c0273e6 { text-align:center; }<\/style><p id=\"ut_custom_heading69e186c0273e6\" class=\"ut-custom-heading-module  \" ><span>Explor\u00e1 nuestras opciones y eleg\u00ed el camino que mejor se adapte a tus intereses y metas profesionales. \u00a1Estamos ac\u00e1 para acompa\u00f1arte en tu desarrollo como terapeuta!<\/span><\/p>[\/vc_column][vc_column width=\u00bb1\/6&#8243;][\/vc_column][\/vc_row][vc_row css=\u00bb.vc_custom_1737569821462{background-color: #ffffff !important;}\u00bb][vc_column]<style type=\"text\/css\" scoped>#ut_custom_heading69e186c0273fa { font-size:30px; }#ut_custom_heading69e186c0273fa { font-weight:700; }#ut_custom_heading69e186c0273fa { text-align:left; }#ut_custom_heading69e186c0273fa { text-transform:uppercase; }#ut_custom_heading69e186c0273fa span { border-bottom-style:solid;border-bottom-color:#545454;border-bottom-width:1px;padding-bottom:20px;display:inline-block; }<\/style><h2 id=\"ut_custom_heading69e186c0273fa\" class=\"ut-custom-heading-module  \" ><span>Cursos de posgrado<\/span><\/h2><style type=\"text\/css\" scoped>#ut_custom_heading69e186c02740b { font-size:20px; }#ut_custom_heading69e186c02740b { text-align:left; }<\/style><p id=\"ut_custom_heading69e186c02740b\" class=\"ut-custom-heading-module  \" ><span>Cursos independientes que te permitir\u00e1n explorar y dominar la Terapia Breve Estrat\u00e9gica, con un enfoque pr\u00e1ctico en habilidades terap\u00e9uticas avanzadas, abordaje familiar, consultas con ni\u00f1os y adolescentes, y temas de alta complejidad como el suicidio y conductas de riesgo.<\/span><\/p>[vc_empty_space]<style type=\"text\/css\" scoped>#ut_custom_heading69e186c027419 { font-size:25px; }#ut_custom_heading69e186c027419 { font-weight:bold; }#ut_custom_heading69e186c027419 { text-align:center; }<\/style><h2 id=\"ut_custom_heading69e186c027419\" class=\"ut-custom-heading-module  \" ><span>Inscripciones abiertas: <\/span><\/h2>[vc_row_inner][vc_column_inner width=\u00bb1\/2&#8243;][vc_column_text]<\/p>\n<h2 id=\"ut_custom_heading6961a5ad38e65\" class=\"ut-custom-heading-module \" style=\"text-align: center;\"><img decoding=\"async\" loading=\"lazy\" class=\"aligncenter size-full wp-image-9127\" src=\"https:\/\/cpp.com.ar\/formacion\/wp-content\/uploads\/sites\/3\/2025\/02\/2.jpg\" alt=\"\" width=\"1280\" height=\"360\" srcset=\"https:\/\/cpp.com.ar\/formacion\/wp-content\/uploads\/sites\/3\/2025\/02\/2.jpg 1280w, https:\/\/cpp.com.ar\/formacion\/wp-content\/uploads\/sites\/3\/2025\/02\/2-768x216.jpg 768w\" sizes=\"(max-width: 1280px) 100vw, 1280px\" \/><\/h2>\n<h2 class=\"ut-custom-heading-module \" style=\"text-align: center;\">Paciente con problemas. \u00bfY la familia?<\/h2>\n<p style=\"text-align: center;\"><span style=\"color: #800000;\"><strong>Este curso suma cr\u00e9ditos para la Formaci\u00f3n Cl\u00ednica.<\/strong><\/span><\/p>\n<p style=\"text-align: center;\">Aprend\u00e9 Terapia Familiar. Este curso propone una formaci\u00f3n cl\u00ednica orientada al abordaje de problem\u00e1ticas psicol\u00f3gicas en contextos familiares, de pareja y redes de apoyo, desde el modelo sist\u00e9mico estrat\u00e9gico.<\/p>\n<p style=\"text-align: center;\">El foco est\u00e1 puesto en ampliar la mirada del problema individual, comprendiendo c\u00f3mo se construye y se sostiene dentro de un sistema relacional, para dise\u00f1ar intervenciones cl\u00ednicas eficaces y ajustadas a cada configuraci\u00f3n familiar.<\/p>\n<h4 style=\"text-align: center;\">Inicio:<\/h4>\n<h4 style=\"text-align: center;\">Viernes, 10 de abril de 14 a 16 hs.<\/h4>\n<p>[\/vc_column_text]<style type=\"text\/css\" scoped><\/style><div id=\"bklyn_btn_69e186c027437\" class=\"bklyn-btn-holder  bklyn-btn-center\"><a title=\"\"   href=\"https:\/\/cpp.com.ar\/formacion\/formacion-clinica-terapia-breve-estrategica\/terapia-familiar\/\" target=\"_self\" class=\"bklyn-btn  bklyn-btn-normal\" >M\u00c1S INFORMACI\u00d3N<\/a><\/div>[\/vc_column_inner][vc_column_inner width=\u00bb1\/2&#8243;][vc_column_text]<\/p>\n<h2 class=\"ut-custom-heading-module \" style=\"text-align: center;\"><img decoding=\"async\" loading=\"lazy\" class=\"aligncenter size-full wp-image-9935\" src=\"https:\/\/cpp.com.ar\/formacion\/wp-content\/uploads\/sites\/3\/2026\/02\/titulo-secundario.jpg\" alt=\"\" width=\"1280\" height=\"360\" srcset=\"https:\/\/cpp.com.ar\/formacion\/wp-content\/uploads\/sites\/3\/2026\/02\/titulo-secundario.jpg 1280w, https:\/\/cpp.com.ar\/formacion\/wp-content\/uploads\/sites\/3\/2026\/02\/titulo-secundario-768x216.jpg 768w\" sizes=\"(max-width: 1280px) 100vw, 1280px\" \/><\/h2>\n<h2 class=\"ut-custom-heading-module \" style=\"text-align: center;\"><strong>Terapia centrada en soluciones aplicada a Parejas<\/strong><\/h2>\n<p style=\"text-align: center;\">La Terapia Centrada en Soluciones (TCS) es un modelo terap\u00e9utico reconocido por su simplicidad, potencia cl\u00ednica y orientaci\u00f3n al cambio. A diferencia de otros enfoques, no se apoya en protocolos r\u00edgidos ni en categor\u00edas diagn\u00f3sticas tradicionales, sino en el uso estrat\u00e9gico del lenguaje y la conversaci\u00f3n terap\u00e9utica para abrir nuevas posibilidades.<\/p>\n<h4 style=\"text-align: center;\">Inicio:<\/h4>\n<h4 style=\"text-align: center;\">Mi\u00e9rcoles 15 de abril de 10 a 12 hs.<\/h4>\n<p>[\/vc_column_text][vc_empty_space]<style type=\"text\/css\" scoped><\/style><div id=\"bklyn_btn_69e186c027462\" class=\"bklyn-btn-holder  bklyn-btn-center\"><a title=\"\"   href=\"https:\/\/cpp.com.ar\/formacion\/cursos-en-vivo\/terapia-centrada-soluciones-parejas\/\" target=\"_self\" class=\"bklyn-btn  bklyn-btn-normal\" >M\u00c1S INFORMACI\u00d3N<\/a><\/div>[\/vc_column_inner][\/vc_row_inner][vc_row_inner][vc_column_inner width=\u00bb1\/2&#8243;][vc_column_text]<\/p>\n<h2 class=\"ut-custom-heading-module \" style=\"text-align: center;\"><img decoding=\"async\" loading=\"lazy\" class=\"aligncenter size-full wp-image-9346\" src=\"https:\/\/cpp.com.ar\/formacion\/wp-content\/uploads\/sites\/3\/2025\/06\/portada-mail-cemt.png\" alt=\"\" width=\"1280\" height=\"360\" srcset=\"https:\/\/cpp.com.ar\/formacion\/wp-content\/uploads\/sites\/3\/2025\/06\/portada-mail-cemt.png 1280w, https:\/\/cpp.com.ar\/formacion\/wp-content\/uploads\/sites\/3\/2025\/06\/portada-mail-cemt-768x216.png 768w\" sizes=\"(max-width: 1280px) 100vw, 1280px\" \/><\/h2>\n<h2 class=\"ut-custom-heading-module \" style=\"text-align: center;\">C\u00f3mo equivocarse menos en terapia<\/h2>\n<p style=\"text-align: center;\"><span style=\"color: #993300;\"><strong>Este curso suma cr\u00e9ditos para la Formaci\u00f3n Cl\u00ednica.<\/strong><\/span><\/p>\n<p style=\"text-align: center;\">Este curso ofrece herramientas concretas para comprender mejor lo que sucede en sesi\u00f3n, registrar de forma \u00fatil el proceso terap\u00e9utico y afinar tus intervenciones. Con un enfoque claro, ejemplos cl\u00ednicos y trabajo grupal, vas a poder integrar teor\u00eda y pr\u00e1ctica para intervenir con mayor seguridad y efectividad.<\/p>\n<p style=\"text-align: center;\">Est\u00e1 pensado para terapeutas que quieren afinar su pr\u00e1ctica cl\u00ednica y tomar decisiones m\u00e1s acertadas en cada sesi\u00f3n, utilizando modelos de registro, enfocando las intervenciones y respaldando cada elecci\u00f3n con teor\u00eda y casos reales.<\/p>\n<h4 style=\"text-align: center;\">Inicio:<\/h4>\n<h4 style=\"text-align: center;\"><strong>Mi\u00e9rcoles, 3 de junio de 9 a 11 hs.<\/strong><\/h4>\n<p>[\/vc_column_text]<style type=\"text\/css\" scoped><\/style><div id=\"bklyn_btn_69e186c02747f\" class=\"bklyn-btn-holder  bklyn-btn-center\"><a title=\"\"   href=\"https:\/\/cpp.com.ar\/formacion\/formacion-clinica-terapia-breve-estrategica\/como-equivocarse-menos-en-terapia\/\" target=\"_self\" class=\"bklyn-btn  bklyn-btn-normal\" >M\u00c1S INFORMACI\u00d3N<\/a><\/div>[\/vc_column_inner][vc_column_inner width=\u00bb1\/2&#8243;][vc_column_text]<\/p>\n<h2 class=\"ut-custom-heading-module \" style=\"text-align: center;\"><img decoding=\"async\" loading=\"lazy\" class=\"aligncenter size-full wp-image-9382\" src=\"https:\/\/cpp.com.ar\/formacion\/wp-content\/uploads\/sites\/3\/2025\/07\/art-pweb-.png\" alt=\"IA y psicoterapia\" width=\"1280\" height=\"360\" srcset=\"https:\/\/cpp.com.ar\/formacion\/wp-content\/uploads\/sites\/3\/2025\/07\/art-pweb-.png 1280w, https:\/\/cpp.com.ar\/formacion\/wp-content\/uploads\/sites\/3\/2025\/07\/art-pweb--768x216.png 768w\" sizes=\"(max-width: 1280px) 100vw, 1280px\" \/><\/h2>\n<h2 id=\"ut_custom_heading6966693a21bb8\" class=\"ut-custom-heading-module \" style=\"text-align: center;\">Taller de Inteligencia Artificial para una Cl\u00ednica Enriquecida<\/h2>\n<p style=\"text-align: center;\"><span style=\"color: #993300;\"><strong>Este curso suma cr\u00e9ditos para la Formaci\u00f3n Cl\u00ednica.<\/strong><\/span><\/p>\n<div class=\"wpb_text_column wpb_content_element \">\n<div class=\"wpb_wrapper\">\n<p style=\"text-align: center;\">Taller te\u00f3rico\u2013pr\u00e1ctico que ofrece una base clara sobre qu\u00e9 son las inteligencias artificiales, c\u00f3mo funcionan, c\u00f3mo crear y mejorar prompts y cu\u00e1les son hoy las herramientas m\u00e1s utilizadas en el \u00e1mbito de la salud. A partir de esa base, se desarrollan distintos talleres pr\u00e1cticos donde se trabaja el uso de la IA como apoyo cl\u00ednico, formativo y de supervisi\u00f3n, aprendiendo a entrenarlas y utilizarlas de manera \u00e9tica y estrat\u00e9gica.<\/p>\n<h4 style=\"text-align: center;\">Inicio:<\/h4>\n<h4 style=\"text-align: center;\"><strong>Martes, 2 de junio de 9 a 11 hs.<\/strong><\/h4>\n<\/div>\n<\/div>\n<p>[\/vc_column_text]<style type=\"text\/css\" scoped><\/style><div id=\"bklyn_btn_69e186c02749a\" class=\"bklyn-btn-holder  bklyn-btn-center\"><a title=\"\"   href=\"https:\/\/cpp.com.ar\/formacion\/formacion-clinica-terapia-breve-estrategica\/herramientas-para-una-clinica-enriquecida\/\" target=\"_self\" class=\"bklyn-btn  bklyn-btn-normal\" >M\u00c1S INFORMACI\u00d3N<\/a><\/div>[vc_empty_space][\/vc_column_inner][\/vc_row_inner][\/vc_column][\/vc_row][vc_row css=\u00bb.vc_custom_1773610624136{background-color: #e0e0e0 !important;}\u00bb][vc_column width=\u00bb1\/4&#8243;][\/vc_column][vc_column width=\u00bb1\/2&#8243;]<style type=\"text\/css\" scoped>#ut_custom_heading69e186c0274b3 { font-size:25px; }#ut_custom_heading69e186c0274b3 { font-weight:bold; }#ut_custom_heading69e186c0274b3 { text-align:center; }<\/style><h2 id=\"ut_custom_heading69e186c0274b3\" class=\"ut-custom-heading-module  \" ><span>Inscripciones cerradas: <\/span><\/h2>[vc_empty_space][vc_column_text]<\/p>\n<h2 class=\"ut-custom-heading-module \" style=\"text-align: center;\"><img decoding=\"async\" loading=\"lazy\" class=\"aligncenter size-full wp-image-9126\" src=\"https:\/\/cpp.com.ar\/formacion\/wp-content\/uploads\/sites\/3\/2025\/02\/1.jpg\" alt=\"\" width=\"1280\" height=\"360\" srcset=\"https:\/\/cpp.com.ar\/formacion\/wp-content\/uploads\/sites\/3\/2025\/02\/1.jpg 1280w, https:\/\/cpp.com.ar\/formacion\/wp-content\/uploads\/sites\/3\/2025\/02\/1-768x216.jpg 768w\" sizes=\"(max-width: 1280px) 100vw, 1280px\" \/><\/h2>\n<h2 id=\"ut_custom_heading698dcf505f176\" class=\"ut-custom-heading-module \" style=\"text-align: center;\">Las personas tienen problemas. \u00bfPodemos ayudarlos?<\/h2>\n<p style=\"text-align: center;\"><span style=\"color: #993300;\"><strong>Este curso suma cr\u00e9ditos para la Formaci\u00f3n Cl\u00ednica.<\/strong><\/span><\/p>\n<p style=\"text-align: center;\">Este curso propone una introducci\u00f3n s\u00f3lida al modelo de la Terapia Breve Estrat\u00e9gica, centrada en la resoluci\u00f3n de problemas aplicada a la pr\u00e1ctica psicoterap\u00e9utica.<\/p>\n<p style=\"text-align: center;\">A lo largo de la cursada se trabajan los conceptos fundamentales que permiten comprender c\u00f3mo se construyen los problemas cl\u00ednicos, c\u00f3mo se formulan estrat\u00e9gicamente junto al paciente y c\u00f3mo se dise\u00f1an intervenciones orientadas al cambio.<\/p>\n<p style=\"text-align: center;\"><strong>Pr\u00f3ximo inicio 2027<\/strong><\/p>\n<p>[\/vc_column_text]<style type=\"text\/css\" scoped><\/style><div id=\"bklyn_btn_69e186c0274c2\" class=\"bklyn-btn-holder  bklyn-btn-center\"><a title=\"\"   href=\"https:\/\/cpp.com.ar\/formacion\/formacion-clinica-terapia-breve-estrategica\/fundamentos-terapia-breve-estrategica\/\" target=\"_self\" class=\"bklyn-btn  bklyn-btn-normal\" >M\u00c1S INFORMACI\u00d3N<\/a><\/div>[\/vc_column][vc_column width=\u00bb1\/4&#8243;][\/vc_column][\/vc_row][\/vc_section]<\/p>\n<\/section>","protected":false},"excerpt":{"rendered":"<p>[vc_section css=\u00bb.vc_custom_1737565938818{margin-top: 100px !important;margin-right: 100px !important;margin-bottom: 100px !important;margin-left: 100px !important;background-color: #2fc0d7 !important;}\u00bb][vc_row][vc_column width=\u00bb1\/2&#8243;][vc_empty_space][vc_empty_space][\/vc_column][vc_column width=\u00bb1\/2&#8243;][\/vc_column][\/vc_row][vc_row full_width=\u00bbstretch_row_content_no_spaces\u00bb css=\u00bb.vc_custom_1687458840610{border-top-width: 0px !important;border-right-width: 0px !important;border-bottom-width: 0px !important;border-left-width: 0px !important;background-color: #ffffff !important;}\u00bb][vc_column width=\u00bb1\/6&#8243;][\/vc_column][vc_column width=\u00bb2\/3&#8243;][vc_empty_space][\/vc_column][vc_column width=\u00bb1\/6&#8243;][\/vc_column][\/vc_row][vc_row css=\u00bb.vc_custom_1737569821462{background-color: #ffffff !important;}\u00bb][vc_column][vc_empty_space][vc_row_inner][vc_column_inner width=\u00bb1\/2&#8243;][vc_column_text] Paciente con problemas. \u00bfY la familia? Este curso suma cr\u00e9ditos para la Formaci\u00f3n Cl\u00ednica. Aprend\u00e9 Terapia Familiar. Este curso propone una formaci\u00f3n [&hellip;]<\/p>\n","protected":false},"author":1,"featured_media":7917,"parent":0,"menu_order":0,"comment_status":"closed","ping_status":"closed","template":"","meta":{"footnotes":""},"acf":[],"_links":{"self":[{"href":"https:\/\/cpp.com.ar\/formacion\/wp-json\/wp\/v2\/pages\/8945"}],"collection":[{"href":"https:\/\/cpp.com.ar\/formacion\/wp-json\/wp\/v2\/pages"}],"about":[{"href":"https:\/\/cpp.com.ar\/formacion\/wp-json\/wp\/v2\/types\/page"}],"author":[{"embeddable":true,"href":"https:\/\/cpp.com.ar\/formacion\/wp-json\/wp\/v2\/users\/1"}],"replies":[{"embeddable":true,"href":"https:\/\/cpp.com.ar\/formacion\/wp-json\/wp\/v2\/comments?post=8945"}],"version-history":[{"count":60,"href":"https:\/\/cpp.com.ar\/formacion\/wp-json\/wp\/v2\/pages\/8945\/revisions"}],"predecessor-version":[{"id":9957,"href":"https:\/\/cpp.com.ar\/formacion\/wp-json\/wp\/v2\/pages\/8945\/revisions\/9957"}],"wp:featuredmedia":[{"embeddable":true,"href":"https:\/\/cpp.com.ar\/formacion\/wp-json\/wp\/v2\/media\/7917"}],"wp:attachment":[{"href":"https:\/\/cpp.com.ar\/formacion\/wp-json\/wp\/v2\/media?parent=8945"}],"curies":[{"name":"wp","href":"https:\/\/api.w.org\/{rel}","templated":true}]}}