{"id":8532,"date":"2024-09-24T20:57:13","date_gmt":"2024-09-24T23:57:13","guid":{"rendered":"https:\/\/cpp.com.ar\/formacion\/?page_id=8532"},"modified":"2026-01-07T13:36:05","modified_gmt":"2026-01-07T16:36:05","slug":"masterclass-los-adolescentes-y-las-pantallas","status":"publish","type":"page","link":"https:\/\/cpp.com.ar\/formacion\/masterclass-los-adolescentes-y-las-pantallas\/","title":{"rendered":"Masterclass: Los adolescentes y las pantallas"},"content":{"rendered":"<section class=\"wpb-content-wrapper\"><p>[vc_section css=\u00bb.vc_custom_1531359830548{border-bottom-width: 1px !important;}\u00bb][vc_row][vc_column width=\u00bb1\/4&#8243;]<div  class=\"wpb_content_element   clearfix\"><div id=\"ut_am_wrap_69d6a88f68b80\" class=\"ut-image-gallery-image \" style=\"text-align:center;\"><div class=\"ut-animated-image-item ut-image-gallery-item ut-animation-done\"><a class=\"ut-deactivated-link\" href=\"#\"><img title=\"Adolescentes y las pantallas\" id=\"ut_am_69d6a88f68b7f\" style=\"\" src=\"https:\/\/cpp.com.ar\/formacion\/wp-content\/uploads\/sites\/3\/2024\/09\/pweb.jpg\" width=\"300\" height=\"350\" alt=\"Adolescentes y las pantallas\"\/><\/a><\/div><\/div><\/div>[\/vc_column][vc_column width=\u00bb3\/4&#8243;]<div class=\"wpb_content_element \"><style type=\"text\/css\" scoped>#ut_header_69d6a88f68cd8 h2 span { color:#000000; }#ut_header_69d6a88f68cd8 h2.section-title { font-size: 25px; }#ut_header_69d6a88f68cd8.pt-style-2 .page-title:after, #ut_header_69d6a88f68cd8.pt-style-2 .parallax-title:after, #ut_header_69d6a88f68cd8.pt-style-2 .section-title:after {background-color: #000000 !important;height: ;width: ;}<\/style><header id=\"ut_header_69d6a88f68cd8\" class=\"section-header pt-style-2 header-left\"><h2  class=\"section-title \"><span>Masterclass: Los adolescentes y las pantallas. \u00a1Entend\u00e9 el impacto y aprend\u00e9 a intervenir con eficacia!<\/span><\/h2><div data-delay=\"0\" class=\"lead \"><p>En esta clase, te guiaremos a trav\u00e9s de los aspectos m\u00e1s relevantes sobre el uso de las pantallas por parte de los adolescentes. Con un enfoque pr\u00e1ctico y te\u00f3rico, esta formaci\u00f3n te brindar\u00e1 las herramientas para identificar y abordar problemas relacionados con la tecnolog\u00eda, aportando soluciones que podr\u00e1s aplicar en tu pr\u00e1ctica profesional.<\/p>\n<\/div><\/header><\/div><style type=\"text\/css\" scoped>#bklyn_btn_69d6a88f68d3e .bklyn-btn { border-radius:4px; background-color:#ffb800; }#bklyn_btn_69d6a88f68d3e .bklyn-btn:hover{ color:#ffffff; background-color:#ff7506; }#bklyn_btn_69d6a88f68d3e .bklyn-btn:focus{ color:#ffffff; background-color:#ff7506; }#bklyn_btn_69d6a88f68d3e .bklyn-btn:active { color:#ffffff; background-color:#ff7506; }<\/style><div id=\"bklyn_btn_69d6a88f68d3e\" class=\"bklyn-btn-holder  bklyn-btn-left\"><a title=\"\"   href=\"#aranceles\" target=\"_self\" class=\"bklyn-btn bklyn-btn-full bklyn-btn-normal\" >INSCRIBITE A LA CLASE<\/a><\/div>[\/vc_column][\/vc_row][\/vc_section][vc_section][vc_row css=\u00bb.vc_custom_1631656872192{background-color: #efefef !important;}\u00bb][vc_column width=\u00bb1\/3&#8243;]<div class=\"wpb_content_element \"><div id=\"utbx_o_69d6a88f68d83\" class=\"ut-service-icon-box  clearfix  ut-service-icon-box-center\"><style type=\"text\/css\" scoped>#utbx_69d6a88f68d82 { background:#00cdb5; }#utbx_69d6a88f68d82:hover { background: #2FC0D7; } #utbx_69d6a88f68d82:after { box-shadow: 0 0 0 4px #2FC0D7; } <\/style><div class=\"ut-highlight-icon-wrap ut-highlight-icon-effect\"><a id=\"utbx_69d6a88f68d82\" data-id=\"utbx_69d6a88f68d82\" data-hovercolor=\"#2FC0D7\"  data-effect=\"fadeInRight\" data-animateonce=\"yes\" data-delay=\"0\" class=\"ut-highlight-icon ut-animate-element animated ut-no-animation-tablet ut-no-animation-mobile fa fa-calendar\" href=\"#\" target=\"_blank\"><\/a><\/div><\/div><\/div>[vc_column_text]<\/p>\n<h4 style=\"text-align: center;\"><strong>\u00a1Anotate ahora! La clase tiene una duraci\u00f3n de una hora y media (1:40:00), podr\u00e1s verla las veces que quieras.<\/strong><\/h4>\n<p>[\/vc_column_text][\/vc_column][vc_column width=\u00bb1\/3&#8243;]<div class=\"wpb_content_element \"><div id=\"utbx_o_69d6a88f68db0\" class=\"ut-service-icon-box  clearfix  ut-service-icon-box-center\"><style type=\"text\/css\" scoped>#utbx_69d6a88f68daf { background:#00cdb5; }#utbx_69d6a88f68daf:hover { background: #2FC0D7; } #utbx_69d6a88f68daf:after { box-shadow: 0 0 0 4px #2FC0D7; } <\/style><div class=\"ut-highlight-icon-wrap ut-highlight-icon-effect\"><a id=\"utbx_69d6a88f68daf\" data-id=\"utbx_69d6a88f68daf\" data-hovercolor=\"#2FC0D7\"  data-effect=\"fadeInRight\" data-animateonce=\"yes\" data-delay=\"0\" class=\"ut-highlight-icon ut-animate-element animated ut-no-animation-tablet ut-no-animation-mobile fa fa-users\" href=\"#\" target=\"_blank\"><\/a><\/div><\/div><\/div>[vc_column_text]<\/p>\n<h4 style=\"text-align: center;\">Dirigido a:<\/h4>\n<h4 style=\"text-align: center;\">Psic\u00f3logos, psiquiatras, estudiantes avanzados y otros profesionales de la salud mental.<\/h4>\n<p>[\/vc_column_text][\/vc_column][vc_column width=\u00bb1\/3&#8243;]<div class=\"wpb_content_element \"><div id=\"utbx_o_69d6a88f68dd6\" class=\"ut-service-icon-box  clearfix  ut-service-icon-box-center\"><style type=\"text\/css\" scoped>#utbx_69d6a88f68dd5 { background:#00cdb5; }#utbx_69d6a88f68dd5:hover { background: #2FC0D7; } #utbx_69d6a88f68dd5:after { box-shadow: 0 0 0 4px #2FC0D7; } <\/style><div class=\"ut-highlight-icon-wrap ut-highlight-icon-effect\"><a id=\"utbx_69d6a88f68dd5\" data-id=\"utbx_69d6a88f68dd5\" data-hovercolor=\"#2FC0D7\"  data-effect=\"fadeInRight\" data-animateonce=\"yes\" data-delay=\"0\" class=\"ut-highlight-icon ut-animate-element animated ut-no-animation-tablet ut-no-animation-mobile fa fa-paper-plane-o\" href=\"#\" target=\"_blank\"><\/a><\/div><\/div><\/div>[vc_column_text]<\/p>\n<h4 style=\"text-align: center;\">ACCESO POR 6 MESES<\/h4>\n<p>[\/vc_column_text][\/vc_column][\/vc_row][vc_row][vc_column width=\u00bb1\/6&#8243;][\/vc_column][vc_column width=\u00bb2\/3&#8243;][vc_empty_space][vc_column_text]<\/p>\n<h3 style=\"text-align: center;\"><strong>\u00bfPor qu\u00e9 inscribirse?<\/strong><\/h3>\n<p style=\"text-align: center;\">Este curso es imprescindible para terapeutas, psic\u00f3logos y profesionales de la salud mental que buscan comprender el impacto de las pantallas en la vida de los adolescentes y desarrollar estrategias efectivas de intervenci\u00f3n.<\/p>\n<p style=\"text-align: center;\"><strong>\u00a1Inscribite ahora y llev\u00e1 tu pr\u00e1ctica al siguiente nivel!<\/strong><\/p>\n<h3><\/h3>\n<p>&nbsp;<\/p>\n<h3 style=\"text-align: center;\"><strong>Temario<\/strong><\/h3>\n<h4><strong>Parte 1: Introducci\u00f3n y efectos del uso de pantallas<\/strong><\/h4>\n<ul>\n<li><strong>Definiciones generales<\/strong>: Comprend\u00e9 los conceptos clave sobre el uso de pantallas en la adolescencia.<\/li>\n<li><strong>Impacto de las pantallas en la vida de los adolescentes<\/strong>: Explor\u00e1 c\u00f3mo las pantallas han transformado el d\u00eda a d\u00eda de los j\u00f3venes.<\/li>\n<li><strong>Efectos f\u00edsicos del uso de pantallas<\/strong>: Identific\u00e1 las consecuencias en la salud f\u00edsica, desde problemas oculares hasta alteraciones del sue\u00f1o.<\/li>\n<li><strong>Efectos psicol\u00f3gicos del uso de pantallas<\/strong>: Descubr\u00ed c\u00f3mo la tecnolog\u00eda afecta el bienestar emocional y mental de los adolescentes.<\/li>\n<li><strong>Primeras recomendaciones<\/strong>: Conoc\u00e9 las estrategias iniciales para manejar el uso saludable de las pantallas.<\/li>\n<\/ul>\n<h4><strong>Parte 2: Riesgos y problem\u00e1ticas del uso de pantallas<\/strong><\/h4>\n<ul>\n<li><strong>Diferencias entre el uso excesivo, problem\u00e1tico y la adicci\u00f3n<\/strong>: Aprend\u00e9 a distinguir entre estos niveles de uso y a reconocer cu\u00e1ndo intervenir.<\/li>\n<li><strong>Riesgos del uso de pantallas<\/strong>:\n<ul>\n<li>FOMO (Fear of Missing Out)<\/li>\n<li>Privacidad y exposici\u00f3n online<\/li>\n<li>Cyberbullying<\/li>\n<li>Sexting<\/li>\n<li>Challenges virales<\/li>\n<li>Grooming y pedofilia<\/li>\n<li>Pornograf\u00eda<\/li>\n<li>Apuestas online<\/li>\n<li>Juegos online<\/li>\n<\/ul>\n<\/li>\n<\/ul>\n<h4><strong>Parte 3: Intervenci\u00f3n terap\u00e9utica<\/strong><\/h4>\n<ul>\n<li><strong>\u00bfQu\u00e9 hacer si nos llega un adolescente con problemas de adicci\u00f3n a las pantallas?<\/strong>: Conoc\u00e9 las pautas de intervenci\u00f3n para este tipo de casos y c\u00f3mo guiar tanto a adolescentes como a sus familias hacia un uso equilibrado de la tecnolog\u00eda.<\/li>\n<\/ul>\n<p>[\/vc_column_text]<style type=\"text\/css\" scoped>#bklyn_btn_69d6a88f68e09 .bklyn-btn { border-radius:4px; background-color:#ffb800; }#bklyn_btn_69d6a88f68e09 .bklyn-btn:hover{ color:#ffffff; background-color:#ff7200; }#bklyn_btn_69d6a88f68e09 .bklyn-btn:focus{ color:#ffffff; background-color:#ff7200; }#bklyn_btn_69d6a88f68e09 .bklyn-btn:active { color:#ffffff; background-color:#ff7200; }<\/style><div id=\"bklyn_btn_69d6a88f68e09\" class=\"bklyn-btn-holder  bklyn-btn-center\"><a title=\"\"   href=\"#aranceles\" target=\"_self\" class=\"bklyn-btn  bklyn-btn-normal\" >INSCRIBITE A LA CLASE<\/a><\/div>[\/vc_column][vc_column width=\u00bb1\/6&#8243;][\/vc_column][\/vc_row][\/vc_section][vc_section][vc_row][vc_column]<div class=\"wpb_content_element \"><style type=\"text\/css\" scoped>#ut_header_69d6a88f68e37.pt-style-2 .page-title:after, #ut_header_69d6a88f68e37.pt-style-2 .parallax-title:after, #ut_header_69d6a88f68e37.pt-style-2 .section-title:after {background-color:!important;height: ;width: ;}<\/style><header id=\"ut_header_69d6a88f68e37\" class=\"section-header pt-style-2 header-center\"><h2  class=\"section-title \"><span><strong>Docente:<\/strong><\/span><\/h2><\/header><\/div>[\/vc_column][\/vc_row][vc_row][vc_column width=\u00bb1\/3&#8243;][\/vc_column][vc_column width=\u00bb1\/3&#8243;]<div class=\"wpb_content_element   clearfix\">            \r\n            <script type=\"text\/javascript\">\r\n                \r\n                (function($){\r\n                    \r\n                    $(document).ready(function(){\r\n                        \r\n                                                                        \r\n                        function get_animated_objects( $all_appeared_elements, effect ) {\r\n                            \r\n                            var counter = 0;\r\n                            \r\n                            $all_appeared_elements.each(function(){\r\n                                        \r\n                                if( $(this).hasClass(effect) ) {\r\n\r\n                                    counter++;\r\n\r\n                                }\r\n\r\n                            });\r\n                            \r\n                            return counter;\r\n                            \r\n                        }\r\n                        \r\n                          \r\n                    });\r\n                        \r\n                })(jQuery);\r\n            \r\n            <\/script>\r\n            \r\n            <style type=\"text\/css\" scoped>#ut_ig_69d6a88f68e64 .ut-lazy:not(.ut-image-loaded) + .ut-video-module-loading { display:block; }#ut_ig_69d6a88f68e64 .ut-lazy.ut-image-loaded + .ut-video-module-loading { display:none; }<\/style><div id=\"ut_ig_69d6a88f68e64\" class=\"ut-image-gallery  clearfix\"><div  data-count=\"1\" class=\"ut-image-gallery-item ut-animation-done grid-100 tablet-grid-100 mobile-grid-100 \"><a  class=\"ut-vc-images-lightbox\"  data-exthumbimage=\"https:\/\/cpp.com.ar\/formacion\/wp-content\/uploads\/sites\/3\/2024\/09\/portadas-cursos-virtuales-150x150.png\" href=\"https:\/\/cpp.com.ar\/formacion\/wp-content\/uploads\/sites\/3\/2024\/09\/portadas-cursos-virtuales.png\"><div class=\"ut-image-gallery-image\"><img  class=\"\" src=\"https:\/\/cpp.com.ar\/formacion\/wp-content\/uploads\/sites\/3\/2024\/09\/portadas-cursos-virtuales.png\" width=\"200\" height=\"200\"><\/div><\/a><\/div><div class=\"clear\"><\/div><\/div><\/div>[vc_column_text]<\/p>\n<p style=\"text-align: center;\"><strong>Lic. Laura Jurkowski<\/strong><\/p>\n<p style=\"text-align: center;\">Lic. en Psicolog\u00eda (UBA). Es una de las primeras especialistas en Argentina en el tratamiento de pacientes adictos a internet. Fundadora y directora de Reconectarse, una instituci\u00f3n pionera en la orientaci\u00f3n, diagn\u00f3stico y tratamiento de las problem\u00e1ticas asociadas al uso de las nuevas tecnolog\u00edas. Especialista en Terapia Focalizada en Resoluci\u00f3n de Problemas y en Terapia Familiar.<\/p>\n<p>[\/vc_column_text][\/vc_column][vc_column width=\u00bb1\/3&#8243;][\/vc_column][\/vc_row][\/vc_section][vc_section bklyn_section_anchor_id=\u00bbinscripciones\u00bb css=\u00bb.vc_custom_1695152508970{background-color: #efefef !important;}\u00bb][vc_row el_id=\u00bbaranceles\u00bb][vc_column]<div class=\"wpb_content_element \"><style type=\"text\/css\" scoped>#ut_header_69d6a88f69860.pt-style-2 .page-title:after, #ut_header_69d6a88f69860.pt-style-2 .parallax-title:after, #ut_header_69d6a88f69860.pt-style-2 .section-title:after {background-color:!important;height: ;width: ;}<\/style><header id=\"ut_header_69d6a88f69860\" class=\"section-header pt-style-2 header-center\"><h2  class=\"section-title \"><span><strong>Aranceles:<\/strong><\/span><\/h2><\/header><\/div>[\/vc_column][\/vc_row][vc_row][vc_column width=\u00bb1\/2&#8243;][vc_column_text]<\/p>\n<h3 style=\"text-align: center;\"><strong>Mercado Pago:<\/strong><\/h3>\n<p style=\"text-align: center;\">Si resid\u00eds en Argentina el costo de la masterclass es de<\/p>\n<h3 style=\"text-align: center;\"><strong>$18.000 ARG<\/strong><\/h3>\n<p>[\/vc_column_text][\/vc_column][vc_column width=\u00bb1\/2&#8243;][vc_column_text]<\/p>\n<h3 style=\"text-align: center;\">PayPal:<\/h3>\n<p style=\"text-align: center;\">Si resid\u00eds fuera de Argentina, el curso tiene un costo de<\/p>\n<h3 style=\"text-align: center;\"><strong>20 USD<\/strong><\/h3>\n<p>[\/vc_column_text][\/vc_column][\/vc_row][vc_row][vc_column]<style type=\"text\/css\" scoped>#bklyn_btn_69d6a88f698e8 .bklyn-btn { border-radius:4px; background-color:#ffb800; }#bklyn_btn_69d6a88f698e8 .bklyn-btn:hover{ color:#ffffff; background-color:#ff7200; }#bklyn_btn_69d6a88f698e8 .bklyn-btn:focus{ color:#ffffff; background-color:#ff7200; }#bklyn_btn_69d6a88f698e8 .bklyn-btn:active { color:#ffffff; background-color:#ff7200; }<\/style><div id=\"bklyn_btn_69d6a88f698e8\" class=\"bklyn-btn-holder  bklyn-btn-center\"><a title=\"\"   href=\"https:\/\/ef3331e6.sibforms.com\/serve\/MUIFAAdLUkGgV-aD4iKaC6La1_VZzn6gRuNEW9zsKDIhCzIplSG94cZMp-OyVdyyR4kmn39Bym1PpMWAcTgT7NNipicHiEWubpswzemmFYld-9ETA5pJUbOeyAXLyIKGG3XiiBhFMe2swTI7XDCv_ymO99wQemXYeSYnVUksk_mxfp-21k2mVmS-cyuB2h8mT8j6jxnmD-9piPTt\" target=\"_self\" class=\"bklyn-btn  bklyn-btn-normal\" >QUIERO INSCRIBIRME<\/a><\/div>[\/vc_column][\/vc_row][\/vc_section][vc_section][vc_row][vc_column width=\u00bb1\/6&#8243;][\/vc_column][vc_column width=\u00bb2\/3&#8243;]<style type=\"text\/css\" scoped>#ut_custom_heading69d6a88f6994a { font-size:30px; }#ut_custom_heading69d6a88f6994a { font-weight:bold; }#ut_custom_heading69d6a88f6994a { text-align:center; }<\/style><h2 id=\"ut_custom_heading69d6a88f6994a\" class=\"ut-custom-heading-module  \" ><span>\u00bfTen\u00e9s dudas?<\/span><\/h2><style type=\"text\/css\" scoped>#ut_custom_heading69d6a88f69973 { font-size:25px; }#ut_custom_heading69d6a88f69973 { font-weight:normal; }#ut_custom_heading69d6a88f69973 { text-align:center; }<\/style><h2 id=\"ut_custom_heading69d6a88f69973\" class=\"ut-custom-heading-module  \" ><span>Complet\u00e1 el siguiente formulario y te enviaremos m\u00e1s informaci\u00f3n<\/span><\/h2><div class=\"wpb_content_element \"><iframe loading=\"lazy\" style=\"display: block; margin-left: auto; margin-right: auto; max-width: 100%;\" src=\"https:\/\/ef3331e6.sibforms.com\/serve\/MUIFAOBQQ5eEcJHf806DRsxpR9uIFXpJ2oE9Vk2WxeSq4s1J9t7FSfvlRtpGrxyse2vXsvCH7mTATTDjMERxXgkanQmLbDDAK_eghFHxDSDmWGlWLwLwIxs9TV985REeXgWgfylAocRVncf7UL9OhL8dJreJAqUKCguUNqbQ3MD-WxqwgkQ85n0gCkVQcMNMkW_KJotj_1n5TPEd\" width=\"540\" height=\"705\" frameborder=\"0\" scrolling=\"auto\" allowfullscreen=\"allowfullscreen\"><\/iframe><\/div>[\/vc_column][vc_column width=\u00bb1\/6&#8243;][\/vc_column][\/vc_row][\/vc_section]<\/p>\n<\/section>","protected":false},"excerpt":{"rendered":"<p>[vc_section css=\u00bb.vc_custom_1531359830548{border-bottom-width: 1px !important;}\u00bb][vc_row][vc_column width=\u00bb1\/4&#8243;][\/vc_column][vc_column width=\u00bb3\/4&#8243;][\/vc_column][\/vc_row][\/vc_section][vc_section][vc_row css=\u00bb.vc_custom_1631656872192{background-color: #efefef !important;}\u00bb][vc_column width=\u00bb1\/3&#8243;][vc_column_text] \u00a1Anotate ahora! La clase tiene una duraci\u00f3n de una hora y media (1:40:00), podr\u00e1s verla las veces que quieras. [\/vc_column_text][\/vc_column][vc_column width=\u00bb1\/3&#8243;][vc_column_text] Dirigido a: Psic\u00f3logos, psiquiatras, estudiantes avanzados y otros profesionales de la salud mental. [\/vc_column_text][\/vc_column][vc_column width=\u00bb1\/3&#8243;][vc_column_text] ACCESO POR 6 MESES [\/vc_column_text][\/vc_column][\/vc_row][vc_row][vc_column width=\u00bb1\/6&#8243;][\/vc_column][vc_column width=\u00bb2\/3&#8243;][vc_empty_space][vc_column_text] \u00bfPor qu\u00e9 [&hellip;]<\/p>\n","protected":false},"author":1,"featured_media":8533,"parent":0,"menu_order":0,"comment_status":"closed","ping_status":"closed","template":"","meta":{"footnotes":""},"acf":[],"_links":{"self":[{"href":"https:\/\/cpp.com.ar\/formacion\/wp-json\/wp\/v2\/pages\/8532"}],"collection":[{"href":"https:\/\/cpp.com.ar\/formacion\/wp-json\/wp\/v2\/pages"}],"about":[{"href":"https:\/\/cpp.com.ar\/formacion\/wp-json\/wp\/v2\/types\/page"}],"author":[{"embeddable":true,"href":"https:\/\/cpp.com.ar\/formacion\/wp-json\/wp\/v2\/users\/1"}],"replies":[{"embeddable":true,"href":"https:\/\/cpp.com.ar\/formacion\/wp-json\/wp\/v2\/comments?post=8532"}],"version-history":[{"count":22,"href":"https:\/\/cpp.com.ar\/formacion\/wp-json\/wp\/v2\/pages\/8532\/revisions"}],"predecessor-version":[{"id":9850,"href":"https:\/\/cpp.com.ar\/formacion\/wp-json\/wp\/v2\/pages\/8532\/revisions\/9850"}],"wp:featuredmedia":[{"embeddable":true,"href":"https:\/\/cpp.com.ar\/formacion\/wp-json\/wp\/v2\/media\/8533"}],"wp:attachment":[{"href":"https:\/\/cpp.com.ar\/formacion\/wp-json\/wp\/v2\/media?parent=8532"}],"curies":[{"name":"wp","href":"https:\/\/api.w.org\/{rel}","templated":true}]}}