{"id":8170,"date":"2023-10-04T15:01:19","date_gmt":"2023-10-04T18:01:19","guid":{"rendered":"https:\/\/cpp.com.ar\/formacion\/?page_id=8170"},"modified":"2026-01-07T12:32:42","modified_gmt":"2026-01-07T15:32:42","slug":"claves-para-optimizar-el-cambio-entrevista-motivacional","status":"publish","type":"page","link":"https:\/\/cpp.com.ar\/formacion\/claves-para-optimizar-el-cambio-entrevista-motivacional\/","title":{"rendered":"Claves para optimizar el cambio. Entrevista motivacional"},"content":{"rendered":"<section class=\"wpb-content-wrapper\"><p>[vc_section css=\u00bb.vc_custom_1531359830548{border-bottom-width: 1px !important;}\u00bb][vc_row][vc_column width=\u00bb1\/4&#8243;]<div  class=\"wpb_content_element   clearfix\"><div id=\"ut_am_wrap_69f0e3cd2d47c\" class=\"ut-image-gallery-image \" style=\"text-align:center;\"><div class=\"ut-animated-image-item ut-image-gallery-item ut-animation-done\"><a class=\"ut-deactivated-link\" href=\"#\"><img title=\"Cambio\" id=\"ut_am_69f0e3cd2d47b\" style=\"\" src=\"https:\/\/cpp.com.ar\/formacion\/wp-content\/uploads\/sites\/3\/2023\/10\/cambio.jpg\" width=\"300\" height=\"350\" alt=\"poste de direcciones en un atardecer\"\/><\/a><\/div><\/div><\/div>[\/vc_column][vc_column width=\u00bb3\/4&#8243;]<div class=\"wpb_content_element \"><style type=\"text\/css\" scoped>#ut_header_69f0e3cd2d5ca h2 span { color:#000000; }#ut_header_69f0e3cd2d5ca h2.section-title { font-size: 25px; }#ut_header_69f0e3cd2d5ca.pt-style-2 .page-title:after, #ut_header_69f0e3cd2d5ca.pt-style-2 .parallax-title:after, #ut_header_69f0e3cd2d5ca.pt-style-2 .section-title:after {background-color: #000000 !important;height: ;width: ;}<\/style><header id=\"ut_header_69f0e3cd2d5ca\" class=\"section-header pt-style-2 header-left\"><h2  class=\"section-title \"><span>Obten\u00e9 t\u00e9cnicas y herramientas espec\u00edficas que ser\u00e1n esenciales en cada fase de la terapia.<\/span><\/h2><div data-delay=\"0\" class=\"lead \"><p>La entrevista motivacional es esencial para brindar un tratamiento m\u00e1s efectivo, respetuoso y centrado en el paciente. Proporcionar\u00e1 las habilidades necesarias para abordar la ambivalencia, fomentar la motivaci\u00f3n interna y colaborar de manera efectiva con los pacientes en el proceso de cambio.<\/p>\n<\/div><\/header><\/div><style type=\"text\/css\" scoped>#bklyn_btn_69f0e3cd2d624 .bklyn-btn { border-radius:4px; background-color:#ffb800; }#bklyn_btn_69f0e3cd2d624 .bklyn-btn:hover{ color:#ffffff; background-color:#ff7506; }#bklyn_btn_69f0e3cd2d624 .bklyn-btn:focus{ color:#ffffff; background-color:#ff7506; }#bklyn_btn_69f0e3cd2d624 .bklyn-btn:active { color:#ffffff; background-color:#ff7506; }<\/style><div id=\"bklyn_btn_69f0e3cd2d624\" class=\"bklyn-btn-holder  bklyn-btn-left\"><a title=\"\"   href=\"#aranceles\" target=\"_self\" class=\"bklyn-btn bklyn-btn-full bklyn-btn-normal\" >INSCRIBITE AL CURSO<\/a><\/div><style type=\"text\/css\" scoped>#ut_custom_heading69f0e3cd2d65a { color:#000000; }#ut_custom_heading69f0e3cd2d65a a { color:#000000; }#ut_custom_heading69f0e3cd2d65a a:hover { color:#1e73be; }#ut_custom_heading69f0e3cd2d65a a:active { color:#1e73be; }#ut_custom_heading69f0e3cd2d65a a:focus { color:#1e73be; }#ut_custom_heading69f0e3cd2d65a { font-weight:bold; }#ut_custom_heading69f0e3cd2d65a { text-align:left; }<\/style><p id=\"ut_custom_heading69f0e3cd2d65a\" class=\"ut-custom-heading-module  \" ><span><a title=\"\" href=\"https:\/\/ef3331e6.sibforms.com\/serve\/MUIFAApPkvXbzR3VIlGWpYcI_G5M33Ksy1IA7UXaCtIwK1LR0N6G2CHHZx3TIviX_DCPhbGUkfMvmeqrdTvQftupX4M03d7ctyLQINzrFp-CpVU3FphNZeBFecqNGWppvkT2fbPq95IptiqR7Y0v1yHJDGtDd1tZg7DD4tVkYrLB5tgY-ENYuxdH8m51Q7V1Ke8JVSzl9uAn8p0W\" target=\"_self\" >\ud83c\udf81 Regal\u00e1 este curso<\/a><\/span><\/p>[\/vc_column][\/vc_row][\/vc_section][vc_section][vc_row css=\u00bb.vc_custom_1631656872192{background-color: #efefef !important;}\u00bb][vc_column width=\u00bb1\/3&#8243;]<div class=\"wpb_content_element \"><div id=\"utbx_o_69f0e3cd2d691\" class=\"ut-service-icon-box  clearfix  ut-service-icon-box-center\"><style type=\"text\/css\" scoped>#utbx_69f0e3cd2d690 { background:#00cdb5; }#utbx_69f0e3cd2d690:hover { background: #2FC0D7; } #utbx_69f0e3cd2d690:after { box-shadow: 0 0 0 4px #2FC0D7; } <\/style><div class=\"ut-highlight-icon-wrap ut-highlight-icon-effect\"><a id=\"utbx_69f0e3cd2d690\" data-id=\"utbx_69f0e3cd2d690\" data-hovercolor=\"#2FC0D7\"  data-effect=\"fadeInRight\" data-animateonce=\"yes\" data-delay=\"0\" class=\"ut-highlight-icon ut-animate-element animated ut-no-animation-tablet ut-no-animation-mobile fa fa-calendar\" href=\"#\" target=\"_blank\"><\/a><\/div><\/div><\/div>[vc_column_text]<\/p>\n<h4 style=\"text-align: center;\"><strong>\u00a1Anotate ahora! Pod\u00e9s cursar cuando quieras<\/strong><\/h4>\n<p>[\/vc_column_text][\/vc_column][vc_column width=\u00bb1\/3&#8243;]<div class=\"wpb_content_element \"><div id=\"utbx_o_69f0e3cd2d6be\" class=\"ut-service-icon-box  clearfix  ut-service-icon-box-center\"><style type=\"text\/css\" scoped>#utbx_69f0e3cd2d6bd { background:#00cdb5; }#utbx_69f0e3cd2d6bd:hover { background: #2FC0D7; } #utbx_69f0e3cd2d6bd:after { box-shadow: 0 0 0 4px #2FC0D7; } <\/style><div class=\"ut-highlight-icon-wrap ut-highlight-icon-effect\"><a id=\"utbx_69f0e3cd2d6bd\" data-id=\"utbx_69f0e3cd2d6bd\" data-hovercolor=\"#2FC0D7\"  data-effect=\"fadeInRight\" data-animateonce=\"yes\" data-delay=\"0\" class=\"ut-highlight-icon ut-animate-element animated ut-no-animation-tablet ut-no-animation-mobile fa fa-users\" href=\"#\" target=\"_blank\"><\/a><\/div><\/div><\/div>[vc_column_text]<\/p>\n<h4 style=\"text-align: center;\">Dirigido a:<\/h4>\n<h4 style=\"text-align: center;\">Profesionales de la Salud Mental y estudiantes avanzados<\/h4>\n<p>[\/vc_column_text][\/vc_column][vc_column width=\u00bb1\/3&#8243;]<div class=\"wpb_content_element \"><div id=\"utbx_o_69f0e3cd2d6e3\" class=\"ut-service-icon-box  clearfix  ut-service-icon-box-center\"><style type=\"text\/css\" scoped>#utbx_69f0e3cd2d6e2 { background:#00cdb5; }#utbx_69f0e3cd2d6e2:hover { background: #2FC0D7; } #utbx_69f0e3cd2d6e2:after { box-shadow: 0 0 0 4px #2FC0D7; } <\/style><div class=\"ut-highlight-icon-wrap ut-highlight-icon-effect\"><a id=\"utbx_69f0e3cd2d6e2\" data-id=\"utbx_69f0e3cd2d6e2\" data-hovercolor=\"#2FC0D7\"  data-effect=\"fadeInRight\" data-animateonce=\"yes\" data-delay=\"0\" class=\"ut-highlight-icon ut-animate-element animated ut-no-animation-tablet ut-no-animation-mobile fa fa-paper-plane-o\" href=\"#\" target=\"_blank\"><\/a><\/div><\/div><\/div>[vc_column_text]<\/p>\n<h4 style=\"text-align: center;\">ACCESO ILIMITADO POR 6 MESES<\/h4>\n<p>[\/vc_column_text][\/vc_column][\/vc_row][vc_row][vc_column width=\u00bb1\/6&#8243;][\/vc_column][vc_column width=\u00bb2\/3&#8243;][vc_column_text]<\/p>\n<h3 style=\"font-size: 16px; text-align: center;\">La entrevista motivacional se utiliza para ayudar a las personas a abordar problemas de comportamiento y tomar decisiones m\u00e1s saludables. Es especialmente efectiva cuando se trabaja con personas que pueden tener una resistencia inicial al cambio o cuando se busca fomentar la motivaci\u00f3n interna y la autodeterminaci\u00f3n en el proceso de toma de decisiones.<\/h3>\n<p>[\/vc_column_text][vc_empty_space]<div class=\"wpb_content_element \"><style type=\"text\/css\" scoped>#ut_header_69f0e3cd2d702.pt-style-2 .page-title:after, #ut_header_69f0e3cd2d702.pt-style-2 .parallax-title:after, #ut_header_69f0e3cd2d702.pt-style-2 .section-title:after {background-color:!important;height: ;width: ;}<\/style><header id=\"ut_header_69f0e3cd2d702\" class=\"section-header pt-style-2 header-center\"><h2  class=\"section-title \"><span><strong>Contenidos:<\/strong><\/span><\/h2><\/header><\/div>[vc_column_text]<strong>Clase 1:<\/strong><\/p>\n<ul>\n<li>La motivaci\u00f3n como concepto interaccional<\/li>\n<li>\u00bfC\u00f3mo afinar la punter\u00eda (aumentar la eficacia) de nuestras intervenciones? \u00bfCu\u00e1ndo y c\u00f3mo intervenir? \u00bfQu\u00e9 camino elegir, qu\u00e9 ruta evitar?<\/li>\n<\/ul>\n<p><strong>Clase 2: <\/strong><\/p>\n<ul>\n<li>Las etapas del cambio y su relaci\u00f3n con la construcci\u00f3n de las intervenciones \u00bfC\u00f3mo pensar la motivaci\u00f3n?<\/li>\n<li>Rueda del cambio, etapas del cambio, su relaci\u00f3n con la construcci\u00f3n de intervenciones<strong>.<\/strong><\/li>\n<\/ul>\n<p><strong>Clase 3:<\/strong><\/p>\n<ul>\n<li>\u00bfC\u00f3mo manejar la ambivalencia omnipresente en todo proceso de cambio? Dos escollos importantes y omnipresentes: ambivalencia, resistencia \u00bfc\u00f3mo manejarlas?<\/li>\n<\/ul>\n<p><strong>Clase 4:<\/strong><\/p>\n<ul>\n<li>La actitud del terapeuta: trampas a evitar Actitud terapeuta: maniobras a tener en cuenta, trampas a evitar.<\/li>\n<\/ul>\n<p>[\/vc_column_text]<style type=\"text\/css\" scoped>#bklyn_btn_69f0e3cd2d729 .bklyn-btn { border-radius:4px; background-color:#ffb800; }#bklyn_btn_69f0e3cd2d729 .bklyn-btn:hover{ color:#ffffff; background-color:#ff7200; }#bklyn_btn_69f0e3cd2d729 .bklyn-btn:focus{ color:#ffffff; background-color:#ff7200; }#bklyn_btn_69f0e3cd2d729 .bklyn-btn:active { color:#ffffff; background-color:#ff7200; }<\/style><div id=\"bklyn_btn_69f0e3cd2d729\" class=\"bklyn-btn-holder  bklyn-btn-center\"><a title=\"\"   href=\"#aranceles\" target=\"_self\" class=\"bklyn-btn  bklyn-btn-normal\" >INSCRIBITE AL CURSO<\/a><\/div><style type=\"text\/css\" scoped>#ut_custom_heading69f0e3cd2d750 { color:#000000; }#ut_custom_heading69f0e3cd2d750 a { color:#000000; }#ut_custom_heading69f0e3cd2d750 a:hover { color:#1e73be; }#ut_custom_heading69f0e3cd2d750 a:active { color:#1e73be; }#ut_custom_heading69f0e3cd2d750 a:focus { color:#1e73be; }#ut_custom_heading69f0e3cd2d750 { font-weight:bold; }#ut_custom_heading69f0e3cd2d750 { text-align:center; }<\/style><p id=\"ut_custom_heading69f0e3cd2d750\" class=\"ut-custom-heading-module  \" ><span><a title=\"\" href=\"https:\/\/ef3331e6.sibforms.com\/serve\/MUIFAApPkvXbzR3VIlGWpYcI_G5M33Ksy1IA7UXaCtIwK1LR0N6G2CHHZx3TIviX_DCPhbGUkfMvmeqrdTvQftupX4M03d7ctyLQINzrFp-CpVU3FphNZeBFecqNGWppvkT2fbPq95IptiqR7Y0v1yHJDGtDd1tZg7DD4tVkYrLB5tgY-ENYuxdH8m51Q7V1Ke8JVSzl9uAn8p0W\" target=\"_self\" >\ud83c\udf81 Regal\u00e1 este curso<\/a><\/span><\/p>[\/vc_column][vc_column width=\u00bb1\/6&#8243;][\/vc_column][\/vc_row][\/vc_section][vc_section css=\u00bb.vc_custom_1695152492285{background-color: #f4f4f4 !important;}\u00bb][vc_row][vc_column]<div class=\"wpb_content_element \"><style type=\"text\/css\" scoped>#ut_header_69f0e3cd2d860 h2 span { color:#000000; }#ut_header_69f0e3cd2d860 h2.section-title { font-size: 25px; }#ut_header_69f0e3cd2d860.pt-style-2 .page-title:after, #ut_header_69f0e3cd2d860.pt-style-2 .parallax-title:after, #ut_header_69f0e3cd2d860.pt-style-2 .section-title:after {background-color: #000000 !important;height: ;width: ;}<\/style><header id=\"ut_header_69f0e3cd2d860\" class=\"section-header pt-style-2 header-center\"><h2  class=\"section-title \"><span><strong>Modalidad del curso<\/strong><\/span><\/h2><\/header><\/div>[\/vc_column][\/vc_row][vc_row][vc_column width=\u00bb1\/3&#8243;]<div class=\"wpb_content_element \"><style type=\"text\/css\" scoped><\/style><div id=\"ut_sc_69f0e3cd2d882\"  class=\"ut-horizontal-style-align-left  clearfix \" ><figure class=\"ut-service-icon ut-service-icon-medium ut-service-icon-normal \"><i style=\"color: #2FC0D7;\" class=\"fa fa fa-video-camera\"><\/i><\/figure><div class=\"ut-service-column ut-service-column-horiz\" ><h3>Clases videograbadas<\/h3><p>Visualiz\u00e1 las clases en cualquier momento del d\u00eda durante todo el curso.<\/p><\/div><\/div><\/div>[\/vc_column][vc_column width=\u00bb1\/3&#8243;]<div class=\"wpb_content_element \"><style type=\"text\/css\" scoped><\/style><div id=\"ut_sc_69f0e3cd2d8a1\"  class=\"ut-horizontal-style-align-left  clearfix \" ><figure class=\"ut-service-icon ut-service-icon-medium ut-service-icon-normal \"><i style=\"color: #2FC0D7;\" class=\"fa fa fa-certificate\"><\/i><\/figure><div class=\"ut-service-column ut-service-column-horiz\" ><h3>Examen final y Certificado<\/h3><p>Al finalizar el curso tendr\u00e1s la posibilidad de rendir un examen final y un certificado de participaci\u00f3n a tu nombre.<\/p><\/div><\/div><\/div>[\/vc_column][vc_column width=\u00bb1\/3&#8243;]<div class=\"wpb_content_element \"><style type=\"text\/css\" scoped><\/style><div id=\"ut_sc_69f0e3cd2d8b8\"  class=\"ut-horizontal-style-align-left  clearfix \" ><figure class=\"ut-service-icon ut-service-icon-medium ut-service-icon-normal \"><i style=\"color: #2FC0D7;\" class=\"fa fa fa-question-circle\"><\/i><\/figure><div class=\"ut-service-column ut-service-column-horiz\" ><h3>Mesa de ayuda<\/h3><p>Cont\u00e1 con apoyo t\u00e9cnico permanente a lo largo de toda la cursada.<\/p><\/div><\/div><\/div>[\/vc_column][\/vc_row][\/vc_section][vc_section][vc_row][vc_column]<div class=\"wpb_content_element \"><style type=\"text\/css\" scoped>#ut_header_69f0e3cd2d8d1.pt-style-2 .page-title:after, #ut_header_69f0e3cd2d8d1.pt-style-2 .parallax-title:after, #ut_header_69f0e3cd2d8d1.pt-style-2 .section-title:after {background-color:!important;height: ;width: ;}<\/style><header id=\"ut_header_69f0e3cd2d8d1\" class=\"section-header pt-style-2 header-center\"><h2  class=\"section-title \"><span><strong>Docente:<\/strong><\/span><\/h2><\/header><\/div>[\/vc_column][\/vc_row][vc_row][vc_column width=\u00bb1\/6&#8243;][\/vc_column][vc_column width=\u00bb2\/3&#8243;]<div class=\"wpb_content_element   clearfix\">            \r\n            <script type=\"text\/javascript\">\r\n                \r\n                (function($){\r\n                    \r\n                    $(document).ready(function(){\r\n                        \r\n                                                                        \r\n                        function get_animated_objects( $all_appeared_elements, effect ) {\r\n                            \r\n                            var counter = 0;\r\n                            \r\n                            $all_appeared_elements.each(function(){\r\n                                        \r\n                                if( $(this).hasClass(effect) ) {\r\n\r\n                                    counter++;\r\n\r\n                                }\r\n\r\n                            });\r\n                            \r\n                            return counter;\r\n                            \r\n                        }\r\n                        \r\n                          \r\n                    });\r\n                        \r\n                })(jQuery);\r\n            \r\n            <\/script>\r\n            \r\n            <style type=\"text\/css\" scoped>#ut_ig_69f0e3cd2d8f3 .ut-lazy:not(.ut-image-loaded) + .ut-video-module-loading { display:block; }#ut_ig_69f0e3cd2d8f3 .ut-lazy.ut-image-loaded + .ut-video-module-loading { display:none; }<\/style><div id=\"ut_ig_69f0e3cd2d8f3\" class=\"ut-image-gallery  clearfix\"><div  data-count=\"1\" class=\"ut-image-gallery-item ut-animation-done grid-100 tablet-grid-100 mobile-grid-100 \"><a  class=\"ut-vc-images-lightbox\"  data-exthumbimage=\"https:\/\/cpp.com.ar\/formacion\/wp-content\/uploads\/sites\/3\/2023\/10\/luciano-150x150.jpg\" href=\"https:\/\/cpp.com.ar\/formacion\/wp-content\/uploads\/sites\/3\/2023\/10\/luciano.jpg\"><div class=\"ut-image-gallery-image\"><img  class=\"\" src=\"https:\/\/cpp.com.ar\/formacion\/wp-content\/uploads\/sites\/3\/2023\/10\/luciano.jpg\" width=\"100\" height=\"100\"><\/div><\/a><\/div><div class=\"clear\"><\/div><\/div><\/div>[vc_column_text]<\/p>\n<h4 style=\"text-align: center;\">Luciano Asiain<\/h4>\n<p style=\"text-align: center;\">Lic. en Psicolog\u00eda de la Universidad de Buenos Aires. Terapeuta. Supervisor.<\/p>\n<p>[\/vc_column_text][\/vc_column][vc_column width=\u00bb1\/6&#8243;][\/vc_column][\/vc_row][\/vc_section][vc_section bklyn_section_anchor_id=\u00bbinscripciones\u00bb css=\u00bb.vc_custom_1695152508970{background-color: #efefef !important;}\u00bb][vc_row el_id=\u00bbaranceles\u00bb][vc_column]<div class=\"wpb_content_element \"><style type=\"text\/css\" scoped>#ut_header_69f0e3cd2de5f.pt-style-2 .page-title:after, #ut_header_69f0e3cd2de5f.pt-style-2 .parallax-title:after, #ut_header_69f0e3cd2de5f.pt-style-2 .section-title:after {background-color:!important;height: ;width: ;}<\/style><header id=\"ut_header_69f0e3cd2de5f\" class=\"section-header pt-style-2 header-center\"><h2  class=\"section-title \"><span><strong>Aranceles:<\/strong><\/span><\/h2><\/header><\/div>[\/vc_column][\/vc_row][vc_row][vc_column width=\u00bb1\/4&#8243;][\/vc_column][vc_column width=\u00bb1\/4&#8243;][vc_column_text]<\/p>\n<p style=\"text-align: center;\">Si resid\u00eds en Argentina, el curso tiene un costo de:<\/p>\n<h2 style=\"text-align: center;\">$67.000.- Arg<\/h2>\n<p>[\/vc_column_text][\/vc_column][vc_column width=\u00bb1\/4&#8243;][vc_column_text]<\/p>\n<p style=\"text-align: center;\">Si resid\u00eds fuera de Argentina, el curso tiene un costo de:<\/p>\n<h2 style=\"text-align: center;\">70 USD<\/h2>\n<p>[\/vc_column_text][\/vc_column][vc_column width=\u00bb1\/4&#8243;][\/vc_column][\/vc_row][vc_row][vc_column]<style type=\"text\/css\" scoped>#bklyn_btn_69f0e3cd2de87 .bklyn-btn { border-radius:4px; background-color:#ffb800; }#bklyn_btn_69f0e3cd2de87 .bklyn-btn:hover{ color:#ffffff; background-color:#ff7200; }#bklyn_btn_69f0e3cd2de87 .bklyn-btn:focus{ color:#ffffff; background-color:#ff7200; }#bklyn_btn_69f0e3cd2de87 .bklyn-btn:active { color:#ffffff; background-color:#ff7200; }<\/style><div id=\"bklyn_btn_69f0e3cd2de87\" class=\"bklyn-btn-holder  bklyn-btn-center\"><a title=\"\"   href=\"https:\/\/ef3331e6.sibforms.com\/serve\/MUIFAO7mr1zTzGk0pcyO3esCOGPn-CaVHNb5QlG_k4QKs7hyUbYTZ9vbuvj5H0GqwNuYhjP0hxDvpQDSZMRqYpAVRP9NsKT80VrI1Fu8GI78UxrEeoIj8ZKsr418cgpTXBpE4oDNg4_dUr-x9juqUTEYJR_OV-FXnAaRtVAkCxQkLfzj0maxi6v431BnlgJT9AzBmVvCENBTgYgz\" target=\"_self\" class=\"bklyn-btn  bklyn-btn-normal\" >QUIERO INSCRIBIRME<\/a><\/div><style type=\"text\/css\" scoped>#ut_custom_heading69f0e3cd2deb0 { color:#000000; }#ut_custom_heading69f0e3cd2deb0 a { color:#000000; }#ut_custom_heading69f0e3cd2deb0 a:hover { color:#1e73be; }#ut_custom_heading69f0e3cd2deb0 a:active { color:#1e73be; }#ut_custom_heading69f0e3cd2deb0 a:focus { color:#1e73be; }#ut_custom_heading69f0e3cd2deb0 { font-weight:bold; }#ut_custom_heading69f0e3cd2deb0 { text-align:center; }<\/style><p id=\"ut_custom_heading69f0e3cd2deb0\" class=\"ut-custom-heading-module  \" ><span><a title=\"\" href=\"https:\/\/ef3331e6.sibforms.com\/serve\/MUIFAApPkvXbzR3VIlGWpYcI_G5M33Ksy1IA7UXaCtIwK1LR0N6G2CHHZx3TIviX_DCPhbGUkfMvmeqrdTvQftupX4M03d7ctyLQINzrFp-CpVU3FphNZeBFecqNGWppvkT2fbPq95IptiqR7Y0v1yHJDGtDd1tZg7DD4tVkYrLB5tgY-ENYuxdH8m51Q7V1Ke8JVSzl9uAn8p0W\" target=\"_self\" >\ud83c\udf81 Regal\u00e1 este curso<\/a><\/span><\/p>[\/vc_column][\/vc_row][\/vc_section][vc_section][vc_row][vc_column width=\u00bb1\/6&#8243;][\/vc_column][vc_column width=\u00bb2\/3&#8243;]<style type=\"text\/css\" scoped>#ut_custom_heading69f0e3cd2dece { font-size:30px; }#ut_custom_heading69f0e3cd2dece { font-weight:bold; }#ut_custom_heading69f0e3cd2dece { text-align:center; }<\/style><h2 id=\"ut_custom_heading69f0e3cd2dece\" class=\"ut-custom-heading-module  \" ><span>\u00bfTen\u00e9s dudas?<\/span><\/h2><style type=\"text\/css\" scoped>#ut_custom_heading69f0e3cd2dedd { font-size:30px; }#ut_custom_heading69f0e3cd2dedd { font-weight:normal; }#ut_custom_heading69f0e3cd2dedd { text-align:center; }<\/style><h2 id=\"ut_custom_heading69f0e3cd2dedd\" class=\"ut-custom-heading-module  \" ><span>Complet\u00e1 el siguiente formulario y te enviaremos m\u00e1s informaci\u00f3n<\/span><\/h2><div class=\"wpb_content_element \"><iframe loading=\"lazy\" style=\"display: block; margin-left: auto; margin-right: auto; max-width: 100%;\" src=\"https:\/\/ef3331e6.sibforms.com\/serve\/MUIFAIFSdHGwMQhQn9nXPmLP_-HgVzHKxqcgFSgZk1Tj5OU_V_WTm_nuO3rFlWzHW0ak9_uIjjEUyuvubx9NUKyuDs1QK82D88iafXKLEk6oGQlNzv6dSrIfTX3itlKQVxUReTgk-iuy8W3SbSyjo9G_wHQVbMqk-MwO-e0vTAuCzVbcoJ_ZGdhlj6R_g3ytF0z5_K3Xu267wnI6\" width=\"540\" height=\"705\" frameborder=\"0\" scrolling=\"auto\" allowfullscreen=\"allowfullscreen\"><\/iframe><\/div>[\/vc_column][vc_column width=\u00bb1\/6&#8243;][\/vc_column][\/vc_row][\/vc_section]<\/p>\n<\/section>","protected":false},"excerpt":{"rendered":"<p>[vc_section css=\u00bb.vc_custom_1531359830548{border-bottom-width: 1px !important;}\u00bb][vc_row][vc_column width=\u00bb1\/4&#8243;][\/vc_column][vc_column width=\u00bb3\/4&#8243;][\/vc_column][\/vc_row][\/vc_section][vc_section][vc_row css=\u00bb.vc_custom_1631656872192{background-color: #efefef !important;}\u00bb][vc_column width=\u00bb1\/3&#8243;][vc_column_text] \u00a1Anotate ahora! Pod\u00e9s cursar cuando quieras [\/vc_column_text][\/vc_column][vc_column width=\u00bb1\/3&#8243;][vc_column_text] Dirigido a: Profesionales de la Salud Mental y estudiantes avanzados [\/vc_column_text][\/vc_column][vc_column width=\u00bb1\/3&#8243;][vc_column_text] ACCESO ILIMITADO POR 6 MESES [\/vc_column_text][\/vc_column][\/vc_row][vc_row][vc_column width=\u00bb1\/6&#8243;][\/vc_column][vc_column width=\u00bb2\/3&#8243;][vc_column_text] La entrevista motivacional se utiliza para ayudar a las personas a abordar problemas de comportamiento y tomar [&hellip;]<\/p>\n","protected":false},"author":1,"featured_media":8171,"parent":0,"menu_order":0,"comment_status":"closed","ping_status":"closed","template":"","meta":{"footnotes":""},"acf":[],"_links":{"self":[{"href":"https:\/\/cpp.com.ar\/formacion\/wp-json\/wp\/v2\/pages\/8170"}],"collection":[{"href":"https:\/\/cpp.com.ar\/formacion\/wp-json\/wp\/v2\/pages"}],"about":[{"href":"https:\/\/cpp.com.ar\/formacion\/wp-json\/wp\/v2\/types\/page"}],"author":[{"embeddable":true,"href":"https:\/\/cpp.com.ar\/formacion\/wp-json\/wp\/v2\/users\/1"}],"replies":[{"embeddable":true,"href":"https:\/\/cpp.com.ar\/formacion\/wp-json\/wp\/v2\/comments?post=8170"}],"version-history":[{"count":23,"href":"https:\/\/cpp.com.ar\/formacion\/wp-json\/wp\/v2\/pages\/8170\/revisions"}],"predecessor-version":[{"id":9841,"href":"https:\/\/cpp.com.ar\/formacion\/wp-json\/wp\/v2\/pages\/8170\/revisions\/9841"}],"wp:featuredmedia":[{"embeddable":true,"href":"https:\/\/cpp.com.ar\/formacion\/wp-json\/wp\/v2\/media\/8171"}],"wp:attachment":[{"href":"https:\/\/cpp.com.ar\/formacion\/wp-json\/wp\/v2\/media?parent=8170"}],"curies":[{"name":"wp","href":"https:\/\/api.w.org\/{rel}","templated":true}]}}