{"id":8148,"date":"2023-10-03T13:31:39","date_gmt":"2023-10-03T16:31:39","guid":{"rendered":"https:\/\/cpp.com.ar\/formacion\/?page_id=8148"},"modified":"2026-01-07T12:23:14","modified_gmt":"2026-01-07T15:23:14","slug":"la-terapia-de-pareja-del-siglo-xxi","status":"publish","type":"page","link":"https:\/\/cpp.com.ar\/formacion\/la-terapia-de-pareja-del-siglo-xxi\/","title":{"rendered":"La terapia de pareja del siglo XXI"},"content":{"rendered":"<section class=\"wpb-content-wrapper\"><p>[vc_section css=\u00bb.vc_custom_1531359830548{border-bottom-width: 1px !important;}\u00bb][vc_row][vc_column width=\u00bb1\/4&#8243;]<div  class=\"wpb_content_element   clearfix\"><div id=\"ut_am_wrap_69f61ab244266\" class=\"ut-image-gallery-image \" style=\"text-align:center;\"><div class=\"ut-animated-image-item ut-image-gallery-item ut-animation-done\"><a class=\"ut-deactivated-link\" href=\"#\"><img title=\"XXI\" id=\"ut_am_69f61ab244265\" style=\"\" src=\"https:\/\/cpp.com.ar\/formacion\/wp-content\/uploads\/sites\/3\/2023\/10\/xxi.jpg\" width=\"300\" height=\"350\" alt=\"\"\/><\/a><\/div><\/div><\/div>[\/vc_column][vc_column width=\u00bb3\/4&#8243;]<div class=\"wpb_content_element \"><style type=\"text\/css\" scoped>#ut_header_69f61ab244443 h2 span { color:#000000; }#ut_header_69f61ab244443 h2.section-title { font-size: 25px; }#ut_header_69f61ab244443.pt-style-2 .page-title:after, #ut_header_69f61ab244443.pt-style-2 .parallax-title:after, #ut_header_69f61ab244443.pt-style-2 .section-title:after {background-color: #000000 !important;height: ;width: ;}<\/style><header id=\"ut_header_69f61ab244443\" class=\"section-header pt-style-2 header-left\"><h2  class=\"section-title \"><span>Obten\u00e9 herramientas pr\u00e1cticas para utilizar en las sesiones y as\u00ed aumentar tu eficacia de acuerdo a lo que hoy sabemos que funciona en terapia de pareja.<\/span><\/h2><div data-delay=\"0\" class=\"lead \"><p>Las personas tardan entre 5 y 7 a\u00f1os para consultar por problemas de pareja, y muchas veces es tarde cuando llegan a nuestros consultorios, el deterioro de la relaci\u00f3n es tal que un terapeuta sin una formaci\u00f3n espec\u00edfica, dif\u00edcilmente pueda ayudar a resolver los problemas o a mejorar el v\u00ednculo<\/p>\n<\/div><\/header><\/div><style type=\"text\/css\" scoped>#bklyn_btn_69f61ab2444d7 .bklyn-btn { border-radius:4px; background-color:#ffb800; }#bklyn_btn_69f61ab2444d7 .bklyn-btn:hover{ color:#ffffff; background-color:#ff7506; }#bklyn_btn_69f61ab2444d7 .bklyn-btn:focus{ color:#ffffff; background-color:#ff7506; }#bklyn_btn_69f61ab2444d7 .bklyn-btn:active { color:#ffffff; background-color:#ff7506; }<\/style><div id=\"bklyn_btn_69f61ab2444d7\" class=\"bklyn-btn-holder  bklyn-btn-left\"><a title=\"\"   href=\"#aranceles\" target=\"_self\" class=\"bklyn-btn bklyn-btn-full bklyn-btn-normal\" >INSCRIBITE AL CURSO<\/a><\/div><style type=\"text\/css\" scoped>#ut_custom_heading69f61ab24452e { color:#000000; }#ut_custom_heading69f61ab24452e a { color:#000000; }#ut_custom_heading69f61ab24452e a:hover { color:#1e73be; }#ut_custom_heading69f61ab24452e a:active { color:#1e73be; }#ut_custom_heading69f61ab24452e a:focus { color:#1e73be; }#ut_custom_heading69f61ab24452e { font-weight:bold; }#ut_custom_heading69f61ab24452e { text-align:left; }<\/style><p id=\"ut_custom_heading69f61ab24452e\" class=\"ut-custom-heading-module  \" ><span><a title=\"\" href=\"https:\/\/ef3331e6.sibforms.com\/serve\/MUIFAApPkvXbzR3VIlGWpYcI_G5M33Ksy1IA7UXaCtIwK1LR0N6G2CHHZx3TIviX_DCPhbGUkfMvmeqrdTvQftupX4M03d7ctyLQINzrFp-CpVU3FphNZeBFecqNGWppvkT2fbPq95IptiqR7Y0v1yHJDGtDd1tZg7DD4tVkYrLB5tgY-ENYuxdH8m51Q7V1Ke8JVSzl9uAn8p0W\" target=\"_self\" >\ud83c\udf81 Regal\u00e1 este curso<\/a><\/span><\/p>[\/vc_column][\/vc_row][\/vc_section][vc_section][vc_row css=\u00bb.vc_custom_1631656872192{background-color: #efefef !important;}\u00bb][vc_column width=\u00bb1\/3&#8243;]<div class=\"wpb_content_element \"><div id=\"utbx_o_69f61ab244584\" class=\"ut-service-icon-box  clearfix  ut-service-icon-box-center\"><style type=\"text\/css\" scoped>#utbx_69f61ab244583 { background:#00cdb5; }#utbx_69f61ab244583:hover { background: #2FC0D7; } #utbx_69f61ab244583:after { box-shadow: 0 0 0 4px #2FC0D7; } <\/style><div class=\"ut-highlight-icon-wrap ut-highlight-icon-effect\"><a id=\"utbx_69f61ab244583\" data-id=\"utbx_69f61ab244583\" data-hovercolor=\"#2FC0D7\"  data-effect=\"fadeInRight\" data-animateonce=\"yes\" data-delay=\"0\" class=\"ut-highlight-icon ut-animate-element animated ut-no-animation-tablet ut-no-animation-mobile fa fa-calendar\" href=\"#\" target=\"_blank\"><\/a><\/div><\/div><\/div>[vc_column_text]<\/p>\n<h4 style=\"text-align: center;\"><strong>\u00a1Anotate ahora! Pod\u00e9s cursar cuando quieras<\/strong><\/h4>\n<p>[\/vc_column_text][\/vc_column][vc_column width=\u00bb1\/3&#8243;]<div class=\"wpb_content_element \"><div id=\"utbx_o_69f61ab2445d0\" class=\"ut-service-icon-box  clearfix  ut-service-icon-box-center\"><style type=\"text\/css\" scoped>#utbx_69f61ab2445cf { background:#00cdb5; }#utbx_69f61ab2445cf:hover { background: #2FC0D7; } #utbx_69f61ab2445cf:after { box-shadow: 0 0 0 4px #2FC0D7; } <\/style><div class=\"ut-highlight-icon-wrap ut-highlight-icon-effect\"><a id=\"utbx_69f61ab2445cf\" data-id=\"utbx_69f61ab2445cf\" data-hovercolor=\"#2FC0D7\"  data-effect=\"fadeInRight\" data-animateonce=\"yes\" data-delay=\"0\" class=\"ut-highlight-icon ut-animate-element animated ut-no-animation-tablet ut-no-animation-mobile fa fa-users\" href=\"#\" target=\"_blank\"><\/a><\/div><\/div><\/div>[vc_column_text]<\/p>\n<h4 style=\"text-align: center;\">Dirigido a:<\/h4>\n<h4 style=\"text-align: center;\">Profesionales de la Salud Mental y estudiantes avanzados<\/h4>\n<p>[\/vc_column_text][\/vc_column][vc_column width=\u00bb1\/3&#8243;]<div class=\"wpb_content_element \"><div id=\"utbx_o_69f61ab244610\" class=\"ut-service-icon-box  clearfix  ut-service-icon-box-center\"><style type=\"text\/css\" scoped>#utbx_69f61ab24460f { background:#00cdb5; }#utbx_69f61ab24460f:hover { background: #2FC0D7; } #utbx_69f61ab24460f:after { box-shadow: 0 0 0 4px #2FC0D7; } <\/style><div class=\"ut-highlight-icon-wrap ut-highlight-icon-effect\"><a id=\"utbx_69f61ab24460f\" data-id=\"utbx_69f61ab24460f\" data-hovercolor=\"#2FC0D7\"  data-effect=\"fadeInRight\" data-animateonce=\"yes\" data-delay=\"0\" class=\"ut-highlight-icon ut-animate-element animated ut-no-animation-tablet ut-no-animation-mobile fa fa-paper-plane-o\" href=\"#\" target=\"_blank\"><\/a><\/div><\/div><\/div>[vc_column_text]<\/p>\n<h4 style=\"text-align: center;\">ACCESO ILIMITADO POR 6 MESES<\/h4>\n<p>[\/vc_column_text][\/vc_column][\/vc_row][vc_row][vc_column width=\u00bb1\/6&#8243;][\/vc_column][vc_column width=\u00bb2\/3&#8243;][vc_column_text]<\/p>\n<h3 style=\"font-size: 16px; text-align: center;\">En este curso encontrar\u00e1s intervenciones eficaces para incorporar a la pr\u00e1ctica cl\u00ednica de la terapia de pareja a partir de los modelos de John Gottman y Susan Johnson.<\/h3>\n<p>[\/vc_column_text][vc_empty_space]<div class=\"wpb_content_element \"><style type=\"text\/css\" scoped>#ut_header_69f61ab244643.pt-style-2 .page-title:after, #ut_header_69f61ab244643.pt-style-2 .parallax-title:after, #ut_header_69f61ab244643.pt-style-2 .section-title:after {background-color:!important;height: ;width: ;}<\/style><header id=\"ut_header_69f61ab244643\" class=\"section-header pt-style-2 header-center\"><h2  class=\"section-title \"><span><strong>Contenidos:<\/strong><\/span><\/h2><\/header><\/div>[vc_column_text]<\/p>\n<h4>Clase 1:<br \/>\nAlcances y limitaciones en terapia de pareja: se trata de dilucidar, tanto el terapeuta como los consultantes, si la relaci\u00f3n continuar\u00e1 o no.<\/h4>\n<hr \/>\n<h4>Clase 2:<br \/>\nLas investigaciones de John Gottman y el modelo que se desprende de las mismas. The Sound Marital House.<\/h4>\n<hr \/>\n<h4>Clase 3:<br \/>\nEl modelo de Susan Jonhson: terapia focalizada en las emociones. Los 9 pasos que ayudan a la pareja a reconectarse.<\/h4>\n<hr \/>\n<h4>Clase 4:<br \/>\nIntervenciones para cada uno de los modelos.<\/h4>\n<p>[\/vc_column_text]<style type=\"text\/css\" scoped>#bklyn_btn_69f61ab244689 .bklyn-btn { border-radius:4px; background-color:#ffb800; }#bklyn_btn_69f61ab244689 .bklyn-btn:hover{ color:#ffffff; background-color:#ff7200; }#bklyn_btn_69f61ab244689 .bklyn-btn:focus{ color:#ffffff; background-color:#ff7200; }#bklyn_btn_69f61ab244689 .bklyn-btn:active { color:#ffffff; background-color:#ff7200; }<\/style><div id=\"bklyn_btn_69f61ab244689\" class=\"bklyn-btn-holder  bklyn-btn-center\"><a title=\"\"   href=\"#aranceles\" target=\"_self\" class=\"bklyn-btn  bklyn-btn-normal\" >INSCRIBITE AL CURSO<\/a><\/div><style type=\"text\/css\" scoped>#ut_custom_heading69f61ab2446cc { color:#000000; }#ut_custom_heading69f61ab2446cc a { color:#000000; }#ut_custom_heading69f61ab2446cc a:hover { color:#1e73be; }#ut_custom_heading69f61ab2446cc a:active { color:#1e73be; }#ut_custom_heading69f61ab2446cc a:focus { color:#1e73be; }#ut_custom_heading69f61ab2446cc { font-weight:bold; }#ut_custom_heading69f61ab2446cc { text-align:center; }<\/style><p id=\"ut_custom_heading69f61ab2446cc\" class=\"ut-custom-heading-module  \" ><span><a title=\"\" href=\"https:\/\/ef3331e6.sibforms.com\/serve\/MUIFAApPkvXbzR3VIlGWpYcI_G5M33Ksy1IA7UXaCtIwK1LR0N6G2CHHZx3TIviX_DCPhbGUkfMvmeqrdTvQftupX4M03d7ctyLQINzrFp-CpVU3FphNZeBFecqNGWppvkT2fbPq95IptiqR7Y0v1yHJDGtDd1tZg7DD4tVkYrLB5tgY-ENYuxdH8m51Q7V1Ke8JVSzl9uAn8p0W\" target=\"_self\" >\ud83c\udf81 Regal\u00e1 este curso<\/a><\/span><\/p>[\/vc_column][vc_column width=\u00bb1\/6&#8243;][\/vc_column][\/vc_row][\/vc_section][vc_section css=\u00bb.vc_custom_1695152492285{background-color: #f4f4f4 !important;}\u00bb][vc_row][vc_column]<div class=\"wpb_content_element \"><style type=\"text\/css\" scoped>#ut_header_69f61ab24480e h2 span { color:#000000; }#ut_header_69f61ab24480e h2.section-title { font-size: 25px; }#ut_header_69f61ab24480e.pt-style-2 .page-title:after, #ut_header_69f61ab24480e.pt-style-2 .parallax-title:after, #ut_header_69f61ab24480e.pt-style-2 .section-title:after {background-color: #000000 !important;height: ;width: ;}<\/style><header id=\"ut_header_69f61ab24480e\" class=\"section-header pt-style-2 header-center\"><h2  class=\"section-title \"><span><strong>Modalidad del curso<\/strong><\/span><\/h2><\/header><\/div>[\/vc_column][\/vc_row][vc_row][vc_column width=\u00bb1\/3&#8243;]<div class=\"wpb_content_element \"><style type=\"text\/css\" scoped><\/style><div id=\"ut_sc_69f61ab244840\"  class=\"ut-horizontal-style-align-left  clearfix \" ><figure class=\"ut-service-icon ut-service-icon-medium ut-service-icon-normal \"><i style=\"color: #2FC0D7;\" class=\"fa fa fa-video-camera\"><\/i><\/figure><div class=\"ut-service-column ut-service-column-horiz\" ><h3>Clases videograbadas<\/h3><p>Visualiz\u00e1 las clases en cualquier momento del d\u00eda durante todo el curso.<\/p><\/div><\/div><\/div>[\/vc_column][vc_column width=\u00bb1\/3&#8243;]<div class=\"wpb_content_element \"><style type=\"text\/css\" scoped><\/style><div id=\"ut_sc_69f61ab244871\"  class=\"ut-horizontal-style-align-left  clearfix \" ><figure class=\"ut-service-icon ut-service-icon-medium ut-service-icon-normal \"><i style=\"color: #2FC0D7;\" class=\"fa fa fa-certificate\"><\/i><\/figure><div class=\"ut-service-column ut-service-column-horiz\" ><h3>Examen final y Certificado<\/h3><p>Al finalizar el curso tendr\u00e1s la posibilidad de rendir un examen final y un certificado de participaci\u00f3n a tu nombre.<\/p><\/div><\/div><\/div>[\/vc_column][vc_column width=\u00bb1\/3&#8243;]<div class=\"wpb_content_element \"><style type=\"text\/css\" scoped><\/style><div id=\"ut_sc_69f61ab244897\"  class=\"ut-horizontal-style-align-left  clearfix \" ><figure class=\"ut-service-icon ut-service-icon-medium ut-service-icon-normal \"><i style=\"color: #2FC0D7;\" class=\"fa fa fa-question-circle\"><\/i><\/figure><div class=\"ut-service-column ut-service-column-horiz\" ><h3>Mesa de ayuda<\/h3><p>Cont\u00e1 con apoyo t\u00e9cnico permanente a lo largo de toda la cursada.<\/p><\/div><\/div><\/div>[\/vc_column][\/vc_row][\/vc_section][vc_section][vc_row][vc_column]<div class=\"wpb_content_element \"><style type=\"text\/css\" scoped>#ut_header_69f61ab2448c0.pt-style-2 .page-title:after, #ut_header_69f61ab2448c0.pt-style-2 .parallax-title:after, #ut_header_69f61ab2448c0.pt-style-2 .section-title:after {background-color:!important;height: ;width: ;}<\/style><header id=\"ut_header_69f61ab2448c0\" class=\"section-header pt-style-2 header-center\"><h2  class=\"section-title \"><span><strong>Docente:<\/strong><\/span><\/h2><\/header><\/div>[\/vc_column][\/vc_row][vc_row][vc_column width=\u00bb1\/6&#8243;][\/vc_column][vc_column width=\u00bb2\/3&#8243;]<div class=\"wpb_content_element   clearfix\">            \r\n            <script type=\"text\/javascript\">\r\n                \r\n                (function($){\r\n                    \r\n                    $(document).ready(function(){\r\n                        \r\n                                                                        \r\n                        function get_animated_objects( $all_appeared_elements, effect ) {\r\n                            \r\n                            var counter = 0;\r\n                            \r\n                            $all_appeared_elements.each(function(){\r\n                                        \r\n                                if( $(this).hasClass(effect) ) {\r\n\r\n                                    counter++;\r\n\r\n                                }\r\n\r\n                            });\r\n                            \r\n                            return counter;\r\n                            \r\n                        }\r\n                        \r\n                          \r\n                    });\r\n                        \r\n                })(jQuery);\r\n            \r\n            <\/script>\r\n            \r\n            <style type=\"text\/css\" scoped>#ut_ig_69f61ab2448f9 .ut-lazy:not(.ut-image-loaded) + .ut-video-module-loading { display:block; }#ut_ig_69f61ab2448f9 .ut-lazy.ut-image-loaded + .ut-video-module-loading { display:none; }<\/style><div id=\"ut_ig_69f61ab2448f9\" class=\"ut-image-gallery  clearfix\"><div  data-count=\"1\" class=\"ut-image-gallery-item ut-animation-done grid-100 tablet-grid-100 mobile-grid-100 \"><a  class=\"ut-vc-images-lightbox\"  data-exthumbimage=\"https:\/\/cpp.com.ar\/formacion\/wp-content\/uploads\/sites\/3\/2023\/10\/marcelo-kornberg-150x150.jpg\" href=\"https:\/\/cpp.com.ar\/formacion\/wp-content\/uploads\/sites\/3\/2023\/10\/marcelo-kornberg.jpg\"><div class=\"ut-image-gallery-image\"><img  class=\"\" src=\"https:\/\/cpp.com.ar\/formacion\/wp-content\/uploads\/sites\/3\/2023\/10\/marcelo-kornberg-100x100.jpg\" width=\"100\" height=\"100\"><\/div><\/a><\/div><div class=\"clear\"><\/div><\/div><\/div>[vc_column_text]<\/p>\n<h3 style=\"text-align: center;\">Dr. Marcelo Kornberg<\/h3>\n<div style=\"text-align: center;\">Dr. en Psicolog\u00eda en la Universidad de Buenos Aires.\u00a0Coordinador general en el\u00a0Centro Privado de Psicoterapias.\u00a0Especialista en terapia de pareja en\u00a0The Gottman Institute<\/div>\n<p>[\/vc_column_text][\/vc_column][vc_column width=\u00bb1\/6&#8243;][\/vc_column][\/vc_row][\/vc_section][vc_section bklyn_section_anchor_id=\u00bbinscripciones\u00bb css=\u00bb.vc_custom_1695152508970{background-color: #efefef !important;}\u00bb][vc_row el_id=\u00bbaranceles\u00bb][vc_column]<div class=\"wpb_content_element \"><style type=\"text\/css\" scoped>#ut_header_69f61ab244e05.pt-style-2 .page-title:after, #ut_header_69f61ab244e05.pt-style-2 .parallax-title:after, #ut_header_69f61ab244e05.pt-style-2 .section-title:after {background-color:!important;height: ;width: ;}<\/style><header id=\"ut_header_69f61ab244e05\" class=\"section-header pt-style-2 header-center\"><h2  class=\"section-title \"><span><strong>Aranceles:<\/strong><\/span><\/h2><\/header><\/div>[\/vc_column][\/vc_row][vc_row][vc_column width=\u00bb1\/4&#8243;][\/vc_column][vc_column width=\u00bb1\/4&#8243;][vc_column_text]<\/p>\n<p style=\"text-align: center;\">Si resid\u00eds en Argentina, el curso tiene un costo de:<\/p>\n<h2 style=\"text-align: center;\">$67.000.- Arg<\/h2>\n<p>[\/vc_column_text][\/vc_column][vc_column width=\u00bb1\/4&#8243;][vc_column_text]<\/p>\n<p style=\"text-align: center;\">Si resid\u00eds fuera de Argentina, el curso tiene un costo de:<\/p>\n<h2 style=\"text-align: center;\">70 USD<\/h2>\n<p>[\/vc_column_text][\/vc_column][vc_column width=\u00bb1\/4&#8243;][\/vc_column][\/vc_row][vc_row][vc_column]<style type=\"text\/css\" scoped>#bklyn_btn_69f61ab244e2f .bklyn-btn { border-radius:4px; background-color:#ffb800; }#bklyn_btn_69f61ab244e2f .bklyn-btn:hover{ color:#ffffff; background-color:#ff7200; }#bklyn_btn_69f61ab244e2f .bklyn-btn:focus{ color:#ffffff; background-color:#ff7200; }#bklyn_btn_69f61ab244e2f .bklyn-btn:active { color:#ffffff; background-color:#ff7200; }<\/style><div id=\"bklyn_btn_69f61ab244e2f\" class=\"bklyn-btn-holder  bklyn-btn-center\"><a title=\"\"   href=\"https:\/\/ef3331e6.sibforms.com\/serve\/MUIFAO7mr1zTzGk0pcyO3esCOGPn-CaVHNb5QlG_k4QKs7hyUbYTZ9vbuvj5H0GqwNuYhjP0hxDvpQDSZMRqYpAVRP9NsKT80VrI1Fu8GI78UxrEeoIj8ZKsr418cgpTXBpE4oDNg4_dUr-x9juqUTEYJR_OV-FXnAaRtVAkCxQkLfzj0maxi6v431BnlgJT9AzBmVvCENBTgYgz\" target=\"_self\" class=\"bklyn-btn  bklyn-btn-normal\" >QUIERO INSCRIBIRME<\/a><\/div><style type=\"text\/css\" scoped>#ut_custom_heading69f61ab244e5a { color:#000000; }#ut_custom_heading69f61ab244e5a a { color:#000000; }#ut_custom_heading69f61ab244e5a a:hover { color:#1e73be; }#ut_custom_heading69f61ab244e5a a:active { color:#1e73be; }#ut_custom_heading69f61ab244e5a a:focus { color:#1e73be; }#ut_custom_heading69f61ab244e5a { font-weight:bold; }#ut_custom_heading69f61ab244e5a { text-align:center; }<\/style><p id=\"ut_custom_heading69f61ab244e5a\" class=\"ut-custom-heading-module  \" ><span><a title=\"\" href=\"https:\/\/ef3331e6.sibforms.com\/serve\/MUIFAApPkvXbzR3VIlGWpYcI_G5M33Ksy1IA7UXaCtIwK1LR0N6G2CHHZx3TIviX_DCPhbGUkfMvmeqrdTvQftupX4M03d7ctyLQINzrFp-CpVU3FphNZeBFecqNGWppvkT2fbPq95IptiqR7Y0v1yHJDGtDd1tZg7DD4tVkYrLB5tgY-ENYuxdH8m51Q7V1Ke8JVSzl9uAn8p0W\" target=\"_self\" >\ud83c\udf81 Regal\u00e1 este curso<\/a><\/span><\/p>[\/vc_column][\/vc_row][\/vc_section][vc_section][vc_row][vc_column width=\u00bb1\/6&#8243;][\/vc_column][vc_column width=\u00bb2\/3&#8243;]<style type=\"text\/css\" scoped>#ut_custom_heading69f61ab244e77 { font-size:30px; }#ut_custom_heading69f61ab244e77 { font-weight:bold; }#ut_custom_heading69f61ab244e77 { text-align:center; }<\/style><h2 id=\"ut_custom_heading69f61ab244e77\" class=\"ut-custom-heading-module  \" ><span>\u00bfTen\u00e9s dudas?<\/span><\/h2><style type=\"text\/css\" scoped>#ut_custom_heading69f61ab244e86 { font-size:25px; }#ut_custom_heading69f61ab244e86 { font-weight:normal; }#ut_custom_heading69f61ab244e86 { text-align:center; }<\/style><h2 id=\"ut_custom_heading69f61ab244e86\" class=\"ut-custom-heading-module  \" ><span>Complet\u00e1 el siguiente formulario y te enviaremos m\u00e1s informaci\u00f3n<\/span><\/h2><div class=\"wpb_content_element \"><iframe loading=\"lazy\" style=\"display: block; margin-left: auto; margin-right: auto; max-width: 100%;\" src=\"https:\/\/ef3331e6.sibforms.com\/serve\/MUIFAIO-4n5K6JNtD2LxP1kcxzCWpl5FzuE40J-I6yx_nENJ9pzvEdKSa6mH42G2AUlEIqZZXt9KSdOYX_m9zuJh6SUYyNCoLdyKPwcFDKkLCXXufSNJcy6PI_CzEO4c6oaoY0F6PttiXlqPil_biWLBcekm0JwYgSf5U7ieGfOdWruAEiM28x6Ms3V9tWaBmhGs86-Il0-zhkg_\" width=\"540\" height=\"705\" frameborder=\"0\" scrolling=\"auto\" allowfullscreen=\"allowfullscreen\"><\/iframe><\/div>[\/vc_column][vc_column width=\u00bb1\/6&#8243;][\/vc_column][\/vc_row][\/vc_section]<\/p>\n<\/section>","protected":false},"excerpt":{"rendered":"<p>[vc_section css=\u00bb.vc_custom_1531359830548{border-bottom-width: 1px !important;}\u00bb][vc_row][vc_column width=\u00bb1\/4&#8243;][\/vc_column][vc_column width=\u00bb3\/4&#8243;][\/vc_column][\/vc_row][\/vc_section][vc_section][vc_row css=\u00bb.vc_custom_1631656872192{background-color: #efefef !important;}\u00bb][vc_column width=\u00bb1\/3&#8243;][vc_column_text] \u00a1Anotate ahora! Pod\u00e9s cursar cuando quieras [\/vc_column_text][\/vc_column][vc_column width=\u00bb1\/3&#8243;][vc_column_text] Dirigido a: Profesionales de la Salud Mental y estudiantes avanzados [\/vc_column_text][\/vc_column][vc_column width=\u00bb1\/3&#8243;][vc_column_text] ACCESO ILIMITADO POR 6 MESES [\/vc_column_text][\/vc_column][\/vc_row][vc_row][vc_column width=\u00bb1\/6&#8243;][\/vc_column][vc_column width=\u00bb2\/3&#8243;][vc_column_text] En este curso encontrar\u00e1s intervenciones eficaces para incorporar a la pr\u00e1ctica cl\u00ednica de la terapia de pareja [&hellip;]<\/p>\n","protected":false},"author":1,"featured_media":8149,"parent":0,"menu_order":0,"comment_status":"closed","ping_status":"closed","template":"","meta":{"footnotes":""},"acf":[],"_links":{"self":[{"href":"https:\/\/cpp.com.ar\/formacion\/wp-json\/wp\/v2\/pages\/8148"}],"collection":[{"href":"https:\/\/cpp.com.ar\/formacion\/wp-json\/wp\/v2\/pages"}],"about":[{"href":"https:\/\/cpp.com.ar\/formacion\/wp-json\/wp\/v2\/types\/page"}],"author":[{"embeddable":true,"href":"https:\/\/cpp.com.ar\/formacion\/wp-json\/wp\/v2\/users\/1"}],"replies":[{"embeddable":true,"href":"https:\/\/cpp.com.ar\/formacion\/wp-json\/wp\/v2\/comments?post=8148"}],"version-history":[{"count":27,"href":"https:\/\/cpp.com.ar\/formacion\/wp-json\/wp\/v2\/pages\/8148\/revisions"}],"predecessor-version":[{"id":9838,"href":"https:\/\/cpp.com.ar\/formacion\/wp-json\/wp\/v2\/pages\/8148\/revisions\/9838"}],"wp:featuredmedia":[{"embeddable":true,"href":"https:\/\/cpp.com.ar\/formacion\/wp-json\/wp\/v2\/media\/8149"}],"wp:attachment":[{"href":"https:\/\/cpp.com.ar\/formacion\/wp-json\/wp\/v2\/media?parent=8148"}],"curies":[{"name":"wp","href":"https:\/\/api.w.org\/{rel}","templated":true}]}}