{"id":8134,"date":"2023-09-27T18:10:47","date_gmt":"2023-09-27T21:10:47","guid":{"rendered":"https:\/\/cpp.com.ar\/formacion\/?page_id=8134"},"modified":"2024-04-18T13:57:34","modified_gmt":"2024-04-18T16:57:34","slug":"realidad-virtual-en-psicoterapia","status":"publish","type":"page","link":"https:\/\/cpp.com.ar\/formacion\/realidad-virtual-en-psicoterapia\/","title":{"rendered":"Realidad Virtual en Psicoterapia"},"content":{"rendered":"<section class=\"wpb-content-wrapper\"><p>[vc_section css=\u00bb.vc_custom_1531359830548{border-bottom-width: 1px !important;}\u00bb][vc_row][vc_column width=\u00bb1\/4&#8243;]<div  class=\"wpb_content_element   clearfix\"><div id=\"ut_am_wrap_69e44712e4fd9\" class=\"ut-image-gallery-image \" style=\"text-align:center;\"><div class=\"ut-animated-image-item ut-image-gallery-item ut-animation-done\"><a class=\"ut-deactivated-link\" href=\"#\"><img title=\"Realidad virtual\" id=\"ut_am_69e44712e4fd7\" style=\"\" src=\"https:\/\/cpp.com.ar\/formacion\/wp-content\/uploads\/sites\/3\/2023\/09\/articulos-newsletter-300-x-350-px-2.jpg\" width=\"300\" height=\"350\" alt=\"mujer con casco de realidad virtual\"\/><\/a><\/div><\/div><\/div>[\/vc_column][vc_column width=\u00bb3\/4&#8243;]<div class=\"wpb_content_element \"><style type=\"text\/css\" scoped>#ut_header_69e44712e520a h2 span { color:#000000; }#ut_header_69e44712e520a h2.section-title { font-size: 25px; }#ut_header_69e44712e520a.pt-style-2 .page-title:after, #ut_header_69e44712e520a.pt-style-2 .parallax-title:after, #ut_header_69e44712e520a.pt-style-2 .section-title:after {background-color: #000000 !important;height: ;width: ;}<\/style><header id=\"ut_header_69e44712e520a\" class=\"section-header pt-style-2 header-left\"><h2  class=\"section-title \"><span>La Realidad Virtual es una tecnolog\u00eda inform\u00e1tica que permite la creaci\u00f3n de objetos y escenarios de apariencia real.<\/span><\/h2><div data-delay=\"0\" class=\"lead \"><p>Actualmente se pueden tratar todo tipo de fobias con ayuda de la realidad virtual: miedo a las agujas, a subir a un avi\u00f3n, a los espacios cerrados, a las alturas, entre otras cosas. Tambi\u00e9n se utiliza para tratar otros trastornos como el estr\u00e9s post traum\u00e1tico, el trastorno obsesivo compulsivo, depresi\u00f3n, bipolaridad, adicciones, entre otros. Incluso, resulta beneficioso en el trabajo con personas con autismo.<\/p>\n<\/div><\/header><\/div><style type=\"text\/css\" scoped>#bklyn_btn_69e44712e52bb .bklyn-btn { border-radius:4px; background-color:#ffb800; }#bklyn_btn_69e44712e52bb .bklyn-btn:hover{ color:#ffffff; background-color:#ff7506; }#bklyn_btn_69e44712e52bb .bklyn-btn:focus{ color:#ffffff; background-color:#ff7506; }#bklyn_btn_69e44712e52bb .bklyn-btn:active { color:#ffffff; background-color:#ff7506; }<\/style><div id=\"bklyn_btn_69e44712e52bb\" class=\"bklyn-btn-holder  bklyn-btn-left\"><a title=\"\"   href=\"\" target=\"_self\" class=\"bklyn-btn bklyn-btn-full bklyn-btn-normal\" >INSCRIPCIONES CERRADAS<\/a><\/div>[\/vc_column][\/vc_row][\/vc_section][vc_section][vc_row css=\u00bb.vc_custom_1631656872192{background-color: #efefef !important;}\u00bb][vc_column width=\u00bb1\/3&#8243;]<div class=\"wpb_content_element \"><div id=\"utbx_o_69e44712e5337\" class=\"ut-service-icon-box  clearfix  ut-service-icon-box-center\"><style type=\"text\/css\" scoped>#utbx_69e44712e5336 { background:#00cdb5; }#utbx_69e44712e5336:hover { background: #2FC0D7; } #utbx_69e44712e5336:after { box-shadow: 0 0 0 4px #2FC0D7; } <\/style><div class=\"ut-highlight-icon-wrap ut-highlight-icon-effect\"><a id=\"utbx_69e44712e5336\" data-id=\"utbx_69e44712e5336\" data-hovercolor=\"#2FC0D7\"  data-effect=\"fadeInRight\" data-animateonce=\"yes\" data-delay=\"0\" class=\"ut-highlight-icon ut-animate-element animated ut-no-animation-tablet ut-no-animation-mobile fa fa-calendar\" href=\"#\" target=\"_blank\"><\/a><\/div><\/div><\/div>[vc_column_text]<\/p>\n<h4 style=\"text-align: center;\"><strong>\u00a1Anotate ahora! Pod\u00e9s cursar cuando quieras<\/strong><\/h4>\n<p>[\/vc_column_text][\/vc_column][vc_column width=\u00bb1\/3&#8243;]<div class=\"wpb_content_element \"><div id=\"utbx_o_69e44712e539c\" class=\"ut-service-icon-box  clearfix  ut-service-icon-box-center\"><style type=\"text\/css\" scoped>#utbx_69e44712e539b { background:#00cdb5; }#utbx_69e44712e539b:hover { background: #2FC0D7; } #utbx_69e44712e539b:after { box-shadow: 0 0 0 4px #2FC0D7; } <\/style><div class=\"ut-highlight-icon-wrap ut-highlight-icon-effect\"><a id=\"utbx_69e44712e539b\" data-id=\"utbx_69e44712e539b\" data-hovercolor=\"#2FC0D7\"  data-effect=\"fadeInRight\" data-animateonce=\"yes\" data-delay=\"0\" class=\"ut-highlight-icon ut-animate-element animated ut-no-animation-tablet ut-no-animation-mobile fa fa-users\" href=\"#\" target=\"_blank\"><\/a><\/div><\/div><\/div>[vc_column_text]<\/p>\n<h4 style=\"text-align: center;\">Dirigido a:<\/h4>\n<h4 style=\"text-align: center;\">Profesionales de la Salud Mental y estudiantes avanzados<\/h4>\n<p>[\/vc_column_text][\/vc_column][vc_column width=\u00bb1\/3&#8243;]<div class=\"wpb_content_element \"><div id=\"utbx_o_69e44712e53ed\" class=\"ut-service-icon-box  clearfix  ut-service-icon-box-center\"><style type=\"text\/css\" scoped>#utbx_69e44712e53ec { background:#00cdb5; }#utbx_69e44712e53ec:hover { background: #2FC0D7; } #utbx_69e44712e53ec:after { box-shadow: 0 0 0 4px #2FC0D7; } <\/style><div class=\"ut-highlight-icon-wrap ut-highlight-icon-effect\"><a id=\"utbx_69e44712e53ec\" data-id=\"utbx_69e44712e53ec\" data-hovercolor=\"#2FC0D7\"  data-effect=\"fadeInRight\" data-animateonce=\"yes\" data-delay=\"0\" class=\"ut-highlight-icon ut-animate-element animated ut-no-animation-tablet ut-no-animation-mobile fa fa-paper-plane-o\" href=\"#\" target=\"_blank\"><\/a><\/div><\/div><\/div>[vc_column_text]<\/p>\n<h4 style=\"text-align: center;\">INSCRIPCIONES CERRADAS<\/h4>\n<p>[\/vc_column_text][\/vc_column][\/vc_row][vc_row][vc_column width=\u00bb1\/6&#8243;][\/vc_column][vc_column width=\u00bb2\/3&#8243;][vc_column_text]<\/p>\n<h3>La realidad virtual puede emplear una t\u00e9cnica conocida como VRET (Virtual Reality Exposure Therapy)<\/h3>\n<ul>\n<li>Permite reproducir entornos v\u00edvidos totalmente controlables por el profesional a cargo<\/li>\n<li>Expone a los pacientes a situaciones temidas para aprender a afrontar fobias o miedos de la forma m\u00e1s segura y c\u00f3moda<\/li>\n<li>Implementa t\u00e9cnicas de relajaci\u00f3n, acelerando el proceso terap\u00e9utico<\/li>\n<\/ul>\n<p>[\/vc_column_text][vc_empty_space]<div class=\"wpb_content_element \"><style type=\"text\/css\" scoped>#ut_header_69e44712e5430.pt-style-2 .page-title:after, #ut_header_69e44712e5430.pt-style-2 .parallax-title:after, #ut_header_69e44712e5430.pt-style-2 .section-title:after {background-color:!important;height: ;width: ;}<\/style><header id=\"ut_header_69e44712e5430\" class=\"section-header pt-style-2 header-center\"><h2  class=\"section-title \"><span><strong>Contenidos:<\/strong><\/span><\/h2><\/header><\/div>[vc_column_text]<\/p>\n<h3>Unidades tem\u00e1ticas:<\/h3>\n<hr \/>\n<h3>01:\u00a0Conceptualizaci\u00f3n, relajaci\u00f3n, mindfulness.<\/h3>\n<h3>02:\u00a0Miedo a volar, claustrofobia.<\/h3>\n<h3>03:\u00a0Miedo a las agujas, miedo a los animales.<\/h3>\n<h3>04: Bullying, ansiedad ante los ex\u00e1menes.<\/h3>\n<h3>05:\u00a0Ansiedad social, miedo a hablar en p\u00fablico.<\/h3>\n<h3>06: TCA, integraci\u00f3n de escenarios.<\/h3>\n<p>[\/vc_column_text]<style type=\"text\/css\" scoped>#bklyn_btn_69e44712e5474 .bklyn-btn { border-radius:4px; background-color:#ffb800; }#bklyn_btn_69e44712e5474 .bklyn-btn:hover{ color:#ffffff; background-color:#ff7200; }#bklyn_btn_69e44712e5474 .bklyn-btn:focus{ color:#ffffff; background-color:#ff7200; }#bklyn_btn_69e44712e5474 .bklyn-btn:active { color:#ffffff; background-color:#ff7200; }<\/style><div id=\"bklyn_btn_69e44712e5474\" class=\"bklyn-btn-holder  bklyn-btn-center\"><a title=\"\"   href=\"\" target=\"_self\" class=\"bklyn-btn  bklyn-btn-normal\" >INSCRIPCIONES CERRADAS<\/a><\/div>[\/vc_column][vc_column width=\u00bb1\/6&#8243;][\/vc_column][\/vc_row][\/vc_section][vc_section css=\u00bb.vc_custom_1695152492285{background-color: #f4f4f4 !important;}\u00bb][vc_row][vc_column]<div class=\"wpb_content_element \"><style type=\"text\/css\" scoped>#ut_header_69e44712e5670 h2 span { color:#000000; }#ut_header_69e44712e5670 h2.section-title { font-size: 25px; }#ut_header_69e44712e5670.pt-style-2 .page-title:after, #ut_header_69e44712e5670.pt-style-2 .parallax-title:after, #ut_header_69e44712e5670.pt-style-2 .section-title:after {background-color: #000000 !important;height: ;width: ;}<\/style><header id=\"ut_header_69e44712e5670\" class=\"section-header pt-style-2 header-center\"><h2  class=\"section-title \"><span><strong>Modalidad del curso<\/strong><\/span><\/h2><\/header><\/div>[\/vc_column][\/vc_row][vc_row][vc_column width=\u00bb1\/3&#8243;]<div class=\"wpb_content_element \"><style type=\"text\/css\" scoped><\/style><div id=\"ut_sc_69e44712e56bb\"  class=\"ut-horizontal-style-align-left  clearfix \" ><figure class=\"ut-service-icon ut-service-icon-medium ut-service-icon-normal \"><i style=\"color: #2FC0D7;\" class=\"fa fa fa-video-camera\"><\/i><\/figure><div class=\"ut-service-column ut-service-column-horiz\" ><h3>Clases videograbadas<\/h3><p>Visualiz\u00e1 las clases en cualquier momento del d\u00eda durante todo el curso.<\/p><\/div><\/div><\/div>[\/vc_column][vc_column width=\u00bb1\/3&#8243;]<div class=\"wpb_content_element \"><style type=\"text\/css\" scoped><\/style><div id=\"ut_sc_69e44712e5701\"  class=\"ut-horizontal-style-align-left  clearfix \" ><figure class=\"ut-service-icon ut-service-icon-medium ut-service-icon-normal \"><i style=\"color: #2FC0D7;\" class=\"fa fa fa-certificate\"><\/i><\/figure><div class=\"ut-service-column ut-service-column-horiz\" ><h3>Examen final y Certificado<\/h3><p>Al finalizar el curso tendr\u00e1s la posibilidad de rendir un examen final y un certificado de participaci\u00f3n a tu nombre.<\/p><\/div><\/div><\/div>[\/vc_column][vc_column width=\u00bb1\/3&#8243;]<div class=\"wpb_content_element \"><style type=\"text\/css\" scoped><\/style><div id=\"ut_sc_69e44712e5733\"  class=\"ut-horizontal-style-align-left  clearfix \" ><figure class=\"ut-service-icon ut-service-icon-medium ut-service-icon-normal \"><i style=\"color: #2FC0D7;\" class=\"fa fa fa-question-circle\"><\/i><\/figure><div class=\"ut-service-column ut-service-column-horiz\" ><h3>Mesa de ayuda<\/h3><p>Cont\u00e1 con apoyo t\u00e9cnico permanente a lo largo de toda la cursada.<\/p><\/div><\/div><\/div>[\/vc_column][\/vc_row][\/vc_section][vc_section][vc_row][vc_column]<div class=\"wpb_content_element \"><style type=\"text\/css\" scoped>#ut_header_69e44712e5768.pt-style-2 .page-title:after, #ut_header_69e44712e5768.pt-style-2 .parallax-title:after, #ut_header_69e44712e5768.pt-style-2 .section-title:after {background-color:!important;height: ;width: ;}<\/style><header id=\"ut_header_69e44712e5768\" class=\"section-header pt-style-2 header-center\"><h2  class=\"section-title \"><span><strong>Docente:<\/strong><\/span><\/h2><\/header><\/div>[\/vc_column][\/vc_row][vc_row][vc_column width=\u00bb1\/6&#8243;][\/vc_column][vc_column width=\u00bb2\/3&#8243;]<div class=\"wpb_content_element   clearfix\">            \r\n            <script type=\"text\/javascript\">\r\n                \r\n                (function($){\r\n                    \r\n                    $(document).ready(function(){\r\n                        \r\n                                                                        \r\n                        function get_animated_objects( $all_appeared_elements, effect ) {\r\n                            \r\n                            var counter = 0;\r\n                            \r\n                            $all_appeared_elements.each(function(){\r\n                                        \r\n                                if( $(this).hasClass(effect) ) {\r\n\r\n                                    counter++;\r\n\r\n                                }\r\n\r\n                            });\r\n                            \r\n                            return counter;\r\n                            \r\n                        }\r\n                        \r\n                          \r\n                    });\r\n                        \r\n                })(jQuery);\r\n            \r\n            <\/script>\r\n            \r\n            <style type=\"text\/css\" scoped>#ut_ig_69e44712e57a5 .ut-lazy:not(.ut-image-loaded) + .ut-video-module-loading { display:block; }#ut_ig_69e44712e57a5 .ut-lazy.ut-image-loaded + .ut-video-module-loading { display:none; }<\/style><div id=\"ut_ig_69e44712e57a5\" class=\"ut-image-gallery  clearfix\"><div  data-count=\"1\" class=\"ut-image-gallery-item ut-animation-done grid-100 tablet-grid-100 mobile-grid-100 \"><a  class=\"ut-vc-images-lightbox\"  data-exthumbimage=\"https:\/\/cpp.com.ar\/formacion\/wp-content\/uploads\/sites\/3\/2023\/09\/foto_gustavo-150x150.jpg\" href=\"https:\/\/cpp.com.ar\/formacion\/wp-content\/uploads\/sites\/3\/2023\/09\/foto_gustavo.jpg\"><div class=\"ut-image-gallery-image\"><img  class=\"\" src=\"https:\/\/cpp.com.ar\/formacion\/wp-content\/uploads\/sites\/3\/2023\/09\/foto_gustavo-100x100.jpg\" width=\"100\" height=\"100\"><\/div><\/a><\/div><div class=\"clear\"><\/div><\/div><\/div>[vc_column_text]<\/p>\n<h3 style=\"text-align: center;\">Lic.\u00a0 Gustavo Seitheff<\/h3>\n<p style=\"text-align: center;\">Psic\u00f3logo (M.P 95.512), es egresado de la Facultad de Psicolog\u00eda de la Universidad de Buenos\u00a0Aires, con Posgrado de Especializaci\u00f3n en Psicoterapia Sist\u00e9mica, Cognitivo-Conductual (Instituto Gregory Bateson) y\u00a0 Posgrado de la Asociaci\u00f3n Argentina de Trastornos por Ansiedad (A.A.T.A). Dentro de la especializaci\u00f3n de la Realidad Virtual cuenta con el \u00abCurso avanzado sobre el uso de Realidad Virtual en Psicoterapia\u00bb, \u00abCertificado de especializaci\u00f3n en el uso de las nuevas herramientas para el trabajo de telepsicolog\u00eda y Realidad Virtual\u00bb (Psious). As\u00ed mismo, es coordinador del Equipo de Realidad Virtual del Centro Privado de Psicoterapias.<\/p>\n<p>[\/vc_column_text][\/vc_column][vc_column width=\u00bb1\/6&#8243;][\/vc_column][\/vc_row][\/vc_section]<\/p>\n<\/section>","protected":false},"excerpt":{"rendered":"<p>[vc_section css=\u00bb.vc_custom_1531359830548{border-bottom-width: 1px !important;}\u00bb][vc_row][vc_column width=\u00bb1\/4&#8243;][\/vc_column][vc_column width=\u00bb3\/4&#8243;][\/vc_column][\/vc_row][\/vc_section][vc_section][vc_row css=\u00bb.vc_custom_1631656872192{background-color: #efefef !important;}\u00bb][vc_column width=\u00bb1\/3&#8243;][vc_column_text] \u00a1Anotate ahora! Pod\u00e9s cursar cuando quieras [\/vc_column_text][\/vc_column][vc_column width=\u00bb1\/3&#8243;][vc_column_text] Dirigido a: Profesionales de la Salud Mental y estudiantes avanzados [\/vc_column_text][\/vc_column][vc_column width=\u00bb1\/3&#8243;][vc_column_text] INSCRIPCIONES CERRADAS [\/vc_column_text][\/vc_column][\/vc_row][vc_row][vc_column width=\u00bb1\/6&#8243;][\/vc_column][vc_column width=\u00bb2\/3&#8243;][vc_column_text] La realidad virtual puede emplear una t\u00e9cnica conocida como VRET (Virtual Reality Exposure Therapy) Permite reproducir entornos v\u00edvidos totalmente controlables [&hellip;]<\/p>\n","protected":false},"author":1,"featured_media":8135,"parent":0,"menu_order":0,"comment_status":"closed","ping_status":"closed","template":"","meta":{"footnotes":""},"acf":[],"_links":{"self":[{"href":"https:\/\/cpp.com.ar\/formacion\/wp-json\/wp\/v2\/pages\/8134"}],"collection":[{"href":"https:\/\/cpp.com.ar\/formacion\/wp-json\/wp\/v2\/pages"}],"about":[{"href":"https:\/\/cpp.com.ar\/formacion\/wp-json\/wp\/v2\/types\/page"}],"author":[{"embeddable":true,"href":"https:\/\/cpp.com.ar\/formacion\/wp-json\/wp\/v2\/users\/1"}],"replies":[{"embeddable":true,"href":"https:\/\/cpp.com.ar\/formacion\/wp-json\/wp\/v2\/comments?post=8134"}],"version-history":[{"count":10,"href":"https:\/\/cpp.com.ar\/formacion\/wp-json\/wp\/v2\/pages\/8134\/revisions"}],"predecessor-version":[{"id":8371,"href":"https:\/\/cpp.com.ar\/formacion\/wp-json\/wp\/v2\/pages\/8134\/revisions\/8371"}],"wp:featuredmedia":[{"embeddable":true,"href":"https:\/\/cpp.com.ar\/formacion\/wp-json\/wp\/v2\/media\/8135"}],"wp:attachment":[{"href":"https:\/\/cpp.com.ar\/formacion\/wp-json\/wp\/v2\/media?parent=8134"}],"curies":[{"name":"wp","href":"https:\/\/api.w.org\/{rel}","templated":true}]}}