{"id":8122,"date":"2023-09-20T15:16:18","date_gmt":"2023-09-20T18:16:18","guid":{"rendered":"https:\/\/cpp.com.ar\/formacion\/?page_id=8122"},"modified":"2026-01-07T12:18:55","modified_gmt":"2026-01-07T15:18:55","slug":"orientacion-vocacional","status":"publish","type":"page","link":"https:\/\/cpp.com.ar\/formacion\/orientacion-vocacional\/","title":{"rendered":"Orientaci\u00f3n vocacional desde una perspectiva de proyecto de vida"},"content":{"rendered":"<section class=\"wpb-content-wrapper\"><p>[vc_section css=\u00bb.vc_custom_1531359830548{border-bottom-width: 1px !important;}\u00bb][vc_row][vc_column width=\u00bb1\/4&#8243;]<div  class=\"wpb_content_element   clearfix\"><div id=\"ut_am_wrap_69d67752c4f28\" class=\"ut-image-gallery-image \" style=\"text-align:center;\"><div class=\"ut-animated-image-item ut-image-gallery-item ut-animation-done\"><a class=\"ut-deactivated-link\" href=\"#\"><img title=\"OVA\" id=\"ut_am_69d67752c4f27\" style=\"\" src=\"https:\/\/cpp.com.ar\/formacion\/wp-content\/uploads\/sites\/3\/2023\/09\/ova.jpg\" width=\"300\" height=\"350\" alt=\"pies viendo a dos flechas en direcciones diferentes\"\/><\/a><\/div><\/div><\/div>[\/vc_column][vc_column width=\u00bb3\/4&#8243;]<div class=\"wpb_content_element \"><style type=\"text\/css\" scoped>#ut_header_69d67752c509b h2 span { color:#000000; }#ut_header_69d67752c509b h2.section-title { font-size: 25px; }#ut_header_69d67752c509b.pt-style-2 .page-title:after, #ut_header_69d67752c509b.pt-style-2 .parallax-title:after, #ut_header_69d67752c509b.pt-style-2 .section-title:after {background-color: #000000 !important;height: ;width: ;}<\/style><header id=\"ut_header_69d67752c509b\" class=\"section-header pt-style-2 header-left\"><h2  class=\"section-title \"><span>El curso de orientaci\u00f3n vocacional brinda las herramientas y un marco te\u00f3rico que facilita la puesta en pr\u00e1ctica de procesos \u00e1giles, din\u00e1micos, que den respuesta a las expectativas de los consultantes.<\/span><\/h2><div data-delay=\"0\" class=\"lead \"><p>Aprender\u00e1s a dirigir un proceso de orientaci\u00f3n vocacional desde una perspectiva integradora y sist\u00e9mica. Conocer\u00e1s y lograr\u00e1s interpretar la informaci\u00f3n que te brindan las principales t\u00e9cnicas de exploraci\u00f3n psicol\u00f3gica. A trav\u00e9s de ellas podr\u00e1s profundizar junto a las entrevistas semidirigidas en el perfil del joven y su entorno para llegar a trav\u00e9s de la orientaci\u00f3n a una decisi\u00f3n vocacional satisfactoria.<\/p>\n<\/div><\/header><\/div><style type=\"text\/css\" scoped>#bklyn_btn_69d67752c5106 .bklyn-btn { border-radius:4px; background-color:#ffb800; }#bklyn_btn_69d67752c5106 .bklyn-btn:hover{ color:#ffffff; background-color:#ff7506; }#bklyn_btn_69d67752c5106 .bklyn-btn:focus{ color:#ffffff; background-color:#ff7506; }#bklyn_btn_69d67752c5106 .bklyn-btn:active { color:#ffffff; background-color:#ff7506; }<\/style><div id=\"bklyn_btn_69d67752c5106\" class=\"bklyn-btn-holder  bklyn-btn-left\"><a title=\"\"   href=\"#aranceles\" target=\"_self\" class=\"bklyn-btn bklyn-btn-full bklyn-btn-normal\" >INSCRIBITE AL CURSO<\/a><\/div><style type=\"text\/css\" scoped>#ut_custom_heading69d67752c513d { color:#000000; }#ut_custom_heading69d67752c513d a { color:#000000; }#ut_custom_heading69d67752c513d a:hover { color:#1e73be; }#ut_custom_heading69d67752c513d a:active { color:#1e73be; }#ut_custom_heading69d67752c513d a:focus { color:#1e73be; }#ut_custom_heading69d67752c513d { font-weight:bold; }#ut_custom_heading69d67752c513d { text-align:left; }<\/style><p id=\"ut_custom_heading69d67752c513d\" class=\"ut-custom-heading-module  \" ><span><a title=\"\" href=\"https:\/\/ef3331e6.sibforms.com\/serve\/MUIFAApPkvXbzR3VIlGWpYcI_G5M33Ksy1IA7UXaCtIwK1LR0N6G2CHHZx3TIviX_DCPhbGUkfMvmeqrdTvQftupX4M03d7ctyLQINzrFp-CpVU3FphNZeBFecqNGWppvkT2fbPq95IptiqR7Y0v1yHJDGtDd1tZg7DD4tVkYrLB5tgY-ENYuxdH8m51Q7V1Ke8JVSzl9uAn8p0W\" target=\"_self\" >\ud83c\udf81 Regal\u00e1 este cruso<\/a><\/span><\/p>[\/vc_column][\/vc_row][\/vc_section][vc_section][vc_row css=\u00bb.vc_custom_1631656872192{background-color: #efefef !important;}\u00bb][vc_column width=\u00bb1\/3&#8243;]<div class=\"wpb_content_element \"><div id=\"utbx_o_69d67752c5177\" class=\"ut-service-icon-box  clearfix  ut-service-icon-box-center\"><style type=\"text\/css\" scoped>#utbx_69d67752c5176 { background:#00cdb5; }#utbx_69d67752c5176:hover { background: #2FC0D7; } #utbx_69d67752c5176:after { box-shadow: 0 0 0 4px #2FC0D7; } <\/style><div class=\"ut-highlight-icon-wrap ut-highlight-icon-effect\"><a id=\"utbx_69d67752c5176\" data-id=\"utbx_69d67752c5176\" data-hovercolor=\"#2FC0D7\"  data-effect=\"fadeInRight\" data-animateonce=\"yes\" data-delay=\"0\" class=\"ut-highlight-icon ut-animate-element animated ut-no-animation-tablet ut-no-animation-mobile fa fa-calendar\" href=\"#\" target=\"_blank\"><\/a><\/div><\/div><\/div>[vc_column_text]<\/p>\n<h4 style=\"text-align: center;\"><strong>\u00a1Anotate ahora! Pod\u00e9s cursar cuando quieras<\/strong><\/h4>\n<p>[\/vc_column_text][\/vc_column][vc_column width=\u00bb1\/3&#8243;]<div class=\"wpb_content_element \"><div id=\"utbx_o_69d67752c51ce\" class=\"ut-service-icon-box  clearfix  ut-service-icon-box-center\"><style type=\"text\/css\" scoped>#utbx_69d67752c51cd { background:#00cdb5; }#utbx_69d67752c51cd:hover { background: #2FC0D7; } #utbx_69d67752c51cd:after { box-shadow: 0 0 0 4px #2FC0D7; } <\/style><div class=\"ut-highlight-icon-wrap ut-highlight-icon-effect\"><a id=\"utbx_69d67752c51cd\" data-id=\"utbx_69d67752c51cd\" data-hovercolor=\"#2FC0D7\"  data-effect=\"fadeInRight\" data-animateonce=\"yes\" data-delay=\"0\" class=\"ut-highlight-icon ut-animate-element animated ut-no-animation-tablet ut-no-animation-mobile fa fa-users\" href=\"#\" target=\"_blank\"><\/a><\/div><\/div><\/div>[vc_column_text]<\/p>\n<h4 style=\"text-align: center;\">Dirigido a:<\/h4>\n<h4 style=\"text-align: center;\">Profesionales de la Salud Mental y estudiantes avanzados*<\/h4>\n<p style=\"text-align: center;\"><em>Se recomienda haber cursado las materias de evaluaci\u00f3n psicol\u00f3gica<\/em><\/p>\n<p>[\/vc_column_text][\/vc_column][vc_column width=\u00bb1\/3&#8243;]<div class=\"wpb_content_element \"><div id=\"utbx_o_69d67752c51f3\" class=\"ut-service-icon-box  clearfix  ut-service-icon-box-center\"><style type=\"text\/css\" scoped>#utbx_69d67752c51f2 { background:#00cdb5; }#utbx_69d67752c51f2:hover { background: #2FC0D7; } #utbx_69d67752c51f2:after { box-shadow: 0 0 0 4px #2FC0D7; } <\/style><div class=\"ut-highlight-icon-wrap ut-highlight-icon-effect\"><a id=\"utbx_69d67752c51f2\" data-id=\"utbx_69d67752c51f2\" data-hovercolor=\"#2FC0D7\"  data-effect=\"fadeInRight\" data-animateonce=\"yes\" data-delay=\"0\" class=\"ut-highlight-icon ut-animate-element animated ut-no-animation-tablet ut-no-animation-mobile fa fa-paper-plane-o\" href=\"#\" target=\"_blank\"><\/a><\/div><\/div><\/div>[vc_column_text]<\/p>\n<h4 style=\"text-align: center;\">ACCESO ILIMITADO POR 6 MESES<\/h4>\n<p>[\/vc_column_text][\/vc_column][\/vc_row][vc_row][vc_column width=\u00bb1\/6&#8243;][\/vc_column][vc_column width=\u00bb2\/3&#8243;][vc_column_text]<\/p>\n<p style=\"text-align: center;\"><strong>La orientaci\u00f3n vocacional es uno de los campos m\u00e1s f\u00e9rtiles de trabajo para los profesionales<\/strong><\/p>\n<p style=\"text-align: center;\"><span class=\"fe5nidar khvhiq1o r5qsrrlp i5tg98hk f9ovudaz przvwfww gx1rr48f gfz4du6o r7fjleex nz2484kf svot0ezm dcnh1tix sxl192xd t3g6t33p\"><span class=\"mpj7bzys xzlurrtv\">\u26a0\ufe0f<\/span><\/span>Este curso cubre la teor\u00eda relacionada con t\u00e9cnicas de evaluaci\u00f3n espec\u00edficas. Cada alumno deber\u00e1 adquirir por separado los materiales adicionales, como pueden ser pruebas o recursos de evaluaci\u00f3n.<\/p>\n<p>[\/vc_column_text][vc_empty_space]<div class=\"wpb_content_element \"><style type=\"text\/css\" scoped>#ut_header_69d67752c5212.pt-style-2 .page-title:after, #ut_header_69d67752c5212.pt-style-2 .parallax-title:after, #ut_header_69d67752c5212.pt-style-2 .section-title:after {background-color:!important;height: ;width: ;}<\/style><header id=\"ut_header_69d67752c5212\" class=\"section-header pt-style-2 header-center\"><h2  class=\"section-title \"><span><strong>Contenidos:<\/strong><\/span><\/h2><\/header><\/div><div class=\"wpb_content_element \"><style type=\"text\/css\" scoped>#ut_accordion_69d67752c5233 .ut-accordion-module-item.open .ut-accordion-module-heading { color: #2FC0D7 }#ut_accordion_69d67752c5233 .ut-accordion-module-heading:hover { color: #2FC0D7 }#ut_accordion_69d67752c5233 .ut-accordion-module-heading:active { color: #2FC0D7 }#ut_accordion_69d67752c5233 .ut-accordion-module-heading:focus { color: #2FC0D7 }#ut_accordion_69d67752c5233 .ut-accordion-module-item { border-top-style:solid; }#ut_accordion_69d67752c5233 .ut-accordion-module-item:last-child { border-top-style:solid; }#ut_accordion_69d67752c5233 .ut-accordion-module-heading::before { -webkit-border-radius: 50%; -moz-border-radius: 50%; border-radius: 50%; }<\/style>                \r\n                <script type=\"text\/javascript\">\r\n                \r\n                    (function($){\r\n                                                \r\n                        $(document).ready(function(){\r\n                            \r\n                            $('#ut_accordion_69d67752c5233 [data-accordion]').accordion({\r\n                                \"transitionSpeed\"  : 400,\r\n                                \"singleOpen\"       : true,\r\n                                \"transitionEasing\" : \"ease\",\r\n                            });                            \r\n                    \r\n                        });\r\n                            \r\n                    })(jQuery);\r\n            \r\n                <\/script>\r\n                \r\n            <div id=\"ut_accordion_69d67752c5233\" data-accordion-group class=\"ut-accordion-module  ut-accordion-module-with-counter ut-accordion-module-with-border\"><div data-accordion class=\"ut-accordion-module-item \"><h3 data-control class=\"ut-accordion-module-heading\" data-counter=\"1\">Introducci\u00f3n a la orientaci\u00f3n vocacional<\/h3><div data-content class=\"ut-accordion-module-content\"><div class=\"ut-accordion-module-inner entry-content clearfix\"><\/p>\n<ul>\n<li>Preguntas para contextualizar<\/li>\n<li>Paradigma y Enfoque con el que abordamos la Orientaci\u00f3n Vocacional<\/li>\n<li>Factores que influyen en la Elecci\u00f3n Vocacional<\/li>\n<\/ul>\n<p><\/div><\/div><\/div><div data-accordion class=\"ut-accordion-module-item \"><h3 data-control class=\"ut-accordion-module-heading\" data-counter=\"2\">Organizaci\u00f3n y estructura del proceso de orientaci\u00f3n Vocacional<\/h3><div data-content class=\"ut-accordion-module-content\"><div class=\"ut-accordion-module-inner entry-content clearfix\"><\/p>\n<ul>\n<li>Formato y pasos del proceso. ejes y planos de trabajo.<\/li>\n<li>Herramientas: entrevistas y t\u00e9cnicas de evaluaci\u00f3n<\/li>\n<li>T\u00e9cnicas de evaluaci\u00f3n: bender, gr\u00e1ficos: test de las dos personas, pareja educativa, familia<\/li>\n<\/ul>\n<p><\/div><\/div><\/div><div data-accordion class=\"ut-accordion-module-item \"><h3 data-control class=\"ut-accordion-module-heading\" data-counter=\"3\">T\u00e9cnicas de exploraci\u00f3n psicol\u00f3gica<\/h3><div data-content class=\"ut-accordion-module-content\"><div class=\"ut-accordion-module-inner entry-content clearfix\"><\/p>\n<ul>\n<li>TCF-OV<\/li>\n<li>CIP<\/li>\n<li>DAT<\/li>\n<\/ul>\n<p><\/div><\/div><\/div><div data-accordion class=\"ut-accordion-module-item \"><h3 data-control class=\"ut-accordion-module-heading\" data-counter=\"4\">Final del proceso<\/h3><div data-content class=\"ut-accordion-module-content\"><div class=\"ut-accordion-module-inner entry-content clearfix\"><\/p>\n<ul>\n<li>Integraci\u00f3n de la informaci\u00f3n<\/li>\n<li>Cierre del Proceso<\/li>\n<li>Entrevistas de devoluci\u00f3n<\/li>\n<\/ul>\n<p><\/div><\/div><\/div><\/div><\/div><style type=\"text\/css\" scoped>#bklyn_btn_69d67752c52dc .bklyn-btn { border-radius:4px; background-color:#ffb800; }#bklyn_btn_69d67752c52dc .bklyn-btn:hover{ color:#ffffff; background-color:#ff7200; }#bklyn_btn_69d67752c52dc .bklyn-btn:focus{ color:#ffffff; background-color:#ff7200; }#bklyn_btn_69d67752c52dc .bklyn-btn:active { color:#ffffff; background-color:#ff7200; }<\/style><div id=\"bklyn_btn_69d67752c52dc\" class=\"bklyn-btn-holder  bklyn-btn-center\"><a title=\"\"   href=\"#aranceles\" target=\"_self\" class=\"bklyn-btn  bklyn-btn-normal\" >INSCRIBITE AL CURSO<\/a><\/div><style type=\"text\/css\" scoped>#ut_custom_heading69d67752c531d { color:#000000; }#ut_custom_heading69d67752c531d a { color:#000000; }#ut_custom_heading69d67752c531d a:hover { color:#1e73be; }#ut_custom_heading69d67752c531d a:active { color:#1e73be; }#ut_custom_heading69d67752c531d a:focus { color:#1e73be; }#ut_custom_heading69d67752c531d { font-weight:bold; }#ut_custom_heading69d67752c531d { text-align:center; }<\/style><p id=\"ut_custom_heading69d67752c531d\" class=\"ut-custom-heading-module  \" ><span><a title=\"\" href=\"https:\/\/ef3331e6.sibforms.com\/serve\/MUIFAApPkvXbzR3VIlGWpYcI_G5M33Ksy1IA7UXaCtIwK1LR0N6G2CHHZx3TIviX_DCPhbGUkfMvmeqrdTvQftupX4M03d7ctyLQINzrFp-CpVU3FphNZeBFecqNGWppvkT2fbPq95IptiqR7Y0v1yHJDGtDd1tZg7DD4tVkYrLB5tgY-ENYuxdH8m51Q7V1Ke8JVSzl9uAn8p0W\" target=\"_self\" >\ud83c\udf81 Regal\u00e1 este cruso<\/a><\/span><\/p>[\/vc_column][vc_column width=\u00bb1\/6&#8243;][\/vc_column][\/vc_row][\/vc_section][vc_section css=\u00bb.vc_custom_1695152492285{background-color: #f4f4f4 !important;}\u00bb][vc_row][vc_column]<div class=\"wpb_content_element \"><style type=\"text\/css\" scoped>#ut_header_69d67752c545c h2 span { color:#000000; }#ut_header_69d67752c545c h2.section-title { font-size: 25px; }#ut_header_69d67752c545c.pt-style-2 .page-title:after, #ut_header_69d67752c545c.pt-style-2 .parallax-title:after, #ut_header_69d67752c545c.pt-style-2 .section-title:after {background-color: #000000 !important;height: ;width: ;}<\/style><header id=\"ut_header_69d67752c545c\" class=\"section-header pt-style-2 header-center\"><h2  class=\"section-title \"><span><strong>Modalidad del curso<\/strong><\/span><\/h2><\/header><\/div>[\/vc_column][\/vc_row][vc_row][vc_column width=\u00bb1\/3&#8243;]<div class=\"wpb_content_element \"><style type=\"text\/css\" scoped><\/style><div id=\"ut_sc_69d67752c5491\"  class=\"ut-horizontal-style-align-left  clearfix \" ><figure class=\"ut-service-icon ut-service-icon-medium ut-service-icon-normal \"><i style=\"color: #2FC0D7;\" class=\"fa fa fa-video-camera\"><\/i><\/figure><div class=\"ut-service-column ut-service-column-horiz\" ><h3>Clases videograbadas<\/h3><p>Visualiz\u00e1 las clases en cualquier momento del d\u00eda durante todo el curso.<\/p><\/div><\/div><\/div>[\/vc_column][vc_column width=\u00bb1\/3&#8243;]<div class=\"wpb_content_element \"><style type=\"text\/css\" scoped><\/style><div id=\"ut_sc_69d67752c54c3\"  class=\"ut-horizontal-style-align-left  clearfix \" ><figure class=\"ut-service-icon ut-service-icon-medium ut-service-icon-normal \"><i style=\"color: #2FC0D7;\" class=\"fa fa fa-certificate\"><\/i><\/figure><div class=\"ut-service-column ut-service-column-horiz\" ><h3>Examen final y Certificado<\/h3><p>Al finalizar el curso tendr\u00e1s la posibilidad de rendir un examen final y un certificado de participaci\u00f3n a tu nombre.<\/p><\/div><\/div><\/div>[\/vc_column][vc_column width=\u00bb1\/3&#8243;]<div class=\"wpb_content_element \"><style type=\"text\/css\" scoped><\/style><div id=\"ut_sc_69d67752c54e9\"  class=\"ut-horizontal-style-align-left  clearfix \" ><figure class=\"ut-service-icon ut-service-icon-medium ut-service-icon-normal \"><i style=\"color: #2FC0D7;\" class=\"fa fa fa-question-circle\"><\/i><\/figure><div class=\"ut-service-column ut-service-column-horiz\" ><h3>Mesa de ayuda<\/h3><p>Cont\u00e1 con apoyo t\u00e9cnico permanente a lo largo de toda la cursada.<\/p><\/div><\/div><\/div>[\/vc_column][\/vc_row][\/vc_section][vc_section][vc_row][vc_column]<div class=\"wpb_content_element \"><style type=\"text\/css\" scoped>#ut_header_69d67752c5513.pt-style-2 .page-title:after, #ut_header_69d67752c5513.pt-style-2 .parallax-title:after, #ut_header_69d67752c5513.pt-style-2 .section-title:after {background-color:!important;height: ;width: ;}<\/style><header id=\"ut_header_69d67752c5513\" class=\"section-header pt-style-2 header-center\"><h2  class=\"section-title \"><span><strong>Docente:<\/strong><\/span><\/h2><\/header><\/div>[\/vc_column][\/vc_row][vc_row][vc_column width=\u00bb1\/6&#8243;][\/vc_column][vc_column width=\u00bb2\/3&#8243;]<div class=\"wpb_content_element   clearfix\">            \r\n            <script type=\"text\/javascript\">\r\n                \r\n                (function($){\r\n                    \r\n                    $(document).ready(function(){\r\n                        \r\n                                                                        \r\n                        function get_animated_objects( $all_appeared_elements, effect ) {\r\n                            \r\n                            var counter = 0;\r\n                            \r\n                            $all_appeared_elements.each(function(){\r\n                                        \r\n                                if( $(this).hasClass(effect) ) {\r\n\r\n                                    counter++;\r\n\r\n                                }\r\n\r\n                            });\r\n                            \r\n                            return counter;\r\n                            \r\n                        }\r\n                        \r\n                          \r\n                    });\r\n                        \r\n                })(jQuery);\r\n            \r\n            <\/script>\r\n            \r\n            <style type=\"text\/css\" scoped>#ut_ig_69d67752c554d .ut-lazy:not(.ut-image-loaded) + .ut-video-module-loading { display:block; }#ut_ig_69d67752c554d .ut-lazy.ut-image-loaded + .ut-video-module-loading { display:none; }<\/style><div id=\"ut_ig_69d67752c554d\" class=\"ut-image-gallery  clearfix\"><div  data-count=\"1\" class=\"ut-image-gallery-item ut-animation-done grid-100 tablet-grid-100 mobile-grid-100 \"><a  class=\"ut-vc-images-lightbox\"  data-exthumbimage=\"https:\/\/cpp.com.ar\/formacion\/wp-content\/uploads\/sites\/3\/2023\/09\/cecilia-150x150.jpg\" href=\"https:\/\/cpp.com.ar\/formacion\/wp-content\/uploads\/sites\/3\/2023\/09\/cecilia.jpg\"><div class=\"ut-image-gallery-image\"><img  class=\"\" src=\"https:\/\/cpp.com.ar\/formacion\/wp-content\/uploads\/sites\/3\/2023\/09\/cecilia-100x100.jpg\" width=\"100\" height=\"100\"><\/div><\/a><\/div><div class=\"clear\"><\/div><\/div><\/div>[vc_column_text]<\/p>\n<h3 style=\"text-align: center;\"><strong>Lic.<\/strong>\u00a0<strong>Cecilia Rodr\u00edguez\u00a0Casey<\/strong><\/h3>\n<div style=\"text-align: center;\">Lic. en Psicolog\u00eda con amplia formaci\u00f3n y experiencia en cl\u00ednica sist\u00e9mica y psicolog\u00eda organizacional. Dirige Rodr\u00edguez Casey Consultores y Marca Personal Online. Forma y supervisa a psic\u00f3logos en el \u00e1rea de evaluaci\u00f3n psicot\u00e9cnica, coaching y orientaci\u00f3n vocacional y profesional.\u00a0En la actualidad desarrolla programas individuales y grupales de orientaci\u00f3n, coaching y planeamiento de carrera con j\u00f3venes y adultos.<\/div>\n<p>[\/vc_column_text][\/vc_column][vc_column width=\u00bb1\/6&#8243;][\/vc_column][\/vc_row][\/vc_section][vc_section bklyn_section_anchor_id=\u00bbinscripciones\u00bb css=\u00bb.vc_custom_1695152508970{background-color: #efefef !important;}\u00bb][vc_row el_id=\u00bbaranceles\u00bb][vc_column]<div class=\"wpb_content_element \"><style type=\"text\/css\" scoped>#ut_header_69d67752c5b4a.pt-style-2 .page-title:after, #ut_header_69d67752c5b4a.pt-style-2 .parallax-title:after, #ut_header_69d67752c5b4a.pt-style-2 .section-title:after {background-color:!important;height: ;width: ;}<\/style><header id=\"ut_header_69d67752c5b4a\" class=\"section-header pt-style-2 header-center\"><h2  class=\"section-title \"><span><strong>Aranceles:<\/strong><\/span><\/h2><\/header><\/div>[\/vc_column][\/vc_row][vc_row][vc_column width=\u00bb1\/4&#8243;][\/vc_column][vc_column width=\u00bb1\/4&#8243;][vc_column_text]<\/p>\n<p style=\"text-align: center;\">Si resid\u00eds en Argentina, el curso tiene un costo de:<\/p>\n<h2 style=\"text-align: center;\">$67.000.- Arg<\/h2>\n<p>[\/vc_column_text][\/vc_column][vc_column width=\u00bb1\/4&#8243;][vc_column_text]<\/p>\n<p style=\"text-align: center;\">Si resid\u00eds fuera de Argentina, el curso tiene un costo de:<\/p>\n<h2 style=\"text-align: center;\">70 USD<\/h2>\n<p>[\/vc_column_text][\/vc_column][vc_column width=\u00bb1\/4&#8243;][\/vc_column][\/vc_row][vc_row][vc_column]<style type=\"text\/css\" scoped>#bklyn_btn_69d67752c5b8f .bklyn-btn { border-radius:4px; background-color:#ffb800; }#bklyn_btn_69d67752c5b8f .bklyn-btn:hover{ color:#ffffff; background-color:#ff7200; }#bklyn_btn_69d67752c5b8f .bklyn-btn:focus{ color:#ffffff; background-color:#ff7200; }#bklyn_btn_69d67752c5b8f .bklyn-btn:active { color:#ffffff; background-color:#ff7200; }<\/style><div id=\"bklyn_btn_69d67752c5b8f\" class=\"bklyn-btn-holder  bklyn-btn-center\"><a title=\"\"   href=\"https:\/\/ef3331e6.sibforms.com\/serve\/MUIFAO7mr1zTzGk0pcyO3esCOGPn-CaVHNb5QlG_k4QKs7hyUbYTZ9vbuvj5H0GqwNuYhjP0hxDvpQDSZMRqYpAVRP9NsKT80VrI1Fu8GI78UxrEeoIj8ZKsr418cgpTXBpE4oDNg4_dUr-x9juqUTEYJR_OV-FXnAaRtVAkCxQkLfzj0maxi6v431BnlgJT9AzBmVvCENBTgYgz\" target=\"_self\" class=\"bklyn-btn  bklyn-btn-normal\" >QUIERO INSCRIBIRME<\/a><\/div><style type=\"text\/css\" scoped>#ut_custom_heading69d67752c5bd6 { color:#000000; }#ut_custom_heading69d67752c5bd6 a { color:#000000; }#ut_custom_heading69d67752c5bd6 a:hover { color:#1e73be; }#ut_custom_heading69d67752c5bd6 a:active { color:#1e73be; }#ut_custom_heading69d67752c5bd6 a:focus { color:#1e73be; }#ut_custom_heading69d67752c5bd6 { font-weight:bold; }#ut_custom_heading69d67752c5bd6 { text-align:center; }<\/style><p id=\"ut_custom_heading69d67752c5bd6\" class=\"ut-custom-heading-module  \" ><span><a title=\"\" href=\"https:\/\/ef3331e6.sibforms.com\/serve\/MUIFAApPkvXbzR3VIlGWpYcI_G5M33Ksy1IA7UXaCtIwK1LR0N6G2CHHZx3TIviX_DCPhbGUkfMvmeqrdTvQftupX4M03d7ctyLQINzrFp-CpVU3FphNZeBFecqNGWppvkT2fbPq95IptiqR7Y0v1yHJDGtDd1tZg7DD4tVkYrLB5tgY-ENYuxdH8m51Q7V1Ke8JVSzl9uAn8p0W\" target=\"_self\" >\ud83c\udf81 Regal\u00e1 este cruso<\/a><\/span><\/p>[\/vc_column][\/vc_row][\/vc_section][vc_section][vc_row][vc_column width=\u00bb1\/6&#8243;][\/vc_column][vc_column width=\u00bb2\/3&#8243;]<style type=\"text\/css\" scoped>#ut_custom_heading69d67752c5c09 { font-size:30px; }#ut_custom_heading69d67752c5c09 { font-weight:bold; }#ut_custom_heading69d67752c5c09 { text-align:center; }<\/style><h2 id=\"ut_custom_heading69d67752c5c09\" class=\"ut-custom-heading-module  \" ><span>\u00bfTen\u00e9s dudas?<br \/>\n<\/span><\/h2><style type=\"text\/css\" scoped>#ut_custom_heading69d67752c5c23 { font-size:25px; }#ut_custom_heading69d67752c5c23 { font-weight:normal; }#ut_custom_heading69d67752c5c23 { text-align:center; }<\/style><h2 id=\"ut_custom_heading69d67752c5c23\" class=\"ut-custom-heading-module  \" ><span>Complet\u00e1 el siguiente formulario y te enviaremos m\u00e1s informaci\u00f3n<br \/>\n<\/span><\/h2><div class=\"wpb_content_element \"><iframe loading=\"lazy\" style=\"display: block; margin-left: auto; margin-right: auto; max-width: 100%;\" src=\"https:\/\/ef3331e6.sibforms.com\/serve\/MUIFAEHsNfDf3AnbSWIbZmCwMbnjscic1JuANGm6QZZD4VjFsmjmdmoJElsyu4mfgtT7nDKWlIrMZFDXiMtcJ2JYlQeUdSN8tW_t6d2pjDYXI66f9pm604SucB2FsO2WXj4up-FWeUQhfZmyYZrd-nFXathhSkZFkqnsOfcaqr-DPnNcf8Otv92Iph2v9tFatjfjrZAh7gFLG3b1\" width=\"540\" height=\"705\" frameborder=\"0\" scrolling=\"auto\" allowfullscreen=\"allowfullscreen\"><\/iframe><\/div>[\/vc_column][vc_column width=\u00bb1\/6&#8243;][\/vc_column][\/vc_row][\/vc_section]<\/p>\n<\/section>","protected":false},"excerpt":{"rendered":"<p>[vc_section css=\u00bb.vc_custom_1531359830548{border-bottom-width: 1px !important;}\u00bb][vc_row][vc_column width=\u00bb1\/4&#8243;][\/vc_column][vc_column width=\u00bb3\/4&#8243;][\/vc_column][\/vc_row][\/vc_section][vc_section][vc_row css=\u00bb.vc_custom_1631656872192{background-color: #efefef !important;}\u00bb][vc_column width=\u00bb1\/3&#8243;][vc_column_text] \u00a1Anotate ahora! Pod\u00e9s cursar cuando quieras [\/vc_column_text][\/vc_column][vc_column width=\u00bb1\/3&#8243;][vc_column_text] Dirigido a: Profesionales de la Salud Mental y estudiantes avanzados* Se recomienda haber cursado las materias de evaluaci\u00f3n psicol\u00f3gica [\/vc_column_text][\/vc_column][vc_column width=\u00bb1\/3&#8243;][vc_column_text] ACCESO ILIMITADO POR 6 MESES [\/vc_column_text][\/vc_column][\/vc_row][vc_row][vc_column width=\u00bb1\/6&#8243;][\/vc_column][vc_column width=\u00bb2\/3&#8243;][vc_column_text] La orientaci\u00f3n vocacional es uno de los campos [&hellip;]<\/p>\n","protected":false},"author":1,"featured_media":8123,"parent":0,"menu_order":0,"comment_status":"closed","ping_status":"closed","template":"","meta":{"footnotes":""},"acf":[],"_links":{"self":[{"href":"https:\/\/cpp.com.ar\/formacion\/wp-json\/wp\/v2\/pages\/8122"}],"collection":[{"href":"https:\/\/cpp.com.ar\/formacion\/wp-json\/wp\/v2\/pages"}],"about":[{"href":"https:\/\/cpp.com.ar\/formacion\/wp-json\/wp\/v2\/types\/page"}],"author":[{"embeddable":true,"href":"https:\/\/cpp.com.ar\/formacion\/wp-json\/wp\/v2\/users\/1"}],"replies":[{"embeddable":true,"href":"https:\/\/cpp.com.ar\/formacion\/wp-json\/wp\/v2\/comments?post=8122"}],"version-history":[{"count":24,"href":"https:\/\/cpp.com.ar\/formacion\/wp-json\/wp\/v2\/pages\/8122\/revisions"}],"predecessor-version":[{"id":9837,"href":"https:\/\/cpp.com.ar\/formacion\/wp-json\/wp\/v2\/pages\/8122\/revisions\/9837"}],"wp:featuredmedia":[{"embeddable":true,"href":"https:\/\/cpp.com.ar\/formacion\/wp-json\/wp\/v2\/media\/8123"}],"wp:attachment":[{"href":"https:\/\/cpp.com.ar\/formacion\/wp-json\/wp\/v2\/media?parent=8122"}],"curies":[{"name":"wp","href":"https:\/\/api.w.org\/{rel}","templated":true}]}}