{"id":8090,"date":"2023-09-19T16:37:43","date_gmt":"2023-09-19T19:37:43","guid":{"rendered":"https:\/\/cpp.com.ar\/formacion\/?page_id=8090"},"modified":"2026-01-07T12:16:33","modified_gmt":"2026-01-07T15:16:33","slug":"psicofarmacologia-para-psicologas-os","status":"publish","type":"page","link":"https:\/\/cpp.com.ar\/formacion\/psicofarmacologia-para-psicologas-os\/","title":{"rendered":"Psicofarmacolog\u00eda para psic\u00f3logas\/os."},"content":{"rendered":"<section class=\"wpb-content-wrapper\"><p>[vc_section css=\u00bb.vc_custom_1531359830548{border-bottom-width: 1px !important;}\u00bb][vc_row][vc_column width=\u00bb1\/4&#8243;]<div  class=\"wpb_content_element   clearfix\"><div id=\"ut_am_wrap_69f0e38880ad0\" class=\"ut-image-gallery-image \" style=\"text-align:center;\"><div class=\"ut-animated-image-item ut-image-gallery-item ut-animation-done\"><a class=\"ut-deactivated-link\" href=\"#\"><img title=\"Art\u00edculos newsletter (300 \u00d7 350\u00a0px)\" id=\"ut_am_69f0e38880acf\" style=\"\" src=\"https:\/\/cpp.com.ar\/formacion\/wp-content\/uploads\/sites\/3\/2023\/09\/articulos-newsletter-300-x-350-px-1.jpg\" width=\"300\" height=\"350\" alt=\"pastillas blancas y azules\"\/><\/a><\/div><\/div><\/div>[\/vc_column][vc_column width=\u00bb3\/4&#8243;]<div class=\"wpb_content_element \"><style type=\"text\/css\" scoped>#ut_header_69f0e38880c2a h2 span { color:#000000; }#ut_header_69f0e38880c2a h2.section-title { font-size: 25px; }#ut_header_69f0e38880c2a.pt-style-2 .page-title:after, #ut_header_69f0e38880c2a.pt-style-2 .parallax-title:after, #ut_header_69f0e38880c2a.pt-style-2 .section-title:after {background-color: #000000 !important;height: ;width: ;}<\/style><header id=\"ut_header_69f0e38880c2a\" class=\"section-header pt-style-2 header-left\"><h2  class=\"section-title \"><span>Obten\u00e9 las habilidades necesarias para trabajar de manera m\u00e1s efectiva en equipo, garantizando una atenci\u00f3n de primera para cada paciente.<\/span><\/h2><div data-delay=\"0\" class=\"lead \"><p>Al tener conocimientos en farmacolog\u00eda, un psic\u00f3logo puede comprender mejor los tratamientos farmacol\u00f3gicos que sus pacientes puedan estar recibiendo. Esto permite una evaluaci\u00f3n m\u00e1s completa de la salud mental del paciente, incluyendo la influencia de la medicaci\u00f3n en su bienestar emocional y psicol\u00f3gico.<\/p>\n<\/div><\/header><\/div><style type=\"text\/css\" scoped>#bklyn_btn_69f0e38880c86 .bklyn-btn { border-radius:4px; background-color:#ffb800; }#bklyn_btn_69f0e38880c86 .bklyn-btn:hover{ color:#ffffff; background-color:#ff7506; }#bklyn_btn_69f0e38880c86 .bklyn-btn:focus{ color:#ffffff; background-color:#ff7506; }#bklyn_btn_69f0e38880c86 .bklyn-btn:active { color:#ffffff; background-color:#ff7506; }<\/style><div id=\"bklyn_btn_69f0e38880c86\" class=\"bklyn-btn-holder  bklyn-btn-left\"><a title=\"\"   href=\"#aranceles\" target=\"_self\" class=\"bklyn-btn bklyn-btn-full bklyn-btn-normal\" >INSCRIBITE AL CURSO<\/a><\/div><style type=\"text\/css\" scoped>#ut_custom_heading69f0e38880cbd { color:#000000; }#ut_custom_heading69f0e38880cbd a { color:#000000; }#ut_custom_heading69f0e38880cbd a:hover { color:#1e73be; }#ut_custom_heading69f0e38880cbd a:active { color:#1e73be; }#ut_custom_heading69f0e38880cbd a:focus { color:#1e73be; }#ut_custom_heading69f0e38880cbd { font-weight:bold; }#ut_custom_heading69f0e38880cbd { text-align:left; }<\/style><p id=\"ut_custom_heading69f0e38880cbd\" class=\"ut-custom-heading-module  \" ><span><a title=\"\" href=\"https:\/\/ef3331e6.sibforms.com\/serve\/MUIFAApPkvXbzR3VIlGWpYcI_G5M33Ksy1IA7UXaCtIwK1LR0N6G2CHHZx3TIviX_DCPhbGUkfMvmeqrdTvQftupX4M03d7ctyLQINzrFp-CpVU3FphNZeBFecqNGWppvkT2fbPq95IptiqR7Y0v1yHJDGtDd1tZg7DD4tVkYrLB5tgY-ENYuxdH8m51Q7V1Ke8JVSzl9uAn8p0W\" target=\"_self\" >\ud83c\udf81 Regal\u00e1 este curso<\/a><\/span><\/p>[\/vc_column][\/vc_row][\/vc_section][vc_section][vc_row css=\u00bb.vc_custom_1631656872192{background-color: #efefef !important;}\u00bb][vc_column width=\u00bb1\/3&#8243;]<div class=\"wpb_content_element \"><div id=\"utbx_o_69f0e38880cf3\" class=\"ut-service-icon-box  clearfix  ut-service-icon-box-center\"><style type=\"text\/css\" scoped>#utbx_69f0e38880cf2 { background:#00cdb5; }#utbx_69f0e38880cf2:hover { background: #2FC0D7; } #utbx_69f0e38880cf2:after { box-shadow: 0 0 0 4px #2FC0D7; } <\/style><div class=\"ut-highlight-icon-wrap ut-highlight-icon-effect\"><a id=\"utbx_69f0e38880cf2\" data-id=\"utbx_69f0e38880cf2\" data-hovercolor=\"#2FC0D7\"  data-effect=\"fadeInRight\" data-animateonce=\"yes\" data-delay=\"0\" class=\"ut-highlight-icon ut-animate-element animated ut-no-animation-tablet ut-no-animation-mobile fa fa-calendar\" href=\"#\" target=\"_blank\"><\/a><\/div><\/div><\/div>[vc_column_text]<\/p>\n<h4 style=\"text-align: center;\"><strong>\u00a1Anotate ahora! Pod\u00e9s cursar cuando quieras<\/strong><\/h4>\n<p>[\/vc_column_text][\/vc_column][vc_column width=\u00bb1\/3&#8243;]<div class=\"wpb_content_element \"><div id=\"utbx_o_69f0e38880d20\" class=\"ut-service-icon-box  clearfix  ut-service-icon-box-center\"><style type=\"text\/css\" scoped>#utbx_69f0e38880d1f { background:#00cdb5; }#utbx_69f0e38880d1f:hover { background: #2FC0D7; } #utbx_69f0e38880d1f:after { box-shadow: 0 0 0 4px #2FC0D7; } <\/style><div class=\"ut-highlight-icon-wrap ut-highlight-icon-effect\"><a id=\"utbx_69f0e38880d1f\" data-id=\"utbx_69f0e38880d1f\" data-hovercolor=\"#2FC0D7\"  data-effect=\"fadeInRight\" data-animateonce=\"yes\" data-delay=\"0\" class=\"ut-highlight-icon ut-animate-element animated ut-no-animation-tablet ut-no-animation-mobile fa fa-users\" href=\"#\" target=\"_blank\"><\/a><\/div><\/div><\/div>[vc_column_text]<\/p>\n<h4 style=\"text-align: center;\">Dirigido a:<\/h4>\n<h4 style=\"text-align: center;\">Profesionales de la Salud Mental y estudiantes avanzados<\/h4>\n<p>[\/vc_column_text][\/vc_column][vc_column width=\u00bb1\/3&#8243;]<div class=\"wpb_content_element \"><div id=\"utbx_o_69f0e38880d45\" class=\"ut-service-icon-box  clearfix  ut-service-icon-box-center\"><style type=\"text\/css\" scoped>#utbx_69f0e38880d44 { background:#00cdb5; }#utbx_69f0e38880d44:hover { background: #2FC0D7; } #utbx_69f0e38880d44:after { box-shadow: 0 0 0 4px #2FC0D7; } <\/style><div class=\"ut-highlight-icon-wrap ut-highlight-icon-effect\"><a id=\"utbx_69f0e38880d44\" data-id=\"utbx_69f0e38880d44\" data-hovercolor=\"#2FC0D7\"  data-effect=\"fadeInRight\" data-animateonce=\"yes\" data-delay=\"0\" class=\"ut-highlight-icon ut-animate-element animated ut-no-animation-tablet ut-no-animation-mobile fa fa-paper-plane-o\" href=\"#\" target=\"_blank\"><\/a><\/div><\/div><\/div>[vc_column_text]<\/p>\n<h4 style=\"text-align: center;\">ACCESO ILIMITADO POR 6 MESES<\/h4>\n<p>[\/vc_column_text][\/vc_column][\/vc_row][vc_row][vc_column width=\u00bb1\/6&#8243;][\/vc_column][vc_column width=\u00bb2\/3&#8243;][vc_column_text]<\/p>\n<h3 style=\"font-size: 16px; text-align: left;\">\u00bfPor qu\u00e9 realizar este curso?<\/h3>\n<ul>\n<li style=\"font-size: 16px; text-align: left;\">Al tener conocimientos en psicofarmacolog\u00eda, un psic\u00f3logo puede comprender mejor los tratamientos farmacol\u00f3gicos que sus pacientes puedan estar recibiendo. Esto permite una evaluaci\u00f3n m\u00e1s completa de la salud mental del paciente, incluyendo la influencia de la medicaci\u00f3n en su bienestar emocional y psicol\u00f3gico.<\/li>\n<li style=\"font-size: 16px; text-align: left;\">Los psic\u00f3logos con conocimientos en psicofarmacolog\u00eda pueden ayudar a los pacientes a identificar y comunicar los efectos secundarios de los medicamentos, lo que puede ser crucial para ajustar la dosis o cambiar la medicaci\u00f3n en caso necesario.<\/li>\n<li style=\"font-size: 16px; text-align: left;\">Los conocimientos en psicofarmacolog\u00eda permiten a los psic\u00f3logos tomar decisiones cl\u00ednicas m\u00e1s informadas y \u00e9ticas sobre la necesidad de medicamentos en el tratamiento de trastornos mentales. Esto puede ayudar a evitar la sobre medicaci\u00f3n o la submedicaci\u00f3n de los pacientes.<\/li>\n<\/ul>\n<p style=\"font-size: 16px; text-align: center;\"><strong>\u00a1Eleva la calidad de atenci\u00f3n que brind\u00e1s a tus pacientes!<\/strong><\/p>\n<p>[\/vc_column_text][vc_empty_space]<div class=\"wpb_content_element \"><style type=\"text\/css\" scoped>#ut_header_69f0e38880d6a.pt-style-2 .page-title:after, #ut_header_69f0e38880d6a.pt-style-2 .parallax-title:after, #ut_header_69f0e38880d6a.pt-style-2 .section-title:after {background-color:!important;height: ;width: ;}<\/style><header id=\"ut_header_69f0e38880d6a\" class=\"section-header pt-style-2 header-center\"><h2  class=\"section-title \"><span><strong>Contenidos:<\/strong><\/span><\/h2><\/header><\/div><div class=\"wpb_content_element \"><style type=\"text\/css\" scoped>#ut_accordion_69f0e38880d8c .ut-accordion-module-item.open .ut-accordion-module-heading { color: #2FC0D7 }#ut_accordion_69f0e38880d8c .ut-accordion-module-heading:hover { color: #2FC0D7 }#ut_accordion_69f0e38880d8c .ut-accordion-module-heading:active { color: #2FC0D7 }#ut_accordion_69f0e38880d8c .ut-accordion-module-heading:focus { color: #2FC0D7 }#ut_accordion_69f0e38880d8c .ut-accordion-module-item { border-top-style:solid; }#ut_accordion_69f0e38880d8c .ut-accordion-module-item:last-child { border-top-style:solid; }#ut_accordion_69f0e38880d8c .ut-accordion-module-heading::before { -webkit-border-radius: 50%; -moz-border-radius: 50%; border-radius: 50%; }<\/style>                \r\n                <script type=\"text\/javascript\">\r\n                \r\n                    (function($){\r\n                                                \r\n                        $(document).ready(function(){\r\n                            \r\n                            $('#ut_accordion_69f0e38880d8c [data-accordion]').accordion({\r\n                                \"transitionSpeed\"  : 400,\r\n                                \"singleOpen\"       : true,\r\n                                \"transitionEasing\" : \"ease\",\r\n                            });                            \r\n                    \r\n                        });\r\n                            \r\n                    })(jQuery);\r\n            \r\n                <\/script>\r\n                \r\n            <div id=\"ut_accordion_69f0e38880d8c\" data-accordion-group class=\"ut-accordion-module  ut-accordion-module-with-counter ut-accordion-module-with-border\"><div data-accordion class=\"ut-accordion-module-item \"><h3 data-control class=\"ut-accordion-module-heading\" data-counter=\"1\">Nociones b\u00e1sicas de psicofarmacolog\u00eda y antidepresivos<\/h3><div data-content class=\"ut-accordion-module-content\"><div class=\"ut-accordion-module-inner entry-content clearfix\"><\/p>\n<ul>\n<li>Nociones de farmacodinamia y farmacocin\u00e9tica<\/li>\n<li>Principios generales del tratamiento farmacol\u00f3gico<\/li>\n<li>Antidepresivos. Subtipos. IMAO\/ATC\/ISRS\/otros<\/li>\n<\/ul>\n<p><\/div><\/div><\/div><div data-accordion class=\"ut-accordion-module-item \"><h3 data-control class=\"ut-accordion-module-heading\" data-counter=\"2\">Indicaciones Antidepresivos. Ansiol\u00edticos. Antipsic\u00f3ticos.<\/h3><div data-content class=\"ut-accordion-module-content\"><div class=\"ut-accordion-module-inner entry-content clearfix\"><\/p>\n<ul>\n<li>Indicaciones cl\u00ednicas de los antidepresivos.<\/li>\n<li>Ansiol\u00edticos. Benzodiacepinas. Hipn\u00f3ticos no benzodiazepinicos. Pregabalina. Otros f\u00e1rmacos sedativos.<\/li>\n<li>Indicaciones de los ansiol\u00edticos<\/li>\n<li>Antipsic\u00f3ticos. Clasificaci\u00f3n y descripci\u00f3n farmacol\u00f3gica de cada grupo.<\/li>\n<\/ul>\n<p><\/div><\/div><\/div><div data-accordion class=\"ut-accordion-module-item \"><h3 data-control class=\"ut-accordion-module-heading\" data-counter=\"3\">Indicaciones de los antipsic\u00f3ticos. Estabilizadores del \u00e1nimo<\/h3><div data-content class=\"ut-accordion-module-content\"><div class=\"ut-accordion-module-inner entry-content clearfix\"><\/p>\n<ul>\n<li>Indicaciones de los antipsic\u00f3ticos.<\/li>\n<li>Estabilizadores del \u00e1nimo: Litio. \u00c1cido Valproico. Lamotrigina. Otros. Indicaciones de cada uno y sus particularidades.<\/li>\n<\/ul>\n<p><\/div><\/div><\/div><div data-accordion class=\"ut-accordion-module-item \"><h3 data-control class=\"ut-accordion-module-heading\" data-counter=\"4\">Integraci\u00f3n farmacoterapia-psicoterapia<\/h3><div data-content class=\"ut-accordion-module-content\"><div class=\"ut-accordion-module-inner entry-content clearfix\"><\/p>\n<ul>\n<li>Integraci\u00f3n farmacoterapia-psicoterapia<\/li>\n<li>Tratamiento integrado<\/li>\n<li>Indicaciones de terapia combinada<\/li>\n<li>Cumplimiento y educaci\u00f3n del paciente<\/li>\n<li>Principios activos-nombres comerciales<\/li>\n<\/ul>\n<p><\/div><\/div><\/div><\/div><\/div><style type=\"text\/css\" scoped>#bklyn_btn_69f0e38880e28 .bklyn-btn { border-radius:4px; background-color:#ffb800; }#bklyn_btn_69f0e38880e28 .bklyn-btn:hover{ color:#ffffff; background-color:#ff7200; }#bklyn_btn_69f0e38880e28 .bklyn-btn:focus{ color:#ffffff; background-color:#ff7200; }#bklyn_btn_69f0e38880e28 .bklyn-btn:active { color:#ffffff; background-color:#ff7200; }<\/style><div id=\"bklyn_btn_69f0e38880e28\" class=\"bklyn-btn-holder  bklyn-btn-center\"><a title=\"\"   href=\"#aranceles\" target=\"_self\" class=\"bklyn-btn  bklyn-btn-normal\" >INSCRIBITE AL CURSO<\/a><\/div><style type=\"text\/css\" scoped>#ut_custom_heading69f0e38880e51 { color:#000000; }#ut_custom_heading69f0e38880e51 a { color:#000000; }#ut_custom_heading69f0e38880e51 a:hover { color:#1e73be; }#ut_custom_heading69f0e38880e51 a:active { color:#1e73be; }#ut_custom_heading69f0e38880e51 a:focus { color:#1e73be; }#ut_custom_heading69f0e38880e51 { font-weight:bold; }#ut_custom_heading69f0e38880e51 { text-align:center; }<\/style><p id=\"ut_custom_heading69f0e38880e51\" class=\"ut-custom-heading-module  \" ><span><a title=\"\" href=\"https:\/\/ef3331e6.sibforms.com\/serve\/MUIFAApPkvXbzR3VIlGWpYcI_G5M33Ksy1IA7UXaCtIwK1LR0N6G2CHHZx3TIviX_DCPhbGUkfMvmeqrdTvQftupX4M03d7ctyLQINzrFp-CpVU3FphNZeBFecqNGWppvkT2fbPq95IptiqR7Y0v1yHJDGtDd1tZg7DD4tVkYrLB5tgY-ENYuxdH8m51Q7V1Ke8JVSzl9uAn8p0W\" target=\"_self\" >\ud83c\udf81 Regal\u00e1 este curso<\/a><\/span><\/p>[\/vc_column][vc_column width=\u00bb1\/6&#8243;][\/vc_column][\/vc_row][\/vc_section][vc_section css=\u00bb.vc_custom_1695152492285{background-color: #f4f4f4 !important;}\u00bb][vc_row][vc_column]<div class=\"wpb_content_element \"><style type=\"text\/css\" scoped>#ut_header_69f0e38880f07 h2 span { color:#000000; }#ut_header_69f0e38880f07 h2.section-title { font-size: 25px; }#ut_header_69f0e38880f07.pt-style-2 .page-title:after, #ut_header_69f0e38880f07.pt-style-2 .parallax-title:after, #ut_header_69f0e38880f07.pt-style-2 .section-title:after {background-color: #000000 !important;height: ;width: ;}<\/style><header id=\"ut_header_69f0e38880f07\" class=\"section-header pt-style-2 header-center\"><h2  class=\"section-title \"><span><strong>Modalidad del curso<\/strong><\/span><\/h2><\/header><\/div>[\/vc_column][\/vc_row][vc_row][vc_column width=\u00bb1\/3&#8243;]<div class=\"wpb_content_element \"><style type=\"text\/css\" scoped><\/style><div id=\"ut_sc_69f0e38880f27\"  class=\"ut-horizontal-style-align-left  clearfix \" ><figure class=\"ut-service-icon ut-service-icon-medium ut-service-icon-normal \"><i style=\"color: #2FC0D7;\" class=\"fa fa fa-video-camera\"><\/i><\/figure><div class=\"ut-service-column ut-service-column-horiz\" ><h3>Clases videograbadas<\/h3><p>Visualiz\u00e1 las clases en cualquier momento del d\u00eda durante todo el curso.<\/p><\/div><\/div><\/div>[\/vc_column][vc_column width=\u00bb1\/3&#8243;]<div class=\"wpb_content_element \"><style type=\"text\/css\" scoped><\/style><div id=\"ut_sc_69f0e38880f45\"  class=\"ut-horizontal-style-align-left  clearfix \" ><figure class=\"ut-service-icon ut-service-icon-medium ut-service-icon-normal \"><i style=\"color: #2FC0D7;\" class=\"fa fa fa-certificate\"><\/i><\/figure><div class=\"ut-service-column ut-service-column-horiz\" ><h3>Examen final y Certificado<\/h3><p>Al finalizar el curso tendr\u00e1s la posibilidad de rendir un examen final y un certificado de participaci\u00f3n a tu nombre.<\/p><\/div><\/div><\/div>[\/vc_column][vc_column width=\u00bb1\/3&#8243;]<div class=\"wpb_content_element \"><style type=\"text\/css\" scoped><\/style><div id=\"ut_sc_69f0e38880f5b\"  class=\"ut-horizontal-style-align-left  clearfix \" ><figure class=\"ut-service-icon ut-service-icon-medium ut-service-icon-normal \"><i style=\"color: #2FC0D7;\" class=\"fa fa fa-question-circle\"><\/i><\/figure><div class=\"ut-service-column ut-service-column-horiz\" ><h3>Mesa de ayuda<\/h3><p>Cont\u00e1 con apoyo t\u00e9cnico permanente a lo largo de toda la cursada.<\/p><\/div><\/div><\/div>[\/vc_column][\/vc_row][\/vc_section][vc_section][vc_row][vc_column]<div class=\"wpb_content_element \"><style type=\"text\/css\" scoped>#ut_header_69f0e38880f73.pt-style-2 .page-title:after, #ut_header_69f0e38880f73.pt-style-2 .parallax-title:after, #ut_header_69f0e38880f73.pt-style-2 .section-title:after {background-color:!important;height: ;width: ;}<\/style><header id=\"ut_header_69f0e38880f73\" class=\"section-header pt-style-2 header-center\"><h2  class=\"section-title \"><span><strong>Docente:<\/strong><\/span><\/h2><\/header><\/div>[\/vc_column][\/vc_row][vc_row][vc_column width=\u00bb1\/6&#8243;][\/vc_column][vc_column width=\u00bb2\/3&#8243;]<div class=\"wpb_content_element   clearfix\">            \r\n            <script type=\"text\/javascript\">\r\n                \r\n                (function($){\r\n                    \r\n                    $(document).ready(function(){\r\n                        \r\n                                                                        \r\n                        function get_animated_objects( $all_appeared_elements, effect ) {\r\n                            \r\n                            var counter = 0;\r\n                            \r\n                            $all_appeared_elements.each(function(){\r\n                                        \r\n                                if( $(this).hasClass(effect) ) {\r\n\r\n                                    counter++;\r\n\r\n                                }\r\n\r\n                            });\r\n                            \r\n                            return counter;\r\n                            \r\n                        }\r\n                        \r\n                          \r\n                    });\r\n                        \r\n                })(jQuery);\r\n            \r\n            <\/script>\r\n            \r\n            <style type=\"text\/css\" scoped>#ut_ig_69f0e38880f96 .ut-lazy:not(.ut-image-loaded) + .ut-video-module-loading { display:block; }#ut_ig_69f0e38880f96 .ut-lazy.ut-image-loaded + .ut-video-module-loading { display:none; }<\/style><div id=\"ut_ig_69f0e38880f96\" class=\"ut-image-gallery  clearfix\"><div  data-count=\"1\" class=\"ut-image-gallery-item ut-animation-done grid-100 tablet-grid-100 mobile-grid-100 \"><a  class=\"ut-vc-images-lightbox\"  data-exthumbimage=\"https:\/\/cpp.com.ar\/formacion\/wp-content\/uploads\/sites\/3\/2023\/09\/foto-150x150.jpg\" href=\"https:\/\/cpp.com.ar\/formacion\/wp-content\/uploads\/sites\/3\/2023\/09\/foto-720x720.jpg\"><div class=\"ut-image-gallery-image\"><img  class=\"\" src=\"https:\/\/cpp.com.ar\/formacion\/wp-content\/uploads\/sites\/3\/2023\/09\/foto-100x100.jpg\" width=\"100\" height=\"100\"><\/div><\/a><\/div><div class=\"clear\"><\/div><\/div><\/div>[vc_column_text]<\/p>\n<h3 style=\"text-align: center;\"><strong>Dra. Julieta Wajntraub<\/strong><\/h3>\n<div style=\"text-align: center;\">M\u00e9dica especialista en Psiquiatr\u00eda (UBA-APSA). MN 139.712.<br \/>\nMaestr\u00eda en Psiconeurofarmacolog\u00eda (Universidad Favaloro). Formaci\u00f3n en Terapia Dial\u00e9ctico Comportamental (Behavioral Tech Institute- FORO Latinoam\u00e9rica). Formaci\u00f3n en Trauma (Fundaci\u00f3n Foro). Postgrado en Terapia Focalizada (Centro Privado de Psicoterapias). Codirectora y admisora en Enfoque Integral S.A.\u00a0Psiquiatra de equipo DBT en Centro Privado de Psicoterapias.\u00a0Psiquiatra consultorio particular. Admisora y psiquiatra en Centro Privado de Psicoterapias. Docente formaci\u00f3n DBT Centro Privado de Psicoterapias<\/div>\n<p>[\/vc_column_text][\/vc_column][vc_column width=\u00bb1\/6&#8243;][\/vc_column][\/vc_row][\/vc_section][vc_section bklyn_section_anchor_id=\u00bbinscripciones\u00bb css=\u00bb.vc_custom_1695152508970{background-color: #efefef !important;}\u00bb][vc_row el_id=\u00bbaranceles\u00bb][vc_column]<div class=\"wpb_content_element \"><style type=\"text\/css\" scoped>#ut_header_69f0e388815eb.pt-style-2 .page-title:after, #ut_header_69f0e388815eb.pt-style-2 .parallax-title:after, #ut_header_69f0e388815eb.pt-style-2 .section-title:after {background-color:!important;height: ;width: ;}<\/style><header id=\"ut_header_69f0e388815eb\" class=\"section-header pt-style-2 header-center\"><h2  class=\"section-title \"><span><strong>Aranceles:<\/strong><\/span><\/h2><\/header><\/div>[\/vc_column][\/vc_row][vc_row][vc_column width=\u00bb1\/4&#8243;][\/vc_column][vc_column width=\u00bb1\/4&#8243;][vc_column_text]<\/p>\n<p style=\"text-align: center;\">Si resid\u00eds en Argentina, el curso tiene un costo de:<\/p>\n<h2 style=\"text-align: center;\">67.000.- Arg<\/h2>\n<p>[\/vc_column_text][\/vc_column][vc_column width=\u00bb1\/4&#8243;][vc_column_text]<\/p>\n<p style=\"text-align: center;\">Si resid\u00eds fuera de Argentina, el curso tiene un costo de:<\/p>\n<h2 style=\"text-align: center;\">70 USD<\/h2>\n<p>[\/vc_column_text][\/vc_column][vc_column width=\u00bb1\/4&#8243;][\/vc_column][\/vc_row][vc_row][vc_column]<style type=\"text\/css\" scoped>#bklyn_btn_69f0e38881615 .bklyn-btn { border-radius:4px; background-color:#ffb800; }#bklyn_btn_69f0e38881615 .bklyn-btn:hover{ color:#ffffff; background-color:#ff7200; }#bklyn_btn_69f0e38881615 .bklyn-btn:focus{ color:#ffffff; background-color:#ff7200; }#bklyn_btn_69f0e38881615 .bklyn-btn:active { color:#ffffff; background-color:#ff7200; }<\/style><div id=\"bklyn_btn_69f0e38881615\" class=\"bklyn-btn-holder  bklyn-btn-center\"><a title=\"\"   href=\"https:\/\/ef3331e6.sibforms.com\/serve\/MUIFAO7mr1zTzGk0pcyO3esCOGPn-CaVHNb5QlG_k4QKs7hyUbYTZ9vbuvj5H0GqwNuYhjP0hxDvpQDSZMRqYpAVRP9NsKT80VrI1Fu8GI78UxrEeoIj8ZKsr418cgpTXBpE4oDNg4_dUr-x9juqUTEYJR_OV-FXnAaRtVAkCxQkLfzj0maxi6v431BnlgJT9AzBmVvCENBTgYgz\" target=\"_self\" class=\"bklyn-btn  bklyn-btn-normal\" >QUIERO INSCRIBIRME<\/a><\/div><style type=\"text\/css\" scoped>#ut_custom_heading69f0e3888163e { color:#000000; }#ut_custom_heading69f0e3888163e a { color:#000000; }#ut_custom_heading69f0e3888163e a:hover { color:#1e73be; }#ut_custom_heading69f0e3888163e a:active { color:#1e73be; }#ut_custom_heading69f0e3888163e a:focus { color:#1e73be; }#ut_custom_heading69f0e3888163e { font-weight:bold; }#ut_custom_heading69f0e3888163e { text-align:center; }<\/style><p id=\"ut_custom_heading69f0e3888163e\" class=\"ut-custom-heading-module  \" ><span><a title=\"\" href=\"https:\/\/ef3331e6.sibforms.com\/serve\/MUIFAApPkvXbzR3VIlGWpYcI_G5M33Ksy1IA7UXaCtIwK1LR0N6G2CHHZx3TIviX_DCPhbGUkfMvmeqrdTvQftupX4M03d7ctyLQINzrFp-CpVU3FphNZeBFecqNGWppvkT2fbPq95IptiqR7Y0v1yHJDGtDd1tZg7DD4tVkYrLB5tgY-ENYuxdH8m51Q7V1Ke8JVSzl9uAn8p0W\" target=\"_self\" >\ud83c\udf81 Regal\u00e1 este curso<\/a><\/span><\/p>[\/vc_column][\/vc_row][\/vc_section][vc_section][vc_row][vc_column width=\u00bb1\/6&#8243;][\/vc_column][vc_column width=\u00bb2\/3&#8243;]<style type=\"text\/css\" scoped>#ut_custom_heading69f0e3888165c { font-size:25px; }#ut_custom_heading69f0e3888165c { font-weight:bold; }#ut_custom_heading69f0e3888165c { text-align:center; }<\/style><h2 id=\"ut_custom_heading69f0e3888165c\" class=\"ut-custom-heading-module  \" ><span>\u00bfTen\u00e9s dudas?<\/span><\/h2><style type=\"text\/css\" scoped>#ut_custom_heading69f0e3888166b { font-size:25px; }#ut_custom_heading69f0e3888166b { font-weight:normal; }#ut_custom_heading69f0e3888166b { text-align:center; }<\/style><h2 id=\"ut_custom_heading69f0e3888166b\" class=\"ut-custom-heading-module  \" ><span>Complet\u00e1 el siguiente formulario y te enviaremos m\u00e1s informaci\u00f3n<\/span><\/h2><div class=\"wpb_content_element \"><iframe loading=\"lazy\" style=\"display: block; margin-left: auto; margin-right: auto; max-width: 100%;\" src=\"https:\/\/ef3331e6.sibforms.com\/serve\/MUIFAN2cBib45Ha4jgXkJDNf7j7TpyfMtfukar5UE9p3tHVgGPpVJLrpUEhOD055bs2wHjacjBvOe4Yv3t1bI02YEZrnDBqXM4Mtz4GrOUGZnyTuqns7Lpx7sNBsjhkmUnXCLi1ChzvhQfGrPRKapJjjwZpG6KVdqRBhO1o2XsYZ27FNAsd_Gios63OrGG6-_oV4C7wXSQGdQABW\" width=\"540\" height=\"705\" frameborder=\"0\" scrolling=\"auto\" allowfullscreen=\"allowfullscreen\"><\/iframe><\/div>[\/vc_column][vc_column width=\u00bb1\/6&#8243;][\/vc_column][\/vc_row][\/vc_section]<\/p>\n<\/section>","protected":false},"excerpt":{"rendered":"<p>[vc_section css=\u00bb.vc_custom_1531359830548{border-bottom-width: 1px !important;}\u00bb][vc_row][vc_column width=\u00bb1\/4&#8243;][\/vc_column][vc_column width=\u00bb3\/4&#8243;][\/vc_column][\/vc_row][\/vc_section][vc_section][vc_row css=\u00bb.vc_custom_1631656872192{background-color: #efefef !important;}\u00bb][vc_column width=\u00bb1\/3&#8243;][vc_column_text] \u00a1Anotate ahora! Pod\u00e9s cursar cuando quieras [\/vc_column_text][\/vc_column][vc_column width=\u00bb1\/3&#8243;][vc_column_text] Dirigido a: Profesionales de la Salud Mental y estudiantes avanzados [\/vc_column_text][\/vc_column][vc_column width=\u00bb1\/3&#8243;][vc_column_text] ACCESO ILIMITADO POR 6 MESES [\/vc_column_text][\/vc_column][\/vc_row][vc_row][vc_column width=\u00bb1\/6&#8243;][\/vc_column][vc_column width=\u00bb2\/3&#8243;][vc_column_text] \u00bfPor qu\u00e9 realizar este curso? Al tener conocimientos en psicofarmacolog\u00eda, un psic\u00f3logo puede comprender mejor los tratamientos [&hellip;]<\/p>\n","protected":false},"author":1,"featured_media":8091,"parent":0,"menu_order":0,"comment_status":"closed","ping_status":"closed","template":"","meta":{"footnotes":""},"acf":[],"_links":{"self":[{"href":"https:\/\/cpp.com.ar\/formacion\/wp-json\/wp\/v2\/pages\/8090"}],"collection":[{"href":"https:\/\/cpp.com.ar\/formacion\/wp-json\/wp\/v2\/pages"}],"about":[{"href":"https:\/\/cpp.com.ar\/formacion\/wp-json\/wp\/v2\/types\/page"}],"author":[{"embeddable":true,"href":"https:\/\/cpp.com.ar\/formacion\/wp-json\/wp\/v2\/users\/1"}],"replies":[{"embeddable":true,"href":"https:\/\/cpp.com.ar\/formacion\/wp-json\/wp\/v2\/comments?post=8090"}],"version-history":[{"count":32,"href":"https:\/\/cpp.com.ar\/formacion\/wp-json\/wp\/v2\/pages\/8090\/revisions"}],"predecessor-version":[{"id":9835,"href":"https:\/\/cpp.com.ar\/formacion\/wp-json\/wp\/v2\/pages\/8090\/revisions\/9835"}],"wp:featuredmedia":[{"embeddable":true,"href":"https:\/\/cpp.com.ar\/formacion\/wp-json\/wp\/v2\/media\/8091"}],"wp:attachment":[{"href":"https:\/\/cpp.com.ar\/formacion\/wp-json\/wp\/v2\/media?parent=8090"}],"curies":[{"name":"wp","href":"https:\/\/api.w.org\/{rel}","templated":true}]}}