{"id":60,"date":"2018-04-27T06:27:34","date_gmt":"2018-04-27T09:27:34","guid":{"rendered":"http:\/\/cpp.com.ar\/formacion\/?page_id=60"},"modified":"2022-12-12T16:58:14","modified_gmt":"2022-12-12T19:58:14","slug":"pasantias-2","status":"publish","type":"page","link":"https:\/\/cpp.com.ar\/formacion\/pasantias-2\/","title":{"rendered":"Programa de pasant\u00edas nacionales e internacionales"},"content":{"rendered":"<section class=\"wpb-content-wrapper\"><p>[vc_row][vc_column width=\u00bb1\/4&#8243;]<div data-effect=\"fadeIn\" data-animateonce=\"yes\" data-delay=\"0\" class=\"wpb_content_element ut-animate-image animated ut-no-animation-tablet ut-no-animation-mobile  clearfix\"><style type=\"text\/css\" scoped>#ut_am_69e92790ea734 { opacity: 1; }<\/style><div id=\"ut_am_wrap_69e92790ea735\" class=\"ut-image-gallery-image \" style=\"text-align:center;\"><div class=\"ut-animated-image-item ut-image-gallery-item ut-animation-done\"><a class=\"ut-deactivated-link\" href=\"#\"><img title=\"Pasantias y rotaciones\" id=\"ut_am_69e92790ea734\" style=\"\" src=\"https:\/\/cpp.com.ar\/formacion\/wp-content\/uploads\/sites\/3\/2018\/05\/Pasantias-y-rotaciones.png\" width=\"512\" height=\"512\" alt=\"Pasant\u00edas\"\/><\/a><\/div><\/div><\/div>[\/vc_column][vc_column width=\u00bb3\/4&#8243;][vc_column_text css_animation=\u00bbfadeIn\u00bb el_class=\u00bbtexto_seccion\u00bb]El programa de pasant\u00edas nacionales e internacionales brinda la posibilidad a psic\u00f3logos, psicopedagogos, psiquiatras y estudiantes avanzados de ponerse en contacto directo y personalizado con la cl\u00ednica.[\/vc_column_text][vc_row_inner][vc_column_inner width=\u00bb1\/2&#8243;]<style type=\"text\/css\" scoped>#bklyn_btn_69e92790ea7b0 a { font-family:inherit; }<\/style><div id=\"bklyn_btn_69e92790ea7b0\" class=\"bklyn-btn-holder btn_mas_info bklyn-btn-center\"><a title=\"\"   href=\"https:\/\/cpp.com.ar\/formacion\/pasantia-internacional\/\" target=\"_self\" class=\"bklyn-btn bklyn-btn-icon-left bklyn-btn-normal\" ><i class=\"fa fa-file-text\"><\/i>Pasant\u00edas Internacionales<\/a><\/div>[\/vc_column_inner][vc_column_inner width=\u00bb1\/2&#8243;]<style type=\"text\/css\" scoped>#bklyn_btn_69e92790ea7f9 a { font-family:inherit; }<\/style><div id=\"bklyn_btn_69e92790ea7f9\" class=\"bklyn-btn-holder btn_mas_info bklyn-btn-center\"><a title=\"\"   href=\"https:\/\/cpp.com.ar\/formacion\/pasantia-en-psicoterapia\/\" target=\"_self\" class=\"bklyn-btn bklyn-btn-icon-left bklyn-btn-normal\" ><i class=\"fa fa-file-text\"><\/i>Pasant\u00edas Nacionales<\/a><\/div>[\/vc_column_inner][\/vc_row_inner][\/vc_column][\/vc_row]<\/p>\n<\/section>","protected":false},"excerpt":{"rendered":"<p>[vc_row][vc_column width=\u00bb1\/4&#8243;][\/vc_column][vc_column width=\u00bb3\/4&#8243;][vc_column_text css_animation=\u00bbfadeIn\u00bb el_class=\u00bbtexto_seccion\u00bb]El programa de pasant\u00edas nacionales e internacionales brinda la posibilidad a psic\u00f3logos, psicopedagogos, psiquiatras y estudiantes avanzados de ponerse en contacto directo y personalizado con la cl\u00ednica.[\/vc_column_text][vc_row_inner][vc_column_inner width=\u00bb1\/2&#8243;][\/vc_column_inner][vc_column_inner width=\u00bb1\/2&#8243;][\/vc_column_inner][\/vc_row_inner][\/vc_column][\/vc_row]<\/p>\n","protected":false},"author":1,"featured_media":0,"parent":0,"menu_order":0,"comment_status":"closed","ping_status":"closed","template":"","meta":{"footnotes":""},"acf":[],"_links":{"self":[{"href":"https:\/\/cpp.com.ar\/formacion\/wp-json\/wp\/v2\/pages\/60"}],"collection":[{"href":"https:\/\/cpp.com.ar\/formacion\/wp-json\/wp\/v2\/pages"}],"about":[{"href":"https:\/\/cpp.com.ar\/formacion\/wp-json\/wp\/v2\/types\/page"}],"author":[{"embeddable":true,"href":"https:\/\/cpp.com.ar\/formacion\/wp-json\/wp\/v2\/users\/1"}],"replies":[{"embeddable":true,"href":"https:\/\/cpp.com.ar\/formacion\/wp-json\/wp\/v2\/comments?post=60"}],"version-history":[{"count":12,"href":"https:\/\/cpp.com.ar\/formacion\/wp-json\/wp\/v2\/pages\/60\/revisions"}],"predecessor-version":[{"id":1661,"href":"https:\/\/cpp.com.ar\/formacion\/wp-json\/wp\/v2\/pages\/60\/revisions\/1661"}],"wp:attachment":[{"href":"https:\/\/cpp.com.ar\/formacion\/wp-json\/wp\/v2\/media?parent=60"}],"curies":[{"name":"wp","href":"https:\/\/api.w.org\/{rel}","templated":true}]}}