{"id":5863,"date":"2020-10-02T13:47:55","date_gmt":"2020-10-02T16:47:55","guid":{"rendered":"https:\/\/cpp.com.ar\/formacion\/?page_id=5863"},"modified":"2021-03-09T14:55:34","modified_gmt":"2021-03-09T17:55:34","slug":"webinar","status":"publish","type":"page","link":"https:\/\/cpp.com.ar\/formacion\/webinar\/","title":{"rendered":"Webinar:"},"content":{"rendered":"<section class=\"wpb-content-wrapper\"><p>[vc_row][vc_column][vc_column_text]<\/p>\n<h1 style=\"text-align: center;\">Dilemas en el abordaje de las crisis suicidas. Evaluaci\u00f3n de riesgo vs. tratamiento<\/h1>\n<p>[\/vc_column_text]<div  class=\"wpb_content_element   clearfix\"><style type=\"text\/css\" scoped>#ut_am_69d8ed049e158 { opacity: 1; }<\/style><div id=\"ut_am_wrap_69d8ed049e159\" class=\"ut-image-gallery-image \" style=\"text-align:center;\"><div class=\"ut-animated-image-item ut-image-gallery-item ut-animation-done\"><a class=\"ut-deactivated-link\" href=\"#\"><img title=\"Portada webinar\" id=\"ut_am_69d8ed049e158\" style=\"\" src=\"https:\/\/cpp.com.ar\/formacion\/wp-content\/uploads\/sites\/3\/2020\/10\/portada-webinar.jpg\" width=\"600\" height=\"297\" alt=\"\"\/><\/a><\/div><\/div><\/div>[\/vc_column][\/vc_row][vc_section css=\u00bb.vc_custom_1601656633730{border-bottom-width: 1px !important;}\u00bb][vc_row][vc_column][vc_column_text]<\/p>\n<p style=\"text-align: center;\">En este Webinar se plantear\u00e1 c\u00f3mo desarrollar una adecuada evaluaci\u00f3n de riesgo, qu\u00e9 elementos se deber\u00e1n tener en cuenta y c\u00f3mo tratarlos, cu\u00e1les son los signos de alarma, \u00a0modernas conceptualizaciones de las crisis suicidas como el\u00a0<em>suicide crisis syndrome<\/em>, y c\u00f3mo establecer al mismo tiempo una s\u00f3lida alianza con el paciente y entorno social para una eficaz resoluci\u00f3n de la crisis suicida.<\/p>\n<p>[\/vc_column_text][\/vc_column][\/vc_row][vc_row css=\u00bb.vc_custom_1531358387995{background-image: url(http:\/\/cpp.com.ar\/formacion\/wp-content\/uploads\/sites\/3\/2018\/04\/pat1.png?id=30) !important;}\u00bb][vc_column width=\u00bb1\/3&#8243;]<div class=\"wpb_content_element \"><div id=\"utbx_o_69d8ed049e1a5\" class=\"ut-service-icon-box  clearfix  ut-service-icon-box-center\"><style type=\"text\/css\" scoped>#utbx_69d8ed049e1a4 { background:#00cdb5; }#utbx_69d8ed049e1a4:hover { background: #2FC0D7; } #utbx_69d8ed049e1a4:after { box-shadow: 0 0 0 4px #2FC0D7; } <\/style><div class=\"ut-highlight-icon-wrap ut-highlight-icon-effect\"><a id=\"utbx_69d8ed049e1a4\" data-id=\"utbx_69d8ed049e1a4\" data-hovercolor=\"#2FC0D7\"  data-effect=\"fadeInRight\" data-animateonce=\"yes\" data-delay=\"0\" class=\"ut-highlight-icon ut-animate-element animated ut-no-animation-tablet ut-no-animation-mobile fa fa-calendar\" href=\"#\" target=\"_blank\"><\/a><\/div><\/div><\/div>[vc_column_text]<\/p>\n<h4 style=\"text-align: center;\">Fecha:<\/h4>\n<h4 style=\"text-align: center;\">15 de octubre de 2020<br \/>\nde 19:30 a 20:30 hs.<\/h4>\n<p>[\/vc_column_text][\/vc_column][vc_column width=\u00bb1\/3&#8243;]<div class=\"wpb_content_element \"><div id=\"utbx_o_69d8ed049e1d8\" class=\"ut-service-icon-box  clearfix  ut-service-icon-box-center\"><style type=\"text\/css\" scoped>#utbx_69d8ed049e1d7 { background:#00cdb5; }#utbx_69d8ed049e1d7:hover { background: #2FC0D7; } #utbx_69d8ed049e1d7:after { box-shadow: 0 0 0 4px #2FC0D7; } <\/style><div class=\"ut-highlight-icon-wrap ut-highlight-icon-effect\"><a id=\"utbx_69d8ed049e1d7\" data-id=\"utbx_69d8ed049e1d7\" data-hovercolor=\"#2FC0D7\"  data-effect=\"fadeInRight\" data-animateonce=\"yes\" data-delay=\"0\" class=\"ut-highlight-icon ut-animate-element animated ut-no-animation-tablet ut-no-animation-mobile fa fa-users\" href=\"#\" target=\"_blank\"><\/a><\/div><\/div><\/div>[vc_column_text]<\/p>\n<h4 style=\"text-align: center;\">Dirigido a:<\/h4>\n<h4 style=\"text-align: center;\">\u00a0Psicoterapeutas, psiquiatras, estudiantes avanzados de psicolog\u00eda.<\/h4>\n<p>[\/vc_column_text][\/vc_column][vc_column width=\u00bb1\/3&#8243;]<div class=\"wpb_content_element \"><div id=\"utbx_o_69d8ed049e1fd\" class=\"ut-service-icon-box  clearfix  ut-service-icon-box-center\"><style type=\"text\/css\" scoped>#utbx_69d8ed049e1fc { background:#00cdb5; }#utbx_69d8ed049e1fc:hover { background: #2FC0D7; } #utbx_69d8ed049e1fc:after { box-shadow: 0 0 0 4px #2FC0D7; } <\/style><div class=\"ut-highlight-icon-wrap ut-highlight-icon-effect\"><a id=\"utbx_69d8ed049e1fc\" data-id=\"utbx_69d8ed049e1fc\" data-hovercolor=\"#2FC0D7\"  data-effect=\"fadeInRight\" data-animateonce=\"yes\" data-delay=\"0\" class=\"ut-highlight-icon ut-animate-element animated ut-no-animation-tablet ut-no-animation-mobile fa fa-paper-plane-o\" href=\"#\" target=\"_blank\"><\/a><\/div><\/div><\/div>[vc_column_text]<\/p>\n<h4 style=\"text-align: center;\"><strong>ACTIVIDAD NO ARANCELADA<\/strong><\/h4>\n<h4 style=\"text-align: center;\"><strong>con inscripci\u00f3n previa <a href=\"#inscripciones\">aqu\u00ed<\/a><\/strong><\/h4>\n<p>[\/vc_column_text][\/vc_column][\/vc_row][vc_row][vc_column width=\u00bb1\/4&#8243;][\/vc_column][vc_column width=\u00bb1\/2&#8243;]<div class=\"wpb_content_element \"><iframe loading=\"lazy\" src=\"https:\/\/www.youtube.com\/embed\/vrhB40euStA?start=1\" width=\"560\" height=\"315\" frameborder=\"0\" allowfullscreen=\"allowfullscreen\"><\/iframe><\/div>[\/vc_column][vc_column width=\u00bb1\/4&#8243;][\/vc_column][\/vc_row][vc_row el_id=\u00bbotro\u00bb][vc_column width=\u00bb1\/6&#8243;][\/vc_column][vc_column width=\u00bb2\/3&#8243;][vc_column_text]<\/p>\n<div>\n<p>Frente a un paciente con comportamiento suicida, el profesional parece asociar la eficacia de su intervenci\u00f3n a la predicci\u00f3n de si el suicidio ocurrir\u00e1. Luego, a prevenirlo. Y esta idea se basa en dos supuestos:<\/p>\n<\/div>\n<ol>\n<li>La presencia de elementos (factores de riesgo) que permitir\u00edan predecir la muerte por suicidio.<\/li>\n<li>La existencia de intervenciones terap\u00e9uticas espec\u00edficas para prevenirlo.<\/li>\n<\/ol>\n<div>Sin embargo, no hay evidencias cient\u00edficas que avalen estas presunciones. Esto contribuye a menudo al fracaso del abordaje de una crisis suicida y al abandono por parte \u00a0paciente de la posibilidad \u2013 quiz\u00e1 \u00fanica- de acceder a una ayuda profesional.<\/div>\n<p>Priorizar la evaluaci\u00f3n del riesgo, bajo presi\u00f3n por la intensa respuesta emocional \u00a0que muchos terapeutas experimentan frente a un paciente suicida, conspira contra la herramienta \u00a0quiz\u00e1 m\u00e1s importante en una crisis de este tipo. Desarrollar una fuerte \u00a0alianza terap\u00e9utica es la \u00fanica llave segura para ayudar al paciente a contemplar formas alternativas de resoluci\u00f3n de problemas, para los que el suicidio pareciera ser la \u00fanica opci\u00f3n. Sin embargo, queda relegada a una segunda etapa, lo que reduce la eficacia del proceso terap\u00e9utico. Evaluaci\u00f3n de riesgo y tratamiento forman parte de un mismo proceso.<\/p>\n<p>[\/vc_column_text][ut_title_divider_2 align=\u00bbcenter\u00bb]Presenta:[\/ut_title_divider_2][vc_column_text el_id=\u00bbinscripciones\u00bb]<\/p>\n<div><strong><img decoding=\"async\" loading=\"lazy\" class=\" wp-image-5871 alignleft\" src=\"https:\/\/cpp.com.ar\/formacion\/wp-content\/uploads\/sites\/3\/2020\/10\/f7093c56-0b16-440f-8861-ae26a6a60dd3.jpg\" alt=\"\" width=\"126\" height=\"149\" \/>Dr. Gustavo Carlsson<\/strong><\/div>\n<div>M\u00e9dico Psiquiatra Universitario (UBA) MN 57481<br \/>\nFundador y Presidente Honorario del Cap\u00edtulo de Emergencias Psiqui\u00e1tricas APSA<br \/>\nCoordinador de Psiquiatr\u00eda del Centro Privado de Psicoterapias<br \/>\nProf. Titular de Manuales de Clasificaci\u00f3n Diagn\u00f3stica y Psicofarmacolog\u00eda. Facultad<br \/>\nde Psicolog\u00eda (UMSA)<br \/>\nMiembro fundador y ex vicepresidente de FUBIPA\u00a0(Fundaci\u00f3n de Bipolares Argentinos)<br \/>\nAmerican Psychiatric Association International Fellow<br \/>\nAmerican Psychiatric Association International Ambassador<br \/>\nDocente de la Carrera de Especialistas en Psiquiatr\u00eda (APSA)<br \/>\nDocente del Posgrado en Terapias Focalizadas (Centro Privado de Psicoterapias)<\/div>\n<p>[\/vc_column_text][\/vc_column][vc_column width=\u00bb1\/6&#8243;][\/vc_column][vc_column][\/vc_column][\/vc_row][vc_row el_id=\u00bbaqui\u00bb][vc_column]<style type=\"text\/css\" scoped>#bklyn_btn_69d8ed049e243 .bklyn-btn { color:#ffffff; border-color:#fda700; border-width:3px; border-radius:27px; background-color:#fda700; }#bklyn_btn_69d8ed049e243 .bklyn-btn:hover{ color:#fda700; background-color:#ffffff; }#bklyn_btn_69d8ed049e243 .bklyn-btn:focus{ color:#fda700; background-color:#ffffff; }#bklyn_btn_69d8ed049e243 .bklyn-btn:active { color:#fda700; background-color:#ffffff; }<\/style><div id=\"bklyn_btn_69d8ed049e243\" class=\"bklyn-btn-holder  bklyn-btn-center\"><a title=\"\"   href=\"https:\/\/docs.google.com\/forms\/d\/e\/1FAIpQLSe4mf937BQFXWfYgMYHW8VkrRv6Kg2ljykbFXFGEk06AZuxsA\/viewform?usp=sf_link\" target=\"_self\" class=\"bklyn-btn bklyn-btn-outline bklyn-btn-icon-left bklyn-btn-normal\" ><i class=\"fa fa-arrow-right\"><\/i>Confirm\u00e1 tu asistencia aqu\u00ed<\/a><\/div>[\/vc_column][\/vc_row][\/vc_section][vc_row][vc_column][ut_title_divider_2 align=\u00bbcenter\u00bb]Auspicia:[\/ut_title_divider_2][vc_row_inner][vc_column_inner width=\u00bb1\/4&#8243;][\/vc_column_inner][vc_column_inner width=\u00bb1\/4&#8243;]<div  class=\"wpb_content_element   clearfix\"><style type=\"text\/css\" scoped>#ut_am_69d8ed049e860 { opacity: 1; }<\/style><div id=\"ut_am_wrap_69d8ed049e861\" class=\"ut-image-gallery-image \" style=\"text-align:left;\"><div class=\"ut-animated-image-item ut-image-gallery-item ut-animation-done\"><a class=\"ut-deactivated-link\" href=\"#\"><img title=\"logo-cpp-nuevo\" id=\"ut_am_69d8ed049e860\" style=\"\" src=\"https:\/\/cpp.com.ar\/formacion\/wp-content\/uploads\/sites\/3\/2019\/02\/logo-cpp-nuevo.jpg\" width=\"232\" height=\"60\" alt=\"\"\/><\/a><\/div><\/div><\/div>[\/vc_column_inner][vc_column_inner width=\u00bb1\/4&#8243;]<div  class=\"wpb_content_element   clearfix\"><style type=\"text\/css\" scoped>#ut_am_69d8ed049ebfe { opacity: 1; }<\/style><div id=\"ut_am_wrap_69d8ed049ebff\" class=\"ut-image-gallery-image \" style=\"text-align:left;\"><div class=\"ut-animated-image-item ut-image-gallery-item ut-animation-done\"><a class=\"ut-deactivated-link\" href=\"#\"><img title=\"logo UB positivo color\" id=\"ut_am_69d8ed049ebfe\" style=\"\" src=\"https:\/\/cpp.com.ar\/formacion\/wp-content\/uploads\/sites\/3\/2020\/10\/logo-ub-positivo-color.jpg\" width=\"1181\" height=\"511\" alt=\"\"\/><\/a><\/div><\/div><\/div>[\/vc_column_inner][vc_column_inner width=\u00bb1\/4&#8243;][\/vc_column_inner][\/vc_row_inner][vc_row_inner][vc_column_inner width=\u00bb1\/4&#8243;][\/vc_column_inner][vc_column_inner width=\u00bb1\/4&#8243;]<div  class=\"wpb_content_element   clearfix\"><style type=\"text\/css\" scoped>#ut_am_69d8ed049f252 { opacity: 1; }<\/style><div id=\"ut_am_wrap_69d8ed049f253\" class=\"ut-image-gallery-image \" style=\"text-align:left;\"><div class=\"ut-animated-image-item ut-image-gallery-item ut-animation-done\"><a class=\"ut-deactivated-link\" href=\"#\"><img title=\"vertical transp\" id=\"ut_am_69d8ed049f252\" style=\"\" src=\"https:\/\/cpp.com.ar\/formacion\/wp-content\/uploads\/sites\/3\/2020\/10\/vertical-transp.jpg\" width=\"177\" height=\"86\" alt=\"\"\/><\/a><\/div><\/div><\/div>[\/vc_column_inner][vc_column_inner width=\u00bb1\/4&#8243;]<div  class=\"wpb_content_element   clearfix\"><style type=\"text\/css\" scoped>#ut_am_69d8ed049f669 { opacity: 1; }<\/style><div id=\"ut_am_wrap_69d8ed049f66a\" class=\"ut-image-gallery-image \" style=\"text-align:left;\"><div class=\"ut-animated-image-item ut-image-gallery-item ut-animation-done\"><a class=\"ut-deactivated-link\" href=\"#\"><img title=\"LOGO APSA\" id=\"ut_am_69d8ed049f669\" style=\"\" src=\"https:\/\/cpp.com.ar\/formacion\/wp-content\/uploads\/sites\/3\/2020\/10\/logo-apsa.jpg\" width=\"461\" height=\"292\" alt=\"\"\/><\/a><\/div><\/div><\/div>[\/vc_column_inner][vc_column_inner width=\u00bb1\/4&#8243;][\/vc_column_inner][\/vc_row_inner][\/vc_column][\/vc_row][vc_section css=\u00bb.vc_custom_1531614659166{background-image: url(http:\/\/cpp.com.ar\/formacion\/wp-content\/uploads\/sites\/3\/2018\/04\/pat1.png?id=30) !important;}\u00bb][vc_row][vc_column][ut_title_divider_2 divider=\u00bbbklyn-divider-style-14&#8243; align=\u00bbcenter\u00bb]OTRAS ACTIVIDADES DE FORMACI\u00d3N[\/ut_title_divider_2][\/vc_column][\/vc_row][vc_row][vc_column width=\u00bb1\/4&#8243; el_class=\u00bbbloque_icono_propuestas\u00bb]<div class=\"wpb_content_element\"><style type=\"text\/css\" scoped>#ut_bi_69d8ed049fa8d .bklyn-big-icon-round.bklyn-big-icon .fa, #ut_bi_69d8ed049fa8d .bklyn-big-icon-square.bklyn-big-icon .fa { line-height: 100px;}#ut_bi_69d8ed049fa8d .bklyn-big-icon img {max-height: 100px;} #ut_bi_69d8ed049fa8d .bklyn-big-icon { height: 200px;line-height: 200px;width: 200px;font-size: 100px;}<\/style><div id=\"ut_bi_69d8ed049fa8d\" class=\"bklyn-big-icon-wrap\"><a  class=\"bklyn-big-icon-link\" target=\"_self\" href=\"http:\/\/cpp.com.ar\/formacion\/postgrado-en-terapia-focalizada\/\" ><div class=\"bklyn-big-icon bklyn-big-icon-round\"><div class=\"bklyn-big-icon-inner\"><img alt=\"Posgrado en Terapia Focalizada\" src=\"https:\/\/cpp.com.ar\/formacion\/wp-content\/uploads\/sites\/3\/2018\/05\/Posgrado-Terapia-Focalizada.png\"><\/div><\/div><h3 class=\"bklyn-big-icon-title\">Posgrado en Terapia Focalizada<\/h3><\/a><\/div><\/div>[\/vc_column][vc_column width=\u00bb1\/4&#8243; el_class=\u00bbbloque_icono_propuestas\u00bb]<div class=\"wpb_content_element\"><style type=\"text\/css\" scoped>#ut_bi_69d8ed049ffb6 .bklyn-big-icon-round.bklyn-big-icon .fa, #ut_bi_69d8ed049ffb6 .bklyn-big-icon-square.bklyn-big-icon .fa { line-height: 100px;}#ut_bi_69d8ed049ffb6 .bklyn-big-icon img {max-height: 100px;} #ut_bi_69d8ed049ffb6 .bklyn-big-icon { height: 200px;line-height: 200px;width: 200px;font-size: 100px;}<\/style><div id=\"ut_bi_69d8ed049ffb6\" class=\"bklyn-big-icon-wrap\"><a  class=\"bklyn-big-icon-link\" target=\"_self\" href=\"https:\/\/cpp.com.ar\/formacion\/terapia-de-pareja\" ><div class=\"bklyn-big-icon bklyn-big-icon-round\"><div class=\"bklyn-big-icon-inner\"><img alt=\"Formaci\u00f3n Intensiva en Terapia de Pareja\" src=\"https:\/\/cpp.com.ar\/formacion\/wp-content\/uploads\/sites\/3\/2018\/05\/Intensiva-Parejas.png\"><\/div><\/div><h3 class=\"bklyn-big-icon-title\">Formaci\u00f3n Intensiva en Terapia de Pareja<\/h3><\/a><\/div><\/div>[\/vc_column][vc_column width=\u00bb1\/4&#8243; el_class=\u00bbbloque_icono_propuestas\u00bb]<div class=\"wpb_content_element\"><style type=\"text\/css\" scoped>#ut_bi_69d8ed04a03cf .bklyn-big-icon-round.bklyn-big-icon .fa, #ut_bi_69d8ed04a03cf .bklyn-big-icon-square.bklyn-big-icon .fa { line-height: 100px;}#ut_bi_69d8ed04a03cf .bklyn-big-icon img {max-height: 100px;} #ut_bi_69d8ed04a03cf .bklyn-big-icon { height: 200px;line-height: 200px;width: 200px;font-size: 100px;}<\/style><div id=\"ut_bi_69d8ed04a03cf\" class=\"bklyn-big-icon-wrap\"><a  class=\"bklyn-big-icon-link\" target=\"_blank\" href=\"https:\/\/campus.cpp.com.ar\/catalogo.cgi\" ><div class=\"bklyn-big-icon bklyn-big-icon-round\"><div class=\"bklyn-big-icon-inner\"><img alt=\"Cursos virtuales\" src=\"https:\/\/cpp.com.ar\/formacion\/wp-content\/uploads\/sites\/3\/2018\/05\/Cursos-virtuales.png\"><\/div><\/div><h3 class=\"bklyn-big-icon-title\">Cursos virtuales<\/h3><\/a><\/div><\/div>[\/vc_column][vc_column width=\u00bb1\/4&#8243; el_class=\u00bbbloque_icono_propuestas\u00bb]<div class=\"wpb_content_element\"><style type=\"text\/css\" scoped>#ut_bi_69d8ed04a07f0 .bklyn-big-icon-round.bklyn-big-icon .fa, #ut_bi_69d8ed04a07f0 .bklyn-big-icon-square.bklyn-big-icon .fa { line-height: 100px;}#ut_bi_69d8ed04a07f0 .bklyn-big-icon img {max-height: 100px;} #ut_bi_69d8ed04a07f0 .bklyn-big-icon { height: 200px;line-height: 200px;width: 200px;font-size: 100px;}<\/style><div id=\"ut_bi_69d8ed04a07f0\" class=\"bklyn-big-icon-wrap\"><a  class=\"bklyn-big-icon-link\" target=\"_self\" href=\"http:\/\/cpp.com.ar\/formacion\/pasantias\/\" ><div class=\"bklyn-big-icon bklyn-big-icon-round\"><div class=\"bklyn-big-icon-inner\"><img alt=\"Pasant\u00edas nacionales e internacionales\" src=\"https:\/\/cpp.com.ar\/formacion\/wp-content\/uploads\/sites\/3\/2018\/05\/Pasantias-y-rotaciones.png\"><\/div><\/div><h3 class=\"bklyn-big-icon-title\">Pasant\u00edas nacionales e internacionales<\/h3><\/a><\/div><\/div>[\/vc_column][\/vc_row][\/vc_section]<\/p>\n<\/section>","protected":false},"excerpt":{"rendered":"<p>[vc_row][vc_column][vc_column_text] Dilemas en el abordaje de las crisis suicidas. Evaluaci\u00f3n de riesgo vs. tratamiento [\/vc_column_text][\/vc_column][\/vc_row][vc_section css=\u00bb.vc_custom_1601656633730{border-bottom-width: 1px !important;}\u00bb][vc_row][vc_column][vc_column_text] En este Webinar se plantear\u00e1 c\u00f3mo desarrollar una adecuada evaluaci\u00f3n de riesgo, qu\u00e9 elementos se deber\u00e1n tener en cuenta y c\u00f3mo tratarlos, cu\u00e1les son los signos de alarma, \u00a0modernas conceptualizaciones de las crisis suicidas como el\u00a0suicide crisis [&hellip;]<\/p>\n","protected":false},"author":1,"featured_media":0,"parent":0,"menu_order":0,"comment_status":"closed","ping_status":"closed","template":"","meta":{"footnotes":""},"acf":[],"_links":{"self":[{"href":"https:\/\/cpp.com.ar\/formacion\/wp-json\/wp\/v2\/pages\/5863"}],"collection":[{"href":"https:\/\/cpp.com.ar\/formacion\/wp-json\/wp\/v2\/pages"}],"about":[{"href":"https:\/\/cpp.com.ar\/formacion\/wp-json\/wp\/v2\/types\/page"}],"author":[{"embeddable":true,"href":"https:\/\/cpp.com.ar\/formacion\/wp-json\/wp\/v2\/users\/1"}],"replies":[{"embeddable":true,"href":"https:\/\/cpp.com.ar\/formacion\/wp-json\/wp\/v2\/comments?post=5863"}],"version-history":[{"count":19,"href":"https:\/\/cpp.com.ar\/formacion\/wp-json\/wp\/v2\/pages\/5863\/revisions"}],"predecessor-version":[{"id":7224,"href":"https:\/\/cpp.com.ar\/formacion\/wp-json\/wp\/v2\/pages\/5863\/revisions\/7224"}],"wp:attachment":[{"href":"https:\/\/cpp.com.ar\/formacion\/wp-json\/wp\/v2\/media?parent=5863"}],"curies":[{"name":"wp","href":"https:\/\/api.w.org\/{rel}","templated":true}]}}