{"id":5793,"date":"2020-09-30T13:40:57","date_gmt":"2020-09-30T16:40:57","guid":{"rendered":"https:\/\/cpp.com.ar\/formacion\/?page_id=5793"},"modified":"2022-08-11T14:34:22","modified_gmt":"2022-08-11T17:34:22","slug":"sexologia","status":"publish","type":"page","link":"https:\/\/cpp.com.ar\/formacion\/sexologia\/","title":{"rendered":"Sexolog\u00eda cl\u00ednica"},"content":{"rendered":"<section class=\"wpb-content-wrapper\"><p>[vc_section bklyn_overlay=\u00bbtrue\u00bb bklyn_overlay_pattern=\u00bbtrue\u00bb bklyn_overlay_pattern_style=\u00bbbklyn-style-two\u00bb background_position=\u00bbcenter center\u00bb background_attachment=\u00bbfixed\u00bb css=\u00bb.vc_custom_1601483580378{background-image: url(https:\/\/cpp.com.ar\/formacion\/wp-content\/uploads\/sites\/3\/2020\/09\/3.jpg?id=5795) !important;background-position: center !important;background-repeat: no-repeat !important;background-size: cover !important;}\u00bb bklyn_overlay_color=\u00bbrgba(0, 0, 0, 0.4)\u00bb][vc_row][vc_column][vc_empty_space height=\u00bb180px\u00bb][\/vc_column][\/vc_row][\/vc_section][vc_section css=\u00bb.vc_custom_1531359830548{border-bottom-width: 1px !important;}\u00bb][vc_row][vc_column]<div class=\"wpb_content_element \"><style type=\"text\/css\" scoped>#ut_header_69d0dac793380 h2.section-title { font-size: 25px; }#ut_header_69d0dac793380.pt-style-2 .page-title:after, #ut_header_69d0dac793380.pt-style-2 .parallax-title:after, #ut_header_69d0dac793380.pt-style-2 .section-title:after {background-color:!important;height: ;width: ;}<\/style><header id=\"ut_header_69d0dac793380\" class=\"section-header pt-style-2 header-center\"><h2  class=\"section-title \"><span>Obten\u00e9 herramientas para diagnosticar velozmente disfunciones sexuales frecuentes y llevar a cabo un tratamiento efectivo, realizando un abordaje integral con perspectiva de g\u00e9nero y promoci\u00f3n de la salud sexual<br \/>\n<\/span><\/h2><\/header><\/div><div class=\"wpb_content_element \"><style type=\"text\/css\" scoped><\/style><header id=\"ut_header_69d0dac793433\" class=\"section-header pt-style-3 header-center\"><h2  class=\"section-title \"><span>INSCRIPCIONES CERRADAS<\/span><\/h2><\/header><\/div>[\/vc_column][\/vc_row][vc_row css=\u00bb.vc_custom_1531358387995{background-image: url(http:\/\/cpp.com.ar\/formacion\/wp-content\/uploads\/sites\/3\/2018\/04\/pat1.png?id=30) !important;}\u00bb][vc_column width=\u00bb1\/3&#8243;]<div class=\"wpb_content_element \"><div id=\"utbx_o_69d0dac793460\" class=\"ut-service-icon-box  clearfix  ut-service-icon-box-center\"><style type=\"text\/css\" scoped>#utbx_69d0dac79345f { background:#00cdb5; }#utbx_69d0dac79345f:hover { background: #2FC0D7; } #utbx_69d0dac79345f:after { box-shadow: 0 0 0 4px #2FC0D7; } <\/style><div class=\"ut-highlight-icon-wrap ut-highlight-icon-effect\"><a id=\"utbx_69d0dac79345f\" data-id=\"utbx_69d0dac79345f\" data-hovercolor=\"#2FC0D7\"  data-effect=\"fadeInRight\" data-animateonce=\"yes\" data-delay=\"0\" class=\"ut-highlight-icon ut-animate-element animated ut-no-animation-tablet ut-no-animation-mobile fa fa-calendar\" href=\"#\" target=\"_blank\"><\/a><\/div><\/div><\/div>[vc_column_text]<\/p>\n<h4 style=\"text-align: center;\">Inicio:<\/h4>\n<h4 style=\"text-align: center;\"><strong>INSCRIPCIONES CERRADAS<\/strong><\/h4>\n<p>[\/vc_column_text][\/vc_column][vc_column width=\u00bb1\/3&#8243;]<div class=\"wpb_content_element \"><div id=\"utbx_o_69d0dac793497\" class=\"ut-service-icon-box  clearfix  ut-service-icon-box-center\"><style type=\"text\/css\" scoped>#utbx_69d0dac793496 { background:#00cdb5; }#utbx_69d0dac793496:hover { background: #2FC0D7; } #utbx_69d0dac793496:after { box-shadow: 0 0 0 4px #2FC0D7; } <\/style><div class=\"ut-highlight-icon-wrap ut-highlight-icon-effect\"><a id=\"utbx_69d0dac793496\" data-id=\"utbx_69d0dac793496\" data-hovercolor=\"#2FC0D7\"  data-effect=\"fadeInRight\" data-animateonce=\"yes\" data-delay=\"0\" class=\"ut-highlight-icon ut-animate-element animated ut-no-animation-tablet ut-no-animation-mobile fa fa-users\" href=\"#\" target=\"_blank\"><\/a><\/div><\/div><\/div>[vc_column_text]<\/p>\n<h4 style=\"text-align: center;\">Dirigido a:<\/h4>\n<h4 style=\"text-align: center;\">Psic\u00f3logos y M\u00e9dicos<\/h4>\n<p>[\/vc_column_text][\/vc_column][vc_column width=\u00bb1\/3&#8243;]<div class=\"wpb_content_element \"><div id=\"utbx_o_69d0dac7934d3\" class=\"ut-service-icon-box  clearfix  ut-service-icon-box-center\"><style type=\"text\/css\" scoped>#utbx_69d0dac7934d2 { background:#00cdb5; }#utbx_69d0dac7934d2:hover { background: #2FC0D7; } #utbx_69d0dac7934d2:after { box-shadow: 0 0 0 4px #2FC0D7; } <\/style><div class=\"ut-highlight-icon-wrap ut-highlight-icon-effect\"><a id=\"utbx_69d0dac7934d2\" data-id=\"utbx_69d0dac7934d2\" data-hovercolor=\"#2FC0D7\"  data-effect=\"fadeInRight\" data-animateonce=\"yes\" data-delay=\"0\" class=\"ut-highlight-icon ut-animate-element animated ut-no-animation-tablet ut-no-animation-mobile fa fa-paper-plane-o\" href=\"#\" target=\"_blank\"><\/a><\/div><\/div><\/div>[vc_column_text]<\/p>\n<h4 style=\"text-align: center;\">Duraci\u00f3n:<\/h4>\n<h4 style=\"text-align: center;\">4 clases<\/h4>\n<p>[\/vc_column_text][\/vc_column][\/vc_row][vc_row][vc_column width=\u00bb1\/4&#8243;][\/vc_column][vc_column width=\u00bb1\/2&#8243;]<div class=\"wpb_content_element \"><style type=\"text\/css\" scoped>#ut_header_69d0dac7934ee.pt-style-2 .page-title:after, #ut_header_69d0dac7934ee.pt-style-2 .parallax-title:after, #ut_header_69d0dac7934ee.pt-style-2 .section-title:after {background-color:!important;height: ;width: ;}<\/style><header id=\"ut_header_69d0dac7934ee\" class=\"section-header pt-style-2 header-center\"><h2  class=\"section-title \"><span>TEMARIO:<\/span><\/h2><\/header><\/div>[vc_column_text]<\/p>\n<ul>\n<li><strong>Clase 1:<\/strong> Diccionario sexol\u00f3gico. Respuesta sexual humana. Fases del deseo sexual. Manifestaciones y causas de su alteraci\u00f3n.<\/li>\n<li><strong>Clase 2:<\/strong> C\u00f3mo diagnosticar trastornos sexuales m\u00e1s frecuentes: masculino y femenino. Disfunci\u00f3n er\u00e9ctil. Eyaculaci\u00f3n precoz. Vaginismo.<\/li>\n<li><strong>Clase 3:<\/strong> Tratamiento. Modos de intervenci\u00f3n conductual y estrat\u00e9gico.<\/li>\n<li><strong>Clase 4:<\/strong> Casos cl\u00ednicos.<\/li>\n<\/ul>\n<p>[\/vc_column_text][vc_column_text]<\/p>\n<hr \/>\n<h3 style=\"text-align: center;\">Dejanos tu mail y te enviaremos todos los detalles de la cursada:<\/h3>\n<p>[\/vc_column_text]<div class=\"wpb_content_element \"><iframe loading=\"lazy\" style=\"display: block; margin-left: auto; margin-right: auto; max-width: 100%;\" src=\"https:\/\/ef3331e6.sibforms.com\/serve\/MUIEALUuqoQI_Eh_Rjk5GnRRgPErnveSRNO3e9NLjhfywQ7u7-u-iYLKRk3GbXN-u0qXXLKu4aCdhGGbiKnia1K6KttqrAZwDYHXnR-ZIb6Glx-WnU9q4ygY16Wl6IhgnhJB2fDouZ9gNYWfyQ3lMNRCJLegZfH4L2K13M8lZ0roHmt1DEnoTHzBKInkyiaJnLaAs9dh3DMWwUEq\" width=\"540\" height=\"450&quot;\" frameborder=\"0\" scrolling=\"auto\" allowfullscreen=\"allowfullscreen\"><\/iframe><\/div>[\/vc_column][vc_column width=\u00bb1\/4&#8243;][\/vc_column][\/vc_row][\/vc_section][vc_row][vc_column][ut_title_divider_2 align=\u00bbcenter\u00bb]Docente:[\/ut_title_divider_2][\/vc_column][\/vc_row][vc_row][vc_column width=\u00bb1\/3&#8243;][vc_row_inner][vc_column_inner width=\u00bb1\/3&#8243;][\/vc_column_inner][\/vc_row_inner][\/vc_column][vc_column width=\u00bb1\/3&#8243;]<div  class=\"wpb_content_element   clearfix\"><style type=\"text\/css\" scoped>#ut_am_69d0dac7939e7 { opacity: 1; }<\/style><div id=\"ut_am_wrap_69d0dac7939e8\" class=\"ut-image-gallery-image \" style=\"text-align:center;\"><div class=\"ut-animated-image-item ut-image-gallery-item ut-animation-done\"><a class=\"ut-deactivated-link\" href=\"#\"><img title=\"fotojuliana\" id=\"ut_am_69d0dac7939e7\" style=\"\" src=\"https:\/\/cpp.com.ar\/formacion\/wp-content\/uploads\/sites\/3\/2020\/09\/fotojuliana.jpg\" width=\"199\" height=\"274\" alt=\"\"\/><\/a><\/div><\/div><\/div>[vc_column_text]<\/p>\n<h4 class=\"null\" style=\"text-align: center;\"><strong>Lic.\u00a0Juliana\u00a0Czudnowsky<\/strong><\/h4>\n<p style=\"text-align: center;\">Lic. en Psicolog\u00eda (UBA). Postgrado en Sexolog\u00eda Cl\u00ednica de la Facultad de Medicina. Coordinadora del Equipo de Sexolog\u00eda en el Centro Privado de Psicoterapias (CPP). Amplia experiencia en el \u00e1rea cl\u00ednica en atenci\u00f3n pscoterapeutica de pacientes adultos, parejas, disfunciones sexuales<\/p>\n<p>[\/vc_column_text][\/vc_column][vc_column width=\u00bb1\/3&#8243;][\/vc_column][\/vc_row][vc_section css=\u00bb.vc_custom_1531614659166{background-image: url(http:\/\/cpp.com.ar\/formacion\/wp-content\/uploads\/sites\/3\/2018\/04\/pat1.png?id=30) !important;}\u00bb][vc_row][vc_column][ut_title_divider_2 divider=\u00bbbklyn-divider-style-14&#8243; align=\u00bbcenter\u00bb]OTRAS ACTIVIDADES DE FORMACI\u00d3N[\/ut_title_divider_2][\/vc_column][\/vc_row][vc_row][vc_column width=\u00bb1\/4&#8243; el_class=\u00bbbloque_icono_propuestas\u00bb]<div class=\"wpb_content_element\"><style type=\"text\/css\" scoped>#ut_bi_69d0dac794076 .bklyn-big-icon-round.bklyn-big-icon .fa, #ut_bi_69d0dac794076 .bklyn-big-icon-square.bklyn-big-icon .fa { line-height: 100px;}#ut_bi_69d0dac794076 .bklyn-big-icon img {max-height: 100px;} #ut_bi_69d0dac794076 .bklyn-big-icon { height: 200px;line-height: 200px;width: 200px;font-size: 100px;}<\/style><div id=\"ut_bi_69d0dac794076\" class=\"bklyn-big-icon-wrap\"><a  class=\"bklyn-big-icon-link\" target=\"_self\" href=\"http:\/\/cpp.com.ar\/formacion\/postgrado-en-terapia-focalizada\/\" ><div class=\"bklyn-big-icon bklyn-big-icon-round\"><div class=\"bklyn-big-icon-inner\"><img alt=\"Posgrado en Terapia Focalizada\" src=\"https:\/\/cpp.com.ar\/formacion\/wp-content\/uploads\/sites\/3\/2018\/05\/Posgrado-Terapia-Focalizada.png\"><\/div><\/div><h3 class=\"bklyn-big-icon-title\">Posgrado en Terapia Focalizada<\/h3><\/a><\/div><\/div>[\/vc_column][vc_column width=\u00bb1\/4&#8243; el_class=\u00bbbloque_icono_propuestas\u00bb]<div class=\"wpb_content_element\"><style type=\"text\/css\" scoped>#ut_bi_69d0dac79433d .bklyn-big-icon-round.bklyn-big-icon .fa, #ut_bi_69d0dac79433d .bklyn-big-icon-square.bklyn-big-icon .fa { line-height: 100px;}#ut_bi_69d0dac79433d .bklyn-big-icon img {max-height: 100px;} #ut_bi_69d0dac79433d .bklyn-big-icon { height: 200px;line-height: 200px;width: 200px;font-size: 100px;}<\/style><div id=\"ut_bi_69d0dac79433d\" class=\"bklyn-big-icon-wrap\"><a  class=\"bklyn-big-icon-link\" target=\"_self\" href=\"https:\/\/cpp.com.ar\/formacion\/terapia-de-pareja\" ><div class=\"bklyn-big-icon bklyn-big-icon-round\"><div class=\"bklyn-big-icon-inner\"><img alt=\"Formaci\u00f3n Intensiva en Terapia de Pareja\" src=\"https:\/\/cpp.com.ar\/formacion\/wp-content\/uploads\/sites\/3\/2018\/05\/Intensiva-Parejas.png\"><\/div><\/div><h3 class=\"bklyn-big-icon-title\">Formaci\u00f3n Intensiva en Terapia de Pareja<\/h3><\/a><\/div><\/div>[\/vc_column][vc_column width=\u00bb1\/4&#8243; el_class=\u00bbbloque_icono_propuestas\u00bb]<div class=\"wpb_content_element\"><style type=\"text\/css\" scoped>#ut_bi_69d0dac794708 .bklyn-big-icon-round.bklyn-big-icon .fa, #ut_bi_69d0dac794708 .bklyn-big-icon-square.bklyn-big-icon .fa { line-height: 100px;}#ut_bi_69d0dac794708 .bklyn-big-icon img {max-height: 100px;} #ut_bi_69d0dac794708 .bklyn-big-icon { height: 200px;line-height: 200px;width: 200px;font-size: 100px;}<\/style><div id=\"ut_bi_69d0dac794708\" class=\"bklyn-big-icon-wrap\"><a  class=\"bklyn-big-icon-link\" target=\"_blank\" href=\"https:\/\/campus.cpp.com.ar\/catalogo.cgi\" ><div class=\"bklyn-big-icon bklyn-big-icon-round\"><div class=\"bklyn-big-icon-inner\"><img alt=\"Cursos virtuales\" src=\"https:\/\/cpp.com.ar\/formacion\/wp-content\/uploads\/sites\/3\/2018\/05\/Cursos-virtuales.png\"><\/div><\/div><h3 class=\"bklyn-big-icon-title\">Cursos virtuales<\/h3><\/a><\/div><\/div>[\/vc_column][vc_column width=\u00bb1\/4&#8243; el_class=\u00bbbloque_icono_propuestas\u00bb]<div class=\"wpb_content_element\"><style type=\"text\/css\" scoped>#ut_bi_69d0dac794bdf .bklyn-big-icon-round.bklyn-big-icon .fa, #ut_bi_69d0dac794bdf .bklyn-big-icon-square.bklyn-big-icon .fa { line-height: 100px;}#ut_bi_69d0dac794bdf .bklyn-big-icon img {max-height: 100px;} #ut_bi_69d0dac794bdf .bklyn-big-icon { height: 200px;line-height: 200px;width: 200px;font-size: 100px;}<\/style><div id=\"ut_bi_69d0dac794bdf\" class=\"bklyn-big-icon-wrap\"><a  class=\"bklyn-big-icon-link\" target=\"_self\" href=\"http:\/\/cpp.com.ar\/formacion\/pasantias\/\" ><div class=\"bklyn-big-icon bklyn-big-icon-round\"><div class=\"bklyn-big-icon-inner\"><img alt=\"Pasant\u00edas nacionales e internacionales\" src=\"https:\/\/cpp.com.ar\/formacion\/wp-content\/uploads\/sites\/3\/2018\/05\/Pasantias-y-rotaciones.png\"><\/div><\/div><h3 class=\"bklyn-big-icon-title\">Pasant\u00edas nacionales e internacionales<\/h3><\/a><\/div><\/div>[\/vc_column][\/vc_row][\/vc_section]<\/p>\n<\/section>","protected":false},"excerpt":{"rendered":"<p>[vc_section bklyn_overlay=\u00bbtrue\u00bb bklyn_overlay_pattern=\u00bbtrue\u00bb bklyn_overlay_pattern_style=\u00bbbklyn-style-two\u00bb background_position=\u00bbcenter center\u00bb background_attachment=\u00bbfixed\u00bb css=\u00bb.vc_custom_1601483580378{background-image: url(https:\/\/cpp.com.ar\/formacion\/wp-content\/uploads\/sites\/3\/2020\/09\/3.jpg?id=5795) !important;background-position: center !important;background-repeat: no-repeat !important;background-size: cover !important;}\u00bb bklyn_overlay_color=\u00bbrgba(0, 0, 0, 0.4)\u00bb][vc_row][vc_column][vc_empty_space height=\u00bb180px\u00bb][\/vc_column][\/vc_row][\/vc_section][vc_section css=\u00bb.vc_custom_1531359830548{border-bottom-width: 1px !important;}\u00bb][vc_row][vc_column][\/vc_column][\/vc_row][vc_row css=\u00bb.vc_custom_1531358387995{background-image: url(http:\/\/cpp.com.ar\/formacion\/wp-content\/uploads\/sites\/3\/2018\/04\/pat1.png?id=30) !important;}\u00bb][vc_column width=\u00bb1\/3&#8243;][vc_column_text] Inicio: INSCRIPCIONES CERRADAS [\/vc_column_text][\/vc_column][vc_column width=\u00bb1\/3&#8243;][vc_column_text] Dirigido a: Psic\u00f3logos y M\u00e9dicos [\/vc_column_text][\/vc_column][vc_column width=\u00bb1\/3&#8243;][vc_column_text] Duraci\u00f3n: 4 clases [\/vc_column_text][\/vc_column][\/vc_row][vc_row][vc_column width=\u00bb1\/4&#8243;][\/vc_column][vc_column width=\u00bb1\/2&#8243;][vc_column_text] Clase 1: Diccionario sexol\u00f3gico. Respuesta sexual humana. Fases del [&hellip;]<\/p>\n","protected":false},"author":1,"featured_media":0,"parent":0,"menu_order":0,"comment_status":"closed","ping_status":"closed","template":"","meta":{"footnotes":""},"acf":[],"_links":{"self":[{"href":"https:\/\/cpp.com.ar\/formacion\/wp-json\/wp\/v2\/pages\/5793"}],"collection":[{"href":"https:\/\/cpp.com.ar\/formacion\/wp-json\/wp\/v2\/pages"}],"about":[{"href":"https:\/\/cpp.com.ar\/formacion\/wp-json\/wp\/v2\/types\/page"}],"author":[{"embeddable":true,"href":"https:\/\/cpp.com.ar\/formacion\/wp-json\/wp\/v2\/users\/1"}],"replies":[{"embeddable":true,"href":"https:\/\/cpp.com.ar\/formacion\/wp-json\/wp\/v2\/comments?post=5793"}],"version-history":[{"count":16,"href":"https:\/\/cpp.com.ar\/formacion\/wp-json\/wp\/v2\/pages\/5793\/revisions"}],"predecessor-version":[{"id":7818,"href":"https:\/\/cpp.com.ar\/formacion\/wp-json\/wp\/v2\/pages\/5793\/revisions\/7818"}],"wp:attachment":[{"href":"https:\/\/cpp.com.ar\/formacion\/wp-json\/wp\/v2\/media?parent=5793"}],"curies":[{"name":"wp","href":"https:\/\/api.w.org\/{rel}","templated":true}]}}