{"id":575,"date":"2018-09-03T18:30:41","date_gmt":"2018-09-03T21:30:41","guid":{"rendered":"http:\/\/cpp.com.ar\/formacion\/?page_id=575"},"modified":"2021-10-25T01:18:44","modified_gmt":"2021-10-25T04:18:44","slug":"contacto-posgrado","status":"publish","type":"page","link":"https:\/\/cpp.com.ar\/formacion\/contacto-posgrado\/","title":{"rendered":"Posgrado en Terapia Focalizada"},"content":{"rendered":"<section class=\"wpb-content-wrapper\"><p>[vc_section][vc_row][vc_column][vc_column_text]Inscripciones abiertas Ciclo 2021 &#8211; 2022<\/p>\n<p>Dirigido a psiquiatras, psic\u00f3logos y psicopedagogos que quieran obtener un s\u00f3lido entrenamiento en las habilidades terap\u00e9uticas requeridas y la formaci\u00f3n te\u00f3rica necesaria para la pr\u00e1ctica de la psicoterapia focalizada en el modelo de Resoluci\u00f3n de Problemas.<\/p>\n<p>\u00bfQuer\u00e9s conocer todo sobre el Postgrado?<br \/>\nConfirm\u00e1 tu inscripci\u00f3n a una de las charlas informativas programadas, completando el siguiente formulario.[\/vc_column_text][\/vc_column][\/vc_row][vc_row][vc_column width=\u00bb1\/4&#8243;][\/vc_column][vc_column width=\u00bb1\/2&#8243;]<div class=\"wpb_content_element \"><div role=\"form\" class=\"wpcf7\" id=\"wpcf7-f574-o1\" lang=\"es-ES\" dir=\"ltr\">\n<div class=\"screen-reader-response\"><p role=\"status\" aria-live=\"polite\" aria-atomic=\"true\"><\/p> <ul><\/ul><\/div>\n<form action=\"\/formacion\/wp-json\/wp\/v2\/pages\/575#wpcf7-f574-o1\" method=\"post\" class=\"wpcf7-form init\" novalidate=\"novalidate\" data-status=\"init\">\n<div style=\"display: none;\">\n<input type=\"hidden\" name=\"_wpcf7\" value=\"574\" \/>\n<input type=\"hidden\" name=\"_wpcf7_version\" value=\"5.4\" \/>\n<input type=\"hidden\" name=\"_wpcf7_locale\" value=\"es_ES\" \/>\n<input type=\"hidden\" name=\"_wpcf7_unit_tag\" value=\"wpcf7-f574-o1\" \/>\n<input type=\"hidden\" name=\"_wpcf7_container_post\" value=\"0\" \/>\n<input type=\"hidden\" name=\"_wpcf7_posted_data_hash\" value=\"\" \/>\n<input type=\"hidden\" name=\"_wpcf7_recaptcha_response\" value=\"\" \/>\n<\/div>\n<p>[dynamichidden curso \"CF7_get_post_var key='title'\"]<\/p>\n<div class=\"campo\">\n    <label>Nombre*<\/label><br \/>\n    <span class=\"wpcf7-form-control-wrap nombre\"><input type=\"text\" name=\"nombre\" value=\"\" size=\"40\" class=\"wpcf7-form-control wpcf7-text wpcf7-validates-as-required\" aria-required=\"true\" aria-invalid=\"false\" \/><\/span>\n<\/div>\n<div class=\"campo\">\n    <label>Apellido*<\/label><br \/>\n    <span class=\"wpcf7-form-control-wrap apellido\"><input type=\"text\" name=\"apellido\" value=\"\" size=\"40\" class=\"wpcf7-form-control wpcf7-text wpcf7-validates-as-required\" aria-required=\"true\" aria-invalid=\"false\" \/><\/span>\n<\/div>\n<div class=\"campo\">\n    <label>E-mail*<\/label><br \/>\n    <span class=\"wpcf7-form-control-wrap email\"><input type=\"email\" name=\"email\" value=\"\" size=\"40\" class=\"wpcf7-form-control wpcf7-text wpcf7-email wpcf7-validates-as-required wpcf7-validates-as-email\" aria-required=\"true\" aria-invalid=\"false\" \/><\/span>\n<\/div>\n<div class=\"campo\">\n    <label>Tel\u00e9fono<\/label><br \/>\n    <span class=\"wpcf7-form-control-wrap telefono\"><input type=\"text\" name=\"telefono\" value=\"\" size=\"40\" class=\"wpcf7-form-control wpcf7-text\" aria-invalid=\"false\" \/><\/span>\n<\/div>\n<div class=\"campo\">\n    <label>Ciudad*<\/label><br \/>\n    <span class=\"wpcf7-form-control-wrap ciudad\"><input type=\"text\" name=\"ciudad\" value=\"\" size=\"40\" class=\"wpcf7-form-control wpcf7-text wpcf7-validates-as-required\" aria-required=\"true\" aria-invalid=\"false\" \/><\/span>\n<\/div>\n<div class=\"campo\">\n    <label>Pa\u00eds*<\/label><br \/>\n    <span class=\"wpcf7-form-control-wrap pais\"><input type=\"text\" name=\"pais\" value=\"\" size=\"40\" class=\"wpcf7-form-control wpcf7-text wpcf7-validates-as-required\" aria-required=\"true\" aria-invalid=\"false\" \/><\/span>\n<\/div>\n<p><br><\/p>\n<div class=\"campo\">\n    <label>\u00bfC\u00f3mo nos conoci\u00f3?*<\/label><br \/>\n    <span class=\"wpcf7-form-control-wrap como-conocio\"><select name=\"como-conocio\" class=\"wpcf7-form-control wpcf7-select wpcf7-validates-as-required\" aria-required=\"true\" aria-invalid=\"false\"><option value=\"\">---<\/option><option value=\"Correo electr\u00f3nico del CPP\">Correo electr\u00f3nico del CPP<\/option><option value=\"Facebook\">Facebook<\/option><option value=\"Google\">Google<\/option><option value=\"LinkedIn\">LinkedIn<\/option><option value=\"P\u00e1gina web del CPP\">P\u00e1gina web del CPP<\/option><option value=\"Recomendaci\u00f3n\">Recomendaci\u00f3n<\/option><option value=\"Obra Social\">Obra Social<\/option><option value=\"Otro\">Otro<\/option><\/select><\/span>\n<\/div>\n<div class=\"campo\">\n    <label>Mensaje<\/label><br \/>\n    <span class=\"wpcf7-form-control-wrap mensaje\"><textarea name=\"mensaje\" cols=\"40\" rows=\"10\" class=\"wpcf7-form-control wpcf7-textarea\" aria-invalid=\"false\"><\/textarea><\/span>\n<\/div>\n\n<p><br><\/p>\n<div class=\"enviar\">\n    <input type=\"submit\" value=\"Enviar\" class=\"wpcf7-form-control wpcf7-submit\" \/>\n<\/div>\n<div class=\"wpcf7-response-output\" aria-hidden=\"true\"><\/div><\/form><\/div><\/div>[\/vc_column][vc_column width=\u00bb1\/4&#8243;][\/vc_column][\/vc_row][\/vc_section]<\/p>\n<\/section>","protected":false},"excerpt":{"rendered":"<p>[vc_section][vc_row][vc_column][vc_column_text]Inscripciones abiertas Ciclo 2021 &#8211; 2022 Dirigido a psiquiatras, psic\u00f3logos y psicopedagogos que quieran obtener un s\u00f3lido entrenamiento en las habilidades terap\u00e9uticas requeridas y la formaci\u00f3n te\u00f3rica necesaria para la pr\u00e1ctica de la psicoterapia focalizada en el modelo de Resoluci\u00f3n de Problemas. \u00bfQuer\u00e9s conocer todo sobre el Postgrado? Confirm\u00e1 tu inscripci\u00f3n a una de las [&hellip;]<\/p>\n","protected":false},"author":1,"featured_media":0,"parent":0,"menu_order":0,"comment_status":"closed","ping_status":"closed","template":"","meta":{"footnotes":""},"acf":[],"_links":{"self":[{"href":"https:\/\/cpp.com.ar\/formacion\/wp-json\/wp\/v2\/pages\/575"}],"collection":[{"href":"https:\/\/cpp.com.ar\/formacion\/wp-json\/wp\/v2\/pages"}],"about":[{"href":"https:\/\/cpp.com.ar\/formacion\/wp-json\/wp\/v2\/types\/page"}],"author":[{"embeddable":true,"href":"https:\/\/cpp.com.ar\/formacion\/wp-json\/wp\/v2\/users\/1"}],"replies":[{"embeddable":true,"href":"https:\/\/cpp.com.ar\/formacion\/wp-json\/wp\/v2\/comments?post=575"}],"version-history":[{"count":6,"href":"https:\/\/cpp.com.ar\/formacion\/wp-json\/wp\/v2\/pages\/575\/revisions"}],"predecessor-version":[{"id":7632,"href":"https:\/\/cpp.com.ar\/formacion\/wp-json\/wp\/v2\/pages\/575\/revisions\/7632"}],"wp:attachment":[{"href":"https:\/\/cpp.com.ar\/formacion\/wp-json\/wp\/v2\/media?parent=575"}],"curies":[{"name":"wp","href":"https:\/\/api.w.org\/{rel}","templated":true}]}}