{"id":422,"date":"2018-07-14T22:12:43","date_gmt":"2018-07-15T01:12:43","guid":{"rendered":"http:\/\/cpp.com.ar\/formacion\/?page_id=422"},"modified":"2022-05-11T15:08:59","modified_gmt":"2022-05-11T18:08:59","slug":"desregulacion","status":"publish","type":"page","link":"https:\/\/cpp.com.ar\/formacion\/desregulacion\/","title":{"rendered":"Taller de habilidades en DBT"},"content":{"rendered":"<section class=\"wpb-content-wrapper\"><p>[vc_section css=\u00bb.vc_custom_1531359830548{border-bottom-width: 1px !important;}\u00bb][vc_row][vc_column]<div  class=\"wpb_content_element   clearfix\"><div id=\"ut_am_wrap_69d281daa751a\" class=\"ut-image-gallery-image \" style=\"text-align:center;\"><div class=\"ut-animated-image-item ut-image-gallery-item ut-animation-done\"><a class=\"ut-deactivated-link\" href=\"#\"><img title=\"portadahabilidades\" id=\"ut_am_69d281daa7519\" style=\"\" src=\"https:\/\/cpp.com.ar\/formacion\/wp-content\/uploads\/sites\/3\/2021\/06\/portadahabilidades.jpg\" width=\"980\" height=\"280\" alt=\"\"\/><\/a><\/div><\/div><\/div>[vc_column_text]<\/p>\n<h2 style=\"text-align: center;\"><strong>INSCRIPCIONES CERRADAS<\/strong><\/h2>\n<h3 style=\"text-align: center;\"><strong>Pr\u00f3ximo inicio, primer cuatrimestre del 2023<\/strong><\/h3>\n<p>[\/vc_column_text]<div class=\"wpb_content_element \"><style type=\"text\/css\" scoped>#ut_header_69d281daa7694 h2 span { color:#000000; }#ut_header_69d281daa7694 h2.section-title { font-size: 25px; }#ut_header_69d281daa7694.pt-style-2 .page-title:after, #ut_header_69d281daa7694.pt-style-2 .parallax-title:after, #ut_header_69d281daa7694.pt-style-2 .section-title:after {background-color: #000000 !important;height: ;width: ;}<\/style><header id=\"ut_header_69d281daa7694\" class=\"section-header pt-style-2 header-center\"><h2  class=\"section-title \"><span>El aprendizaje de las habilidades es muy importante para la psicoterapia con pacientes con desregulaci\u00f3n emocional. Por eso, es fundamental para el terapeuta no solo conocerlas te\u00f3ricamente sino poder trabajarlas en forma pr\u00e1ctica con los pacientes.<\/p><br \/>\n<p>Este curso tiene una modalidad de taller vivencial en el cual se brindar\u00e1 una breve explicaci\u00f3n te\u00f3rica sobre las habilidades de DBT para luego poder ponerlas en pr\u00e1ctica y de este modo adquirir un conocimiento pragm\u00e1tico.<\/span><\/h2><\/header><\/div>[\/vc_column][\/vc_row][vc_row css=\u00bb.vc_custom_1531358387995{background-image: url(http:\/\/cpp.com.ar\/formacion\/wp-content\/uploads\/sites\/3\/2018\/04\/pat1.png?id=30) !important;}\u00bb][vc_column width=\u00bb1\/3&#8243;]<div class=\"wpb_content_element \"><div id=\"utbx_o_69d281daa76f7\" class=\"ut-service-icon-box  clearfix  ut-service-icon-box-center\"><style type=\"text\/css\" scoped>#utbx_69d281daa76f6 { background:#00cdb5; }#utbx_69d281daa76f6:hover { background: #2FC0D7; } #utbx_69d281daa76f6:after { box-shadow: 0 0 0 4px #2FC0D7; } <\/style><div class=\"ut-highlight-icon-wrap ut-highlight-icon-effect\"><a id=\"utbx_69d281daa76f6\" data-id=\"utbx_69d281daa76f6\" data-hovercolor=\"#2FC0D7\"  data-effect=\"fadeInRight\" data-animateonce=\"yes\" data-delay=\"0\" class=\"ut-highlight-icon ut-animate-element animated ut-no-animation-tablet ut-no-animation-mobile fa fa-calendar\" href=\"#\" target=\"_blank\"><\/a><\/div><\/div><\/div>[vc_column_text]<\/p>\n<h4 style=\"text-align: center;\">INSCRIPCIONES CERRADAS<\/h4>\n<p>[\/vc_column_text][\/vc_column][vc_column width=\u00bb1\/3&#8243;]<div class=\"wpb_content_element \"><div id=\"utbx_o_69d281daa7746\" class=\"ut-service-icon-box  clearfix  ut-service-icon-box-center\"><style type=\"text\/css\" scoped>#utbx_69d281daa7745 { background:#00cdb5; }#utbx_69d281daa7745:hover { background: #2FC0D7; } #utbx_69d281daa7745:after { box-shadow: 0 0 0 4px #2FC0D7; } <\/style><div class=\"ut-highlight-icon-wrap ut-highlight-icon-effect\"><a id=\"utbx_69d281daa7745\" data-id=\"utbx_69d281daa7745\" data-hovercolor=\"#2FC0D7\"  data-effect=\"fadeInRight\" data-animateonce=\"yes\" data-delay=\"0\" class=\"ut-highlight-icon ut-animate-element animated ut-no-animation-tablet ut-no-animation-mobile fa fa-users\" href=\"#\" target=\"_blank\"><\/a><\/div><\/div><\/div>[vc_column_text]<\/p>\n<h4 style=\"text-align: center;\">Dirigido a:<\/h4>\n<h4 style=\"text-align: center;\">Profesionales de la Salud Mental y estudiantes avanzados<\/h4>\n<p>[\/vc_column_text][\/vc_column][vc_column width=\u00bb1\/3&#8243;]<div class=\"wpb_content_element \"><div id=\"utbx_o_69d281daa7785\" class=\"ut-service-icon-box  clearfix  ut-service-icon-box-center\"><style type=\"text\/css\" scoped>#utbx_69d281daa7784 { background:#00cdb5; }#utbx_69d281daa7784:hover { background: #2FC0D7; } #utbx_69d281daa7784:after { box-shadow: 0 0 0 4px #2FC0D7; } <\/style><div class=\"ut-highlight-icon-wrap ut-highlight-icon-effect\"><a id=\"utbx_69d281daa7784\" data-id=\"utbx_69d281daa7784\" data-hovercolor=\"#2FC0D7\"  data-effect=\"fadeInRight\" data-animateonce=\"yes\" data-delay=\"0\" class=\"ut-highlight-icon ut-animate-element animated ut-no-animation-tablet ut-no-animation-mobile fa fa-paper-plane-o\" href=\"#\" target=\"_blank\"><\/a><\/div><\/div><\/div>[vc_column_text]<\/p>\n<h4 style=\"text-align: center;\">Duraci\u00f3n:<\/h4>\n<h4 style=\"text-align: center;\">4 clases\u00a0 2 horas de duraci\u00f3n cada una.<\/h4>\n<p>[\/vc_column_text][\/vc_column][\/vc_row][vc_row][vc_column width=\u00bb1\/6&#8243;][\/vc_column][vc_column width=\u00bb2\/3&#8243;][vc_column_text]<\/p>\n<h3 style=\"text-align: center;\">\u00bfQuer\u00e9s m\u00e1s informaci\u00f3n?<\/h3>\n<h3 style=\"text-align: center;\">Dejanos tu mail y te enviaremos todos los detalles de la cursada:<\/h3>\n<p>[\/vc_column_text]<div class=\"wpb_content_element \"><iframe loading=\"lazy\" style=\"display: block; margin-left: auto; margin-right: auto; max-width: 100%;\" src=\"https:\/\/ef3331e6.sibforms.com\/serve\/MUIEAOLpCU780o6EPUnrpb77kZyo5VdQeS66LnpFxUssmzIckArZMhp8XsBTBX9gnmhXtHw90RCTQ8BtCKGyQCTiz2uY8Pwa04Ff1KoMSro7tvHD8qz-n2xgNN4asPCwtG2Eyut2UC-fygdgn1jPIjpxiNr1-5q_P5nPb4sx69caTxGcTfNY_P2hkhhgIzp_OxuWXd-EHfP-k6IA\" width=\"540\" height=\"450\" frameborder=\"0\" scrolling=\"auto\" allowfullscreen=\"allowfullscreen\"><\/iframe><\/div>[\/vc_column][vc_column width=\u00bb1\/6&#8243;][\/vc_column][\/vc_row][vc_row][vc_column width=\u00bb1\/4&#8243;][\/vc_column][vc_column width=\u00bb1\/2&#8243;]<div class=\"wpb_content_element \"><style type=\"text\/css\" scoped>#ut_header_69d281daa77c4.pt-style-2 .page-title:after, #ut_header_69d281daa77c4.pt-style-2 .parallax-title:after, #ut_header_69d281daa77c4.pt-style-2 .section-title:after {background-color:!important;height: ;width: ;}<\/style><header id=\"ut_header_69d281daa77c4\" class=\"section-header pt-style-2 header-center\"><h2  class=\"section-title \"><span>Contenidos:<\/span><\/h2><\/header><\/div>[vc_column_text]<\/p>\n<div class=\"shortcode-list shortcode-list-arrow\">\n<div><strong>Clase 1:\u00a0M\u00f3dulo general y Mindfulness.<\/strong><\/div>\n<ul>\n<li>Principios y bases te\u00f3ricas de DBT, formato de trabajo grupal<\/li>\n<li>Supuestos sobre la terapia y los pacientes.<\/li>\n<li>Habilidades a potenciar, conductas a disminuir.<\/li>\n<li>\u00bfQu\u00e9 es mindfulness?<\/li>\n<li>Desarrollo de los conceptos de mente emocional, mente racional, mente sabia.<\/li>\n<li>\u00bfQu\u00e9 y c\u00f3mo hacer para estar en mente sabia? Pr\u00e1ctica de Habilidades<\/li>\n<\/ul>\n<div>\u200b<strong>Clase 2:\u00a0<\/strong><strong>Tolerancia al Malestar.<\/strong><\/div>\n<ul>\n<li>Habilidades para manejar las crisis.<\/li>\n<li>Habilidades de aceptaci\u00f3n radical.<\/li>\n<\/ul>\n<div><strong>Clase 3:\u00a0<\/strong><strong>Regulaci\u00f3n Emocional<\/strong><\/div>\n<ul>\n<li>\u00bfQu\u00e9 son las emociones y qu\u00e9 funci\u00f3n cumplen?<\/li>\n<li>Habilidades para chequear los hechos y resolver problemas.<\/li>\n<li>Habilidades para realizar acci\u00f3n opuesta.<\/li>\n<li>Habilidades para reducir la vulnerabilidad emocional, aumentar las emociones<\/li>\n<li>positivas y experimentar la emoci\u00f3n.<\/li>\n<\/ul>\n<div><strong>Clase 4:\u00a0Efectividad Interpersonal<\/strong><\/div>\n<ul>\n<li>Exposici\u00f3n y pr\u00e1ctica de los objetivos para la efectividad interpersonal.<\/li>\n<li>Exposici\u00f3n y pr\u00e1ctica de las habilidades para decir no y para pedir.<\/li>\n<li>Dial\u00e9ctica &#8211; Validaci\u00f3n<\/li>\n<li>Cierre<\/li>\n<\/ul>\n<hr \/>\n<\/div>\n<p>[\/vc_column_text][\/vc_column][vc_column width=\u00bb1\/4&#8243;][\/vc_column][\/vc_row][\/vc_section][vc_section css=\u00bb.vc_custom_1532533488435{background-image: url(http:\/\/cpp.com.ar\/formacion\/wp-content\/uploads\/sites\/3\/2018\/04\/pat1.png?id=30) !important;}\u00bb][vc_row][vc_column][ut_title_divider_2 divider=\u00bbbklyn-divider-style-13&#8243; align=\u00bbcenter\u00bb]OTRAS ACTIVIDADES DE FORMACI\u00d3N[\/ut_title_divider_2][\/vc_column][\/vc_row][vc_row][vc_column width=\u00bb1\/4&#8243; el_class=\u00bbbloque_icono_propuestas\u00bb]<div class=\"wpb_content_element\"><style type=\"text\/css\" scoped><\/style><div id=\"ut_bi_69d281daa7c83\" class=\"bklyn-big-icon-wrap\"><a  class=\"bklyn-big-icon-link\" target=\"_self\" href=\"http:\/\/cpp.com.ar\/formacion\/postgrado-en-terapia-focalizada\/\" ><div class=\"bklyn-big-icon bklyn-big-icon-round\"><div class=\"bklyn-big-icon-inner\"><img alt=\"Posgrado en Terapia Focalizada\" src=\"https:\/\/cpp.com.ar\/formacion\/wp-content\/uploads\/sites\/3\/2018\/05\/Posgrado-Terapia-Focalizada.png\"><\/div><\/div><h3 class=\"bklyn-big-icon-title\">Posgrado en Terapia Focalizada<\/h3><\/a><\/div><\/div>[\/vc_column][vc_column width=\u00bb1\/4&#8243; el_class=\u00bbbloque_icono_propuestas\u00bb]<div class=\"wpb_content_element\"><style type=\"text\/css\" scoped><\/style><div id=\"ut_bi_69d281daa816d\" class=\"bklyn-big-icon-wrap\"><a  class=\"bklyn-big-icon-link\" target=\"_self\" href=\"http:\/\/cpp.com.ar\/formacion\/formacion-intensiva-en-terapia-de-pareja\/\" ><div class=\"bklyn-big-icon bklyn-big-icon-round\"><div class=\"bklyn-big-icon-inner\"><img alt=\"Formaci\u00f3n Intensiva en Terapia de Pareja\" src=\"https:\/\/cpp.com.ar\/formacion\/wp-content\/uploads\/sites\/3\/2018\/05\/Intensiva-Parejas.png\"><\/div><\/div><h3 class=\"bklyn-big-icon-title\">Formaci\u00f3n Intensiva en Terapia de Pareja<\/h3><\/a><\/div><\/div>[\/vc_column][vc_column width=\u00bb1\/4&#8243; el_class=\u00bbbloque_icono_propuestas\u00bb]<div class=\"wpb_content_element\"><style type=\"text\/css\" scoped><\/style><div id=\"ut_bi_69d281daa8595\" class=\"bklyn-big-icon-wrap\"><a  class=\"bklyn-big-icon-link\" target=\"_blank\" href=\"https:\/\/campus.cpp.com.ar\/catalogo.cgi\" ><div class=\"bklyn-big-icon bklyn-big-icon-round\"><div class=\"bklyn-big-icon-inner\"><img alt=\"Cursos virtuales\" src=\"https:\/\/cpp.com.ar\/formacion\/wp-content\/uploads\/sites\/3\/2018\/05\/Cursos-virtuales.png\"><\/div><\/div><h3 class=\"bklyn-big-icon-title\">Cursos virtuales<\/h3><\/a><\/div><\/div>[\/vc_column][vc_column width=\u00bb1\/4&#8243; el_class=\u00bbbloque_icono_propuestas\u00bb]<div class=\"wpb_content_element\"><style type=\"text\/css\" scoped><\/style><div id=\"ut_bi_69d281daa8978\" class=\"bklyn-big-icon-wrap\"><a  class=\"bklyn-big-icon-link\" target=\"_self\" href=\"http:\/\/cpp.com.ar\/formacion\/pasantias\/\" ><div class=\"bklyn-big-icon bklyn-big-icon-round\"><div class=\"bklyn-big-icon-inner\"><img alt=\"Pasant\u00edas nacionales e internacionales\" src=\"https:\/\/cpp.com.ar\/formacion\/wp-content\/uploads\/sites\/3\/2018\/05\/Pasantias-y-rotaciones.png\"><\/div><\/div><h3 class=\"bklyn-big-icon-title\">Pasant\u00edas nacionales e internacionales<\/h3><\/a><\/div><\/div>[\/vc_column][\/vc_row][\/vc_section]<\/p>\n<\/section>","protected":false},"excerpt":{"rendered":"<p>[vc_section css=\u00bb.vc_custom_1531359830548{border-bottom-width: 1px !important;}\u00bb][vc_row][vc_column][vc_column_text] INSCRIPCIONES CERRADAS Pr\u00f3ximo inicio, primer cuatrimestre del 2023 [\/vc_column_text][\/vc_column][\/vc_row][vc_row css=\u00bb.vc_custom_1531358387995{background-image: url(http:\/\/cpp.com.ar\/formacion\/wp-content\/uploads\/sites\/3\/2018\/04\/pat1.png?id=30) !important;}\u00bb][vc_column width=\u00bb1\/3&#8243;][vc_column_text] INSCRIPCIONES CERRADAS [\/vc_column_text][\/vc_column][vc_column width=\u00bb1\/3&#8243;][vc_column_text] Dirigido a: Profesionales de la Salud Mental y estudiantes avanzados [\/vc_column_text][\/vc_column][vc_column width=\u00bb1\/3&#8243;][vc_column_text] Duraci\u00f3n: 4 clases\u00a0 2 horas de duraci\u00f3n cada una. [\/vc_column_text][\/vc_column][\/vc_row][vc_row][vc_column width=\u00bb1\/6&#8243;][\/vc_column][vc_column width=\u00bb2\/3&#8243;][vc_column_text] \u00bfQuer\u00e9s m\u00e1s informaci\u00f3n? Dejanos tu mail y te enviaremos todos [&hellip;]<\/p>\n","protected":false},"author":1,"featured_media":0,"parent":0,"menu_order":0,"comment_status":"closed","ping_status":"closed","template":"","meta":{"footnotes":""},"acf":[],"_links":{"self":[{"href":"https:\/\/cpp.com.ar\/formacion\/wp-json\/wp\/v2\/pages\/422"}],"collection":[{"href":"https:\/\/cpp.com.ar\/formacion\/wp-json\/wp\/v2\/pages"}],"about":[{"href":"https:\/\/cpp.com.ar\/formacion\/wp-json\/wp\/v2\/types\/page"}],"author":[{"embeddable":true,"href":"https:\/\/cpp.com.ar\/formacion\/wp-json\/wp\/v2\/users\/1"}],"replies":[{"embeddable":true,"href":"https:\/\/cpp.com.ar\/formacion\/wp-json\/wp\/v2\/comments?post=422"}],"version-history":[{"count":44,"href":"https:\/\/cpp.com.ar\/formacion\/wp-json\/wp\/v2\/pages\/422\/revisions"}],"predecessor-version":[{"id":7746,"href":"https:\/\/cpp.com.ar\/formacion\/wp-json\/wp\/v2\/pages\/422\/revisions\/7746"}],"wp:attachment":[{"href":"https:\/\/cpp.com.ar\/formacion\/wp-json\/wp\/v2\/media?parent=422"}],"curies":[{"name":"wp","href":"https:\/\/api.w.org\/{rel}","templated":true}]}}