{"id":368,"date":"2018-07-10T12:13:01","date_gmt":"2018-07-10T15:13:01","guid":{"rendered":"http:\/\/cpp.com.ar\/formacion\/?page_id=368"},"modified":"2025-11-05T12:08:32","modified_gmt":"2025-11-05T15:08:32","slug":"que-y-como","status":"publish","type":"page","link":"https:\/\/cpp.com.ar\/formacion\/que-y-como\/","title":{"rendered":"Qu\u00e9 y c\u00f3mo. Pr\u00e1cticas en psicoterapia estrat\u00e9gica"},"content":{"rendered":"<section class=\"wpb-content-wrapper\"><p>[vc_section][vc_row][vc_column][vc_column_text]<\/p>\n<h3 style=\"text-align: center;\"><em><strong>Compiladoras:<\/strong>\u00a0D\u00e9bora Kopec y Josefina Rabinovich<\/em><\/h3>\n<p style=\"text-align: center;\">Libro en su segunda edici\u00f3n<\/p>\n<p>[\/vc_column_text][\/vc_column][\/vc_row][\/vc_section][vc_section][vc_row][vc_column width=\u00bb1\/3&#8243;]<div data-effect=\"fadeInDown\" data-animateonce=\"yes\" data-delay=\"0\" class=\"wpb_content_element ut-animate-image animated ut-no-animation-tablet ut-no-animation-mobile  clearfix\"><style type=\"text\/css\" scoped>#ut_am_69d68e9dcd5eb { opacity: 1; }<\/style><div id=\"ut_am_wrap_69d68e9dcd5ec\" class=\"ut-image-gallery-image \" style=\"text-align:left;\"><div class=\"ut-animated-image-item ut-image-gallery-item ut-animation-done\"><a class=\"ut-deactivated-link\" href=\"#\"><img title=\"que-y-como\" id=\"ut_am_69d68e9dcd5eb\" style=\"\" src=\"https:\/\/cpp.com.ar\/formacion\/wp-content\/uploads\/sites\/3\/2020\/09\/que-y-como.jpg\" width=\"300\" height=\"361\" alt=\"que-y-como\"\/><\/a><\/div><\/div><\/div>[\/vc_column][vc_column width=\u00bb2\/3&#8243;][vc_column_text css_animation=\u00bbfadeIn\u00bb]<\/p>\n<div class=\"sixteen columns mt30\">\n<div class=\"gdl-page-content\">\n<p>La aplicaci\u00f3n original del modelo de terapia breve del Mental Research Institute ha ido evolucionando.<\/p>\n<p>Nuevas perspectivas interdisciplinarias, resultados de investigaci\u00f3n de extraordinaria importancia y el contacto con decenas de miles de pacientes del Centro Privado de Psicoterapias desde 1981, han dejado su huella, que se refleja en esta obra<\/p>\n<p>En diferentes cap\u00edtulos los lectores tienen la posibilidad de encontrarse con casos concretos, y estudiar sugerencias de un esquema para comprenderlos, una propuesta de acci\u00f3n para atenderlos, y una est\u00e9tica o forma posible para esa acci\u00f3n.<\/p>\n<p>Incluye art\u00edculos de destacados terapeutas como Hugo Hirsch, H\u00e9ctor Fern\u00e1ndez \u00c1lvarez, y Rosina Crispo, entre otros.<\/p>\n<\/div>\n<\/div>\n<p>[\/vc_column_text][\/vc_column][\/vc_row][vc_row css=\u00bb.vc_custom_1600793819797{background-color: #efefef !important;}\u00bb][vc_column][vc_row_inner][vc_column_inner width=\u00bb1\/4&#8243;][\/vc_column_inner][vc_column_inner width=\u00bb1\/2&#8243;]<div class=\"wpb_content_element \"><style type=\"text\/css\" scoped>#ut_header_69d68e9dcd801.pt-style-2 .page-title:after, #ut_header_69d68e9dcd801.pt-style-2 .parallax-title:after, #ut_header_69d68e9dcd801.pt-style-2 .section-title:after {background-color:!important;height: ;width: ;}<\/style><header id=\"ut_header_69d68e9dcd801\" class=\"section-header pt-style-2 header-center\"><h2  class=\"section-title \"><span>COMPRA EL LIBRO<\/span><\/h2><\/header><\/div>[vc_column_text]<\/p>\n<h2 style=\"text-align: center;\"><strong>$16.500 ARG \/ $15 USD<\/strong><\/h2>\n<p>[\/vc_column_text]<style type=\"text\/css\" scoped>#bklyn_btn_69d68e9dcd837 .bklyn-btn { border-radius:5px; }<\/style><div id=\"bklyn_btn_69d68e9dcd837\" class=\"bklyn-btn-holder  bklyn-btn-center\"><a title=\"\"   href=\"https:\/\/ef3331e6.sibforms.com\/serve\/MUIFAHyZni36y5o7wS8X3igWfHyQETXGCXlHqrG8OUjU7NWPyXgn3NiJDpdXVlCzNMd9oLM5F699DjQjcayIRwfW2NNKooOM-WWgIX_Z5ot-VX2PsBy97dAMyRcrJwDG7DYWNLkXqtszw2TZav0_6LV_onebo-08F0nQRmNkWU_IfJjtqz8ghYRgALXh6x7Xkbctslc_2q9whvnK\" target=\"_blank\" class=\"bklyn-btn  bklyn-btn-normal\" >COMPRAR AQU\u00cd<\/a><\/div>[\/vc_column_inner][vc_column_inner width=\u00bb1\/4&#8243;][\/vc_column_inner][\/vc_row_inner][\/vc_column][\/vc_row][\/vc_section][vc_section][vc_row][vc_column][ut_title_divider_2 divider=\u00bbbklyn-divider-style-8&#8243;][\/ut_title_divider_2][\/vc_column][\/vc_row][vc_row][vc_column width=\u00bb1\/6&#8243;][vc_empty_space]<style type=\"text\/css\" scoped>#bklyn_btn_69d68e9dcd86e .bklyn-btn { color:#0a0a0a; border-color:#000000; border-width:2px; border-radius:27px; }#bklyn_btn_69d68e9dcd86e .bklyn-btn:hover{ color:#00cdb5; border-color:#00cdb5; }#bklyn_btn_69d68e9dcd86e .bklyn-btn:focus{ color:#00cdb5; border-color:#00cdb5; }#bklyn_btn_69d68e9dcd86e .bklyn-btn:active { color:#00cdb5; border-color:#00cdb5; }<\/style><div id=\"bklyn_btn_69d68e9dcd86e\" class=\"bklyn-btn-holder  bklyn-btn-center\"><a title=\"\"   href=\"http:\/\/cpp.com.ar\/formacion\/libros\/\" target=\"_self\" class=\"bklyn-btn bklyn-btn-outline bklyn-btn-normal\" >M\u00e1s libros<\/a><\/div>[\/vc_column][vc_column width=\u00bb1\/6&#8243;]<div data-effect=\"fadeInLeft\" data-animateonce=\"yes\" data-delay=\"0\" class=\"wpb_content_element ut-animate-image animated ut-no-animation-tablet ut-no-animation-mobile  clearfix\"><style type=\"text\/css\" scoped>#ut_am_69d68e9dcdcd9 { opacity: 1; }<\/style><div id=\"ut_am_wrap_69d68e9dcdcda\" class=\"ut-image-gallery-image \" style=\"text-align:center;\"><div class=\"ut-animated-image-item ut-image-gallery-item ut-animation-done\"><a target=\"_self\" href=\"http:\/\/cpp.com.ar\/formacion\/como-equivocarse-menos\/\" ><img title=\"Como equivocarse menos2\" id=\"ut_am_69d68e9dcdcd9\" style=\"\" src=\"https:\/\/cpp.com.ar\/formacion\/wp-content\/uploads\/sites\/3\/2018\/07\/como-equivocarse-menos2.jpg\" width=\"300\" height=\"363\" alt=\"Como equivocarse menos\"\/><div class=\"ut-image-gallery-image-caption\"><div class=\"ut-image-gallery-item-caption-title\"><h3 class=\"ut-image-gallery-empty-title\">+<\/h3><\/div><\/div><\/a><\/div><\/div><\/div>[\/vc_column][vc_column width=\u00bb1\/6&#8243;]<div data-effect=\"fadeInLeft\" data-animateonce=\"yes\" data-delay=\"0\" class=\"wpb_content_element ut-animate-image animated ut-no-animation-tablet ut-no-animation-mobile  clearfix\"><style type=\"text\/css\" scoped>#ut_am_69d68e9dce26a { opacity: 1; }<\/style><div id=\"ut_am_wrap_69d68e9dce26b\" class=\"ut-image-gallery-image \" style=\"text-align:left;\"><div class=\"ut-animated-image-item ut-image-gallery-item ut-animation-done\"><a target=\"_self\" href=\"http:\/\/cpp.com.ar\/formacion\/reconstruir-una-relacion\/\" ><img title=\"Como reconstruir\" id=\"ut_am_69d68e9dce26a\" style=\"\" src=\"https:\/\/cpp.com.ar\/formacion\/wp-content\/uploads\/sites\/3\/2018\/07\/como-reconstruir.jpg\" width=\"300\" height=\"363\" alt=\"Como reconstruir una relacion\"\/><div class=\"ut-image-gallery-image-caption\"><div class=\"ut-image-gallery-item-caption-title\"><h3 class=\"ut-image-gallery-empty-title\">+<\/h3><\/div><\/div><\/a><\/div><\/div><\/div>[\/vc_column][vc_column width=\u00bb1\/6&#8243;]<div data-effect=\"fadeInLeft\" data-animateonce=\"yes\" data-delay=\"0\" class=\"wpb_content_element ut-animate-image animated ut-no-animation-tablet ut-no-animation-mobile  clearfix\"><style type=\"text\/css\" scoped>#ut_am_69d68e9dce66c { opacity: 1; }<\/style><div id=\"ut_am_wrap_69d68e9dce66d\" class=\"ut-image-gallery-image \" style=\"text-align:left;\"><div class=\"ut-animated-image-item ut-image-gallery-item ut-animation-done\"><a target=\"_self\" href=\"http:\/\/cpp.com.ar\/formacion\/arte-y-oficio\/\" ><img title=\"Arte y oficio\" id=\"ut_am_69d68e9dce66c\" style=\"\" src=\"https:\/\/cpp.com.ar\/formacion\/wp-content\/uploads\/sites\/3\/2018\/07\/arte-y-oficio.jpg\" width=\"300\" height=\"363\" alt=\"Arte y oficio\"\/><div class=\"ut-image-gallery-image-caption\"><div class=\"ut-image-gallery-item-caption-title\"><h3 class=\"ut-image-gallery-empty-title\">+<\/h3><\/div><\/div><\/a><\/div><\/div><\/div>[\/vc_column][vc_column width=\u00bb1\/6&#8243;]<div data-effect=\"fadeInLeft\" data-animateonce=\"yes\" data-delay=\"0\" class=\"wpb_content_element ut-animate-image animated ut-no-animation-tablet ut-no-animation-mobile  clearfix\"><style type=\"text\/css\" scoped>#ut_am_69d68e9dcea63 { opacity: 1; }<\/style><div id=\"ut_am_wrap_69d68e9dcea64\" class=\"ut-image-gallery-image \" style=\"text-align:left;\"><div class=\"ut-animated-image-item ut-image-gallery-item ut-animation-done\"><a target=\"_self\" href=\"http:\/\/cpp.com.ar\/formacion\/estrategias-psicoterapeuticas-institucionales\/\" ><img title=\"estrategias\" id=\"ut_am_69d68e9dcea63\" style=\"\" src=\"https:\/\/cpp.com.ar\/formacion\/wp-content\/uploads\/sites\/3\/2018\/07\/estrategias.jpg\" width=\"300\" height=\"363\" alt=\"estrategias\"\/><div class=\"ut-image-gallery-image-caption\"><div class=\"ut-image-gallery-item-caption-title\"><h3 class=\"ut-image-gallery-empty-title\">+<\/h3><\/div><\/div><\/a><\/div><\/div><\/div>[\/vc_column][vc_column width=\u00bb1\/6&#8243;]<div data-effect=\"fadeInLeft\" data-animateonce=\"yes\" data-delay=\"0\" class=\"wpb_content_element ut-animate-image animated ut-no-animation-tablet ut-no-animation-mobile  clearfix\"><style type=\"text\/css\" scoped>#ut_am_69d68e9dcf0cb { opacity: 1; }<\/style><div id=\"ut_am_wrap_69d68e9dcf0cc\" class=\"ut-image-gallery-image \" style=\"text-align:left;\"><div class=\"ut-animated-image-item ut-image-gallery-item ut-animation-done\"><a target=\"_self\" href=\"http:\/\/cpp.com.ar\/formacion\/inteligencia-para-el-bienestar\/\" ><img title=\"Inteligencia\" id=\"ut_am_69d68e9dcf0cb\" style=\"\" src=\"https:\/\/cpp.com.ar\/formacion\/wp-content\/uploads\/sites\/3\/2018\/07\/inteligencia.jpg\" width=\"300\" height=\"362\" alt=\"Inteligencia para el bienestar\"\/><div class=\"ut-image-gallery-image-caption\"><div class=\"ut-image-gallery-item-caption-title\"><h3 class=\"ut-image-gallery-empty-title\">+<\/h3><\/div><\/div><\/a><\/div><\/div><\/div>[\/vc_column][\/vc_row][\/vc_section]<\/p>\n<\/section>","protected":false},"excerpt":{"rendered":"<p>[vc_section][vc_row][vc_column][vc_column_text] Compiladoras:\u00a0D\u00e9bora Kopec y Josefina Rabinovich Libro en su segunda edici\u00f3n [\/vc_column_text][\/vc_column][\/vc_row][\/vc_section][vc_section][vc_row][vc_column width=\u00bb1\/3&#8243;][\/vc_column][vc_column width=\u00bb2\/3&#8243;][vc_column_text css_animation=\u00bbfadeIn\u00bb] La aplicaci\u00f3n original del modelo de terapia breve del Mental Research Institute ha ido evolucionando. Nuevas perspectivas interdisciplinarias, resultados de investigaci\u00f3n de extraordinaria importancia y el contacto con decenas de miles de pacientes del Centro Privado de Psicoterapias desde 1981, [&hellip;]<\/p>\n","protected":false},"author":1,"featured_media":0,"parent":0,"menu_order":0,"comment_status":"closed","ping_status":"closed","template":"","meta":{"footnotes":""},"acf":[],"_links":{"self":[{"href":"https:\/\/cpp.com.ar\/formacion\/wp-json\/wp\/v2\/pages\/368"}],"collection":[{"href":"https:\/\/cpp.com.ar\/formacion\/wp-json\/wp\/v2\/pages"}],"about":[{"href":"https:\/\/cpp.com.ar\/formacion\/wp-json\/wp\/v2\/types\/page"}],"author":[{"embeddable":true,"href":"https:\/\/cpp.com.ar\/formacion\/wp-json\/wp\/v2\/users\/1"}],"replies":[{"embeddable":true,"href":"https:\/\/cpp.com.ar\/formacion\/wp-json\/wp\/v2\/comments?post=368"}],"version-history":[{"count":20,"href":"https:\/\/cpp.com.ar\/formacion\/wp-json\/wp\/v2\/pages\/368\/revisions"}],"predecessor-version":[{"id":9683,"href":"https:\/\/cpp.com.ar\/formacion\/wp-json\/wp\/v2\/pages\/368\/revisions\/9683"}],"wp:attachment":[{"href":"https:\/\/cpp.com.ar\/formacion\/wp-json\/wp\/v2\/media?parent=368"}],"curies":[{"name":"wp","href":"https:\/\/api.w.org\/{rel}","templated":true}]}}