{"id":364,"date":"2018-07-10T12:07:19","date_gmt":"2018-07-10T15:07:19","guid":{"rendered":"http:\/\/cpp.com.ar\/formacion\/?page_id=364"},"modified":"2025-11-12T22:40:23","modified_gmt":"2025-11-13T01:40:23","slug":"como-equivocarse-menos","status":"publish","type":"page","link":"https:\/\/cpp.com.ar\/formacion\/como-equivocarse-menos\/","title":{"rendered":"C\u00f3mo equivocarse menos en terapia"},"content":{"rendered":"<section class=\"wpb-content-wrapper\"><p>[vc_section][vc_row][vc_column][vc_column_text]<\/p>\n<h2 style=\"text-align: center;\"><em><strong>Autores<\/strong>: Ruth Casabianca y Hugo Hirsch<\/em><\/h2>\n<h2 style=\"text-align: center;\"><em>Tercera y ampliada edici\u00f3n<\/em><\/h2>\n<p>[\/vc_column_text][\/vc_column][\/vc_row][\/vc_section][vc_section][vc_row][vc_column width=\u00bb1\/3&#8243;]<div data-effect=\"fadeInDown\" data-animateonce=\"yes\" data-delay=\"0\" class=\"wpb_content_element ut-animate-image animated ut-no-animation-tablet ut-no-animation-mobile  clearfix\"><style type=\"text\/css\" scoped>#ut_am_69d6a32da5550 { opacity: 1; }<\/style><div id=\"ut_am_wrap_69d6a32da5551\" class=\"ut-image-gallery-image \" style=\"text-align:left;\"><div class=\"ut-animated-image-item ut-image-gallery-item ut-animation-done\"><a class=\"ut-deactivated-link\" href=\"#\"><img title=\"Libro en E-book &#8211; c\u00f3mo equivocarse menos en terapia\" id=\"ut_am_69d6a32da5550\" style=\"\" src=\"https:\/\/cpp.com.ar\/formacion\/wp-content\/uploads\/sites\/3\/2024\/05\/mockup.jpg\" width=\"300\" height=\"350\" alt=\"\"\/><\/a><\/div><\/div><\/div>[\/vc_column][vc_column width=\u00bb2\/3&#8243;][vc_column_text css_animation=\u00bbfadeIn\u00bb]<\/p>\n<div class=\"sixteen columns mt30\">\n<div class=\"gdl-page-content\">\n<p>Este libro propone un modelo de registro para las terapias basadas en el modelo desarrollado por el Brief Therapy Center del Mental Research Institute de Palo Alto, California. Su supuesto principal es que al verse obligado por la estructura del formulario a pensar sobre la calidad de la informaci\u00f3n que posee y sobre la l\u00f3gica de las intervenciones que se basan en esa informaci\u00f3n, el terapeuta tiene muchas menos posibilidades de equivocarse, y muchas m\u00e1s de enmendar con prontitud cualquier error.<\/p>\n<p>En esta tercera edici\u00f3n se intenta hacer m\u00e1s f\u00e1cil su lectura, explicitar mejor algunos conceptos previamente incluidos, y proveer un marco para que el terapeuta pueda entender c\u00f3mo va desarrollando mentalmente sus opciones a medida que la entrevista y la terapia avanzan, \u00bfo se estancan?<\/p>\n<p>Asimismo se adiciona un video que dramatiza la construcci\u00f3n de buenos problemas para terapia. Tambi\u00e9n herramientas que pueden utilizarse desde el principio para que la terapia pueda ser verdaderamente estrat\u00e9gica, y por ende relativamente breve. Nuevos casos cl\u00ednicos, y la implementaci\u00f3n del modelo en el campo de la investigaci\u00f3n, son elementos que enriquecen con novedades las anteriores versiones.<\/p>\n<\/div>\n<\/div>\n<p>[\/vc_column_text][\/vc_column][\/vc_row][vc_row css=\u00bb.vc_custom_1716683237524{background-color: #dbdbdb !important;}\u00bb][vc_column]<div class=\"wpb_content_element \"><style type=\"text\/css\" scoped>#ut_header_69d6a32da5831.pt-style-2 .page-title:after, #ut_header_69d6a32da5831.pt-style-2 .parallax-title:after, #ut_header_69d6a32da5831.pt-style-2 .section-title:after {background-color:!important;height: ;width: ;}<\/style><header id=\"ut_header_69d6a32da5831\" class=\"section-header pt-style-2 header-center\"><h2  class=\"section-title \"><span>COMPRA EL LIBRO EN FORMATO DIGITAL<\/span><\/h2><\/header><\/div>[vc_row_inner][vc_column_inner width=\u00bb1\/4&#8243;][\/vc_column_inner][vc_column_inner width=\u00bb1\/2&#8243;][vc_column_text]<\/p>\n<h3 style=\"text-align: center;\">$16.500 ARG \/ $15 USD<\/h3>\n<p>[\/vc_column_text]<style type=\"text\/css\" scoped><\/style><div id=\"bklyn_btn_69d6a32da5882\" class=\"bklyn-btn-holder  bklyn-btn-center\"><a title=\"\"   href=\"https:\/\/ef3331e6.sibforms.com\/serve\/MUIFAHyZni36y5o7wS8X3igWfHyQETXGCXlHqrG8OUjU7NWPyXgn3NiJDpdXVlCzNMd9oLM5F699DjQjcayIRwfW2NNKooOM-WWgIX_Z5ot-VX2PsBy97dAMyRcrJwDG7DYWNLkXqtszw2TZav0_6LV_onebo-08F0nQRmNkWU_IfJjtqz8ghYRgALXh6x7Xkbctslc_2q9whvnK\" target=\"_blank\" class=\"bklyn-btn  bklyn-btn-normal\" >COMPRAR AQU\u00cd<\/a><\/div>[\/vc_column_inner][vc_column_inner width=\u00bb1\/4&#8243;][\/vc_column_inner][\/vc_row_inner][\/vc_column][\/vc_row][\/vc_section][vc_section][vc_row][vc_column width=\u00bb1\/2&#8243;][vc_empty_space][vc_column_text]Acompa\u00f1a al libro el video \u201c<strong><em>El arte de construir problemas<\/em><\/strong>\u201d, en el que utilizamos las grabaciones de sesiones realizadas en c\u00e1mara de Gesell con fines did\u00e1cticos.<\/p>\n<p>La dramatizaci\u00f3n reproduce con exactitud fragmentos de la interacci\u00f3n entre consultante y equipo, y las dificultades y procedimientos para construir un problema en un caso dif\u00edcil[\/vc_column_text][\/vc_column][vc_column width=\u00bb1\/2&#8243;][vc_raw_html]JTNDaWZyYW1lJTIwc3JjJTNEJTIyaHR0cHMlM0ElMkYlMkZwbGF5ZXIudmltZW8uY29tJTJGdmlkZW8lMkY3NTkyMjgyNTclM0ZoJTNEY2Q5NzA1NDIyNyUyNmFtcCUzQmJhZGdlJTNEMCUyNmFtcCUzQmF1dG9wYXVzZSUzRDAlMjZhbXAlM0JwbGF5ZXJfaWQlM0QwJTI2YW1wJTNCYXBwX2lkJTNENTg0NzklMjIlMjB3aWR0aCUzRCUyMjMwMCUyMiUyMGhlaWdodCUzRCUyMjIyNSUyMiUyMGZyYW1lYm9yZGVyJTNEJTIyMCUyMiUyMGFsbG93JTNEJTIyYXV0b3BsYXklM0IlMjBmdWxsc2NyZWVuJTNCJTIwcGljdHVyZS1pbi1waWN0dXJlJTNCJTIwY2xpcGJvYXJkLXdyaXRlJTIyJTIwdGl0bGUlM0QlMjJWaWRlbyUyMGlsdXN0cmF0aXZvJTIwZGVsJTIwbGlicm8lM0ElMjBjJUMzJUIzbW8lMjBlcXVpdm9jYXJzZSUyMG1lbm9zJTIwZW4lMjB0ZXJhcGlhJTIyJTNFJTNDJTJGaWZyYW1lJTNF[\/vc_raw_html][\/vc_column][\/vc_row][vc_row][vc_column][ut_title_divider_2 divider=\u00bbbklyn-divider-style-8&#8243;][\/ut_title_divider_2][\/vc_column][\/vc_row][vc_row][vc_column width=\u00bb1\/6&#8243;][vc_empty_space]<style type=\"text\/css\" scoped>#bklyn_btn_69d6a32da58d9 .bklyn-btn { color:#0a0a0a; border-color:#000000; border-width:2px; border-radius:27px; }#bklyn_btn_69d6a32da58d9 .bklyn-btn:hover{ color:#00cdb5; border-color:#00cdb5; }#bklyn_btn_69d6a32da58d9 .bklyn-btn:focus{ color:#00cdb5; border-color:#00cdb5; }#bklyn_btn_69d6a32da58d9 .bklyn-btn:active { color:#00cdb5; border-color:#00cdb5; }<\/style><div id=\"bklyn_btn_69d6a32da58d9\" class=\"bklyn-btn-holder  bklyn-btn-center\"><a title=\"\"   href=\"http:\/\/cpp.com.ar\/formacion\/libros\/\" target=\"_self\" class=\"bklyn-btn bklyn-btn-outline bklyn-btn-normal\" >M\u00e1s Libros<\/a><\/div>[\/vc_column][vc_column width=\u00bb1\/6&#8243;]<div data-effect=\"fadeInLeft\" data-animateonce=\"yes\" data-delay=\"0\" class=\"wpb_content_element ut-animate-image animated ut-no-animation-tablet ut-no-animation-mobile  clearfix\"><style type=\"text\/css\" scoped>#ut_am_69d6a32da5ddc { opacity: 1; }<\/style><div id=\"ut_am_wrap_69d6a32da5ddd\" class=\"ut-image-gallery-image \" style=\"text-align:left;\"><div class=\"ut-animated-image-item ut-image-gallery-item ut-animation-done\"><a target=\"_self\" href=\"http:\/\/cpp.com.ar\/formacion\/reconstruir-una-relacion\/\" ><img title=\"Como reconstruir\" id=\"ut_am_69d6a32da5ddc\" style=\"\" src=\"https:\/\/cpp.com.ar\/formacion\/wp-content\/uploads\/sites\/3\/2018\/07\/como-reconstruir.jpg\" width=\"300\" height=\"363\" alt=\"Como reconstruir una relacion\"\/><div class=\"ut-image-gallery-image-caption\"><div class=\"ut-image-gallery-item-caption-title\"><h3 class=\"ut-image-gallery-empty-title\">+<\/h3><\/div><\/div><\/a><\/div><\/div><\/div>[\/vc_column][vc_column width=\u00bb1\/6&#8243;]<div data-effect=\"fadeInLeft\" data-animateonce=\"yes\" data-delay=\"0\" class=\"wpb_content_element ut-animate-image animated ut-no-animation-tablet ut-no-animation-mobile  clearfix\"><style type=\"text\/css\" scoped>#ut_am_69d6a32da6820 { opacity: 1; }<\/style><div id=\"ut_am_wrap_69d6a32da6821\" class=\"ut-image-gallery-image \" style=\"text-align:left;\"><div class=\"ut-animated-image-item ut-image-gallery-item ut-animation-done\"><a target=\"_self\" href=\"http:\/\/cpp.com.ar\/formacion\/arte-y-oficio\/\" ><img title=\"Arte y oficio\" id=\"ut_am_69d6a32da6820\" style=\"\" src=\"https:\/\/cpp.com.ar\/formacion\/wp-content\/uploads\/sites\/3\/2018\/07\/arte-y-oficio.jpg\" width=\"300\" height=\"363\" alt=\"Arte y oficio\"\/><div class=\"ut-image-gallery-image-caption\"><div class=\"ut-image-gallery-item-caption-title\"><h3 class=\"ut-image-gallery-empty-title\">+<\/h3><\/div><\/div><\/a><\/div><\/div><\/div>[\/vc_column][vc_column width=\u00bb1\/6&#8243;]<div data-effect=\"fadeInLeft\" data-animateonce=\"yes\" data-delay=\"0\" class=\"wpb_content_element ut-animate-image animated ut-no-animation-tablet ut-no-animation-mobile  clearfix\"><style type=\"text\/css\" scoped>#ut_am_69d6a32da7115 { opacity: 1; }<\/style><div id=\"ut_am_wrap_69d6a32da7116\" class=\"ut-image-gallery-image \" style=\"text-align:left;\"><div class=\"ut-animated-image-item ut-image-gallery-item ut-animation-done\"><a target=\"_self\" href=\"http:\/\/cpp.com.ar\/formacion\/estrategias-psicoterapeuticas-institucionales\/\" ><img title=\"estrategias\" id=\"ut_am_69d6a32da7115\" style=\"\" src=\"https:\/\/cpp.com.ar\/formacion\/wp-content\/uploads\/sites\/3\/2018\/07\/estrategias.jpg\" width=\"300\" height=\"363\" alt=\"estrategias\"\/><div class=\"ut-image-gallery-image-caption\"><div class=\"ut-image-gallery-item-caption-title\"><h3 class=\"ut-image-gallery-empty-title\">+<\/h3><\/div><\/div><\/a><\/div><\/div><\/div>[\/vc_column][vc_column width=\u00bb1\/6&#8243;]<div data-effect=\"fadeInLeft\" data-animateonce=\"yes\" data-delay=\"0\" class=\"wpb_content_element ut-animate-image animated ut-no-animation-tablet ut-no-animation-mobile  clearfix\"><style type=\"text\/css\" scoped>#ut_am_69d6a32da79f0 { opacity: 1; }<\/style><div id=\"ut_am_wrap_69d6a32da79f1\" class=\"ut-image-gallery-image \" style=\"text-align:left;\"><div class=\"ut-animated-image-item ut-image-gallery-item ut-animation-done\"><a target=\"_self\" href=\"http:\/\/cpp.com.ar\/formacion\/que-y-como\/\" ><img title=\"que-y-como\" id=\"ut_am_69d6a32da79f0\" style=\"\" src=\"https:\/\/cpp.com.ar\/formacion\/wp-content\/uploads\/sites\/3\/2020\/11\/que-y-como.jpg\" width=\"300\" height=\"361\" alt=\"\"\/><div class=\"ut-image-gallery-image-caption\"><div class=\"ut-image-gallery-item-caption-title\"><h3 class=\"ut-image-gallery-empty-title\">+<\/h3><\/div><\/div><\/a><\/div><\/div><\/div>[\/vc_column][vc_column width=\u00bb1\/6&#8243;]<div data-effect=\"fadeInLeft\" data-animateonce=\"yes\" data-delay=\"0\" class=\"wpb_content_element ut-animate-image animated ut-no-animation-tablet ut-no-animation-mobile  clearfix\"><style type=\"text\/css\" scoped>#ut_am_69d6a32da7f18 { opacity: 1; }<\/style><div id=\"ut_am_wrap_69d6a32da7f19\" class=\"ut-image-gallery-image \" style=\"text-align:left;\"><div class=\"ut-animated-image-item ut-image-gallery-item ut-animation-done\"><a target=\"_self\" href=\"http:\/\/cpp.com.ar\/formacion\/inteligencia-para-el-bienestar\/\" ><img title=\"Inteligencia\" id=\"ut_am_69d6a32da7f18\" style=\"\" src=\"https:\/\/cpp.com.ar\/formacion\/wp-content\/uploads\/sites\/3\/2018\/07\/inteligencia.jpg\" width=\"300\" height=\"362\" alt=\"Inteligencia para el bienestar\"\/><div class=\"ut-image-gallery-image-caption\"><div class=\"ut-image-gallery-item-caption-title\"><h3 class=\"ut-image-gallery-empty-title\">+<\/h3><\/div><\/div><\/a><\/div><\/div><\/div>[\/vc_column][\/vc_row][\/vc_section]<\/p>\n<\/section>","protected":false},"excerpt":{"rendered":"<p>[vc_section][vc_row][vc_column][vc_column_text] Autores: Ruth Casabianca y Hugo Hirsch Tercera y ampliada edici\u00f3n [\/vc_column_text][\/vc_column][\/vc_row][\/vc_section][vc_section][vc_row][vc_column width=\u00bb1\/3&#8243;][\/vc_column][vc_column width=\u00bb2\/3&#8243;][vc_column_text css_animation=\u00bbfadeIn\u00bb] Este libro propone un modelo de registro para las terapias basadas en el modelo desarrollado por el Brief Therapy Center del Mental Research Institute de Palo Alto, California. Su supuesto principal es que al verse obligado por la estructura del [&hellip;]<\/p>\n","protected":false},"author":1,"featured_media":0,"parent":0,"menu_order":0,"comment_status":"closed","ping_status":"closed","template":"","meta":{"footnotes":""},"acf":[],"_links":{"self":[{"href":"https:\/\/cpp.com.ar\/formacion\/wp-json\/wp\/v2\/pages\/364"}],"collection":[{"href":"https:\/\/cpp.com.ar\/formacion\/wp-json\/wp\/v2\/pages"}],"about":[{"href":"https:\/\/cpp.com.ar\/formacion\/wp-json\/wp\/v2\/types\/page"}],"author":[{"embeddable":true,"href":"https:\/\/cpp.com.ar\/formacion\/wp-json\/wp\/v2\/users\/1"}],"replies":[{"embeddable":true,"href":"https:\/\/cpp.com.ar\/formacion\/wp-json\/wp\/v2\/comments?post=364"}],"version-history":[{"count":18,"href":"https:\/\/cpp.com.ar\/formacion\/wp-json\/wp\/v2\/pages\/364\/revisions"}],"predecessor-version":[{"id":9690,"href":"https:\/\/cpp.com.ar\/formacion\/wp-json\/wp\/v2\/pages\/364\/revisions\/9690"}],"wp:attachment":[{"href":"https:\/\/cpp.com.ar\/formacion\/wp-json\/wp\/v2\/media?parent=364"}],"curies":[{"name":"wp","href":"https:\/\/api.w.org\/{rel}","templated":true}]}}