{"id":360,"date":"2018-07-10T11:53:25","date_gmt":"2018-07-10T14:53:25","guid":{"rendered":"http:\/\/cpp.com.ar\/formacion\/?page_id=360"},"modified":"2020-11-06T12:57:59","modified_gmt":"2020-11-06T15:57:59","slug":"reconstruir-una-relacion","status":"publish","type":"page","link":"https:\/\/cpp.com.ar\/formacion\/reconstruir-una-relacion\/","title":{"rendered":"C\u00f3mo reconstruir una relaci\u00f3n"},"content":{"rendered":"<section class=\"wpb-content-wrapper\"><p>[vc_section][vc_row][vc_column][vc_column_text]<\/p>\n<p style=\"text-align: center;\"><em><strong>Autores<\/strong>: Rougier Gabriela, Kornberg Marcelo<\/em><\/p>\n<p>[\/vc_column_text][\/vc_column][\/vc_row][\/vc_section][vc_section][vc_row][vc_column width=\u00bb1\/3&#8243;]<div data-effect=\"fadeInDown\" data-animateonce=\"yes\" data-delay=\"0\" class=\"wpb_content_element ut-animate-image animated ut-no-animation-tablet ut-no-animation-mobile  clearfix\"><style type=\"text\/css\" scoped>#ut_am_69d693288d93c { opacity: 1; }<\/style><div id=\"ut_am_wrap_69d693288d93d\" class=\"ut-image-gallery-image \" style=\"text-align:left;\"><div class=\"ut-animated-image-item ut-image-gallery-item ut-animation-done\"><a class=\"ut-deactivated-link\" href=\"#\"><img title=\"Como reconstruir\" id=\"ut_am_69d693288d93c\" style=\"\" src=\"https:\/\/cpp.com.ar\/formacion\/wp-content\/uploads\/sites\/3\/2018\/07\/como-reconstruir.jpg\" width=\"300\" height=\"363\" alt=\"Como reconstruir una relacion\"\/><\/a><\/div><\/div><\/div>[\/vc_column][vc_column width=\u00bb2\/3&#8243;][vc_column_text css_animation=\u00bbfadeIn\u00bb]Pocas experiencias son tan intensas y complejas como la terapia de pareja. Para los consultantes, porque no saben si la persona que tienen enfrente realmente los va a poder ayudar y, a pesar de ello, deben mostrarle su mundo privado, su intimidad, sus miserias y darle su confianza. Para el terapeuta, entre muchas otras cosas, porque debe lograr conectar emocionalmente con ambas personas sin que ninguno sienta que no lo entiende o que toma partido por el otro.<\/p>\n<p>Las t\u00e9cnicas habituales con las que los psic\u00f3logos abordan las dificultades de sus pacientes suelen ser insuficientes para ayudar a una pareja. Las emociones y reacciones que se generan al estar mal con el c\u00f3nyuge, son mucho m\u00e1s intensas y profundas que las emociones y reacciones frente a otras problem\u00e1ticas o v\u00ednculos.[\/vc_column_text][\/vc_column][\/vc_row][\/vc_section][vc_section][vc_row][vc_column][ut_title_divider_2 divider=\u00bbbklyn-divider-style-8&#8243;][\/ut_title_divider_2][\/vc_column][\/vc_row][vc_row][vc_column width=\u00bb1\/6&#8243;][vc_empty_space]<style type=\"text\/css\" scoped>#bklyn_btn_69d693288da39 .bklyn-btn { color:#0a0a0a; border-color:#000000; border-width:2px; border-radius:27px; }#bklyn_btn_69d693288da39 .bklyn-btn:hover{ color:#00cdb5; border-color:#00cdb5; }#bklyn_btn_69d693288da39 .bklyn-btn:focus{ color:#00cdb5; border-color:#00cdb5; }#bklyn_btn_69d693288da39 .bklyn-btn:active { color:#00cdb5; border-color:#00cdb5; }<\/style><div id=\"bklyn_btn_69d693288da39\" class=\"bklyn-btn-holder  bklyn-btn-center\"><a title=\"\"   href=\"http:\/\/cpp.com.ar\/formacion\/libros\/\" target=\"_self\" class=\"bklyn-btn bklyn-btn-outline bklyn-btn-normal\" >M\u00e1s libros<\/a><\/div>[\/vc_column][vc_column width=\u00bb1\/6&#8243;]<div data-effect=\"fadeInLeft\" data-animateonce=\"yes\" data-delay=\"0\" class=\"wpb_content_element ut-animate-image animated ut-no-animation-tablet ut-no-animation-mobile  clearfix\"><style type=\"text\/css\" scoped>#ut_am_69d693288de25 { opacity: 1; }<\/style><div id=\"ut_am_wrap_69d693288de26\" class=\"ut-image-gallery-image \" style=\"text-align:left;\"><div class=\"ut-animated-image-item ut-image-gallery-item ut-animation-done\"><a target=\"_self\" href=\"http:\/\/cpp.com.ar\/formacion\/arte-y-oficio\/\" ><img title=\"Arte y oficio\" id=\"ut_am_69d693288de25\" style=\"\" src=\"https:\/\/cpp.com.ar\/formacion\/wp-content\/uploads\/sites\/3\/2018\/07\/arte-y-oficio.jpg\" width=\"300\" height=\"363\" alt=\"Arte y oficio\"\/><div class=\"ut-image-gallery-image-caption\"><div class=\"ut-image-gallery-item-caption-title\"><h3 class=\"ut-image-gallery-empty-title\">+<\/h3><\/div><\/div><\/a><\/div><\/div><\/div>[\/vc_column][vc_column width=\u00bb1\/6&#8243;]<div data-effect=\"fadeInLeft\" data-animateonce=\"yes\" data-delay=\"0\" class=\"wpb_content_element ut-animate-image animated ut-no-animation-tablet ut-no-animation-mobile  clearfix\"><style type=\"text\/css\" scoped>#ut_am_69d693288e18d { opacity: 1; }<\/style><div id=\"ut_am_wrap_69d693288e18e\" class=\"ut-image-gallery-image \" style=\"text-align:left;\"><div class=\"ut-animated-image-item ut-image-gallery-item ut-animation-done\"><a target=\"_self\" href=\"http:\/\/cpp.com.ar\/formacion\/estrategias-psicoterapeuticas-institucionales\/\" ><img title=\"estrategias\" id=\"ut_am_69d693288e18d\" style=\"\" src=\"https:\/\/cpp.com.ar\/formacion\/wp-content\/uploads\/sites\/3\/2018\/07\/estrategias.jpg\" width=\"300\" height=\"363\" alt=\"estrategias\"\/><div class=\"ut-image-gallery-image-caption\"><div class=\"ut-image-gallery-item-caption-title\"><h3 class=\"ut-image-gallery-empty-title\">+<\/h3><\/div><\/div><\/a><\/div><\/div><\/div>[\/vc_column][vc_column width=\u00bb1\/6&#8243;]<div data-effect=\"fadeInLeft\" data-animateonce=\"yes\" data-delay=\"0\" class=\"wpb_content_element ut-animate-image animated ut-no-animation-tablet ut-no-animation-mobile  clearfix\"><style type=\"text\/css\" scoped>#ut_am_69d693288e6e8 { opacity: 1; }<\/style><div id=\"ut_am_wrap_69d693288e6e9\" class=\"ut-image-gallery-image \" style=\"text-align:left;\"><div class=\"ut-animated-image-item ut-image-gallery-item ut-animation-done\"><a target=\"_self\" href=\"http:\/\/cpp.com.ar\/formacion\/que-y-como\/\" ><img title=\"que-y-como\" id=\"ut_am_69d693288e6e8\" style=\"\" src=\"https:\/\/cpp.com.ar\/formacion\/wp-content\/uploads\/sites\/3\/2020\/11\/que-y-como.jpg\" width=\"300\" height=\"361\" alt=\"\"\/><div class=\"ut-image-gallery-image-caption\"><div class=\"ut-image-gallery-item-caption-title\"><h3 class=\"ut-image-gallery-empty-title\">+<\/h3><\/div><\/div><\/a><\/div><\/div><\/div>[\/vc_column][vc_column width=\u00bb1\/6&#8243;]<div data-effect=\"fadeInLeft\" data-animateonce=\"yes\" data-delay=\"0\" class=\"wpb_content_element ut-animate-image animated ut-no-animation-tablet ut-no-animation-mobile  clearfix\"><style type=\"text\/css\" scoped>#ut_am_69d693288eac3 { opacity: 1; }<\/style><div id=\"ut_am_wrap_69d693288eac4\" class=\"ut-image-gallery-image \" style=\"text-align:left;\"><div class=\"ut-animated-image-item ut-image-gallery-item ut-animation-done\"><a target=\"_self\" href=\"http:\/\/cpp.com.ar\/formacion\/inteligencia-para-el-bienestar\/\" ><img title=\"Inteligencia\" id=\"ut_am_69d693288eac3\" style=\"\" src=\"https:\/\/cpp.com.ar\/formacion\/wp-content\/uploads\/sites\/3\/2018\/07\/inteligencia.jpg\" width=\"300\" height=\"362\" alt=\"Inteligencia para el bienestar\"\/><div class=\"ut-image-gallery-image-caption\"><div class=\"ut-image-gallery-item-caption-title\"><h3 class=\"ut-image-gallery-empty-title\">+<\/h3><\/div><\/div><\/a><\/div><\/div><\/div>[\/vc_column][vc_column width=\u00bb1\/6&#8243;]<div data-effect=\"fadeInLeft\" data-animateonce=\"yes\" data-delay=\"0\" class=\"wpb_content_element ut-animate-image animated ut-no-animation-tablet ut-no-animation-mobile  clearfix\"><style type=\"text\/css\" scoped>#ut_am_69d693288ef31 { opacity: 1; }<\/style><div id=\"ut_am_wrap_69d693288ef32\" class=\"ut-image-gallery-image \" style=\"text-align:center;\"><div class=\"ut-animated-image-item ut-image-gallery-item ut-animation-done\"><a target=\"_self\" href=\"http:\/\/cpp.com.ar\/formacion\/como-equivocarse-menos\/\" ><img title=\"Como equivocarse menos2\" id=\"ut_am_69d693288ef31\" style=\"\" src=\"https:\/\/cpp.com.ar\/formacion\/wp-content\/uploads\/sites\/3\/2018\/07\/como-equivocarse-menos2.jpg\" width=\"300\" height=\"363\" alt=\"Como equivocarse menos\"\/><div class=\"ut-image-gallery-image-caption\"><div class=\"ut-image-gallery-item-caption-title\"><h3 class=\"ut-image-gallery-empty-title\">+<\/h3><\/div><\/div><\/a><\/div><\/div><\/div>[\/vc_column][\/vc_row][\/vc_section]<\/p>\n<\/section>","protected":false},"excerpt":{"rendered":"<p>[vc_section][vc_row][vc_column][vc_column_text] Autores: Rougier Gabriela, Kornberg Marcelo [\/vc_column_text][\/vc_column][\/vc_row][\/vc_section][vc_section][vc_row][vc_column width=\u00bb1\/3&#8243;][\/vc_column][vc_column width=\u00bb2\/3&#8243;][vc_column_text css_animation=\u00bbfadeIn\u00bb]Pocas experiencias son tan intensas y complejas como la terapia de pareja. Para los consultantes, porque no saben si la persona que tienen enfrente realmente los va a poder ayudar y, a pesar de ello, deben mostrarle su mundo privado, su intimidad, sus miserias y darle [&hellip;]<\/p>\n","protected":false},"author":1,"featured_media":0,"parent":0,"menu_order":0,"comment_status":"closed","ping_status":"closed","template":"","meta":{"footnotes":""},"acf":[],"_links":{"self":[{"href":"https:\/\/cpp.com.ar\/formacion\/wp-json\/wp\/v2\/pages\/360"}],"collection":[{"href":"https:\/\/cpp.com.ar\/formacion\/wp-json\/wp\/v2\/pages"}],"about":[{"href":"https:\/\/cpp.com.ar\/formacion\/wp-json\/wp\/v2\/types\/page"}],"author":[{"embeddable":true,"href":"https:\/\/cpp.com.ar\/formacion\/wp-json\/wp\/v2\/users\/1"}],"replies":[{"embeddable":true,"href":"https:\/\/cpp.com.ar\/formacion\/wp-json\/wp\/v2\/comments?post=360"}],"version-history":[{"count":6,"href":"https:\/\/cpp.com.ar\/formacion\/wp-json\/wp\/v2\/pages\/360\/revisions"}],"predecessor-version":[{"id":6391,"href":"https:\/\/cpp.com.ar\/formacion\/wp-json\/wp\/v2\/pages\/360\/revisions\/6391"}],"wp:attachment":[{"href":"https:\/\/cpp.com.ar\/formacion\/wp-json\/wp\/v2\/media?parent=360"}],"curies":[{"name":"wp","href":"https:\/\/api.w.org\/{rel}","templated":true}]}}