{"id":352,"date":"2018-07-10T11:42:27","date_gmt":"2018-07-10T14:42:27","guid":{"rendered":"http:\/\/cpp.com.ar\/formacion\/?page_id=352"},"modified":"2018-08-23T13:12:46","modified_gmt":"2018-08-23T16:12:46","slug":"inteligencia-para-el-bienestar","status":"publish","type":"page","link":"https:\/\/cpp.com.ar\/formacion\/inteligencia-para-el-bienestar\/","title":{"rendered":"Inteligencia para el bienestar"},"content":{"rendered":"<section class=\"wpb-content-wrapper\"><p>[vc_section][vc_row][vc_column][vc_column_text]<\/p>\n<p style=\"text-align: center;\"><em><strong>Autor<\/strong>:\u00a0Pablo F. Hirsch<\/em><\/p>\n<p>[\/vc_column_text][\/vc_column][\/vc_row][\/vc_section][vc_section][vc_row][vc_column width=\u00bb1\/3&#8243;]<div data-effect=\"fadeInDown\" data-animateonce=\"yes\" data-delay=\"0\" class=\"wpb_content_element ut-animate-image animated ut-no-animation-tablet ut-no-animation-mobile  clearfix\"><style type=\"text\/css\" scoped>#ut_am_69d68de6948d3 { opacity: 1; }<\/style><div id=\"ut_am_wrap_69d68de6948d4\" class=\"ut-image-gallery-image \" style=\"text-align:left;\"><div class=\"ut-animated-image-item ut-image-gallery-item ut-animation-done\"><a class=\"ut-deactivated-link\" href=\"#\"><img title=\"Inteligencia\" id=\"ut_am_69d68de6948d3\" style=\"\" src=\"https:\/\/cpp.com.ar\/formacion\/wp-content\/uploads\/sites\/3\/2018\/07\/inteligencia.jpg\" width=\"300\" height=\"362\" alt=\"Inteligencia para el bienestar\"\/><\/a><\/div><\/div><\/div>[\/vc_column][vc_column width=\u00bb2\/3&#8243;][vc_column_text css_animation=\u00bbfadeIn\u00bb]Inteligencia para el bienestar es un modelo basado en la psicoterapia, la psicolog\u00eda y las neurociencias que sirve para el desarrollo de la capacidad de mejorar la calidad de vida de los individuos a trav\u00e9s de su autoconocimiento, regulaci\u00f3n emocional, habilidades interpersonales, toma de decisiones y cambio de h\u00e1bitos.<\/p>\n<p>Estudiar una carrera universitaria, buscar un trabajo m\u00e1s prometedor, formar una pareja, alimentarnos mejor. Gran parte de las cosas que emprendemos en el transcurso de la vida tiende a dos grandes objetivos existenciales: hacer lo posible para sentirnos bien y accionar para que las personas que son significativas para nosotros se sientan bien. Algunas veces lo logramos; muchas, no. Cuando indagamos en la autoayuda, en general nos encontramos con teor\u00edas de base cient\u00edfica endeble con propuestas dif\u00edciles de llevar a la pr\u00e1ctica.<\/p>\n<p>Bas\u00e1ndose en su experiencia cl\u00ednica y en la rigurosa revisi\u00f3n -junto con un equipo de especialistas- de los \u00faltimos avances de disciplinas tan diversas como la psicoterapia, la psicolog\u00eda, las neurociencias, la econom\u00eda y la sociolog\u00eda, Pablo Hirsch presenta un modelo de bienestar efectivo con aplicaci\u00f3n concreta.<\/p>\n<p>La \u00abinteligencia para el bienestar\u00bb es nuestra capacidad de tomar mejores decisiones en el plano emocional, de priorizar actividades que nos generen placer y agreguen valor a nuestras vidas, y de incorporar h\u00e1bitos saludables. Este libro explica c\u00f3mo desarrollarla.[\/vc_column_text][\/vc_column][\/vc_row][\/vc_section][vc_section][vc_row][vc_column][ut_title_divider_2 divider=\u00bbbklyn-divider-style-8&#8243;][\/ut_title_divider_2][\/vc_column][\/vc_row][vc_row][vc_column width=\u00bb1\/6&#8243;][vc_empty_space]<style type=\"text\/css\" scoped>#bklyn_btn_69d68de69491e .bklyn-btn { color:#0a0a0a; border-color:#000000; border-width:2px; border-radius:27px; }#bklyn_btn_69d68de69491e .bklyn-btn:hover{ color:#00cdb5; border-color:#00cdb5; }#bklyn_btn_69d68de69491e .bklyn-btn:focus{ color:#00cdb5; border-color:#00cdb5; }#bklyn_btn_69d68de69491e .bklyn-btn:active { color:#00cdb5; border-color:#00cdb5; }<\/style><div id=\"bklyn_btn_69d68de69491e\" class=\"bklyn-btn-holder  bklyn-btn-center\"><a title=\"\"   href=\"http:\/\/cpp.com.ar\/formacion\/libros\/\" target=\"_self\" class=\"bklyn-btn bklyn-btn-outline bklyn-btn-normal\" >M\u00e1s libros<\/a><\/div>[\/vc_column][vc_column width=\u00bb1\/6&#8243;]<div data-effect=\"fadeInLeft\" data-animateonce=\"yes\" data-delay=\"0\" class=\"wpb_content_element ut-animate-image animated ut-no-animation-tablet ut-no-animation-mobile  clearfix\"><style type=\"text\/css\" scoped>#ut_am_69d68de694d39 { opacity: 1; }<\/style><div id=\"ut_am_wrap_69d68de694d3a\" class=\"ut-image-gallery-image \" style=\"text-align:left;\"><div class=\"ut-animated-image-item ut-image-gallery-item ut-animation-done\"><a target=\"_self\" href=\"http:\/\/cpp.com.ar\/formacion\/reconstruir-una-relacion\/\" ><img title=\"Como reconstruir\" id=\"ut_am_69d68de694d39\" style=\"\" src=\"https:\/\/cpp.com.ar\/formacion\/wp-content\/uploads\/sites\/3\/2018\/07\/como-reconstruir.jpg\" width=\"300\" height=\"363\" alt=\"Como reconstruir una relacion\"\/><div class=\"ut-image-gallery-image-caption\"><div class=\"ut-image-gallery-item-caption-title\"><h3 class=\"ut-image-gallery-empty-title\">+<\/h3><\/div><\/div><\/a><\/div><\/div><\/div>[\/vc_column][vc_column width=\u00bb1\/6&#8243;]<div data-effect=\"fadeInLeft\" data-animateonce=\"yes\" data-delay=\"0\" class=\"wpb_content_element ut-animate-image animated ut-no-animation-tablet ut-no-animation-mobile  clearfix\"><style type=\"text\/css\" scoped>#ut_am_69d68de6950ba { opacity: 1; }<\/style><div id=\"ut_am_wrap_69d68de6950bb\" class=\"ut-image-gallery-image \" style=\"text-align:left;\"><div class=\"ut-animated-image-item ut-image-gallery-item ut-animation-done\"><a target=\"_self\" href=\"http:\/\/cpp.com.ar\/formacion\/arte-y-oficio\/\" ><img title=\"Arte y oficio\" id=\"ut_am_69d68de6950ba\" style=\"\" src=\"https:\/\/cpp.com.ar\/formacion\/wp-content\/uploads\/sites\/3\/2018\/07\/arte-y-oficio.jpg\" width=\"300\" height=\"363\" alt=\"Arte y oficio\"\/><div class=\"ut-image-gallery-image-caption\"><div class=\"ut-image-gallery-item-caption-title\"><h3 class=\"ut-image-gallery-empty-title\">+<\/h3><\/div><\/div><\/a><\/div><\/div><\/div>[\/vc_column][vc_column width=\u00bb1\/6&#8243;]<div data-effect=\"fadeInLeft\" data-animateonce=\"yes\" data-delay=\"0\" class=\"wpb_content_element ut-animate-image animated ut-no-animation-tablet ut-no-animation-mobile  clearfix\"><style type=\"text\/css\" scoped>#ut_am_69d68de69546c { opacity: 1; }<\/style><div id=\"ut_am_wrap_69d68de69546d\" class=\"ut-image-gallery-image \" style=\"text-align:left;\"><div class=\"ut-animated-image-item ut-image-gallery-item ut-animation-done\"><a target=\"_self\" href=\"http:\/\/cpp.com.ar\/formacion\/estrategias-psicoterapeuticas-institucionales\/\" ><img title=\"estrategias\" id=\"ut_am_69d68de69546c\" style=\"\" src=\"https:\/\/cpp.com.ar\/formacion\/wp-content\/uploads\/sites\/3\/2018\/07\/estrategias.jpg\" width=\"300\" height=\"363\" alt=\"estrategias\"\/><div class=\"ut-image-gallery-image-caption\"><div class=\"ut-image-gallery-item-caption-title\"><h3 class=\"ut-image-gallery-empty-title\">+<\/h3><\/div><\/div><\/a><\/div><\/div><\/div>[\/vc_column][vc_column width=\u00bb1\/6&#8243;]<div data-effect=\"fadeInLeft\" data-animateonce=\"yes\" data-delay=\"0\" class=\"wpb_content_element ut-animate-image animated ut-no-animation-tablet ut-no-animation-mobile  clearfix\"><style type=\"text\/css\" scoped>#ut_am_69d68de695890 { opacity: 1; }<\/style><div id=\"ut_am_wrap_69d68de695891\" class=\"ut-image-gallery-image \" style=\"text-align:left;\"><div class=\"ut-animated-image-item ut-image-gallery-item ut-animation-done\"><a target=\"_self\" href=\"http:\/\/cpp.com.ar\/formacion\/que-y-como\/\" ><img title=\"que y como\" id=\"ut_am_69d68de695890\" style=\"\" src=\"https:\/\/cpp.com.ar\/formacion\/wp-content\/uploads\/sites\/3\/2018\/07\/que-y-como.jpg\" width=\"300\" height=\"361\" alt=\"Qu\u00e9 y c\u00f3mo\"\/><div class=\"ut-image-gallery-image-caption\"><div class=\"ut-image-gallery-item-caption-title\"><h3 class=\"ut-image-gallery-empty-title\">+<\/h3><\/div><\/div><\/a><\/div><\/div><\/div>[\/vc_column][vc_column width=\u00bb1\/6&#8243;]<div data-effect=\"fadeInLeft\" data-animateonce=\"yes\" data-delay=\"0\" class=\"wpb_content_element ut-animate-image animated ut-no-animation-tablet ut-no-animation-mobile  clearfix\"><style type=\"text\/css\" scoped>#ut_am_69d68de695ce7 { opacity: 1; }<\/style><div id=\"ut_am_wrap_69d68de695ce8\" class=\"ut-image-gallery-image \" style=\"text-align:center;\"><div class=\"ut-animated-image-item ut-image-gallery-item ut-animation-done\"><a target=\"_self\" href=\"http:\/\/cpp.com.ar\/formacion\/como-equivocarse-menos\/\" ><img title=\"Como equivocarse menos2\" id=\"ut_am_69d68de695ce7\" style=\"\" src=\"https:\/\/cpp.com.ar\/formacion\/wp-content\/uploads\/sites\/3\/2018\/07\/como-equivocarse-menos2.jpg\" width=\"300\" height=\"363\" alt=\"Como equivocarse menos\"\/><div class=\"ut-image-gallery-image-caption\"><div class=\"ut-image-gallery-item-caption-title\"><h3 class=\"ut-image-gallery-empty-title\">+<\/h3><\/div><\/div><\/a><\/div><\/div><\/div>[\/vc_column][\/vc_row][\/vc_section]<\/p>\n<\/section>","protected":false},"excerpt":{"rendered":"<p>[vc_section][vc_row][vc_column][vc_column_text] Autor:\u00a0Pablo F. Hirsch [\/vc_column_text][\/vc_column][\/vc_row][\/vc_section][vc_section][vc_row][vc_column width=\u00bb1\/3&#8243;][\/vc_column][vc_column width=\u00bb2\/3&#8243;][vc_column_text css_animation=\u00bbfadeIn\u00bb]Inteligencia para el bienestar es un modelo basado en la psicoterapia, la psicolog\u00eda y las neurociencias que sirve para el desarrollo de la capacidad de mejorar la calidad de vida de los individuos a trav\u00e9s de su autoconocimiento, regulaci\u00f3n emocional, habilidades interpersonales, toma de decisiones y cambio de [&hellip;]<\/p>\n","protected":false},"author":1,"featured_media":0,"parent":0,"menu_order":0,"comment_status":"closed","ping_status":"closed","template":"","meta":{"footnotes":""},"acf":[],"_links":{"self":[{"href":"https:\/\/cpp.com.ar\/formacion\/wp-json\/wp\/v2\/pages\/352"}],"collection":[{"href":"https:\/\/cpp.com.ar\/formacion\/wp-json\/wp\/v2\/pages"}],"about":[{"href":"https:\/\/cpp.com.ar\/formacion\/wp-json\/wp\/v2\/types\/page"}],"author":[{"embeddable":true,"href":"https:\/\/cpp.com.ar\/formacion\/wp-json\/wp\/v2\/users\/1"}],"replies":[{"embeddable":true,"href":"https:\/\/cpp.com.ar\/formacion\/wp-json\/wp\/v2\/comments?post=352"}],"version-history":[{"count":9,"href":"https:\/\/cpp.com.ar\/formacion\/wp-json\/wp\/v2\/pages\/352\/revisions"}],"predecessor-version":[{"id":551,"href":"https:\/\/cpp.com.ar\/formacion\/wp-json\/wp\/v2\/pages\/352\/revisions\/551"}],"wp:attachment":[{"href":"https:\/\/cpp.com.ar\/formacion\/wp-json\/wp\/v2\/media?parent=352"}],"curies":[{"name":"wp","href":"https:\/\/api.w.org\/{rel}","templated":true}]}}