{"id":222,"date":"2018-06-19T16:18:58","date_gmt":"2018-06-19T19:18:58","guid":{"rendered":"http:\/\/cpp.com.ar\/formacion\/?page_id=222"},"modified":"2025-02-06T16:41:23","modified_gmt":"2025-02-06T19:41:23","slug":"conversando-con-los-expertos","status":"publish","type":"page","link":"https:\/\/cpp.com.ar\/formacion\/conversando-con-los-expertos\/","title":{"rendered":"Hablemos de psicoterapia"},"content":{"rendered":"<section class=\"wpb-content-wrapper\"><p>[vc_section][vc_row][vc_column][vc_column_text]<\/p>\n<h2 style=\"text-align: center;\"><i><span style=\"font-weight: 400;\">Entrevistas a\u00a0profesionales expertos en diferentes \u00e1reas de la salud mental.<\/span><\/i><\/h2>\n<p>[\/vc_column_text][\/vc_column][\/vc_row][vc_row][vc_column width=\u00bb1\/2&#8243;]<div class=\"wpb_content_element \"><iframe loading=\"lazy\" src=\"https:\/\/www.youtube.com\/embed\/rs79hLMF21E\" width=\"560\" height=\"315\" frameborder=\"0\" allowfullscreen=\"allowfullscreen\"><\/iframe><\/div>[\/vc_column][vc_column width=\u00bb1\/2&#8243;]<div class=\"wpb_content_element \"><style type=\"text\/css\" scoped>#ut_sc_6a070b7931186 .ut-service-column p { margin-top: Entrevista al Lic. Hugo Hirsch, director del Centro Privado de Psicoterapias; }<\/style><div id=\"ut_sc_6a070b7931186\"  class=\"ut-horizontal-style-align-left  clearfix \" ><div class=\"ut-service-column ut-service-column-horiz\" ><h3>Entrevista de La Lic. Silvia Ad\u00e1n al Lic. Hugo Hirsch director del CPP<\/h3><p>Concer\u00e1s m\u00e1s sobre su vasta e interesante historia personal y profesional.<br \/>\n<\/p><\/div><\/div><\/div>[\/vc_column][\/vc_row][vc_row][vc_column width=\u00bb1\/2&#8243;]<div class=\"wpb_content_element \"><style type=\"text\/css\" scoped><\/style><div id=\"ut_sc_6a070b79311c5\"  class=\"ut-horizontal-style-align-left  clearfix \" ><div class=\"ut-service-column ut-service-column-horiz\" ><h3>Formular preguntas significativas en psicoterapia<\/h3><p>En este video el Lic. Hugo Hirsch y el Dr. Marcelo Kornberg conversan acerca del arte de preguntar en psicoterapia.<\/p>\n<p>Las preguntas constructivas permiten adem\u00e1s de recabar informaci\u00f3n, brindar a los consultantes la posibilidad de ver un panorama mas amplio de su propia problem\u00e1tica.<\/p>\n<p>Pod\u00e9s obtener el libro: Construyendo Respuestas \u00abComo formular preguntas constructivas en psicoterapia\u00bb en el siguiente link: https:\/\/amzn.to\/3cVqGSa<\/p><\/div><\/div><\/div>[\/vc_column][vc_column width=\u00bb1\/2&#8243;]<div class=\"wpb_content_element \"><iframe loading=\"lazy\" title=\"YouTube video player\" src=\"https:\/\/www.youtube.com\/embed\/4G507oCZwGo?si=8yTyM1pCY80hPz0l\" width=\"560\" height=\"315\" frameborder=\"0\" allowfullscreen=\"allowfullscreen\"><\/iframe><\/div>[\/vc_column][\/vc_row][vc_row][vc_column width=\u00bb1\/2&#8243;]<div class=\"wpb_content_element \"><iframe loading=\"lazy\" title=\"YouTube video player\" src=\"https:\/\/www.youtube.com\/embed\/PPl00YHlRyQ?si=TnpVNc5dRhdJ8ssD\" width=\"560\" height=\"315\" frameborder=\"0\" allowfullscreen=\"allowfullscreen\"><\/iframe><\/div>[\/vc_column][vc_column width=\u00bb1\/2&#8243;]<div class=\"wpb_content_element \"><style type=\"text\/css\" scoped><\/style><div id=\"ut_sc_6a070b79311ff\"  class=\"ut-horizontal-style-align-left  clearfix \" ><div class=\"ut-service-column ut-service-column-horiz\" ><h3>La comunicaci\u00f3n en la pareja<\/h3><p>En este video, el Dr. Marcelo Kornberg nos cuenta sobre los t\u00edpicos motivos de consulta de pareja en relaci\u00f3n a la falta de una comunicaci\u00f3n efectiva en la pareja.<br \/>\n<\/p><\/div><\/div><\/div>[\/vc_column][\/vc_row][vc_row][vc_column width=\u00bb1\/2&#8243;]<div class=\"wpb_content_element \"><style type=\"text\/css\" scoped><\/style><div id=\"ut_sc_6a070b7931223\"  class=\"ut-horizontal-style-align-left  clearfix \" ><div class=\"ut-service-column ut-service-column-horiz\" ><h3>De ayer a ma\u00f1ana, la evoluci\u00f3n de un modelo de asistencia psicoterap\u00e9utica<\/h3><p>Conversando con pioneros #2: Te invitamos a ver la segunda entrega de la serie: \u00abConversando con pioneros\u00bb. En esta segunda entrega el Dr. Eduardo Cazabat entrevista al Lic. Hugo Hirsch que nos cuenta sobre el desarrollo y la aplicaci\u00f3n de sus ideas en el campo de la psicoterapia.<\/p><\/div><\/div><\/div>[\/vc_column][vc_column width=\u00bb1\/2&#8243;]<div class=\"wpb_content_element \"><iframe loading=\"lazy\" title=\"YouTube video player\" src=\"https:\/\/www.youtube.com\/embed\/Nxrgj8NF67U?si=YhvCmNsie-u-rJo1\" width=\"560\" height=\"315\" frameborder=\"0\" allowfullscreen=\"allowfullscreen\"><\/iframe><\/div>[\/vc_column][\/vc_row][vc_row][vc_column width=\u00bb1\/2&#8243;]<div class=\"wpb_content_element \"><iframe loading=\"lazy\" title=\"YouTube video player\" src=\"https:\/\/www.youtube.com\/embed\/zW67u9zu1-Y?si=Zu9EWnvWVuTGFKrm\" width=\"560\" height=\"315\" frameborder=\"0\" allowfullscreen=\"allowfullscreen\"><\/iframe><\/div>[\/vc_column][vc_column width=\u00bb1\/2&#8243;]<div class=\"wpb_content_element \"><style type=\"text\/css\" scoped><\/style><div id=\"ut_sc_6a070b7931264\"  class=\"ut-horizontal-style-align-left  clearfix \" ><div class=\"ut-service-column ut-service-column-horiz\" ><h3>Conversando con pioneros. #1: Terapia de pareja por Sergio Bernales<\/h3><p>En esta primera entrega el Lic. Hugo Hirsch dialogar\u00e1 con el Dr. Sergio Bernales, miembro fundador del Instituto Chileno de Terapia Familiar.<br \/>\n<\/p><\/div><\/div><\/div>[\/vc_column][\/vc_row][\/vc_section]<\/p>\n<\/section>","protected":false},"excerpt":{"rendered":"<p>[vc_section][vc_row][vc_column][vc_column_text] Entrevistas a\u00a0profesionales expertos en diferentes \u00e1reas de la salud mental. [\/vc_column_text][\/vc_column][\/vc_row][vc_row][vc_column width=\u00bb1\/2&#8243;][\/vc_column][vc_column width=\u00bb1\/2&#8243;][\/vc_column][\/vc_row][vc_row][vc_column width=\u00bb1\/2&#8243;][\/vc_column][vc_column width=\u00bb1\/2&#8243;][\/vc_column][\/vc_row][vc_row][vc_column width=\u00bb1\/2&#8243;][\/vc_column][vc_column width=\u00bb1\/2&#8243;][\/vc_column][\/vc_row][vc_row][vc_column width=\u00bb1\/2&#8243;][\/vc_column][vc_column width=\u00bb1\/2&#8243;][\/vc_column][\/vc_row][vc_row][vc_column width=\u00bb1\/2&#8243;][\/vc_column][vc_column width=\u00bb1\/2&#8243;][\/vc_column][\/vc_row][\/vc_section]<\/p>\n","protected":false},"author":1,"featured_media":0,"parent":0,"menu_order":0,"comment_status":"closed","ping_status":"closed","template":"","meta":{"footnotes":""},"acf":[],"_links":{"self":[{"href":"https:\/\/cpp.com.ar\/formacion\/wp-json\/wp\/v2\/pages\/222"}],"collection":[{"href":"https:\/\/cpp.com.ar\/formacion\/wp-json\/wp\/v2\/pages"}],"about":[{"href":"https:\/\/cpp.com.ar\/formacion\/wp-json\/wp\/v2\/types\/page"}],"author":[{"embeddable":true,"href":"https:\/\/cpp.com.ar\/formacion\/wp-json\/wp\/v2\/users\/1"}],"replies":[{"embeddable":true,"href":"https:\/\/cpp.com.ar\/formacion\/wp-json\/wp\/v2\/comments?post=222"}],"version-history":[{"count":15,"href":"https:\/\/cpp.com.ar\/formacion\/wp-json\/wp\/v2\/pages\/222\/revisions"}],"predecessor-version":[{"id":9133,"href":"https:\/\/cpp.com.ar\/formacion\/wp-json\/wp\/v2\/pages\/222\/revisions\/9133"}],"wp:attachment":[{"href":"https:\/\/cpp.com.ar\/formacion\/wp-json\/wp\/v2\/media?parent=222"}],"curies":[{"name":"wp","href":"https:\/\/api.w.org\/{rel}","templated":true}]}}