{"id":169,"date":"2018-06-19T10:31:02","date_gmt":"2018-06-19T13:31:02","guid":{"rendered":"http:\/\/cpp.com.ar\/formacion\/?page_id=169"},"modified":"2025-08-27T23:07:19","modified_gmt":"2025-08-28T02:07:19","slug":"terapia-de-pareja","status":"publish","type":"page","link":"https:\/\/cpp.com.ar\/formacion\/terapia-de-pareja\/","title":{"rendered":"Diplomatura en terapia de pareja"},"content":{"rendered":"<section class=\"wpb-content-wrapper\"><p>[vc_section css=\u00bb.vc_custom_1531359830548{border-bottom-width: 1px !important;}\u00bb][vc_row][vc_column width=\u00bb1\/3&#8243;]<div  class=\"wpb_content_element   clearfix\"><style type=\"text\/css\" scoped>#ut_am_69d901bf192be { opacity: 1; }<\/style><div id=\"ut_am_wrap_69d901bf192bf\" class=\"ut-image-gallery-image \" style=\"text-align:center;\"><div class=\"ut-animated-image-item ut-image-gallery-item ut-animation-done\"><a class=\"ut-deactivated-link\" href=\"#\"><img title=\"diplomatura\" id=\"ut_am_69d901bf192be\" style=\"\" src=\"https:\/\/cpp.com.ar\/formacion\/wp-content\/uploads\/sites\/3\/2025\/03\/diplomatura.png\" width=\"300\" height=\"350\" alt=\"\"\/><\/a><\/div><\/div><\/div>[\/vc_column][vc_column width=\u00bb2\/3&#8243;]<style type=\"text\/css\" scoped>#ut_custom_heading69d901bf1930d { color:#0a0a0a; }#ut_custom_heading69d901bf1930d { font-size:40px; }#ut_custom_heading69d901bf1930d { font-weight:bold; }#ut_custom_heading69d901bf1930d { text-align:left; }#ut_custom_heading69d901bf1930d span { border-bottom-style:solid;border-bottom-color:#0a0a0a;border-bottom-width:3px;padding-bottom:15px;display:inline-block; }<\/style><h2 id=\"ut_custom_heading69d901bf1930d\" class=\"ut-custom-heading-module  \" ><span>Convertite en especialista en Terapia de Pareja con herramientas concretas y supervisi\u00f3n pr\u00e1ctica<\/span><\/h2><style type=\"text\/css\" scoped>#ut_custom_heading69d901bf1932a { color:#000000; }#ut_custom_heading69d901bf1932a { font-size:25px; }#ut_custom_heading69d901bf1932a { font-weight:normal; }#ut_custom_heading69d901bf1932a { line-height:125%; }#ut_custom_heading69d901bf1932a { text-align:left; }<\/style><p id=\"ut_custom_heading69d901bf1932a\" class=\"ut-custom-heading-module  \" ><span>En la diplomatura en Terapia de Parejas vas a aprender a intervenir con eficacia desde el modelo sist\u00e9mico con pacientes reales y supervisi\u00f3n profesional.<\/span><\/p>[vc_column_text]<\/p>\n<h4 style=\"text-align: left;\"><strong>Inscripciones cerradas. \u00bfQueres m\u00e1s info? Dejanos tus datos\u00a0<a href=\"#consultas\">aqu\u00ed<\/a><\/strong><\/h4>\n<p>[\/vc_column_text][\/vc_column][\/vc_row][vc_row css=\u00bb.vc_custom_1531358387995{background-image: url(http:\/\/cpp.com.ar\/formacion\/wp-content\/uploads\/sites\/3\/2018\/04\/pat1.png?id=30) !important;}\u00bb][vc_column width=\u00bb1\/3&#8243;]<div class=\"wpb_content_element \"><div id=\"utbx_o_69d901bf19357\" class=\"ut-service-icon-box  clearfix  ut-service-icon-box-center\"><style type=\"text\/css\" scoped>#utbx_69d901bf19356 { background:#00cdb5; }#utbx_69d901bf19356:hover { background: #2FC0D7; } #utbx_69d901bf19356:after { box-shadow: 0 0 0 4px #2FC0D7; } <\/style><div class=\"ut-highlight-icon-wrap ut-highlight-icon-effect\"><a id=\"utbx_69d901bf19356\" data-id=\"utbx_69d901bf19356\" data-hovercolor=\"#2FC0D7\"  data-effect=\"fadeInRight\" data-animateonce=\"yes\" data-delay=\"0\" class=\"ut-highlight-icon ut-animate-element animated ut-no-animation-tablet ut-no-animation-mobile fa fa-calendar\" href=\"#\" target=\"_blank\"><\/a><\/div><\/div><\/div>[vc_column_text]<\/p>\n<h4 style=\"text-align: center;\"><strong>Inscripciones cerradas. \u00bfQueres m\u00e1s info? Dejanos tus datos\u00a0<a href=\"#consultas\">aqu\u00ed<\/a><\/strong><\/h4>\n<p>[\/vc_column_text][\/vc_column][vc_column width=\u00bb1\/3&#8243;]<div class=\"wpb_content_element \"><div id=\"utbx_o_69d901bf193ba\" class=\"ut-service-icon-box  clearfix  ut-service-icon-box-center\"><style type=\"text\/css\" scoped>#utbx_69d901bf193b9 { background:#00cdb5; }#utbx_69d901bf193b9:hover { background: #2FC0D7; } #utbx_69d901bf193b9:after { box-shadow: 0 0 0 4px #2FC0D7; } <\/style><div class=\"ut-highlight-icon-wrap ut-highlight-icon-effect\"><a id=\"utbx_69d901bf193b9\" data-id=\"utbx_69d901bf193b9\" data-hovercolor=\"#2FC0D7\"  data-effect=\"fadeInRight\" data-animateonce=\"yes\" data-delay=\"0\" class=\"ut-highlight-icon ut-animate-element animated ut-no-animation-tablet ut-no-animation-mobile fa fa-users\" href=\"#\" target=\"_blank\"><\/a><\/div><\/div><\/div>[vc_column_text]<\/p>\n<h4 style=\"text-align: center;\">Dirigido a:<\/h4>\n<h4 style=\"text-align: center;\">Profesionales de la salud mental<\/h4>\n<p>[\/vc_column_text][\/vc_column][vc_column width=\u00bb1\/3&#8243;]<div class=\"wpb_content_element \"><div id=\"utbx_o_69d901bf193fb\" class=\"ut-service-icon-box  clearfix  ut-service-icon-box-center\"><style type=\"text\/css\" scoped>#utbx_69d901bf193fa { background:#00cdb5; }#utbx_69d901bf193fa:hover { background: #2FC0D7; } #utbx_69d901bf193fa:after { box-shadow: 0 0 0 4px #2FC0D7; } <\/style><div class=\"ut-highlight-icon-wrap ut-highlight-icon-effect\"><a id=\"utbx_69d901bf193fa\" data-id=\"utbx_69d901bf193fa\" data-hovercolor=\"#2FC0D7\"  data-effect=\"fadeInRight\" data-animateonce=\"yes\" data-delay=\"0\" class=\"ut-highlight-icon ut-animate-element animated ut-no-animation-tablet ut-no-animation-mobile fa fa-paper-plane-o\" href=\"#\" target=\"_blank\"><\/a><\/div><\/div><\/div>[vc_column_text]<\/p>\n<h4 style=\"text-align: center;\">Plan de estudios:<\/h4>\n<h4 style=\"text-align: center;\">\u00a012 clases de 2 horas de duraci\u00f3n cada una<\/h4>\n<p style=\"text-align: center;\"><strong>Modalidad sincr\u00f3nica por Zoom<\/strong><\/p>\n<p>[\/vc_column_text][\/vc_column][\/vc_row][vc_row][vc_column width=\u00bb1\/6&#8243;][\/vc_column][vc_column width=\u00bb2\/3&#8243;]<style type=\"text\/css\" scoped>#ut_custom_heading69d901bf1942e { color:#0a0a0a; }#ut_custom_heading69d901bf1942e { font-size:19px; }#ut_custom_heading69d901bf1942e { text-align:center; }<\/style><p id=\"ut_custom_heading69d901bf1942e\" class=\"ut-custom-heading-module  \" ><span>Sabemos que intervenir con parejas es uno de los desaf\u00edos m\u00e1s grandes para cualquier terapeuta. Cuando llegan al consultorio, las historias se enredan, las demandas se contradicen y la sensaci\u00f3n de quedar en medio de un conflicto parece no tener salida.<\/span><\/p><style type=\"text\/css\" scoped>#ut_custom_heading69d901bf1944a { color:#0a0a0a; }#ut_custom_heading69d901bf1944a { font-size:19px; }#ut_custom_heading69d901bf1944a { font-weight:300; }#ut_custom_heading69d901bf1944a { text-align:center; }<\/style><p id=\"ut_custom_heading69d901bf1944a\" class=\"ut-custom-heading-module  \" ><span>Esta diplomatura te ofrece un camino claro y concreto, con herramientas pr\u00e1cticas y efectivas para intervenir con seguridad desde el enfoque estrat\u00e9gico-relacional.<\/span><\/p><style type=\"text\/css\" scoped>#ut_custom_heading69d901bf19462 { font-size:19px; }#ut_custom_heading69d901bf19462 { font-weight:bold; }#ut_custom_heading69d901bf19462 { text-align:center; }<\/style><p id=\"ut_custom_heading69d901bf19462\" class=\"ut-custom-heading-module  \" ><span>Casos reales, supervisi\u00f3n y an\u00e1lisis de videos. No solo teor\u00eda, sino experiencia aplicada para que integres lo aprendido en tu consulta.<\/span><\/p>[vc_empty_space height=\u00bb20px\u00bb]<style type=\"text\/css\" scoped>#ut_custom_heading69d901bf1947a { color:#000000; }#ut_custom_heading69d901bf1947a { font-size:20px; }#ut_custom_heading69d901bf1947a { font-weight:600; }#ut_custom_heading69d901bf1947a { text-align:left; }<\/style><h3 id=\"ut_custom_heading69d901bf1947a\" class=\"ut-custom-heading-module  \" ><span>Contenidos NIVEL 1:<\/span><\/h3>[vc_column_text]\u2705\u00a0\u00bfQu\u00e9 sabe hoy la ciencia sobre el amor?<br \/>\n\u2705\u00a0\u00bfQu\u00e9 dicen las investigaciones acerca del funcionamiento de las relaciones de pareja?<br \/>\n\u2705\u00a0\u00bfCu\u00e1les son las t\u00e9cnicas m\u00e1s efectivas para trabajar con parejas? \u00bfC\u00f3mo saber cu\u00e1ndo\u00a0usarlas, seg\u00fan cada caso?<br \/>\n\u2705\u00a0\u00bfC\u00f3mo explorar la sexualidad de una pareja en relaci\u00f3n a su v\u00ednculo?<br \/>\n\u2705\u00a0\u00bfQu\u00e9 hacer cuando no podemos ayudar a dos personas a seguir juntas pero s\u00ed los\u00a0podemos acompa\u00f1ar para separarse de una manera menos conflictiva?<\/p>\n<div>Todos estos temas se abordar\u00e1n en el Nivel 1 de nuestra diplomatura, la cual incluir\u00e1\u00a0aspectos te\u00f3ricos y pr\u00e1cticos, sumados a la observaci\u00f3n de videos y casos cl\u00ednicos.\u00a0<strong><u>Este nivel se\u00a0dictar\u00e1 en 12 clases, 30 horas c\u00e1tedra.<\/u><\/strong><\/div>\n<p>[\/vc_column_text][\/vc_column][vc_column width=\u00bb1\/6&#8243;][\/vc_column][\/vc_row][vc_row css=\u00bb.vc_custom_1743004760118{background-color: #f2f2f2 !important;}\u00bb][vc_column width=\u00bb1\/6&#8243;][\/vc_column][vc_column width=\u00bb2\/3&#8243;]<style type=\"text\/css\" scoped>#ut_custom_heading69d901bf1949b { color:#000000; }#ut_custom_heading69d901bf1949b { font-size:20px; }#ut_custom_heading69d901bf1949b { font-weight:600; }#ut_custom_heading69d901bf1949b { text-align:center; }#ut_custom_heading69d901bf1949b span { border-bottom-style:solid;border-bottom-color:#000000;border-bottom-width:1px;display:inline-block; }<\/style><h3 id=\"ut_custom_heading69d901bf1949b\" class=\"ut-custom-heading-module  \" ><span>Plan de estudios de la diplomatura:<\/span><\/h3><div class=\"wpb_content_element \"><style type=\"text\/css\" scoped>#ut_accordion_69d901bf194cb .ut-accordion-module-item.open .ut-accordion-module-heading { color: #2FC0D7 }#ut_accordion_69d901bf194cb .ut-accordion-module-heading:hover { color: #2FC0D7 }#ut_accordion_69d901bf194cb .ut-accordion-module-heading:active { color: #2FC0D7 }#ut_accordion_69d901bf194cb .ut-accordion-module-heading:focus { color: #2FC0D7 }#ut_accordion_69d901bf194cb .ut-accordion-module-item { border-top-style:solid; }#ut_accordion_69d901bf194cb .ut-accordion-module-item:last-child { border-top-style:solid; }<\/style>                \r\n                <script type=\"text\/javascript\">\r\n                \r\n                    (function($){\r\n                                                \r\n                        $(document).ready(function(){\r\n                            \r\n                            $('#ut_accordion_69d901bf194cb [data-accordion]').accordion({\r\n                                \"transitionSpeed\"  : 400,\r\n                                \"singleOpen\"       : true,\r\n                                \"transitionEasing\" : \"ease\",\r\n                            });                            \r\n                    \r\n                        });\r\n                            \r\n                    })(jQuery);\r\n            \r\n                <\/script>\r\n                \r\n            <div id=\"ut_accordion_69d901bf194cb\" data-accordion-group class=\"ut-accordion-module  ut-accordion-module-with-border\"><div data-accordion class=\"ut-accordion-module-item \"><h3 data-control class=\"ut-accordion-module-heading\" data-counter=\"1\">Nivel 1: El modelo estrat\u00e9gico aplicado a la terapia de pareja<\/h3><div data-content class=\"ut-accordion-module-content\"><div class=\"ut-accordion-module-inner entry-content clearfix\"><\/p>\n<ul>\n<li>\u00bfQu\u00e9 sabe hoy la ciencia sobre el amor?<\/li>\n<li>\u00bfQu\u00e9 dicen las investigaciones acerca del funcionamiento de las relaciones de pareja?<\/li>\n<li>\u00bfCu\u00e1les son las t\u00e9cnicas m\u00e1s efectivas para trabajar con parejas? \u00bfC\u00f3mo saber cu\u00e1ndo usarlas, seg\u00fan cada caso?<\/li>\n<li>\u00bfC\u00f3mo explorar la sexualidad de una pareja en relaci\u00f3n a su v\u00ednculo?<\/li>\n<li>\u00bfQu\u00e9 hacer cuando no podemos ayudar a dos personas a seguir juntas pero s\u00ed los podemos acompa\u00f1ar para separarse de una manera menos conflictiva?<\/li>\n<\/ul>\n<p>Todos estos aspectos se abordar\u00e1n en el <strong>Nivel 1<\/strong> de nuestra diplomatura, la cual incluir\u00e1 aspectos te\u00f3ricos y pr\u00e1cticos, sumados a la observaci\u00f3n de videos y casos cl\u00ednicos.<\/p>\n<p><strong>Este nivel se dictar\u00e1 en 12 clases, 30 horas c\u00e1tedra.<\/strong><\/div><\/div><\/div><div data-accordion class=\"ut-accordion-module-item \"><h3 data-control class=\"ut-accordion-module-heading\" data-counter=\"2\">Nivel 2: Trabajo y entrenamiento en herramientas espec\u00edficas<\/h3><div data-content class=\"ut-accordion-module-content\"><div class=\"ut-accordion-module-inner entry-content clearfix\">En este nivel se abordar\u00e1n las herramientas espec\u00edficas, seg\u00fan distintos modelos de Terapia de Pareja vigentes y sus diversas propuestas, a trav\u00e9s de la observaci\u00f3n de videos y el uso de role playings.<\/p>\n<p><strong>Este nivel se dictar\u00e1 en 12 clases, 30 horas c\u00e1tedra.\u00a0<\/strong><\/div><\/div><\/div><div data-accordion class=\"ut-accordion-module-item \"><h3 data-control class=\"ut-accordion-module-heading\" data-counter=\"3\">Nivel 3: Grupo de supervisi\u00f3n<\/h3><div data-content class=\"ut-accordion-module-content\"><div class=\"ut-accordion-module-inner entry-content clearfix\">El <strong>Nivel 3<\/strong> consistir\u00e1 en la supervisi\u00f3n de casos de los participantes, asisti\u00e9ndolos tanto en la formulaci\u00f3n de los mismos como en el manejo de la conversaci\u00f3n terap\u00e9utica y de situaciones conflictivas que suelen aparecer en sesi\u00f3n. Nos enfocaremos tambi\u00e9n en el rol terap\u00e9utico y la prevenci\u00f3n del desgaste profesional ante tal exposici\u00f3n.<\/p>\n<p><strong>Este nivel tendr\u00e1 lugar como grupo de supervisi\u00f3n en reuniones semanales o quincenales los d\u00edas martes de 9.30hs a 11.30 hs.<\/strong><\/div><\/div><\/div><\/div><\/div>[vc_column_text css=\u00bb.vc_custom_1658858008824{margin-top: 20px !important;margin-right: 20px !important;margin-bottom: 20px !important;margin-left: 20px !important;padding-top: 20px !important;padding-right: 20px !important;padding-bottom: 20px !important;padding-left: 20px !important;background-color: #e8e8e8 !important;}\u00bb]<\/p>\n<h3 style=\"text-align: center;\"><strong>Si ya realizaste nuestra formaci\u00f3n en terapia de parejas y quieres profundizar lo aprendido, pod\u00e9s anotarte al nivel 3 que constar\u00e1 de un grupo de supervisi\u00f3n\u00a0<\/strong><\/h3>\n<p>[\/vc_column_text][\/vc_column][vc_column width=\u00bb1\/6&#8243;][\/vc_column][\/vc_row][vc_row][vc_column][vc_row_inner][vc_column_inner width=\u00bb1\/3&#8243;][\/vc_column_inner][vc_column_inner width=\u00bb1\/3&#8243;]<style type=\"text\/css\" scoped>#ut_custom_heading69d901bf195be { color:#000000; }#ut_custom_heading69d901bf195be { font-size:31px; }#ut_custom_heading69d901bf195be { font-weight:600; }#ut_custom_heading69d901bf195be { text-align:center; }<\/style><h3 id=\"ut_custom_heading69d901bf195be\" class=\"ut-custom-heading-module  \" ><span>Docente:<\/span><\/h3>[vc_column_text]<\/p>\n<h3 style=\"text-align: center;\"><strong><img decoding=\"async\" loading=\"lazy\" class=\"aligncenter size-full wp-image-7548\" src=\"https:\/\/cpp.com.ar\/formacion\/wp-content\/uploads\/sites\/3\/2021\/07\/1.png\" alt=\"\" width=\"80\" height=\"80\" \/><\/strong><\/h3>\n<h3 style=\"text-align: center;\"><strong>Marcelo Kornberg<\/strong><\/h3>\n<p style=\"text-align: center;\">Doctor en Psicolog\u00eda, Universidad de Buenos Aires. Coordinador general del Equipo Asistencial del Centro Privado de Psicoterapias. Supervisor y docente del posgrado del Centro Privado de Psicoterapias. Coordinador del equipo de parejas del Centro Privado de Psicoterapias.<\/p>\n<p>[\/vc_column_text][\/vc_column_inner][vc_column_inner width=\u00bb1\/3&#8243;][\/vc_column_inner][\/vc_row_inner][\/vc_column][\/vc_row][vc_row el_id=\u00bbconsultas\u00bb][vc_column width=\u00bb1\/4&#8243;][\/vc_column][vc_column width=\u00bb1\/2&#8243;]<style type=\"text\/css\" scoped>#ut_custom_heading69d901bf195dd { color:#000000; }#ut_custom_heading69d901bf195dd { font-size:20px; }#ut_custom_heading69d901bf195dd { font-weight:600; }#ut_custom_heading69d901bf195dd { text-align:center; }<\/style><h3 id=\"ut_custom_heading69d901bf195dd\" class=\"ut-custom-heading-module  \" ><span>\u00bfQuer\u00e9s que te avisemos cuando abran las inscripciones?<br \/>\nDejanos los datos a continuaci\u00f3n<\/span><\/h3><div class=\"wpb_content_element \"><iframe loading=\"lazy\" style=\"display: block; margin-left: auto; margin-right: auto; max-width: 100%;\" src=\"https:\/\/ef3331e6.sibforms.com\/serve\/MUIFAD9a22P6wxk0CTGz1TDBqzEmqG-RWidghvxGlQNbcpYQXWxnAR3V_SAsvmibtUjh_--k0ea4KEW7TJ-aQyEGnzca_sCae048s0IwO7uP50NetSS_XODc-gS89FNkk9t6J-EaoYtMbLClrKrZqjJDUBYql0Kyo6WUQ21HEv9Cj0wb70o--47FxHJKubMT14JYZMTE9p-l0DcC\" width=\"540\" height=\"705\" frameborder=\"0\" scrolling=\"auto\" allowfullscreen=\"allowfullscreen\"><\/iframe><\/div>[\/vc_column][vc_column width=\u00bb1\/4&#8243;][\/vc_column][\/vc_row][\/vc_section]<\/p>\n<\/section>","protected":false},"excerpt":{"rendered":"<p>[vc_section css=\u00bb.vc_custom_1531359830548{border-bottom-width: 1px !important;}\u00bb][vc_row][vc_column width=\u00bb1\/3&#8243;][\/vc_column][vc_column width=\u00bb2\/3&#8243;][vc_column_text] Inscripciones cerradas. \u00bfQueres m\u00e1s info? Dejanos tus datos\u00a0aqu\u00ed [\/vc_column_text][\/vc_column][\/vc_row][vc_row css=\u00bb.vc_custom_1531358387995{background-image: url(http:\/\/cpp.com.ar\/formacion\/wp-content\/uploads\/sites\/3\/2018\/04\/pat1.png?id=30) !important;}\u00bb][vc_column width=\u00bb1\/3&#8243;][vc_column_text] Inscripciones cerradas. \u00bfQueres m\u00e1s info? Dejanos tus datos\u00a0aqu\u00ed [\/vc_column_text][\/vc_column][vc_column width=\u00bb1\/3&#8243;][vc_column_text] Dirigido a: Profesionales de la salud mental [\/vc_column_text][\/vc_column][vc_column width=\u00bb1\/3&#8243;][vc_column_text] Plan de estudios: \u00a012 clases de 2 horas de duraci\u00f3n cada una Modalidad sincr\u00f3nica por Zoom [\/vc_column_text][\/vc_column][\/vc_row][vc_row][vc_column [&hellip;]<\/p>\n","protected":false},"author":1,"featured_media":0,"parent":0,"menu_order":0,"comment_status":"closed","ping_status":"closed","template":"","meta":{"footnotes":""},"acf":[],"_links":{"self":[{"href":"https:\/\/cpp.com.ar\/formacion\/wp-json\/wp\/v2\/pages\/169"}],"collection":[{"href":"https:\/\/cpp.com.ar\/formacion\/wp-json\/wp\/v2\/pages"}],"about":[{"href":"https:\/\/cpp.com.ar\/formacion\/wp-json\/wp\/v2\/types\/page"}],"author":[{"embeddable":true,"href":"https:\/\/cpp.com.ar\/formacion\/wp-json\/wp\/v2\/users\/1"}],"replies":[{"embeddable":true,"href":"https:\/\/cpp.com.ar\/formacion\/wp-json\/wp\/v2\/comments?post=169"}],"version-history":[{"count":83,"href":"https:\/\/cpp.com.ar\/formacion\/wp-json\/wp\/v2\/pages\/169\/revisions"}],"predecessor-version":[{"id":9507,"href":"https:\/\/cpp.com.ar\/formacion\/wp-json\/wp\/v2\/pages\/169\/revisions\/9507"}],"wp:attachment":[{"href":"https:\/\/cpp.com.ar\/formacion\/wp-json\/wp\/v2\/media?parent=169"}],"curies":[{"name":"wp","href":"https:\/\/api.w.org\/{rel}","templated":true}]}}